{"id":1000,"date":"2021-10-25T07:25:23","date_gmt":"2021-10-25T07:25:23","guid":{"rendered":"https:\/\/kopie.cebotech.de\/?post_type=product&#038;p=1000"},"modified":"2022-10-26T16:43:03","modified_gmt":"2022-10-26T16:43:03","slug":"miniductor-venom","status":"publish","type":"product","link":"https:\/\/kopie.cebotech.de\/?product=miniductor-venom","title":{"rendered":"Miniductor Venom"},"content":{"rendered":"<p><strong>Induktionserw\u00e4rmer<\/strong><br \/>\nDer <strong>Mini Ductor Venom<\/strong> ist ein revolution\u00e4res Demontagesystem, das Bauteile mittels Induktion hoher Leistung erw\u00e4rmen kann. Er wird vorwiegend in der Automobilbranche, aber auch in anderen Handwerksbereichen wie Schlossereien, Bauh\u00f6fen und Instandsetzungsbetrieben eingesetzt. Der Mini Ductor Venom verwendet hochfrequente Induktionsfelder zum Erhitzen von eisenhaltigen und NE-Metallen ohne die Gefahr einer offenen Flamme. Dieses flammenlose W\u00e4rmesystem ist schneller, handlicher und pr\u00e4ziser als Acetylen-Sauerstoff-Systeme. Dadurch ist der Mini Ductor Venom besonders f\u00fcr festsitzende, rostige, festgeklebte oder korrodierte Muttern und Bolzen geeignet, wie beispielsweise Lenk- und Fahrwerkmuttern, Getriebeschrauben und zum Abziehen von Lagern. Das Ger\u00e4t zeichnet sich aus durch ein verst\u00e4rktes, hitzebest\u00e4ndiges, thermoplastisches Geh\u00e4use f\u00fcr erh\u00f6hte Strapazierf\u00e4higkeit, sowie beschichtete Spulen f\u00fcr h\u00f6chste Sicherheitsanspr\u00fcche, einen verbesserten ergonomischen F\u00fchrungsgriff und einen beleuchteten Arbeitsbereich. Der Miniductor Venom kann auch in feuergef\u00e4hrlichen Umgebungen eingesetzt werden, etwa bei Kraftstoff- und Hydraulikschl\u00e4uchen.<\/p>\n<p>&nbsp;<\/p>\n<p><strong>Produktinformationen<\/strong> hier <a href=\"https:\/\/kopie.cebotech.de\/wp-content\/uploads\/2021\/10\/Mini-Ductor-VENOM-1.pdf\">downloaden<\/a>.<\/p>\n<p>&nbsp;<\/p>\n","protected":false},"excerpt":{"rendered":"<p>Induktionserw\u00e4rmer Der Mini Ductor Venom ist ein revolution\u00e4res Demontagesystem, das Bauteile mittels Induktion hoher Leistung erw\u00e4rmen kann. Er wird vorwiegend in der Automobilbranche, aber auch in anderen Handwerksbereichen wie Schlossereien, Bauh\u00f6fen und Instandsetzungsbetrieben eingesetzt. Der Mini Ductor Venom verwendet hochfrequente Induktionsfelder zum Erhitzen von eisenhaltigen und NE-Metallen ohne die Gefahr einer offenen Flamme. Dieses flammenlose [&hellip;]<\/p>\n","protected":false},"featured_media":1001,"template":"","meta":{"ocean_post_layout":"","ocean_both_sidebars_style":"","ocean_both_sidebars_content_width":0,"ocean_both_sidebars_sidebars_width":0,"ocean_sidebar":"0","ocean_second_sidebar":"0","ocean_disable_margins":"enable","ocean_add_body_class":"","ocean_shortcode_before_top_bar":"","ocean_shortcode_after_top_bar":"","ocean_shortcode_before_header":"","ocean_shortcode_after_header":"","ocean_has_shortcode":"","ocean_shortcode_after_title":"","ocean_shortcode_before_footer_widgets":"","ocean_shortcode_after_footer_widgets":"","ocean_shortcode_before_footer_bottom":"","ocean_shortcode_after_footer_bottom":"","ocean_display_top_bar":"off","ocean_display_header":"default","ocean_header_style":"","ocean_center_header_left_menu":"0","ocean_custom_header_template":"0","ocean_custom_logo":0,"ocean_custom_retina_logo":0,"ocean_custom_logo_max_width":0,"ocean_custom_logo_tablet_max_width":0,"ocean_custom_logo_mobile_max_width":0,"ocean_custom_logo_max_height":0,"ocean_custom_logo_tablet_max_height":0,"ocean_custom_logo_mobile_max_height":0,"ocean_header_custom_menu":"0","ocean_menu_typo_font_family":"0","ocean_menu_typo_font_subset":"","ocean_menu_typo_font_size":0,"ocean_menu_typo_font_size_tablet":0,"ocean_menu_typo_font_size_mobile":0,"ocean_menu_typo_font_size_unit":"px","ocean_menu_typo_font_weight":"","ocean_menu_typo_font_weight_tablet":"","ocean_menu_typo_font_weight_mobile":"","ocean_menu_typo_transform":"","ocean_menu_typo_transform_tablet":"","ocean_menu_typo_transform_mobile":"","ocean_menu_typo_line_height":0,"ocean_menu_typo_line_height_tablet":0,"ocean_menu_typo_line_height_mobile":0,"ocean_menu_typo_line_height_unit":"","ocean_menu_typo_spacing":0,"ocean_menu_typo_spacing_tablet":0,"ocean_menu_typo_spacing_mobile":0,"ocean_menu_typo_spacing_unit":"","ocean_menu_link_color":"","ocean_menu_link_color_hover":"","ocean_menu_link_color_active":"","ocean_menu_link_background":"","ocean_menu_link_hover_background":"","ocean_menu_link_active_background":"","ocean_menu_social_links_bg":"","ocean_menu_social_hover_links_bg":"","ocean_menu_social_links_color":"","ocean_menu_social_hover_links_color":"","ocean_disable_title":"on","ocean_disable_heading":"default","ocean_post_title":"","ocean_post_subheading":"","ocean_post_title_style":"","ocean_post_title_background_color":"","ocean_post_title_background":0,"ocean_post_title_bg_image_position":"","ocean_post_title_bg_image_attachment":"","ocean_post_title_bg_image_repeat":"","ocean_post_title_bg_image_size":"","ocean_post_title_height":0,"ocean_post_title_bg_overlay":0.5,"ocean_post_title_bg_overlay_color":"","ocean_disable_breadcrumbs":"default","ocean_breadcrumbs_color":"","ocean_breadcrumbs_separator_color":"","ocean_breadcrumbs_links_color":"","ocean_breadcrumbs_links_hover_color":"","ocean_display_footer_widgets":"off","ocean_display_footer_bottom":"default","ocean_custom_footer_template":"0"},"product_brand":[],"product_cat":[129],"product_tag":[],"class_list":{"0":"post-1000","1":"product","2":"type-product","3":"status-publish","4":"has-post-thumbnail","6":"product_cat-produkte-induktionserwaermen","8":"entry","9":"has-media","11":"first","12":"instock","13":"virtual","14":"purchasable","15":"product-type-simple","16":"has-product-nav","17":"col","18":"span_1_of_3","19":"owp-content-center","20":"owp-thumbs-layout-horizontal","21":"owp-btn-normal","22":"owp-tabs-layout-horizontal"},"jetpack_sharing_enabled":true,"_links":{"self":[{"href":"https:\/\/kopie.cebotech.de\/index.php?rest_route=\/wp\/v2\/product\/1000","targetHints":{"allow":["GET"]}}],"collection":[{"href":"https:\/\/kopie.cebotech.de\/index.php?rest_route=\/wp\/v2\/product"}],"about":[{"href":"https:\/\/kopie.cebotech.de\/index.php?rest_route=\/wp\/v2\/types\/product"}],"wp:featuredmedia":[{"embeddable":true,"href":"https:\/\/kopie.cebotech.de\/index.php?rest_route=\/wp\/v2\/media\/1001"}],"wp:attachment":[{"href":"https:\/\/kopie.cebotech.de\/index.php?rest_route=%2Fwp%2Fv2%2Fmedia&parent=1000"}],"wp:term":[{"taxonomy":"product_brand","embeddable":true,"href":"https:\/\/kopie.cebotech.de\/index.php?rest_route=%2Fwp%2Fv2%2Fproduct_brand&post=1000"},{"taxonomy":"product_cat","embeddable":true,"href":"https:\/\/kopie.cebotech.de\/index.php?rest_route=%2Fwp%2Fv2%2Fproduct_cat&post=1000"},{"taxonomy":"product_tag","embeddable":true,"href":"https:\/\/kopie.cebotech.de\/index.php?rest_route=%2Fwp%2Fv2%2Fproduct_tag&post=1000"}],"curies":[{"name":"wp","href":"https:\/\/api.w.org\/{rel}","templated":true}]}}