{"id":1007,"date":"2021-10-25T07:28:57","date_gmt":"2021-10-25T07:28:57","guid":{"rendered":"https:\/\/kopie.cebotech.de\/?post_type=product&#038;p=1007"},"modified":"2022-10-26T16:43:02","modified_gmt":"2022-10-26T16:43:02","slug":"schweisserhelm-cebotech-2000-v","status":"publish","type":"product","link":"https:\/\/kopie.cebotech.de\/?product=schweisserhelm-cebotech-2000-v","title":{"rendered":"Schwei\u00dferhelm Cebotech 2000 V"},"content":{"rendered":"<p>Automatischer Schwei\u00dfhelm mit einer hochwertigen, automatisch abdunkelnden Kassette, die in den Farbtonstufen 9 bis 13 eingestellt werden kann. Hergestellt und getestet gem\u00e4\u00df der Norm EN379. Schaltet vollautomatisch von hell nach dunkel, sobald der Lichtbogen gez\u00fcndet wird. Der Helm ist mit hochwertigen Solarzellen ausgestattet, somit m\u00fcssen keine Batterien mehr gewechselt werden. Er ist mit einem Empfindlichkeitsschalter sowie mit einem Verz\u00f6gerungsschalter zum Umschalten von dunkel nach hell versehen, um das Verblitzen der Augen zu verhindern, wenn mit hohem Strom geschwei\u00dft wird. Der Schalter kann auch auf Schnellschaltung f\u00fcr Heft- und Punktschwei\u00dfen eingestellt werden. Das Modell ist nach EN175 gepr\u00fcft und gew\u00e4hrt vollst\u00e4ndigen Halsschutz und sch\u00fctzt die Au\u00dfenspritzscheibe vor Kratzern, wenn der Helm abgelegt wird.<br \/>\nDer Helm ist mit einem komfortablen Stirnband mit leicht wechselbarem Schwei\u00dfband ausgestattet.<\/p>\n<p>CE-gepr\u00fcft 2 Jahre Garantie<\/p>\n","protected":false},"excerpt":{"rendered":"<p>Automatischer Schwei\u00dfhelm mit einer hochwertigen, automatisch abdunkelnden Kassette, die in den Farbtonstufen 9 bis 13 eingestellt werden kann. Hergestellt und getestet gem\u00e4\u00df der Norm EN379. Schaltet vollautomatisch von hell nach dunkel, sobald der Lichtbogen gez\u00fcndet wird. Der Helm ist mit hochwertigen Solarzellen ausgestattet, somit m\u00fcssen keine Batterien mehr gewechselt werden. Er ist mit einem Empfindlichkeitsschalter [&hellip;]<\/p>\n","protected":false},"featured_media":1008,"template":"","meta":{"ocean_post_layout":"","ocean_both_sidebars_style":"","ocean_both_sidebars_content_width":0,"ocean_both_sidebars_sidebars_width":0,"ocean_sidebar":"0","ocean_second_sidebar":"0","ocean_disable_margins":"enable","ocean_add_body_class":"","ocean_shortcode_before_top_bar":"","ocean_shortcode_after_top_bar":"","ocean_shortcode_before_header":"","ocean_shortcode_after_header":"","ocean_has_shortcode":"","ocean_shortcode_after_title":"","ocean_shortcode_before_footer_widgets":"","ocean_shortcode_after_footer_widgets":"","ocean_shortcode_before_footer_bottom":"","ocean_shortcode_after_footer_bottom":"","ocean_display_top_bar":"off","ocean_display_header":"default","ocean_header_style":"","ocean_center_header_left_menu":"0","ocean_custom_header_template":"0","ocean_custom_logo":0,"ocean_custom_retina_logo":0,"ocean_custom_logo_max_width":0,"ocean_custom_logo_tablet_max_width":0,"ocean_custom_logo_mobile_max_width":0,"ocean_custom_logo_max_height":0,"ocean_custom_logo_tablet_max_height":0,"ocean_custom_logo_mobile_max_height":0,"ocean_header_custom_menu":"0","ocean_menu_typo_font_family":"0","ocean_menu_typo_font_subset":"","ocean_menu_typo_font_size":0,"ocean_menu_typo_font_size_tablet":0,"ocean_menu_typo_font_size_mobile":0,"ocean_menu_typo_font_size_unit":"px","ocean_menu_typo_font_weight":"","ocean_menu_typo_font_weight_tablet":"","ocean_menu_typo_font_weight_mobile":"","ocean_menu_typo_transform":"","ocean_menu_typo_transform_tablet":"","ocean_menu_typo_transform_mobile":"","ocean_menu_typo_line_height":0,"ocean_menu_typo_line_height_tablet":0,"ocean_menu_typo_line_height_mobile":0,"ocean_menu_typo_line_height_unit":"","ocean_menu_typo_spacing":0,"ocean_menu_typo_spacing_tablet":0,"ocean_menu_typo_spacing_mobile":0,"ocean_menu_typo_spacing_unit":"","ocean_menu_link_color":"","ocean_menu_link_color_hover":"","ocean_menu_link_color_active":"","ocean_menu_link_background":"","ocean_menu_link_hover_background":"","ocean_menu_link_active_background":"","ocean_menu_social_links_bg":"","ocean_menu_social_hover_links_bg":"","ocean_menu_social_links_color":"","ocean_menu_social_hover_links_color":"","ocean_disable_title":"on","ocean_disable_heading":"default","ocean_post_title":"","ocean_post_subheading":"","ocean_post_title_style":"","ocean_post_title_background_color":"","ocean_post_title_background":0,"ocean_post_title_bg_image_position":"","ocean_post_title_bg_image_attachment":"","ocean_post_title_bg_image_repeat":"","ocean_post_title_bg_image_size":"","ocean_post_title_height":0,"ocean_post_title_bg_overlay":0.5,"ocean_post_title_bg_overlay_color":"","ocean_disable_breadcrumbs":"default","ocean_breadcrumbs_color":"","ocean_breadcrumbs_separator_color":"","ocean_breadcrumbs_links_color":"","ocean_breadcrumbs_links_hover_color":"","ocean_display_footer_widgets":"off","ocean_display_footer_bottom":"default","ocean_custom_footer_template":"0"},"product_brand":[],"product_cat":[148],"product_tag":[],"class_list":{"0":"post-1007","1":"product","2":"type-product","3":"status-publish","4":"has-post-thumbnail","6":"product_cat-produkte-schweisserschutz","8":"entry","9":"has-media","11":"first","12":"instock","13":"virtual","14":"purchasable","15":"product-type-simple","16":"has-product-nav","17":"col","18":"span_1_of_3","19":"owp-content-center","20":"owp-thumbs-layout-horizontal","21":"owp-btn-normal","22":"owp-tabs-layout-horizontal"},"jetpack_sharing_enabled":true,"_links":{"self":[{"href":"https:\/\/kopie.cebotech.de\/index.php?rest_route=\/wp\/v2\/product\/1007","targetHints":{"allow":["GET"]}}],"collection":[{"href":"https:\/\/kopie.cebotech.de\/index.php?rest_route=\/wp\/v2\/product"}],"about":[{"href":"https:\/\/kopie.cebotech.de\/index.php?rest_route=\/wp\/v2\/types\/product"}],"wp:featuredmedia":[{"embeddable":true,"href":"https:\/\/kopie.cebotech.de\/index.php?rest_route=\/wp\/v2\/media\/1008"}],"wp:attachment":[{"href":"https:\/\/kopie.cebotech.de\/index.php?rest_route=%2Fwp%2Fv2%2Fmedia&parent=1007"}],"wp:term":[{"taxonomy":"product_brand","embeddable":true,"href":"https:\/\/kopie.cebotech.de\/index.php?rest_route=%2Fwp%2Fv2%2Fproduct_brand&post=1007"},{"taxonomy":"product_cat","embeddable":true,"href":"https:\/\/kopie.cebotech.de\/index.php?rest_route=%2Fwp%2Fv2%2Fproduct_cat&post=1007"},{"taxonomy":"product_tag","embeddable":true,"href":"https:\/\/kopie.cebotech.de\/index.php?rest_route=%2Fwp%2Fv2%2Fproduct_tag&post=1007"}],"curies":[{"name":"wp","href":"https:\/\/api.w.org\/{rel}","templated":true}]}}