{"id":1078,"date":"2021-10-25T08:19:42","date_gmt":"2021-10-25T08:19:42","guid":{"rendered":"https:\/\/kopie.cebotech.de\/?post_type=product&#038;p=1078"},"modified":"2022-10-26T16:42:50","modified_gmt":"2022-10-26T16:42:50","slug":"easylifter","status":"publish","type":"product","link":"https:\/\/kopie.cebotech.de\/?product=easylifter","title":{"rendered":"Easylifter"},"content":{"rendered":"<p>Der <strong>Easy Lifter<\/strong> ist ein innovatives Ger\u00e4t zur lackschadenfreien Dellenbehandlung (PDR). Durch die stufenlose Leistungsregulierung und die kurze Einwirkdauer, ist dieser induktive Dellenlifter das ideale Werkzeug, um Dellen ohne gro\u00dfe Erfahrung zu entfernen oder zu verkleinern.<\/p>\n<p>&#8211; Durch eine Aussparung im handlichen Induktionskopf, l\u00e4sst sich die richtige Position \u00fcber der Delle leicht finden und der Bearbeitungserfolg kontrollieren.<br \/>\n&#8211; Kleine, weiche Dellen wie von Hagelk\u00f6rnern verursacht, lassen sich in der Regel leicht entfernen.<br \/>\n&#8211; Parkrempler werden reduziert und gr\u00f6\u00dfere, \u00fcberdehnte Bereiche k\u00f6nnen wieder eingezogen werden<br \/>\n&#8211; An f\u00fcr Dr\u00fcckwerkzeuge schwer zug\u00e4ngliche Stellen oder f\u00fcr Finisharbeiten ist der Easy Lifter eine ideale Erg\u00e4nzung f\u00fcr den Dellentechniker<br \/>\n&#8211; Leicht transportabel durch sein geringes Gewicht und die kompakte Bauform ist der Easy Lifter mit seinen vielen Anwendungsm\u00f6glichkeiten ein hilfreiches Werkzeug f\u00fcr jede Karosseriewerkstatt.<\/p>\n","protected":false},"excerpt":{"rendered":"<p>Der Easy Lifter ist ein innovatives Ger\u00e4t zur lackschadenfreien Dellenbehandlung (PDR). Durch die stufenlose Leistungsregulierung und die kurze Einwirkdauer, ist dieser induktive Dellenlifter das ideale Werkzeug, um Dellen ohne gro\u00dfe Erfahrung zu entfernen oder zu verkleinern. &#8211; Durch eine Aussparung im handlichen Induktionskopf, l\u00e4sst sich die richtige Position \u00fcber der Delle leicht finden und der [&hellip;]<\/p>\n","protected":false},"featured_media":1079,"template":"","meta":{"ocean_post_layout":"","ocean_both_sidebars_style":"","ocean_both_sidebars_content_width":0,"ocean_both_sidebars_sidebars_width":0,"ocean_sidebar":"0","ocean_second_sidebar":"0","ocean_disable_margins":"enable","ocean_add_body_class":"","ocean_shortcode_before_top_bar":"","ocean_shortcode_after_top_bar":"","ocean_shortcode_before_header":"","ocean_shortcode_after_header":"","ocean_has_shortcode":"","ocean_shortcode_after_title":"","ocean_shortcode_before_footer_widgets":"","ocean_shortcode_after_footer_widgets":"","ocean_shortcode_before_footer_bottom":"","ocean_shortcode_after_footer_bottom":"","ocean_display_top_bar":"off","ocean_display_header":"default","ocean_header_style":"","ocean_center_header_left_menu":"0","ocean_custom_header_template":"0","ocean_custom_logo":0,"ocean_custom_retina_logo":0,"ocean_custom_logo_max_width":0,"ocean_custom_logo_tablet_max_width":0,"ocean_custom_logo_mobile_max_width":0,"ocean_custom_logo_max_height":0,"ocean_custom_logo_tablet_max_height":0,"ocean_custom_logo_mobile_max_height":0,"ocean_header_custom_menu":"0","ocean_menu_typo_font_family":"0","ocean_menu_typo_font_subset":"","ocean_menu_typo_font_size":0,"ocean_menu_typo_font_size_tablet":0,"ocean_menu_typo_font_size_mobile":0,"ocean_menu_typo_font_size_unit":"px","ocean_menu_typo_font_weight":"","ocean_menu_typo_font_weight_tablet":"","ocean_menu_typo_font_weight_mobile":"","ocean_menu_typo_transform":"","ocean_menu_typo_transform_tablet":"","ocean_menu_typo_transform_mobile":"","ocean_menu_typo_line_height":0,"ocean_menu_typo_line_height_tablet":0,"ocean_menu_typo_line_height_mobile":0,"ocean_menu_typo_line_height_unit":"","ocean_menu_typo_spacing":0,"ocean_menu_typo_spacing_tablet":0,"ocean_menu_typo_spacing_mobile":0,"ocean_menu_typo_spacing_unit":"","ocean_menu_link_color":"","ocean_menu_link_color_hover":"","ocean_menu_link_color_active":"","ocean_menu_link_background":"","ocean_menu_link_hover_background":"","ocean_menu_link_active_background":"","ocean_menu_social_links_bg":"","ocean_menu_social_hover_links_bg":"","ocean_menu_social_links_color":"","ocean_menu_social_hover_links_color":"","ocean_disable_title":"on","ocean_disable_heading":"default","ocean_post_title":"","ocean_post_subheading":"","ocean_post_title_style":"","ocean_post_title_background_color":"","ocean_post_title_background":0,"ocean_post_title_bg_image_position":"","ocean_post_title_bg_image_attachment":"","ocean_post_title_bg_image_repeat":"","ocean_post_title_bg_image_size":"","ocean_post_title_height":0,"ocean_post_title_bg_overlay":0.5,"ocean_post_title_bg_overlay_color":"","ocean_disable_breadcrumbs":"default","ocean_breadcrumbs_color":"","ocean_breadcrumbs_separator_color":"","ocean_breadcrumbs_links_color":"","ocean_breadcrumbs_links_hover_color":"","ocean_display_footer_widgets":"off","ocean_display_footer_bottom":"default","ocean_custom_footer_template":"0"},"product_brand":[],"product_cat":[129],"product_tag":[],"class_list":{"0":"post-1078","1":"product","2":"type-product","3":"status-publish","4":"has-post-thumbnail","6":"product_cat-produkte-induktionserwaermen","8":"entry","9":"has-media","11":"first","12":"instock","13":"virtual","14":"purchasable","15":"product-type-simple","16":"has-product-nav","17":"col","18":"span_1_of_3","19":"owp-content-center","20":"owp-thumbs-layout-horizontal","21":"owp-btn-normal","22":"owp-tabs-layout-horizontal"},"jetpack_sharing_enabled":true,"_links":{"self":[{"href":"https:\/\/kopie.cebotech.de\/index.php?rest_route=\/wp\/v2\/product\/1078","targetHints":{"allow":["GET"]}}],"collection":[{"href":"https:\/\/kopie.cebotech.de\/index.php?rest_route=\/wp\/v2\/product"}],"about":[{"href":"https:\/\/kopie.cebotech.de\/index.php?rest_route=\/wp\/v2\/types\/product"}],"wp:featuredmedia":[{"embeddable":true,"href":"https:\/\/kopie.cebotech.de\/index.php?rest_route=\/wp\/v2\/media\/1079"}],"wp:attachment":[{"href":"https:\/\/kopie.cebotech.de\/index.php?rest_route=%2Fwp%2Fv2%2Fmedia&parent=1078"}],"wp:term":[{"taxonomy":"product_brand","embeddable":true,"href":"https:\/\/kopie.cebotech.de\/index.php?rest_route=%2Fwp%2Fv2%2Fproduct_brand&post=1078"},{"taxonomy":"product_cat","embeddable":true,"href":"https:\/\/kopie.cebotech.de\/index.php?rest_route=%2Fwp%2Fv2%2Fproduct_cat&post=1078"},{"taxonomy":"product_tag","embeddable":true,"href":"https:\/\/kopie.cebotech.de\/index.php?rest_route=%2Fwp%2Fv2%2Fproduct_tag&post=1078"}],"curies":[{"name":"wp","href":"https:\/\/api.w.org\/{rel}","templated":true}]}}