{"id":1097,"date":"2021-10-25T08:33:54","date_gmt":"2021-10-25T08:33:54","guid":{"rendered":"https:\/\/kopie.cebotech.de\/?post_type=product&#038;p=1097"},"modified":"2022-10-26T16:42:49","modified_gmt":"2022-10-26T16:42:49","slug":"power-plasma-3035-m-2","status":"publish","type":"product","link":"https:\/\/kopie.cebotech.de\/?product=power-plasma-3035-m-2","title":{"rendered":"CEBORA Power Plasma 3035\/M"},"content":{"rendered":"<h2>POWER PLASMA 3035\/M<\/h2>\n<div class=\"description\">\n<p>Einphasige Inverterstromquelle mit Hochfrequenzz\u00fcndung und automatischer Spannungsumschaltung. Trotz ihrer kompakten Bauform mit einem Gewicht von nur 13 kg garantiert sie eine exzellente Schnittqualit\u00e4t bei allen Metallen, einschlie\u00dflich der neuen hochfesten St\u00e4hle.<\/p>\n<\/div>\n<div class=\"collapses-wrapper\">\n<div id=\"product-accordion\" class=\"panel-group\" role=\"tablist\" aria-multiselectable=\"true\">\n<div class=\"panel panel-default\">\n<div id=\"heading-caratteristiche-tecniche\" class=\"panel-heading\" role=\"tab\">\n<h3 class=\"text-content\">Technische Eigenschaften<\/h3>\n<\/div>\n<div id=\"collapse-caratteristiche-tecniche\" class=\"panel-collapse collapse in\" role=\"tabpanel\" aria-labelledby=\"heading-caratteristiche-tecniche\" aria-expanded=\"true\">\n<div class=\"panel-body\">\n<ul>\n<li>Intuitive Steuertafel<\/li>\n<li>Synergetische Einstellung der Schneidparameter<\/li>\n<li>Automatische \u00dcberwachung des Verbrauchs der Verbrauchsteile<\/li>\n<li>Automatische Erkennung des Brennertyps und der L\u00e4nge des Schlauchpakets<\/li>\n<li>Funktion \u201ePilot Self Restart<em>\u201c\u00a0<\/em>zum<em>\u00a0<\/em>automatischen Ab- und Wiedereinschalten des Lichtbogens an der Steuertafel w\u00e4hlbar<\/li>\n<li>Diese Stromquelle ist f\u00fcr den Betrieb an Generatoraggregaten angemessener Leistung (6 kVA) geeignet.<\/li>\n<\/ul>\n<p>&nbsp;<\/p>\n<p><strong>[Art.\u00a0<span class=\"highlightedSearchTerm\">279<\/span>.01]<\/strong>\u00a0Stromquelle mit Maschinenbrenner CEBORA CP 40 &#8211; 6 m, Massekabel (4 m &#8211; 10 mm\u00b2) und Masseklemme; Fester Anschluss.<br \/>\n<strong>[Art.\u00a0<span class=\"highlightedSearchTerm\">279<\/span>.02]<\/strong>\u00a0Stromquelle mit Maschinenbrenner CEBORA CP 40 &#8211; 12 m, Massekabel (4 m &#8211; 10 mm\u00b2) und Masseklemme; Fester Anschluss.<\/p>\n<p><strong>In der Version f\u00fcr die Automation nur in Verbindung mit der analogen Schnittstelle f\u00fcr Pantographen\u00a0[Art. 441]<\/strong><\/p>\n<\/div>\n<\/div>\n<\/div>\n<\/div>\n<\/div>\n<div id=\"heading-interfaccia-analogica\" class=\"panel-heading\" role=\"tab\">\n<h3 class=\"text-content\">Technisches Datenblatt<\/h3>\n<\/div>\n<div id=\"collapse-interfaccia-analogica\" class=\"panel-collapse collapse in\" role=\"tabpanel\" aria-labelledby=\"heading-interfaccia-analogica\" aria-expanded=\"true\">\n<div class=\"panel-body\">\n<table class=\"table table-bordered\">\n<thead>\n<tr>\n<th>Art.-Nr.<\/th>\n<th colspan=\"2\"><span class=\"highlightedSearchTerm\">279<\/span><\/th>\n<th>Technische Daten<\/th>\n<th><img decoding=\"async\" class=\"image-inline\" src=\"https:\/\/welding.cebora.it\/resolveuid\/798ff3338d6245f08bc18619c1d9a430\/@@images\/image\/large\" alt=\"\" data-linktype=\"image\" data-scale=\"large\" data-val=\"798ff3338d6245f08bc18619c1d9a430\" \/><\/th>\n<\/tr>\n<\/thead>\n<tbody>\n<tr>\n<td><img decoding=\"async\" class=\"image-inline\" src=\"https:\/\/welding.cebora.it\/resolveuid\/4e76a9bcc15b4ad09c93fb6000a6bc68\/@@images\/image\/mini\" width=\"46\" height=\"23\" data-linktype=\"image\" data-scale=\"mini\" data-val=\"4e76a9bcc15b4ad09c93fb6000a6bc68\" \/><\/td>\n<td><strong>115 V<\/strong><br \/>\n<strong>50\/60 Hz<\/strong><br \/>\n<strong>+ 15% \/ -20%<\/strong><\/td>\n<td><strong>230 V<br \/>\n50\/60 Hz<br \/>\n+ 15% \/ -20%<\/strong><\/td>\n<td colspan=\"2\">Einphasiger Netzanschluss<br \/>\nSingle phase input<\/td>\n<\/tr>\n<tr>\n<td><img decoding=\"async\" class=\"image-inline\" src=\"https:\/\/welding.cebora.it\/resolveuid\/aa9fb4c7ab754c0c8ab119a4109b21ae\/@@images\/image\/mini\" width=\"46\" height=\"24\" data-linktype=\"image\" data-scale=\"mini\" data-val=\"aa9fb4c7ab754c0c8ab119a4109b21ae\" \/><\/td>\n<td><strong>32 A<\/strong><\/td>\n<td><strong>16 A<\/strong><\/td>\n<td colspan=\"2\">Tr\u00e4ge Sicherung<br \/>\nFuse rating (slow blow)<\/td>\n<\/tr>\n<tr>\n<td><img decoding=\"async\" class=\"image-inline\" src=\"https:\/\/welding.cebora.it\/resolveuid\/ec373687815540f282f7d24c1f1e8cf7\/@@images\/image\/mini\" alt=\"missing image file\" width=\"47\" height=\"23\" data-linktype=\"image\" data-scale=\"mini\" data-val=\"ec373687815540f282f7d24c1f1e8cf7\" \/><\/td>\n<td><strong>3,5 kVA 35%<\/strong><br \/>\n<strong>2,8 kVA 60%<\/strong><br \/>\n<strong>2,4 kVA 100%<\/strong><\/td>\n<td>&nbsp;<\/td>\n<td colspan=\"2\">Leistungsaufnahme<br \/>\nInput power<\/td>\n<\/tr>\n<tr>\n<td><img loading=\"lazy\" decoding=\"async\" class=\"image-inline\" src=\"https:\/\/welding.cebora.it\/resolveuid\/d87cb0b7ed214ccd8a347e0b0d7103ae\/@@images\/image\/mini\" alt=\"campo di regolazione corrente\" width=\"49\" height=\"24\" data-linktype=\"image\" data-scale=\"mini\" data-val=\"d87cb0b7ed214ccd8a347e0b0d7103ae\" \/><\/td>\n<td><strong>5 \u00f7 30A<\/strong><\/td>\n<td>&nbsp;<\/td>\n<td colspan=\"2\">Stromeinstellbereich<br \/>\nCurrent adjustment range<\/td>\n<\/tr>\n<tr>\n<td><img loading=\"lazy\" decoding=\"async\" class=\"image-inline\" src=\"https:\/\/welding.cebora.it\/resolveuid\/5f287f378c6e4e08b6096f49ebf6e6ec\/@@images\/image\/large\" alt=\"missing image file\" width=\"45\" height=\"22\" data-linktype=\"image\" data-scale=\"large\" data-val=\"5f287f378c6e4e08b6096f49ebf6e6ec\" \/><\/td>\n<td><strong>30 A 35%<\/strong><br \/>\n<strong>25 A 60%<\/strong><br \/>\n<strong>22 A 100%<\/strong><\/td>\n<td>&nbsp;<\/td>\n<td colspan=\"2\">Einschaltdauer (10 min, 40\u00b0C)<br \/>\nGem\u00e4\u00df Norm IEC 60974-1<br \/>\nDuty Cycle (10 min.40\u00b0C)<br \/>\nAccording to IEC 60974-1<\/td>\n<\/tr>\n<tr>\n<td><img loading=\"lazy\" decoding=\"async\" class=\"image-inline\" src=\"https:\/\/welding.cebora.it\/resolveuid\/c1c2715b0ebf46829cf2ea9d0d7706b4\/@@images\/image\/mini\" alt=\"\" width=\"42\" height=\"21\" data-linktype=\"image\" data-scale=\"mini\" data-val=\"c1c2715b0ebf46829cf2ea9d0d7706b4\" \/><\/td>\n<td><strong>ELECTRONIC<\/strong><\/td>\n<td><\/td>\n<td colspan=\"2\">Stufenlose Einstellung<br \/>\nStepless regulation<\/td>\n<\/tr>\n<tr>\n<td><img loading=\"lazy\" decoding=\"async\" class=\"image-inline\" src=\"https:\/\/welding.cebora.it\/resolveuid\/56762042b80f462ab0f8b9be6d77d2c7\/@@images\/image\/mini\" alt=\"\" width=\"44\" height=\"22\" data-linktype=\"image\" data-scale=\"mini\" data-val=\"56762042b80f462ab0f8b9be6d77d2c7\" \/><\/td>\n<td><strong>8 &#8211; 12 &#8211; (15) mm<br \/>\n1\/3\u201d &#8211; 1\/2\u201d (5\/8\u201d)<\/strong><\/td>\n<td><\/td>\n<td colspan=\"2\">Materialst\u00e4rken bei Stahl: Empfohlen &#8211; Max. &#8211; (Trennschnitt)<br \/>\nThickness on steel: Recommended &#8211; Max &#8211; (Severance)<\/td>\n<\/tr>\n<tr>\n<td><img loading=\"lazy\" decoding=\"async\" class=\"image-inline\" src=\"https:\/\/welding.cebora.it\/resolveuid\/e01d4d57e9004fe585d9746406310629\/@@images\/image\/mini\" alt=\"\" width=\"46\" height=\"23\" data-linktype=\"image\" data-scale=\"mini\" data-val=\"e01d4d57e9004fe585d9746406310629\" \/><\/td>\n<td colspan=\"2\"><strong>60 l\/min @ 3,5 bar<\/strong><\/td>\n<td colspan=\"2\">Luftverbrauch<br \/>\nAir consumption<\/td>\n<\/tr>\n<tr>\n<td><img loading=\"lazy\" decoding=\"async\" class=\"image-inline\" src=\"https:\/\/welding.cebora.it\/resolveuid\/7fc4b99b597f4081b56be2726cf9af00\/@@images\/image\/mini\" alt=\"\" width=\"48\" height=\"24\" data-linktype=\"image\" data-scale=\"mini\" data-val=\"7fc4b99b597f4081b56be2726cf9af00\" \/><\/td>\n<td colspan=\"2\"><strong>IP23S<\/strong><\/td>\n<td colspan=\"2\">Schutzart<br \/>\nProtection class<\/td>\n<\/tr>\n<tr>\n<td><img loading=\"lazy\" decoding=\"async\" class=\"image-inline\" src=\"https:\/\/welding.cebora.it\/resolveuid\/6f604a610aef402bb436ba12e9209e67\/@@images\/image\/mini\" alt=\"\" width=\"53\" height=\"27\" data-linktype=\"image\" data-scale=\"mini\" data-val=\"6f604a610aef402bb436ba12e9209e67\" \/><\/td>\n<td colspan=\"2\"><strong>13 Kg<\/strong><\/td>\n<td colspan=\"2\">Gewicht<br \/>\nWeight<\/td>\n<\/tr>\n<tr>\n<td><img loading=\"lazy\" decoding=\"async\" class=\"image-inline\" src=\"https:\/\/welding.cebora.it\/resolveuid\/5706e8523276461899501d2ce2f96685\/@@images\/image\/mini\" alt=\"\" width=\"57\" height=\"29\" data-linktype=\"image\" data-scale=\"mini\" data-val=\"5706e8523276461899501d2ce2f96685\" \/><\/td>\n<td colspan=\"2\"><strong>175x503x400 mm<\/strong><\/td>\n<td colspan=\"2\">Abmessungen (BxLxH)<br \/>\nDimensions (WxLxH)<\/td>\n<\/tr>\n<\/tbody>\n<\/table>\n<\/div>\n<\/div>\n<p><strong>Produktinformationen<\/strong> hier <a href=\"https:\/\/kopie.cebotech.de\/wp-content\/uploads\/2021\/10\/POWERPLASMA-3035-M-Art279-DEUTSCH-1.pdf\">downloaden<\/a>.<\/p>\n","protected":false},"excerpt":{"rendered":"<p>POWER PLASMA 3035\/M Einphasige Inverterstromquelle mit Hochfrequenzz\u00fcndung und automatischer Spannungsumschaltung. Trotz ihrer kompakten Bauform mit einem Gewicht von nur 13 kg garantiert sie eine exzellente Schnittqualit\u00e4t bei allen Metallen, einschlie\u00dflich der neuen hochfesten St\u00e4hle. Technische Eigenschaften Intuitive Steuertafel Synergetische Einstellung der Schneidparameter Automatische \u00dcberwachung des Verbrauchs der Verbrauchsteile Automatische Erkennung des Brennertyps und der L\u00e4nge [&hellip;]<\/p>\n","protected":false},"featured_media":1098,"template":"","meta":{"ocean_post_layout":"","ocean_both_sidebars_style":"","ocean_both_sidebars_content_width":0,"ocean_both_sidebars_sidebars_width":0,"ocean_sidebar":"0","ocean_second_sidebar":"0","ocean_disable_margins":"enable","ocean_add_body_class":"","ocean_shortcode_before_top_bar":"","ocean_shortcode_after_top_bar":"","ocean_shortcode_before_header":"","ocean_shortcode_after_header":"","ocean_has_shortcode":"","ocean_shortcode_after_title":"","ocean_shortcode_before_footer_widgets":"","ocean_shortcode_after_footer_widgets":"","ocean_shortcode_before_footer_bottom":"","ocean_shortcode_after_footer_bottom":"","ocean_display_top_bar":"off","ocean_display_header":"default","ocean_header_style":"","ocean_center_header_left_menu":"0","ocean_custom_header_template":"0","ocean_custom_logo":0,"ocean_custom_retina_logo":0,"ocean_custom_logo_max_width":0,"ocean_custom_logo_tablet_max_width":0,"ocean_custom_logo_mobile_max_width":0,"ocean_custom_logo_max_height":0,"ocean_custom_logo_tablet_max_height":0,"ocean_custom_logo_mobile_max_height":0,"ocean_header_custom_menu":"0","ocean_menu_typo_font_family":"0","ocean_menu_typo_font_subset":"","ocean_menu_typo_font_size":0,"ocean_menu_typo_font_size_tablet":0,"ocean_menu_typo_font_size_mobile":0,"ocean_menu_typo_font_size_unit":"px","ocean_menu_typo_font_weight":"","ocean_menu_typo_font_weight_tablet":"","ocean_menu_typo_font_weight_mobile":"","ocean_menu_typo_transform":"","ocean_menu_typo_transform_tablet":"","ocean_menu_typo_transform_mobile":"","ocean_menu_typo_line_height":0,"ocean_menu_typo_line_height_tablet":0,"ocean_menu_typo_line_height_mobile":0,"ocean_menu_typo_line_height_unit":"","ocean_menu_typo_spacing":0,"ocean_menu_typo_spacing_tablet":0,"ocean_menu_typo_spacing_mobile":0,"ocean_menu_typo_spacing_unit":"","ocean_menu_link_color":"","ocean_menu_link_color_hover":"","ocean_menu_link_color_active":"","ocean_menu_link_background":"","ocean_menu_link_hover_background":"","ocean_menu_link_active_background":"","ocean_menu_social_links_bg":"","ocean_menu_social_hover_links_bg":"","ocean_menu_social_links_color":"","ocean_menu_social_hover_links_color":"","ocean_disable_title":"on","ocean_disable_heading":"default","ocean_post_title":"","ocean_post_subheading":"","ocean_post_title_style":"","ocean_post_title_background_color":"","ocean_post_title_background":0,"ocean_post_title_bg_image_position":"","ocean_post_title_bg_image_attachment":"","ocean_post_title_bg_image_repeat":"","ocean_post_title_bg_image_size":"","ocean_post_title_height":0,"ocean_post_title_bg_overlay":0.5,"ocean_post_title_bg_overlay_color":"","ocean_disable_breadcrumbs":"default","ocean_breadcrumbs_color":"","ocean_breadcrumbs_separator_color":"","ocean_breadcrumbs_links_color":"","ocean_breadcrumbs_links_hover_color":"","ocean_display_footer_widgets":"off","ocean_display_footer_bottom":"default","ocean_custom_footer_template":"0"},"product_brand":[],"product_cat":[275,226,170,161,126],"product_tag":[],"class_list":{"0":"post-1097","1":"product","2":"type-product","3":"status-publish","4":"has-post-thumbnail","6":"product_cat-plasmaschneiden-cebora-produkte","7":"product_cat-produkte-plasmaschneider-handwerk","8":"product_cat-produkte-plasma-automatisierung","9":"product_cat-produkte-plasma","10":"product_cat-produkte-plasmaschneiden","12":"entry","13":"has-media","15":"first","16":"instock","17":"virtual","18":"purchasable","19":"product-type-simple","20":"has-product-nav","21":"col","22":"span_1_of_3","23":"owp-content-center","24":"owp-thumbs-layout-horizontal","25":"owp-btn-normal","26":"owp-tabs-layout-horizontal","27":"has-no-thumbnails"},"jetpack_sharing_enabled":true,"_links":{"self":[{"href":"https:\/\/kopie.cebotech.de\/index.php?rest_route=\/wp\/v2\/product\/1097","targetHints":{"allow":["GET"]}}],"collection":[{"href":"https:\/\/kopie.cebotech.de\/index.php?rest_route=\/wp\/v2\/product"}],"about":[{"href":"https:\/\/kopie.cebotech.de\/index.php?rest_route=\/wp\/v2\/types\/product"}],"wp:featuredmedia":[{"embeddable":true,"href":"https:\/\/kopie.cebotech.de\/index.php?rest_route=\/wp\/v2\/media\/1098"}],"wp:attachment":[{"href":"https:\/\/kopie.cebotech.de\/index.php?rest_route=%2Fwp%2Fv2%2Fmedia&parent=1097"}],"wp:term":[{"taxonomy":"product_brand","embeddable":true,"href":"https:\/\/kopie.cebotech.de\/index.php?rest_route=%2Fwp%2Fv2%2Fproduct_brand&post=1097"},{"taxonomy":"product_cat","embeddable":true,"href":"https:\/\/kopie.cebotech.de\/index.php?rest_route=%2Fwp%2Fv2%2Fproduct_cat&post=1097"},{"taxonomy":"product_tag","embeddable":true,"href":"https:\/\/kopie.cebotech.de\/index.php?rest_route=%2Fwp%2Fv2%2Fproduct_tag&post=1097"}],"curies":[{"name":"wp","href":"https:\/\/api.w.org\/{rel}","templated":true}]}}