{"id":1108,"date":"2021-10-25T08:42:52","date_gmt":"2021-10-25T08:42:52","guid":{"rendered":"https:\/\/kopie.cebotech.de\/?post_type=product&#038;p=1108"},"modified":"2022-10-26T16:42:48","modified_gmt":"2022-10-26T16:42:48","slug":"induktionserwaermer-spitfire-6kw","status":"publish","type":"product","link":"https:\/\/kopie.cebotech.de\/?product=induktionserwaermer-spitfire-6kw","title":{"rendered":"Induktionserw\u00e4rmer Spitfire 6kW"},"content":{"rendered":"<p>Der tragbare 6 kW <strong>Induktionserw\u00e4rmer Spitfire<\/strong> ist ein revolution\u00e4res<br \/>\nAnw\u00e4rmsystem und Demontagewerkzeug,<br \/>\ndas mittels Induktion hohe W\u00e4rmeleistung erbringt. Die Wasserk\u00fchlung sorgt dabei f\u00fcr eine hohe Einschaltdauer.<br \/>\nDer Spitfire entfernt geklebte Elemente der Karosserie und ist ebenso zum Erw\u00e4rmen festgerosteter Bolzen und Muttern geeignet. Au\u00dferdem ist es m\u00f6glich, Rahmen aus Stahl oder Aluminium spannungsfrei zu gl\u00fchen oder Dellen zu entfernen. Die Funktionsweise des Systems gr\u00fcndet auf dem Prinzip der induktiven Erw\u00e4rmung mit Hilfe<br \/>\nelektromagnetischer Spulen.<br \/>\nDas Ger\u00e4t kann auch in feuergef\u00e4hrlichen<br \/>\nUmgebungen eingesetzt werden, etwa bei<br \/>\nKraftstoff &#8211; und Hydraulikschl\u00e4uchen.<\/p>\n<p>&nbsp;<\/p>\n<p><strong>Produktinformationen<\/strong> hier <a href=\"https:\/\/kopie.cebotech.de\/wp-content\/uploads\/2021\/10\/Induktor_Spitfire_6_kW-1.pdf\">downloaden<\/a>.<\/p>\n","protected":false},"excerpt":{"rendered":"<p>Der tragbare 6 kW Induktionserw\u00e4rmer Spitfire ist ein revolution\u00e4res Anw\u00e4rmsystem und Demontagewerkzeug, das mittels Induktion hohe W\u00e4rmeleistung erbringt. Die Wasserk\u00fchlung sorgt dabei f\u00fcr eine hohe Einschaltdauer. Der Spitfire entfernt geklebte Elemente der Karosserie und ist ebenso zum Erw\u00e4rmen festgerosteter Bolzen und Muttern geeignet. Au\u00dferdem ist es m\u00f6glich, Rahmen aus Stahl oder Aluminium spannungsfrei zu gl\u00fchen [&hellip;]<\/p>\n","protected":false},"featured_media":8101,"template":"","meta":{"ocean_post_layout":"","ocean_both_sidebars_style":"","ocean_both_sidebars_content_width":0,"ocean_both_sidebars_sidebars_width":0,"ocean_sidebar":"0","ocean_second_sidebar":"0","ocean_disable_margins":"enable","ocean_add_body_class":"","ocean_shortcode_before_top_bar":"","ocean_shortcode_after_top_bar":"","ocean_shortcode_before_header":"","ocean_shortcode_after_header":"","ocean_has_shortcode":"","ocean_shortcode_after_title":"","ocean_shortcode_before_footer_widgets":"","ocean_shortcode_after_footer_widgets":"","ocean_shortcode_before_footer_bottom":"","ocean_shortcode_after_footer_bottom":"","ocean_display_top_bar":"off","ocean_display_header":"default","ocean_header_style":"","ocean_center_header_left_menu":"0","ocean_custom_header_template":"0","ocean_custom_logo":0,"ocean_custom_retina_logo":0,"ocean_custom_logo_max_width":0,"ocean_custom_logo_tablet_max_width":0,"ocean_custom_logo_mobile_max_width":0,"ocean_custom_logo_max_height":0,"ocean_custom_logo_tablet_max_height":0,"ocean_custom_logo_mobile_max_height":0,"ocean_header_custom_menu":"0","ocean_menu_typo_font_family":"0","ocean_menu_typo_font_subset":"","ocean_menu_typo_font_size":0,"ocean_menu_typo_font_size_tablet":0,"ocean_menu_typo_font_size_mobile":0,"ocean_menu_typo_font_size_unit":"px","ocean_menu_typo_font_weight":"","ocean_menu_typo_font_weight_tablet":"","ocean_menu_typo_font_weight_mobile":"","ocean_menu_typo_transform":"","ocean_menu_typo_transform_tablet":"","ocean_menu_typo_transform_mobile":"","ocean_menu_typo_line_height":0,"ocean_menu_typo_line_height_tablet":0,"ocean_menu_typo_line_height_mobile":0,"ocean_menu_typo_line_height_unit":"","ocean_menu_typo_spacing":0,"ocean_menu_typo_spacing_tablet":0,"ocean_menu_typo_spacing_mobile":0,"ocean_menu_typo_spacing_unit":"","ocean_menu_link_color":"","ocean_menu_link_color_hover":"","ocean_menu_link_color_active":"","ocean_menu_link_background":"","ocean_menu_link_hover_background":"","ocean_menu_link_active_background":"","ocean_menu_social_links_bg":"","ocean_menu_social_hover_links_bg":"","ocean_menu_social_links_color":"","ocean_menu_social_hover_links_color":"","ocean_disable_title":"on","ocean_disable_heading":"default","ocean_post_title":"","ocean_post_subheading":"","ocean_post_title_style":"","ocean_post_title_background_color":"","ocean_post_title_background":0,"ocean_post_title_bg_image_position":"","ocean_post_title_bg_image_attachment":"","ocean_post_title_bg_image_repeat":"","ocean_post_title_bg_image_size":"","ocean_post_title_height":0,"ocean_post_title_bg_overlay":0.5,"ocean_post_title_bg_overlay_color":"","ocean_disable_breadcrumbs":"default","ocean_breadcrumbs_color":"","ocean_breadcrumbs_separator_color":"","ocean_breadcrumbs_links_color":"","ocean_breadcrumbs_links_hover_color":"","ocean_display_footer_widgets":"off","ocean_display_footer_bottom":"default","ocean_custom_footer_template":"0"},"product_brand":[],"product_cat":[310,129],"product_tag":[],"class_list":{"0":"post-1108","1":"product","2":"type-product","3":"status-publish","4":"has-post-thumbnail","6":"product_cat-induktionserhitzer","7":"product_cat-produkte-induktionserwaermen","9":"entry","10":"has-media","12":"first","13":"instock","14":"virtual","15":"purchasable","16":"product-type-simple","17":"has-product-nav","18":"col","19":"span_1_of_3","20":"owp-content-center","21":"owp-thumbs-layout-horizontal","22":"owp-btn-normal","23":"owp-tabs-layout-horizontal"},"jetpack_sharing_enabled":true,"_links":{"self":[{"href":"https:\/\/kopie.cebotech.de\/index.php?rest_route=\/wp\/v2\/product\/1108","targetHints":{"allow":["GET"]}}],"collection":[{"href":"https:\/\/kopie.cebotech.de\/index.php?rest_route=\/wp\/v2\/product"}],"about":[{"href":"https:\/\/kopie.cebotech.de\/index.php?rest_route=\/wp\/v2\/types\/product"}],"wp:featuredmedia":[{"embeddable":true,"href":"https:\/\/kopie.cebotech.de\/index.php?rest_route=\/wp\/v2\/media\/8101"}],"wp:attachment":[{"href":"https:\/\/kopie.cebotech.de\/index.php?rest_route=%2Fwp%2Fv2%2Fmedia&parent=1108"}],"wp:term":[{"taxonomy":"product_brand","embeddable":true,"href":"https:\/\/kopie.cebotech.de\/index.php?rest_route=%2Fwp%2Fv2%2Fproduct_brand&post=1108"},{"taxonomy":"product_cat","embeddable":true,"href":"https:\/\/kopie.cebotech.de\/index.php?rest_route=%2Fwp%2Fv2%2Fproduct_cat&post=1108"},{"taxonomy":"product_tag","embeddable":true,"href":"https:\/\/kopie.cebotech.de\/index.php?rest_route=%2Fwp%2Fv2%2Fproduct_tag&post=1108"}],"curies":[{"name":"wp","href":"https:\/\/api.w.org\/{rel}","templated":true}]}}