{"id":1114,"date":"2021-10-25T08:45:33","date_gmt":"2021-10-25T08:45:33","guid":{"rendered":"https:\/\/kopie.cebotech.de\/?post_type=product&#038;p=1114"},"modified":"2022-10-26T16:42:48","modified_gmt":"2022-10-26T16:42:48","slug":"induktionsheizer-dragon-1000","status":"publish","type":"product","link":"https:\/\/kopie.cebotech.de\/?product=induktionsheizer-dragon-1000","title":{"rendered":"Induktionsheizer Dragon 1000"},"content":{"rendered":"<p><strong>Induktionserw\u00e4rmer<\/strong> f\u00fcr Eisenmaterialien und Metalle, einschlie\u00dflich Aluminium, mit hoher Leistung und au\u00dferordentlicher Effizienz. Er erzeugt W\u00e4rme sofort und unmittelbar im Inneren des Metalls bis zu einer Tiefe von 6 mm: In nur 6 Sekunden wird eine Oberfl\u00e4che von 40x40mm (16mm Dicke) rotgl\u00fchend (ungef\u00e4hr 800\u00b0C). Da nicht mit offener Flamme gearbeitet wird, ist es m\u00f6glich, sogar in der N\u00e4he von Kabeln, R\u00f6hren oder anderen w\u00e4rmeempfindlichen Teilen zu arbeiten, ohne diese zu besch\u00e4digen. W\u00e4hrend die Autogenflamme die Temperatur des Metalls auf mehr als 3000\u00b0C anhebt, was unvermeidbare \u00c4nderungen der Metalleigenschaften zu Folge hat,erzeugt Induktion die W\u00e4rme direkt im Inneren des Metalls bei einer Tiefe von 5 mm und nur an der gew\u00fcnschten Stelle. Eine Temperatur von 500\/600\u00b0C reicht aus, um die h\u00e4ufigsten Arbeiten auszuf\u00fchren, wie z. B. Richten, Biegen, Entfernen von Bolzen und Lagern sowie L\u00f6sen von festsitzenden Schrauben und Muttern.<\/p>\n<p>&nbsp;<\/p>\n<p><strong>Produktinformationen<\/strong> hier <a href=\"https:\/\/kopie.cebotech.de\/wp-content\/uploads\/2021\/10\/Induktor_11kW-1.pdf\">downloaden<\/a>.<\/p>\n","protected":false},"excerpt":{"rendered":"<p>Induktionserw\u00e4rmer f\u00fcr Eisenmaterialien und Metalle, einschlie\u00dflich Aluminium, mit hoher Leistung und au\u00dferordentlicher Effizienz. Er erzeugt W\u00e4rme sofort und unmittelbar im Inneren des Metalls bis zu einer Tiefe von 6 mm: In nur 6 Sekunden wird eine Oberfl\u00e4che von 40x40mm (16mm Dicke) rotgl\u00fchend (ungef\u00e4hr 800\u00b0C). Da nicht mit offener Flamme gearbeitet wird, ist es m\u00f6glich, sogar [&hellip;]<\/p>\n","protected":false},"featured_media":8095,"template":"","meta":{"ocean_post_layout":"","ocean_both_sidebars_style":"","ocean_both_sidebars_content_width":0,"ocean_both_sidebars_sidebars_width":0,"ocean_sidebar":"0","ocean_second_sidebar":"0","ocean_disable_margins":"enable","ocean_add_body_class":"","ocean_shortcode_before_top_bar":"","ocean_shortcode_after_top_bar":"","ocean_shortcode_before_header":"","ocean_shortcode_after_header":"","ocean_has_shortcode":"","ocean_shortcode_after_title":"","ocean_shortcode_before_footer_widgets":"","ocean_shortcode_after_footer_widgets":"","ocean_shortcode_before_footer_bottom":"","ocean_shortcode_after_footer_bottom":"","ocean_display_top_bar":"off","ocean_display_header":"default","ocean_header_style":"","ocean_center_header_left_menu":"0","ocean_custom_header_template":"0","ocean_custom_logo":0,"ocean_custom_retina_logo":0,"ocean_custom_logo_max_width":0,"ocean_custom_logo_tablet_max_width":0,"ocean_custom_logo_mobile_max_width":0,"ocean_custom_logo_max_height":0,"ocean_custom_logo_tablet_max_height":0,"ocean_custom_logo_mobile_max_height":0,"ocean_header_custom_menu":"0","ocean_menu_typo_font_family":"0","ocean_menu_typo_font_subset":"","ocean_menu_typo_font_size":0,"ocean_menu_typo_font_size_tablet":0,"ocean_menu_typo_font_size_mobile":0,"ocean_menu_typo_font_size_unit":"px","ocean_menu_typo_font_weight":"","ocean_menu_typo_font_weight_tablet":"","ocean_menu_typo_font_weight_mobile":"","ocean_menu_typo_transform":"","ocean_menu_typo_transform_tablet":"","ocean_menu_typo_transform_mobile":"","ocean_menu_typo_line_height":0,"ocean_menu_typo_line_height_tablet":0,"ocean_menu_typo_line_height_mobile":0,"ocean_menu_typo_line_height_unit":"","ocean_menu_typo_spacing":0,"ocean_menu_typo_spacing_tablet":0,"ocean_menu_typo_spacing_mobile":0,"ocean_menu_typo_spacing_unit":"","ocean_menu_link_color":"","ocean_menu_link_color_hover":"","ocean_menu_link_color_active":"","ocean_menu_link_background":"","ocean_menu_link_hover_background":"","ocean_menu_link_active_background":"","ocean_menu_social_links_bg":"","ocean_menu_social_hover_links_bg":"","ocean_menu_social_links_color":"","ocean_menu_social_hover_links_color":"","ocean_disable_title":"on","ocean_disable_heading":"default","ocean_post_title":"","ocean_post_subheading":"","ocean_post_title_style":"","ocean_post_title_background_color":"","ocean_post_title_background":0,"ocean_post_title_bg_image_position":"","ocean_post_title_bg_image_attachment":"","ocean_post_title_bg_image_repeat":"","ocean_post_title_bg_image_size":"","ocean_post_title_height":0,"ocean_post_title_bg_overlay":0.5,"ocean_post_title_bg_overlay_color":"","ocean_disable_breadcrumbs":"default","ocean_breadcrumbs_color":"","ocean_breadcrumbs_separator_color":"","ocean_breadcrumbs_links_color":"","ocean_breadcrumbs_links_hover_color":"","ocean_display_footer_widgets":"off","ocean_display_footer_bottom":"default","ocean_custom_footer_template":"0"},"product_brand":[],"product_cat":[310,129],"product_tag":[],"class_list":{"0":"post-1114","1":"product","2":"type-product","3":"status-publish","4":"has-post-thumbnail","6":"product_cat-induktionserhitzer","7":"product_cat-produkte-induktionserwaermen","9":"entry","10":"has-media","12":"first","13":"instock","14":"virtual","15":"purchasable","16":"product-type-simple","17":"has-product-nav","18":"col","19":"span_1_of_3","20":"owp-content-center","21":"owp-thumbs-layout-horizontal","22":"owp-btn-normal","23":"owp-tabs-layout-horizontal"},"jetpack_sharing_enabled":true,"_links":{"self":[{"href":"https:\/\/kopie.cebotech.de\/index.php?rest_route=\/wp\/v2\/product\/1114","targetHints":{"allow":["GET"]}}],"collection":[{"href":"https:\/\/kopie.cebotech.de\/index.php?rest_route=\/wp\/v2\/product"}],"about":[{"href":"https:\/\/kopie.cebotech.de\/index.php?rest_route=\/wp\/v2\/types\/product"}],"wp:featuredmedia":[{"embeddable":true,"href":"https:\/\/kopie.cebotech.de\/index.php?rest_route=\/wp\/v2\/media\/8095"}],"wp:attachment":[{"href":"https:\/\/kopie.cebotech.de\/index.php?rest_route=%2Fwp%2Fv2%2Fmedia&parent=1114"}],"wp:term":[{"taxonomy":"product_brand","embeddable":true,"href":"https:\/\/kopie.cebotech.de\/index.php?rest_route=%2Fwp%2Fv2%2Fproduct_brand&post=1114"},{"taxonomy":"product_cat","embeddable":true,"href":"https:\/\/kopie.cebotech.de\/index.php?rest_route=%2Fwp%2Fv2%2Fproduct_cat&post=1114"},{"taxonomy":"product_tag","embeddable":true,"href":"https:\/\/kopie.cebotech.de\/index.php?rest_route=%2Fwp%2Fv2%2Fproduct_tag&post=1114"}],"curies":[{"name":"wp","href":"https:\/\/api.w.org\/{rel}","templated":true}]}}