{"id":1120,"date":"2021-10-25T08:48:50","date_gmt":"2021-10-25T08:48:50","guid":{"rendered":"https:\/\/kopie.cebotech.de\/?post_type=product&#038;p=1120"},"modified":"2022-10-26T16:42:48","modified_gmt":"2022-10-26T16:42:48","slug":"cebora-pocket-pulse-mig-1820-m-synergic","status":"publish","type":"product","link":"https:\/\/kopie.cebotech.de\/?product=cebora-pocket-pulse-mig-1820-m-synergic","title":{"rendered":"CEBORA Pocket Pulse MIG 1820\/M Synergic"},"content":{"rendered":"<p><strong>POCKET PULSE MIG 1820\/M Synergic<\/strong><br \/>\nDie POCKET PULSE MIG 1820\/M Synergic ist unsere kompakteste Einphasen-Inverter-Stromquelle zum MIG MAG Schwei\u00dfen mit Puls- oder Kurzlichtbogen. F\u00fcr perfekte Schwei\u00dfergebnisse sorgen die bedienerfreundliche Einknopfbedienung mit serienm\u00e4\u00dfig 37 Synergieprogrammen f\u00fcr Stahl-, F\u00fclldraht, VA, Aluminium und zum MIG-L\u00f6ten mit CuSi3. Ein OLED Panel zeigt dabei dem Bediener auf drei Zeilen Draht- und Gastyp, Stromst\u00e4rke und Werkst\u00fcckdicke sowie Schwei\u00dfspannung und Drahtvorschubgeschwindigkeit.<\/p>\n<p>Durch die Einfachheit der Einstellung \u00fcber die Blechdicke in Verbindung mit der extremen Leichtigkeit von nur 13,5 kg ist diese Schwei\u00dfstromquelle besonders vielseitig einsetzbar. Dazu kommt durch PFC eine geringe elektrische Leistungsaufnahme, die einen Betrieb auch am 230 V Netz oder einem Stromerzeuger (min. 6 kVA) erm\u00f6glicht.<\/p>\n<p>Sie ist f\u00fcr viele Anwendungen besonders im mobilen Einsatz die ideale L\u00f6sung, jedoch besonders f\u00fcr Reparaturen, Wartungsarbeiten oder Karosseriereparaturen.<br \/>\nDer Euro-Zentralanschluss erm\u00f6glicht entweder den Gebrauch eines Standard-MIG-Brenners oder eines \u201cprofessionellen\u201d Brenners (Art. 1638), besonders geeignet f\u00fcr das Schwei\u00dfen mit F\u00fclldraht. Ein dazugeh\u00f6riger, kompakter und handlicher Fahrwagen ist ebenfalls verf\u00fcgbar.<br \/>\nKompatibel mit EN 61000-3-12.<\/p>\n<div id=\"heading-caratteristiche-tecniche\" class=\"panel-heading\" role=\"tab\">\n<h3 class=\"text-content\">Technische Eigenschaften:<\/h3>\n<\/div>\n<div id=\"collapse-caratteristiche-tecniche\" class=\"panel-collapse collapse in\" role=\"tabpanel\" aria-labelledby=\"heading-caratteristiche-tecniche\" aria-expanded=\"true\">\n<div class=\"panel-body\">\n<ul>\n<li>Drahtvorschubger\u00e4t mit 2 Rollen \u00d8 30 mm<\/li>\n<li>Inklusive Massekabel und Masseklemme (3 m &#8211; 16 mm<sup>2<\/sup>)<\/li>\n<li>Inklusive 37 Synergiekurven f\u00fcr Eisen \u00d8 0,6\/0,8\/0,9\/1,0 mm;\u00a0 rostfreien Stahl 0,8\/0,9 mm; Aluminium 0,9\/1,0 mm; CuSi3% 0,8\/0,9 mm und F\u00fclldraht \u00d8 0,9 mm. Der F\u00fclldraht kann durch Umpolung entweder mit oder ohne Schutzgas geschwei\u00dft werden.<\/li>\n<li>LCD-Panel\u00a0f\u00fcr die synergetische Anzeige von Drahttyp und Gasart, Strom und Dicke sowie Spannung und Drahtvorschubgeschwindigkeit<\/li>\n<li>Die Stromquelle bietet zahlreiche Funktionen, die an der Steuertafel eingestellt werden k\u00f6nnen, wie z.B.:<br \/>\n&#8211; Arc Length, 2-Takt\/4-Takt-Betrieb, Punktschwei\u00dfzeit, Pausenzeit, Drosselwirkung, R\u00fcckbrandzeit, Einschleichen, Lichtbogenl\u00e4nge usw.<br \/>\n&#8211;\u00a0Wahl des Schwei\u00dfprozesses\u00a0<strong>SHORT<\/strong>\u00a0oder\u00a0<strong>IMPULS<\/strong><br \/>\n&#8211; Drei wichtige spezielle Funktionen zum optimalen Schwei\u00dfen von Aluminium (Dreiwertschaltung, automatischer Hot Start, automatisches Kraterf\u00fcllen)<\/li>\n<li>Die Stromquelle ist f\u00fcr den Betrieb an Generatoraggregaten angemessener Leistung (min. 6 kVA) geeignet.<\/li>\n<\/ul>\n<\/div>\n<\/div>\n<h3>Technische Daten:<\/h3>\n<table class=\"table table-bordered\" style=\"height: 904px;\" width=\"515\">\n<thead>\n<tr>\n<th>Art.-Nr.<\/th>\n<th><span class=\"highlightedSearchTerm\">305<\/span><\/th>\n<th>Technische Daten<\/th>\n<th><img decoding=\"async\" class=\"image-inline\" src=\"https:\/\/welding.cebora.it\/resolveuid\/798ff3338d6245f08bc18619c1d9a430\/@@images\/image\/mini\" alt=\"\" data-linktype=\"image\" data-scale=\"mini\" data-val=\"798ff3338d6245f08bc18619c1d9a430\" \/><\/th>\n<\/tr>\n<\/thead>\n<tbody>\n<tr>\n<td><img decoding=\"async\" class=\"image-inline\" src=\"https:\/\/welding.cebora.it\/resolveuid\/4e76a9bcc15b4ad09c93fb6000a6bc68\/@@images\/image\/mini\" alt=\"\" width=\"54\" height=\"27\" data-linktype=\"image\" data-scale=\"mini\" data-val=\"4e76a9bcc15b4ad09c93fb6000a6bc68\" \/><\/td>\n<td><strong>230 V 50\/60 Hz<\/strong><br \/>\n<strong>+15% \/ -20%<\/strong><\/td>\n<td colspan=\"2\">Einphasiger Netzanschluss<br \/>\nSingle phase input<\/td>\n<\/tr>\n<tr>\n<td><img decoding=\"async\" class=\"image-inline\" src=\"https:\/\/welding.cebora.it\/resolveuid\/aa9fb4c7ab754c0c8ab119a4109b21ae\/@@images\/image\/mini\" alt=\"\" width=\"57\" height=\"30\" data-linktype=\"image\" data-scale=\"mini\" data-val=\"aa9fb4c7ab754c0c8ab119a4109b21ae\" \/><\/td>\n<td><strong>16 A<\/strong><\/td>\n<td colspan=\"2\">Tr\u00e4ge Sicherung<br \/>\nFuse rating (slow blow)<\/td>\n<\/tr>\n<tr>\n<td><img decoding=\"async\" class=\"image-inline\" src=\"https:\/\/welding.cebora.it\/resolveuid\/ec373687815540f282f7d24c1f1e8cf7\/@@images\/image\/mini\" alt=\"\" width=\"57\" height=\"29\" data-linktype=\"image\" data-scale=\"mini\" data-val=\"ec373687815540f282f7d24c1f1e8cf7\" \/><\/td>\n<td><strong>5,5 kVA 20%<\/strong><br \/>\n<strong>3,7 kVA 60%<\/strong><br \/>\n<strong>2,7 kVA 100%<\/strong><\/td>\n<td colspan=\"2\">Leistungsaufnahme<br \/>\nInput power<\/td>\n<\/tr>\n<tr>\n<td><img loading=\"lazy\" decoding=\"async\" class=\"image-inline\" src=\"https:\/\/welding.cebora.it\/resolveuid\/d87cb0b7ed214ccd8a347e0b0d7103ae\/@@images\/image\/mini\" alt=\"\" width=\"56\" height=\"28\" data-linktype=\"image\" data-scale=\"mini\" data-val=\"d87cb0b7ed214ccd8a347e0b0d7103ae\" \/><\/td>\n<td><strong>20 \u00f7 185 A<\/strong><\/td>\n<td colspan=\"2\">Min. &#8211; Max. Schwei\u00dfstrom<br \/>\nMin.-max. current that can be obtained in welding<\/td>\n<\/tr>\n<tr>\n<td><img loading=\"lazy\" decoding=\"async\" class=\"image-inline\" src=\"https:\/\/welding.cebora.it\/resolveuid\/5f287f378c6e4e08b6096f49ebf6e6ec\/@@images\/image\/mini\" alt=\"\" width=\"59\" height=\"30\" data-linktype=\"image\" data-scale=\"mini\" data-val=\"5f287f378c6e4e08b6096f49ebf6e6ec\" \/><\/td>\n<td><strong>185 A 20%<\/strong><br \/>\n<strong>140 A 60%<\/strong><br \/>\n<strong>110 A 100%<\/strong><\/td>\n<td colspan=\"2\">Einschaltdauer (10 min, 40\u00b0C)<br \/>\nGem\u00e4\u00df Norm IEC 60974-1<br \/>\nDuty Cycle (10 min.40\u00b0C)<br \/>\nAccording to IEC 60974-1<\/td>\n<\/tr>\n<tr>\n<td><img loading=\"lazy\" decoding=\"async\" class=\"image-inline\" src=\"https:\/\/welding.cebora.it\/resolveuid\/d0d120ececce4759881a5c766fdf275a\/@@images\/image\/mini\" alt=\"\" width=\"56\" height=\"29\" data-linktype=\"image\" data-scale=\"mini\" data-val=\"d0d120ececce4759881a5c766fdf275a\" \/><\/td>\n<td><strong>Electronic<\/strong><\/td>\n<td colspan=\"2\">Stufenlose Einstellung<br \/>\nStepless regulation<\/td>\n<\/tr>\n<tr>\n<td><img loading=\"lazy\" decoding=\"async\" class=\"image-inline\" src=\"https:\/\/welding.cebora.it\/resolveuid\/26bbeb57178d4c59bfa6c62d4238220e\/@@images\/image\/mini\" alt=\"\" width=\"58\" height=\"29\" data-linktype=\"image\" data-scale=\"mini\" data-val=\"26bbeb57178d4c59bfa6c62d4238220e\" \/><\/td>\n<td><strong>0,6\/0,8\/0,9\/1,0 Fe<\/strong><br \/>\n<strong>0,9 F\u00fclldraht<\/strong><br \/>\n<strong>0,8\/0,9 rostfreier Stahl<\/strong><br \/>\n<strong>0,9\/1,0 Al<\/strong><br \/>\n<strong>0,8\/0,9 CuSi3%<\/strong><\/td>\n<td colspan=\"2\">&nbsp;<\/p>\n<p>Synergiekurven inklusive<br \/>\nStandard supplied synergic programs<\/td>\n<\/tr>\n<tr>\n<td><img loading=\"lazy\" decoding=\"async\" class=\"image-inline\" src=\"https:\/\/welding.cebora.it\/resolveuid\/6e4c3b9cbe5941139ba0cd1e1f72e11a\/@@images\/image\/mini\" alt=\"\" width=\"59\" height=\"30\" data-linktype=\"image\" data-scale=\"mini\" data-val=\"6e4c3b9cbe5941139ba0cd1e1f72e11a\" \/><\/td>\n<td><strong>\u00d8 200 mm\/5 kg<\/strong><\/td>\n<td colspan=\"2\">Max. Gr\u00f6\u00dfe der Drahtspule<br \/>\nMax. wire spool size<\/td>\n<\/tr>\n<tr>\n<td><img loading=\"lazy\" decoding=\"async\" class=\"image-inline\" src=\"https:\/\/welding.cebora.it\/resolveuid\/7fc4b99b597f4081b56be2726cf9af00\/@@images\/image\/mini\" alt=\"\" width=\"57\" height=\"29\" data-linktype=\"image\" data-scale=\"mini\" data-val=\"7fc4b99b597f4081b56be2726cf9af00\" \/><\/td>\n<td><strong>IP23S<\/strong><\/td>\n<td colspan=\"2\">Schutzart<br \/>\nProtection class<\/td>\n<\/tr>\n<tr>\n<td><img loading=\"lazy\" decoding=\"async\" class=\"image-inline\" src=\"https:\/\/welding.cebora.it\/resolveuid\/6f604a610aef402bb436ba12e9209e67\/@@images\/image\/mini\" alt=\"\" width=\"58\" height=\"30\" data-linktype=\"image\" data-scale=\"mini\" data-val=\"6f604a610aef402bb436ba12e9209e67\" \/><\/td>\n<td><strong>13,5 kg<\/strong><\/td>\n<td colspan=\"2\">Gewicht<br \/>\nWeight<\/td>\n<\/tr>\n<tr>\n<td><img loading=\"lazy\" decoding=\"async\" class=\"image-inline\" src=\"https:\/\/welding.cebora.it\/resolveuid\/5706e8523276461899501d2ce2f96685\/@@images\/image\/mini\" alt=\"\" width=\"57\" height=\"29\" data-linktype=\"image\" data-scale=\"mini\" data-val=\"5706e8523276461899501d2ce2f96685\" \/><\/td>\n<td><strong>196x458x380 mm<\/strong><\/td>\n<td colspan=\"2\">Abmessungen (BxLxH)<br \/>\nDimensions (WxLxH)<\/td>\n<\/tr>\n<\/tbody>\n<\/table>\n<p>&nbsp;<\/p>\n<p><strong>Produktinformationen<\/strong> hier <a href=\"https:\/\/kopie.cebotech.de\/wp-content\/uploads\/2021\/10\/Pocket-Pulse-1.pdf\">downloaden<\/a>.<\/p>\n","protected":false},"excerpt":{"rendered":"<p>POCKET PULSE MIG 1820\/M Synergic Die POCKET PULSE MIG 1820\/M Synergic ist unsere kompakteste Einphasen-Inverter-Stromquelle zum MIG MAG Schwei\u00dfen mit Puls- oder Kurzlichtbogen. F\u00fcr perfekte Schwei\u00dfergebnisse sorgen die bedienerfreundliche Einknopfbedienung mit serienm\u00e4\u00dfig 37 Synergieprogrammen f\u00fcr Stahl-, F\u00fclldraht, VA, Aluminium und zum MIG-L\u00f6ten mit CuSi3. Ein OLED Panel zeigt dabei dem Bediener auf drei Zeilen Draht- [&hellip;]<\/p>\n","protected":false},"featured_media":1121,"template":"","meta":{"ocean_post_layout":"","ocean_both_sidebars_style":"","ocean_both_sidebars_content_width":0,"ocean_both_sidebars_sidebars_width":0,"ocean_sidebar":"0","ocean_second_sidebar":"0","ocean_disable_margins":"enable","ocean_add_body_class":"","ocean_shortcode_before_top_bar":"","ocean_shortcode_after_top_bar":"","ocean_shortcode_before_header":"","ocean_shortcode_after_header":"","ocean_has_shortcode":"","ocean_shortcode_after_title":"","ocean_shortcode_before_footer_widgets":"","ocean_shortcode_after_footer_widgets":"","ocean_shortcode_before_footer_bottom":"","ocean_shortcode_after_footer_bottom":"","ocean_display_top_bar":"off","ocean_display_header":"default","ocean_header_style":"","ocean_center_header_left_menu":"0","ocean_custom_header_template":"0","ocean_custom_logo":0,"ocean_custom_retina_logo":0,"ocean_custom_logo_max_width":0,"ocean_custom_logo_tablet_max_width":0,"ocean_custom_logo_mobile_max_width":0,"ocean_custom_logo_max_height":0,"ocean_custom_logo_tablet_max_height":0,"ocean_custom_logo_mobile_max_height":0,"ocean_header_custom_menu":"0","ocean_menu_typo_font_family":"0","ocean_menu_typo_font_subset":"","ocean_menu_typo_font_size":0,"ocean_menu_typo_font_size_tablet":0,"ocean_menu_typo_font_size_mobile":0,"ocean_menu_typo_font_size_unit":"px","ocean_menu_typo_font_weight":"","ocean_menu_typo_font_weight_tablet":"","ocean_menu_typo_font_weight_mobile":"","ocean_menu_typo_transform":"","ocean_menu_typo_transform_tablet":"","ocean_menu_typo_transform_mobile":"","ocean_menu_typo_line_height":0,"ocean_menu_typo_line_height_tablet":0,"ocean_menu_typo_line_height_mobile":0,"ocean_menu_typo_line_height_unit":"","ocean_menu_typo_spacing":0,"ocean_menu_typo_spacing_tablet":0,"ocean_menu_typo_spacing_mobile":0,"ocean_menu_typo_spacing_unit":"","ocean_menu_link_color":"","ocean_menu_link_color_hover":"","ocean_menu_link_color_active":"","ocean_menu_link_background":"","ocean_menu_link_hover_background":"","ocean_menu_link_active_background":"","ocean_menu_social_links_bg":"","ocean_menu_social_hover_links_bg":"","ocean_menu_social_links_color":"","ocean_menu_social_hover_links_color":"","ocean_disable_title":"on","ocean_disable_heading":"default","ocean_post_title":"","ocean_post_subheading":"","ocean_post_title_style":"","ocean_post_title_background_color":"","ocean_post_title_background":0,"ocean_post_title_bg_image_position":"","ocean_post_title_bg_image_attachment":"","ocean_post_title_bg_image_repeat":"","ocean_post_title_bg_image_size":"","ocean_post_title_height":0,"ocean_post_title_bg_overlay":0.5,"ocean_post_title_bg_overlay_color":"","ocean_disable_breadcrumbs":"default","ocean_breadcrumbs_color":"","ocean_breadcrumbs_separator_color":"","ocean_breadcrumbs_links_color":"","ocean_breadcrumbs_links_hover_color":"","ocean_display_footer_widgets":"off","ocean_display_footer_bottom":"default","ocean_custom_footer_template":"0"},"product_brand":[],"product_cat":[267,97,213,153],"product_tag":[],"class_list":{"0":"post-1120","1":"product","2":"type-product","3":"status-publish","4":"has-post-thumbnail","6":"product_cat-mig-mag-cebora-produkte","7":"product_cat-produkte","8":"product_cat-produkte-mig-mag-handwerk","9":"product_cat-produkte-mig-mag-industrie","11":"entry","12":"has-media","14":"first","15":"instock","16":"virtual","17":"purchasable","18":"product-type-simple","19":"has-product-nav","20":"col","21":"span_1_of_3","22":"owp-content-center","23":"owp-thumbs-layout-horizontal","24":"owp-btn-normal","25":"owp-tabs-layout-horizontal","26":"has-no-thumbnails"},"jetpack_sharing_enabled":true,"_links":{"self":[{"href":"https:\/\/kopie.cebotech.de\/index.php?rest_route=\/wp\/v2\/product\/1120","targetHints":{"allow":["GET"]}}],"collection":[{"href":"https:\/\/kopie.cebotech.de\/index.php?rest_route=\/wp\/v2\/product"}],"about":[{"href":"https:\/\/kopie.cebotech.de\/index.php?rest_route=\/wp\/v2\/types\/product"}],"wp:featuredmedia":[{"embeddable":true,"href":"https:\/\/kopie.cebotech.de\/index.php?rest_route=\/wp\/v2\/media\/1121"}],"wp:attachment":[{"href":"https:\/\/kopie.cebotech.de\/index.php?rest_route=%2Fwp%2Fv2%2Fmedia&parent=1120"}],"wp:term":[{"taxonomy":"product_brand","embeddable":true,"href":"https:\/\/kopie.cebotech.de\/index.php?rest_route=%2Fwp%2Fv2%2Fproduct_brand&post=1120"},{"taxonomy":"product_cat","embeddable":true,"href":"https:\/\/kopie.cebotech.de\/index.php?rest_route=%2Fwp%2Fv2%2Fproduct_cat&post=1120"},{"taxonomy":"product_tag","embeddable":true,"href":"https:\/\/kopie.cebotech.de\/index.php?rest_route=%2Fwp%2Fv2%2Fproduct_tag&post=1120"}],"curies":[{"name":"wp","href":"https:\/\/api.w.org\/{rel}","templated":true}]}}