{"id":1131,"date":"2021-10-25T08:56:31","date_gmt":"2021-10-25T08:56:31","guid":{"rendered":"https:\/\/kopie.cebotech.de\/?post_type=product&#038;p=1131"},"modified":"2022-10-26T16:42:37","modified_gmt":"2022-10-26T16:42:37","slug":"plasma-sound-pc-70-t","status":"publish","type":"product","link":"https:\/\/kopie.cebotech.de\/?product=plasma-sound-pc-70-t","title":{"rendered":"Plasma Sound PC 70\/T"},"content":{"rendered":"<p>Das Ger\u00e4t eignet sich perfekt f\u00fcr den Einsatz an LKW`s, Anh\u00e4ngern und Bussen sowie die manuelle Produktionen mittleren Umfangs. Die beste Schnittqualit\u00e4t erreicht man bei einer Materialst\u00e4rke bis 25mm. Maximal k\u00f6nnen Bleche bis 35mm getrennt werden.<\/p>\n<p>&#8211; Durch den Betrieb mit Pilotlichtbogen k\u00f6nnen auch lackierte oder beschichtete Metalle geschnitten werden<br \/>\n&#8211; Hohe Schnittgeschwindigkeit, geringer Verschlei\u00df<br \/>\n&#8211; Durch neueste D\u00fcsenentwicklung reduzierte Funkenbildung<br \/>\n&#8211; Auch f\u00fcr VA und Aluminium bestens geeignet<br \/>\n&#8211; Durch Gasnachstr\u00f6mfunktion Verl\u00e4ngerung der Standzeit der Verschlei\u00dfteile<br \/>\n&#8211; Durch Kontaktd\u00fcsen bis 50A keine st\u00f6renden Abstandshalter<br \/>\n&#8211; Durch serienm\u00e4\u00dfig lange D\u00fcsen gute Zug\u00e4nglichkeit<br \/>\n&#8211; Trennen von Lochblech und Gitterrosten durch eingebauter Elektronik ohne wiederholtes bet\u00e4tigen des Tasters<\/p>\n<p>&nbsp;<\/p>\n<p><strong>Produktinformationen<\/strong> hier <a href=\"https:\/\/kopie.cebotech.de\/wp-content\/uploads\/2021\/10\/PLASMA-SOUND-PC-70T-C476-R1-FR-DE-1.pdf\">downloaden<\/a>.<\/p>\n","protected":false},"excerpt":{"rendered":"<p>Das Ger\u00e4t eignet sich perfekt f\u00fcr den Einsatz an LKW`s, Anh\u00e4ngern und Bussen sowie die manuelle Produktionen mittleren Umfangs. Die beste Schnittqualit\u00e4t erreicht man bei einer Materialst\u00e4rke bis 25mm. Maximal k\u00f6nnen Bleche bis 35mm getrennt werden. &#8211; Durch den Betrieb mit Pilotlichtbogen k\u00f6nnen auch lackierte oder beschichtete Metalle geschnitten werden &#8211; Hohe Schnittgeschwindigkeit, geringer Verschlei\u00df [&hellip;]<\/p>\n","protected":false},"featured_media":1132,"template":"","meta":{"ocean_post_layout":"","ocean_both_sidebars_style":"","ocean_both_sidebars_content_width":0,"ocean_both_sidebars_sidebars_width":0,"ocean_sidebar":"0","ocean_second_sidebar":"0","ocean_disable_margins":"enable","ocean_add_body_class":"","ocean_shortcode_before_top_bar":"","ocean_shortcode_after_top_bar":"","ocean_shortcode_before_header":"","ocean_shortcode_after_header":"","ocean_has_shortcode":"","ocean_shortcode_after_title":"","ocean_shortcode_before_footer_widgets":"","ocean_shortcode_after_footer_widgets":"","ocean_shortcode_before_footer_bottom":"","ocean_shortcode_after_footer_bottom":"","ocean_display_top_bar":"off","ocean_display_header":"default","ocean_header_style":"","ocean_center_header_left_menu":"0","ocean_custom_header_template":"0","ocean_custom_logo":0,"ocean_custom_retina_logo":0,"ocean_custom_logo_max_width":0,"ocean_custom_logo_tablet_max_width":0,"ocean_custom_logo_mobile_max_width":0,"ocean_custom_logo_max_height":0,"ocean_custom_logo_tablet_max_height":0,"ocean_custom_logo_mobile_max_height":0,"ocean_header_custom_menu":"0","ocean_menu_typo_font_family":"0","ocean_menu_typo_font_subset":"","ocean_menu_typo_font_size":0,"ocean_menu_typo_font_size_tablet":0,"ocean_menu_typo_font_size_mobile":0,"ocean_menu_typo_font_size_unit":"px","ocean_menu_typo_font_weight":"","ocean_menu_typo_font_weight_tablet":"","ocean_menu_typo_font_weight_mobile":"","ocean_menu_typo_transform":"","ocean_menu_typo_transform_tablet":"","ocean_menu_typo_transform_mobile":"","ocean_menu_typo_line_height":0,"ocean_menu_typo_line_height_tablet":0,"ocean_menu_typo_line_height_mobile":0,"ocean_menu_typo_line_height_unit":"","ocean_menu_typo_spacing":0,"ocean_menu_typo_spacing_tablet":0,"ocean_menu_typo_spacing_mobile":0,"ocean_menu_typo_spacing_unit":"","ocean_menu_link_color":"","ocean_menu_link_color_hover":"","ocean_menu_link_color_active":"","ocean_menu_link_background":"","ocean_menu_link_hover_background":"","ocean_menu_link_active_background":"","ocean_menu_social_links_bg":"","ocean_menu_social_hover_links_bg":"","ocean_menu_social_links_color":"","ocean_menu_social_hover_links_color":"","ocean_disable_title":"on","ocean_disable_heading":"default","ocean_post_title":"","ocean_post_subheading":"","ocean_post_title_style":"","ocean_post_title_background_color":"","ocean_post_title_background":0,"ocean_post_title_bg_image_position":"","ocean_post_title_bg_image_attachment":"","ocean_post_title_bg_image_repeat":"","ocean_post_title_bg_image_size":"","ocean_post_title_height":0,"ocean_post_title_bg_overlay":0.5,"ocean_post_title_bg_overlay_color":"","ocean_disable_breadcrumbs":"default","ocean_breadcrumbs_color":"","ocean_breadcrumbs_separator_color":"","ocean_breadcrumbs_links_color":"","ocean_breadcrumbs_links_hover_color":"","ocean_display_footer_widgets":"off","ocean_display_footer_bottom":"default","ocean_custom_footer_template":"0"},"product_brand":[],"product_cat":[226,170,161],"product_tag":[],"class_list":{"0":"post-1131","1":"product","2":"type-product","3":"status-publish","4":"has-post-thumbnail","6":"product_cat-produkte-plasmaschneider-handwerk","7":"product_cat-produkte-plasma-automatisierung","8":"product_cat-produkte-plasma","10":"entry","11":"has-media","13":"first","14":"instock","15":"virtual","16":"purchasable","17":"product-type-simple","18":"has-product-nav","19":"col","20":"span_1_of_3","21":"owp-content-center","22":"owp-thumbs-layout-horizontal","23":"owp-btn-normal","24":"owp-tabs-layout-horizontal"},"jetpack_sharing_enabled":true,"_links":{"self":[{"href":"https:\/\/kopie.cebotech.de\/index.php?rest_route=\/wp\/v2\/product\/1131","targetHints":{"allow":["GET"]}}],"collection":[{"href":"https:\/\/kopie.cebotech.de\/index.php?rest_route=\/wp\/v2\/product"}],"about":[{"href":"https:\/\/kopie.cebotech.de\/index.php?rest_route=\/wp\/v2\/types\/product"}],"wp:featuredmedia":[{"embeddable":true,"href":"https:\/\/kopie.cebotech.de\/index.php?rest_route=\/wp\/v2\/media\/1132"}],"wp:attachment":[{"href":"https:\/\/kopie.cebotech.de\/index.php?rest_route=%2Fwp%2Fv2%2Fmedia&parent=1131"}],"wp:term":[{"taxonomy":"product_brand","embeddable":true,"href":"https:\/\/kopie.cebotech.de\/index.php?rest_route=%2Fwp%2Fv2%2Fproduct_brand&post=1131"},{"taxonomy":"product_cat","embeddable":true,"href":"https:\/\/kopie.cebotech.de\/index.php?rest_route=%2Fwp%2Fv2%2Fproduct_cat&post=1131"},{"taxonomy":"product_tag","embeddable":true,"href":"https:\/\/kopie.cebotech.de\/index.php?rest_route=%2Fwp%2Fv2%2Fproduct_tag&post=1131"}],"curies":[{"name":"wp","href":"https:\/\/api.w.org\/{rel}","templated":true}]}}