{"id":1135,"date":"2021-10-25T09:00:56","date_gmt":"2021-10-25T09:00:56","guid":{"rendered":"https:\/\/kopie.cebotech.de\/?post_type=product&#038;p=1135"},"modified":"2024-07-16T11:58:45","modified_gmt":"2024-07-16T11:58:45","slug":"inverter-mig-mag-synstar-twin-270t","status":"publish","type":"product","link":"https:\/\/kopie.cebotech.de\/?product=inverter-mig-mag-synstar-twin-270t","title":{"rendered":"CEBORA Inverter MIG-MAG Synstar TWIN 270T"},"content":{"rendered":"<h2>SYNSTAR TWIN 270 T<\/h2>\n<div class=\"description\">\n<p>Synergetische dreiphasige MIG\/MAG-Inverterstromquelle zum Schwei\u00dfen und L\u00f6ten mit kontinuierlich zugef\u00fchrtem Draht von verzinktem Blech, hochfestem Stahl und Aluminium.<\/p>\n<\/div>\n<div class=\"collapses-wrapper\">\n<div id=\"product-accordion\" class=\"panel-group\" role=\"tablist\" aria-multiselectable=\"true\">\n<div class=\"panel panel-default\">\n<div id=\"heading-caratteristiche-tecniche\" class=\"panel-heading\" role=\"tab\">\n<h3 class=\"text-content\">Technische Eigenschaften:<\/h3>\n<\/div>\n<div id=\"collapse-caratteristiche-tecniche\" class=\"panel-collapse collapse in\" role=\"tabpanel\" aria-labelledby=\"heading-caratteristiche-tecniche\" aria-expanded=\"true\">\n<div class=\"panel-body\">\n<ul>\n<li>Zwei Drahtvorschubger\u00e4te mit 4 Rollen \u00d8 30 mm aus Aluminium<\/li>\n<li>Komplett mit Fahrwagen f\u00fcr die Stromquelle, Massekabel (3,5 m &#8211; 35 mm<sup>2<\/sup>) mit Masseklemme<\/li>\n<li>Gro\u00dfe Auswahl an gespeicherten Synergiekurven f\u00fcr Dr\u00e4hte aus Eisen, rostfreiem Stahl und Aluminium, f\u00fcr L\u00f6tdr\u00e4hte f\u00fcr verzinktes Blech und f\u00fcr F\u00fclldraht.\u00a0Der Mikroprozessor im Steuerkreis erlaubt auch zu einem sp\u00e4teren Zeitpunkt die Aktualisierung der im Ger\u00e4t gespeicherten synergetischen Programme mithilfe des optionalen Kits (Art. 136).<\/li>\n<li>Einfaches und intuitives\u00a05&#8243;-LCD-Panel<\/li>\n<li><strong><em>Impulsfunktion<\/em><\/strong>\u00a0zum Aktivieren spezieller gepulster Synergiekurven f\u00fcr Eisen, rostfreien Stahl, Aluminium und CuSi3. Mehr als 75 Schwei\u00dfprogramme<\/li>\n<li><strong><em>Doppelimpulsfunktion<\/em><\/strong><\/li>\n<li>Zwei 4-Rollen-Getriebemotoren erm\u00f6glichen die Arbeit mit zwei verschiedenen Spulentypen, sodass gleichzeitig zwei verschiedene Brennertypen mit verschiedenen Dr\u00e4hten sowie Push-Pull-Brenner montiert werden k\u00f6nnen.<\/li>\n<li>Die Stromquelle bietet zahlreiche Funktionen, die an der Steuertafel eingestellt werden k\u00f6nnen, wie z.B.:<br \/>\n&#8211; Arc Length, 2-Takt\/4-Takt-Betrieb, Punktschwei\u00dfzeit, Pausenzeit, Drosselwirkung, R\u00fcckbrandzeit, Einschleichen, Lichtbogenl\u00e4nge usw.<br \/>\n&#8211;\u00a0Wahl des Schwei\u00dfprozesses SHORT oder IMPULS<br \/>\n&#8211; Drei wichtige spezielle Funktionen zum optimalen Schwei\u00dfen von Aluminium (Dreiwertschaltung, automatischer Hot Start, automatisches Kraterf\u00fcllen)<\/li>\n<li>Der Euro-Zentralanschluss erm\u00f6glicht die Verwendung sowohl eines MIG-Standardbrenners als auch eines Brenners Push-Pull 2003 Cebora.<\/li>\n<li>Es k\u00f6nnen zwei verschiedene Spulentypen verwendet werden: \u00d8 200 mm oder \u00d8 300 mm<\/li>\n<\/ul>\n<p>Die ideale L\u00f6sung f\u00fcr die Arbeit an Karosserien, da heute bei der Automobilherstellung zunehmend unterschiedliche Materialien zusammen verwendet werden.<\/p>\n<\/div>\n<\/div>\n<\/div>\n<\/div>\n<\/div>\n<p>Gepr\u00fcft nach den Volkswagen-Normen VW 01106-1 (Stahl), VW 01106-3 (Aluminium) und VW 11044 (MIG-L\u00f6ten)<\/p>\n<div id=\"heading-interfaccia-analogica\" class=\"panel-heading\" role=\"tab\">\n<h3 class=\"text-content\">Technisches Datenblatt:<\/h3>\n<\/div>\n<div id=\"collapse-interfaccia-analogica\" class=\"panel-collapse collapse in\" role=\"tabpanel\" aria-labelledby=\"heading-interfaccia-analogica\" aria-expanded=\"true\">\n<div class=\"panel-body\">\n<table class=\"table table-bordered\">\n<thead>\n<tr>\n<th>Art.-Nr.<\/th>\n<th>344<\/th>\n<th>Technische Daten<\/th>\n<th><\/th>\n<\/tr>\n<\/thead>\n<tbody>\n<tr>\n<td><img decoding=\"async\" class=\"image-inline\" src=\"https:\/\/welding.cebora.it\/resolveuid\/9f6f9a8eeffe4d059412e22b48d4c3a8\/@@images\/image\/mini\" alt=\"\" width=\"56\" height=\"28\" data-linktype=\"image\" data-scale=\"mini\" data-val=\"9f6f9a8eeffe4d059412e22b48d4c3a8\" \/><\/td>\n<td><strong>400 V 50\/60 Hz<\/strong><br \/>\n<strong>+15% \/ -20%<\/strong><\/td>\n<td colspan=\"2\">Dreiphasiger Netzanschluss<br \/>\nThree phase input<\/td>\n<\/tr>\n<tr>\n<td><img decoding=\"async\" class=\"image-inline\" src=\"https:\/\/welding.cebora.it\/resolveuid\/aa9fb4c7ab754c0c8ab119a4109b21ae\/@@images\/image\/mini\" alt=\"\" width=\"57\" height=\"30\" data-linktype=\"image\" data-scale=\"mini\" data-val=\"aa9fb4c7ab754c0c8ab119a4109b21ae\" \/><\/td>\n<td><strong>16\u00a0A<\/strong><\/td>\n<td colspan=\"2\">Tr\u00e4ge Sicherung<br \/>\nFuse rating (slow blow)<\/td>\n<\/tr>\n<tr>\n<td><img decoding=\"async\" class=\"image-inline\" src=\"https:\/\/welding.cebora.it\/resolveuid\/ec373687815540f282f7d24c1f1e8cf7\/@@images\/image\/mini\" alt=\"\" width=\"57\" height=\"29\" data-linktype=\"image\" data-scale=\"mini\" data-val=\"ec373687815540f282f7d24c1f1e8cf7\" \/><\/td>\n<td><strong>9,0 kVA 20%<\/strong><br \/>\n<strong>8,3 kVA 40%<\/strong><br \/>\n<strong>6,3 kVA 60%<\/strong><br \/>\n<strong>4,9 kVA 100%<\/strong><\/td>\n<td colspan=\"2\">Leistungsaufnahme<br \/>\nInput power<\/td>\n<\/tr>\n<tr>\n<td><img loading=\"lazy\" decoding=\"async\" class=\"image-inline\" src=\"https:\/\/welding.cebora.it\/resolveuid\/d87cb0b7ed214ccd8a347e0b0d7103ae\/@@images\/image\/mini\" alt=\"\" width=\"54\" height=\"27\" data-linktype=\"image\" data-scale=\"mini\" data-val=\"d87cb0b7ed214ccd8a347e0b0d7103ae\" \/><\/td>\n<td><strong>20A \u00f7 270A<\/strong><\/td>\n<td colspan=\"2\">Min. &#8211; Max. Schwei\u00dfstrom<br \/>\nMin.-max. current that can be obtained in welding<\/td>\n<\/tr>\n<tr>\n<td><img loading=\"lazy\" decoding=\"async\" class=\"image-inline\" src=\"https:\/\/welding.cebora.it\/resolveuid\/5f287f378c6e4e08b6096f49ebf6e6ec\/@@images\/image\/mini\" alt=\"\" width=\"57\" height=\"29\" data-linktype=\"image\" data-scale=\"mini\" data-val=\"5f287f378c6e4e08b6096f49ebf6e6ec\" \/><\/td>\n<td><strong>270A 20%<\/strong><br \/>\n<strong>250A 40%<\/strong><br \/>\n<strong>220A 60%<\/strong><br \/>\n<strong>180A 100%<\/strong><\/td>\n<td colspan=\"2\">Einschaltdauer (10 min, 40\u00b0C)<br \/>\nGem\u00e4\u00df Norm IEC 60974-1<br \/>\nDuty Cycle (10 min.40\u00b0C)<br \/>\nAccording to IEC 60974-1<\/td>\n<\/tr>\n<tr>\n<td><img loading=\"lazy\" decoding=\"async\" class=\"image-inline\" src=\"https:\/\/welding.cebora.it\/resolveuid\/d0d120ececce4759881a5c766fdf275a\/@@images\/image\/mini\" alt=\"\" width=\"58\" height=\"30\" data-linktype=\"image\" data-scale=\"mini\" data-val=\"d0d120ececce4759881a5c766fdf275a\" \/><\/td>\n<td><strong>Electronic<\/strong><\/td>\n<td colspan=\"2\">Stufenlose Einstellung<br \/>\nStepless regulation<\/td>\n<\/tr>\n<tr>\n<td><img loading=\"lazy\" decoding=\"async\" class=\"image-inline\" src=\"https:\/\/welding.cebora.it\/resolveuid\/26bbeb57178d4c59bfa6c62d4238220e\/@@images\/image\/mini\" alt=\"\" width=\"56\" height=\"28\" data-linktype=\"image\" data-scale=\"mini\" data-val=\"26bbeb57178d4c59bfa6c62d4238220e\" \/><\/td>\n<td><strong>0,6\/0,8\/0,9\/1,0\/1,2 Fe<\/strong><br \/>\n<strong>0,8\/0,9\/1,0\/1,2 Al<\/strong><br \/>\n<strong>0,8\/0,9\/1,0\/1,2 rostfreier Stahl<\/strong><br \/>\n<strong>0,8\/0,9\/1,0 CuSi3%<\/strong><\/td>\n<td colspan=\"2\">&nbsp;<\/p>\n<p>Synergiekurven inklusive<br \/>\nStandard supplied synergic programs<\/td>\n<\/tr>\n<tr>\n<td><img loading=\"lazy\" decoding=\"async\" class=\"image-inline\" src=\"https:\/\/welding.cebora.it\/resolveuid\/6e4c3b9cbe5941139ba0cd1e1f72e11a\/@@images\/image\/mini\" alt=\"\" width=\"59\" height=\"30\" data-linktype=\"image\" data-scale=\"mini\" data-val=\"6e4c3b9cbe5941139ba0cd1e1f72e11a\" \/><\/td>\n<td><strong>\u00d8 200 mm<br \/>\n\u00d8 300 mm<\/strong><\/td>\n<td colspan=\"2\">Max. Gr\u00f6\u00dfe der Drahtspule<br \/>\nMax. wire spool size<\/td>\n<\/tr>\n<tr>\n<td><img loading=\"lazy\" decoding=\"async\" class=\"image-inline\" src=\"https:\/\/welding.cebora.it\/resolveuid\/7fc4b99b597f4081b56be2726cf9af00\/@@images\/image\/mini\" alt=\"\" width=\"59\" height=\"30\" data-linktype=\"image\" data-scale=\"mini\" data-val=\"7fc4b99b597f4081b56be2726cf9af00\" \/><\/td>\n<td><strong>IP23S<\/strong><\/td>\n<td colspan=\"2\">Schutzart<br \/>\nProtection class<\/td>\n<\/tr>\n<tr>\n<td><img loading=\"lazy\" decoding=\"async\" class=\"image-inline\" src=\"https:\/\/welding.cebora.it\/resolveuid\/6f604a610aef402bb436ba12e9209e67\/@@images\/image\/mini\" alt=\"\" width=\"59\" height=\"30\" data-linktype=\"image\" data-scale=\"mini\" data-val=\"6f604a610aef402bb436ba12e9209e67\" \/><\/td>\n<td><strong>76\u00a0kg<\/strong><\/td>\n<td colspan=\"2\">Gewicht<br \/>\nWeight<\/td>\n<\/tr>\n<tr>\n<td><img loading=\"lazy\" decoding=\"async\" class=\"image-inline\" src=\"https:\/\/welding.cebora.it\/resolveuid\/5706e8523276461899501d2ce2f96685\/@@images\/image\/mini\" alt=\"\" width=\"62\" height=\"32\" data-linktype=\"image\" data-scale=\"mini\" data-val=\"5706e8523276461899501d2ce2f96685\" \/><\/td>\n<td><strong>588x945x985 mm<\/strong><\/td>\n<td colspan=\"2\">Abmessungen (BxLxH)<br \/>\nDimensions (WxLxH)<\/td>\n<\/tr>\n<\/tbody>\n<\/table>\n<p>&nbsp;<\/p>\n<\/div>\n<\/div>\n<p><strong>Produktinformationen<\/strong> hier <a href=\"https:\/\/kopie.cebotech.de\/wp-content\/uploads\/2021\/10\/SYNSTAR_TWIN_270_T-DE_Cebotech_VW_mR_2023_06.pdf\">downloaden<\/a>.<\/p>\n","protected":false},"excerpt":{"rendered":"<p>SYNSTAR TWIN 270 T Synergetische dreiphasige MIG\/MAG-Inverterstromquelle zum Schwei\u00dfen und L\u00f6ten mit kontinuierlich zugef\u00fchrtem Draht von verzinktem Blech, hochfestem Stahl und Aluminium. Technische Eigenschaften: Zwei Drahtvorschubger\u00e4te mit 4 Rollen \u00d8 30 mm aus Aluminium Komplett mit Fahrwagen f\u00fcr die Stromquelle, Massekabel (3,5 m &#8211; 35 mm2) mit Masseklemme Gro\u00dfe Auswahl an gespeicherten Synergiekurven f\u00fcr Dr\u00e4hte [&hellip;]<\/p>\n","protected":false},"featured_media":1137,"template":"","meta":{"ocean_post_layout":"","ocean_both_sidebars_style":"","ocean_both_sidebars_content_width":0,"ocean_both_sidebars_sidebars_width":0,"ocean_sidebar":"0","ocean_second_sidebar":"0","ocean_disable_margins":"enable","ocean_add_body_class":"","ocean_shortcode_before_top_bar":"","ocean_shortcode_after_top_bar":"","ocean_shortcode_before_header":"","ocean_shortcode_after_header":"","ocean_has_shortcode":"","ocean_shortcode_after_title":"","ocean_shortcode_before_footer_widgets":"","ocean_shortcode_after_footer_widgets":"","ocean_shortcode_before_footer_bottom":"","ocean_shortcode_after_footer_bottom":"","ocean_display_top_bar":"off","ocean_display_header":"default","ocean_header_style":"","ocean_center_header_left_menu":"0","ocean_custom_header_template":"0","ocean_custom_logo":0,"ocean_custom_retina_logo":0,"ocean_custom_logo_max_width":0,"ocean_custom_logo_tablet_max_width":0,"ocean_custom_logo_mobile_max_width":0,"ocean_custom_logo_max_height":0,"ocean_custom_logo_tablet_max_height":0,"ocean_custom_logo_mobile_max_height":0,"ocean_header_custom_menu":"0","ocean_menu_typo_font_family":"0","ocean_menu_typo_font_subset":"","ocean_menu_typo_font_size":0,"ocean_menu_typo_font_size_tablet":0,"ocean_menu_typo_font_size_mobile":0,"ocean_menu_typo_font_size_unit":"px","ocean_menu_typo_font_weight":"","ocean_menu_typo_font_weight_tablet":"","ocean_menu_typo_font_weight_mobile":"","ocean_menu_typo_transform":"","ocean_menu_typo_transform_tablet":"","ocean_menu_typo_transform_mobile":"","ocean_menu_typo_line_height":0,"ocean_menu_typo_line_height_tablet":0,"ocean_menu_typo_line_height_mobile":0,"ocean_menu_typo_line_height_unit":"","ocean_menu_typo_spacing":0,"ocean_menu_typo_spacing_tablet":0,"ocean_menu_typo_spacing_mobile":0,"ocean_menu_typo_spacing_unit":"","ocean_menu_link_color":"","ocean_menu_link_color_hover":"","ocean_menu_link_color_active":"","ocean_menu_link_background":"","ocean_menu_link_hover_background":"","ocean_menu_link_active_background":"","ocean_menu_social_links_bg":"","ocean_menu_social_hover_links_bg":"","ocean_menu_social_links_color":"","ocean_menu_social_hover_links_color":"","ocean_disable_title":"on","ocean_disable_heading":"default","ocean_post_title":"","ocean_post_subheading":"","ocean_post_title_style":"","ocean_post_title_background_color":"","ocean_post_title_background":0,"ocean_post_title_bg_image_position":"","ocean_post_title_bg_image_attachment":"","ocean_post_title_bg_image_repeat":"","ocean_post_title_bg_image_size":"","ocean_post_title_height":0,"ocean_post_title_bg_overlay":0.5,"ocean_post_title_bg_overlay_color":"","ocean_disable_breadcrumbs":"default","ocean_breadcrumbs_color":"","ocean_breadcrumbs_separator_color":"","ocean_breadcrumbs_links_color":"","ocean_breadcrumbs_links_hover_color":"","ocean_display_footer_widgets":"off","ocean_display_footer_bottom":"default","ocean_custom_footer_template":"0"},"product_brand":[],"product_cat":[267,97,213,153],"product_tag":[],"class_list":{"0":"post-1135","1":"product","2":"type-product","3":"status-publish","4":"has-post-thumbnail","6":"product_cat-mig-mag-cebora-produkte","7":"product_cat-produkte","8":"product_cat-produkte-mig-mag-handwerk","9":"product_cat-produkte-mig-mag-industrie","11":"entry","12":"has-media","14":"first","15":"instock","16":"virtual","17":"purchasable","18":"product-type-simple","19":"has-product-nav","20":"col","21":"span_1_of_3","22":"owp-content-center","23":"owp-thumbs-layout-horizontal","24":"owp-btn-normal","25":"owp-tabs-layout-horizontal"},"jetpack_sharing_enabled":true,"_links":{"self":[{"href":"https:\/\/kopie.cebotech.de\/index.php?rest_route=\/wp\/v2\/product\/1135","targetHints":{"allow":["GET"]}}],"collection":[{"href":"https:\/\/kopie.cebotech.de\/index.php?rest_route=\/wp\/v2\/product"}],"about":[{"href":"https:\/\/kopie.cebotech.de\/index.php?rest_route=\/wp\/v2\/types\/product"}],"wp:featuredmedia":[{"embeddable":true,"href":"https:\/\/kopie.cebotech.de\/index.php?rest_route=\/wp\/v2\/media\/1137"}],"wp:attachment":[{"href":"https:\/\/kopie.cebotech.de\/index.php?rest_route=%2Fwp%2Fv2%2Fmedia&parent=1135"}],"wp:term":[{"taxonomy":"product_brand","embeddable":true,"href":"https:\/\/kopie.cebotech.de\/index.php?rest_route=%2Fwp%2Fv2%2Fproduct_brand&post=1135"},{"taxonomy":"product_cat","embeddable":true,"href":"https:\/\/kopie.cebotech.de\/index.php?rest_route=%2Fwp%2Fv2%2Fproduct_cat&post=1135"},{"taxonomy":"product_tag","embeddable":true,"href":"https:\/\/kopie.cebotech.de\/index.php?rest_route=%2Fwp%2Fv2%2Fproduct_tag&post=1135"}],"curies":[{"name":"wp","href":"https:\/\/api.w.org\/{rel}","templated":true}]}}