{"id":1169,"date":"2021-10-25T09:18:35","date_gmt":"2021-10-25T09:18:35","guid":{"rendered":"https:\/\/kopie.cebotech.de\/?post_type=product&#038;p=1169"},"modified":"2022-10-26T16:42:36","modified_gmt":"2022-10-26T16:42:36","slug":"win-tig-ac-dc-180m-wig-schweissgeraet","status":"publish","type":"product","link":"https:\/\/kopie.cebotech.de\/?product=win-tig-ac-dc-180m-wig-schweissgeraet","title":{"rendered":"CEBORA WIN TIG AC\/DC 180M WIG-Schwei\u00dfger\u00e4t"},"content":{"rendered":"<div class=\"description\">\n<p>Einphasige Inverterstromquelle (230V +15%\/-20%) zum WIG- und zum Elektroden-Hand-Schwei\u00dfen (keine Zelluloseelektroden AWS 6010)<\/p>\n<\/div>\n<div class=\"collapses-wrapper\">\n<div id=\"product-accordion\" class=\"panel-group\" role=\"tablist\" aria-multiselectable=\"true\">\n<div class=\"panel panel-default\">\n<div id=\"heading-caratteristiche-tecniche\" class=\"panel-heading\" role=\"tab\">\n<h3 class=\"text-content\">Technische Eigenschaften<\/h3>\n<\/div>\n<div id=\"collapse-caratteristiche-tecniche\" class=\"panel-collapse collapse in\" role=\"tabpanel\" aria-labelledby=\"heading-caratteristiche-tecniche\" aria-expanded=\"true\">\n<div class=\"panel-body\">\n<ul>\n<li>Neues einfaches und intuitives LCD-Farbdisplay<\/li>\n<li>Die Funktion\u00a0<strong>EVO LIFT<\/strong>\u00a0\u00a0gestattet es,\u00a0die Elektrode punktgenau aufzusetzen, wodurch der W\u00e4rmeeintrag kontrolliert und die Oxidation des Werkst\u00fccks vermieden werden kann.<\/li>\n<li>Funktion\u00a0<strong>EVO START<\/strong>\u00a0zum Optimieren der Verbindung der Kanten<\/li>\n<li>Schwei\u00dfprozess\u00a0<strong>WIG APC<\/strong>\u00a0(Active Power Control), der\u00a0einen tieferen Einbrand und einen stabileren Lichtbogen garantiert, das Festkleben der Elektrode am Werkst\u00fcck verhindert und die Anpassung des Lichtbogens an die Schwei\u00dfbedingungen nur durch Bewegen des Brenners erm\u00f6glicht.<\/li>\n<li>Schwei\u00dfprozess\u00a0<strong>TIG AC+DC<\/strong>\u00a0zum Schwei\u00dfen von Aluminium und seinen Legierungen. Durch die Gleichstromkomponente des Prozesses erh\u00e4lt man mehr Einbrand und h\u00f6here Schwei\u00dfgeschwindigkeiten bei geringerer Verformung des Werkst\u00fccks<\/li>\n<li>Funktion<strong>\u00a0Intervallschwei\u00dfen<\/strong>\u00a0f\u00fcr Schwei\u00dfn\u00e4hte ohne Anlauffarben; Unterbrechung auf Hundertstelsekunden einstellbar.<\/li>\n<li>Funktion\u00a0<strong>Impuls<\/strong>\u00a0\u00a0auf bis zu 2,5 kHz einstellbar<\/li>\n<li>Schwei\u00dfprozess\u00a0<strong>eXtra Pulse (XP):\u00a0<\/strong>Gepulster Lichtbogen\u00a0mit sehr hoher Frequenz f\u00fcr Arbeiten an d\u00fcnnen Blechen, bei denen der W\u00e4rmeeintrag m\u00f6glichst gering sein muss.<\/li>\n<li>Der Prozess\u00a0<strong>\u00a0XP<\/strong>\u00a0kann mit dem Impulsbetrieb mit niedriger Frequenz gekoppelt werden, um bei mittleren bis geringen Materialst\u00e4rken den Einbrand und die Schwei\u00dfgeschwindigkeit zu erh\u00f6hen.<\/li>\n<li>Funktion\u00a0<strong>JOB<\/strong>\u00a0\u00a0zum Speichern von bis zu 9 Schwei\u00dfprogrammen<\/li>\n<li>Funktion\u00a0<strong>Wiz<\/strong>\u00a0\u00a0zur Unterst\u00fctzung des Schwei\u00dfers bei den Einstellungen f\u00fcr den gew\u00fcnschten Schwei\u00dfprozess<\/li>\n<li>Schwei\u00dfprozess\u00a0<strong>MMA AC<\/strong>\u00a0zum Elektrodenschwei\u00dfen an magnetisierten Blechen. Er verhindert das Auftreten der magnetischen Blaswirkung beim Schwei\u00dfen von Vierkantrohren und wird normalerweise bei Instandsetzungsarbeiten genutzt.<\/li>\n<li>Die Stromquelle ist f\u00fcr den Betrieb an Generatoraggregaten angemessener Leistung (min. 8 kVA) geeignet.<\/li>\n<li>Anschlussm\u00f6glichkeit f\u00fcr K\u00fchlaggregat<\/li>\n<\/ul>\n<h3>Technisches Datenblatt:<\/h3>\n<table class=\"table table-bordered\">\n<thead>\n<tr>\n<th>Art.-Nr.<\/th>\n<th colspan=\"2\">558<\/th>\n<th>Technische Daten<\/th>\n<th><\/th>\n<\/tr>\n<\/thead>\n<tbody>\n<tr>\n<td><\/td>\n<td><strong>TIG<\/strong><\/td>\n<td><b>MMA<\/b><\/td>\n<td colspan=\"2\"><\/td>\n<\/tr>\n<tr>\n<td><img decoding=\"async\" class=\"image-inline\" src=\"https:\/\/welding.cebora.it\/resolveuid\/4e76a9bcc15b4ad09c93fb6000a6bc68\/@@images\/image\/mini\" alt=\"\" width=\"54\" height=\"27\" data-linktype=\"image\" data-scale=\"mini\" data-val=\"4e76a9bcc15b4ad09c93fb6000a6bc68\" \/><\/td>\n<td><strong>230 V 50\/60 Hz<\/strong><br \/>\n<strong>+ 15% \/ -20%<\/strong><\/td>\n<td><\/td>\n<td colspan=\"2\">Einphasiger Netzanschluss<br \/>\nSingle phase input<\/td>\n<\/tr>\n<tr>\n<td><img decoding=\"async\" class=\"image-inline\" src=\"https:\/\/welding.cebora.it\/resolveuid\/aa9fb4c7ab754c0c8ab119a4109b21ae\/@@images\/image\/mini\" alt=\"\" width=\"54\" height=\"28\" data-linktype=\"image\" data-scale=\"mini\" data-val=\"aa9fb4c7ab754c0c8ab119a4109b21ae\" \/><\/td>\n<td><strong>16 A<\/strong><\/td>\n<td><\/td>\n<td colspan=\"2\">Tr\u00e4ge Sicherung<br \/>\nFuse rating (slow blow)<\/td>\n<\/tr>\n<tr>\n<td><img decoding=\"async\" class=\"image-inline\" src=\"https:\/\/welding.cebora.it\/resolveuid\/ec373687815540f282f7d24c1f1e8cf7\/@@images\/image\/mini\" alt=\"\" width=\"55\" height=\"28\" data-linktype=\"image\" data-scale=\"mini\" data-val=\"ec373687815540f282f7d24c1f1e8cf7\" \/><\/td>\n<td><strong>4,4 kVA 25%<\/strong><br \/>\n<strong>2,5 kVA 60%<\/strong><br \/>\n<strong>2,2 kVA 100%<\/strong><\/td>\n<td><strong>4,4 kVA 30%<\/strong><br \/>\n<strong>3,3 kVA 60%<\/strong><br \/>\n<strong>3,0 kVA 100%<\/strong><\/td>\n<td colspan=\"2\">Leistungsaufnahme<br \/>\nInput power<\/td>\n<\/tr>\n<tr>\n<td><img loading=\"lazy\" decoding=\"async\" class=\"image-inline\" src=\"https:\/\/welding.cebora.it\/resolveuid\/d87cb0b7ed214ccd8a347e0b0d7103ae\/@@images\/image\/mini\" alt=\"\" width=\"54\" height=\"27\" data-linktype=\"image\" data-scale=\"mini\" data-val=\"d87cb0b7ed214ccd8a347e0b0d7103ae\" \/><\/td>\n<td><strong>5 \u00f7 180 A<\/strong><\/td>\n<td><strong>10 \u00f7 130 A<\/strong><\/td>\n<td colspan=\"2\">Stromeinstellbereich<br \/>\nCurrent adjustment range<\/td>\n<\/tr>\n<tr>\n<td><img loading=\"lazy\" decoding=\"async\" class=\"image-inline\" src=\"https:\/\/welding.cebora.it\/resolveuid\/5f287f378c6e4e08b6096f49ebf6e6ec\/@@images\/image\/mini\" alt=\"\" width=\"55\" height=\"28\" data-linktype=\"image\" data-scale=\"mini\" data-val=\"5f287f378c6e4e08b6096f49ebf6e6ec\" \/><\/td>\n<td><strong>180 A 25%<\/strong><br \/>\n<strong>110 A 60%<\/strong><br \/>\n<strong>100 A 100%<\/strong><\/td>\n<td><strong>130 A 30%<\/strong><br \/>\n<strong>100 A 60%<\/strong><br \/>\n<strong>90 A 100%<\/strong><\/td>\n<td colspan=\"2\">Einschaltdauer (10 min, 40\u00b0C)<br \/>\nGem\u00e4\u00df Norm IEC 60974-1<br \/>\nDuty Cycle (10 min.40\u00b0C)<br \/>\nAccording to IEC 60974-1<\/td>\n<\/tr>\n<tr>\n<td><img loading=\"lazy\" decoding=\"async\" class=\"image-inline\" src=\"https:\/\/welding.cebora.it\/resolveuid\/7fc4b99b597f4081b56be2726cf9af00\/@@images\/image\/mini\" alt=\"\" width=\"55\" height=\"28\" data-linktype=\"image\" data-scale=\"mini\" data-val=\"7fc4b99b597f4081b56be2726cf9af00\" \/><\/td>\n<td colspan=\"2\"><strong>IP23S<\/strong><\/td>\n<td colspan=\"2\">Schutzart<br \/>\nProtection class<\/td>\n<\/tr>\n<tr>\n<td><img loading=\"lazy\" decoding=\"async\" class=\"image-inline\" src=\"https:\/\/welding.cebora.it\/resolveuid\/6f604a610aef402bb436ba12e9209e67\/@@images\/image\/mini\" alt=\"\" width=\"55\" height=\"28\" data-linktype=\"image\" data-scale=\"mini\" data-val=\"6f604a610aef402bb436ba12e9209e67\" \/><\/td>\n<td colspan=\"2\"><strong>17,5 kg<\/strong><\/td>\n<td colspan=\"2\">Gewicht<br \/>\nWeight<\/td>\n<\/tr>\n<tr>\n<td><img loading=\"lazy\" decoding=\"async\" class=\"image-inline\" src=\"https:\/\/welding.cebora.it\/resolveuid\/5706e8523276461899501d2ce2f96685\/@@images\/image\/mini\" alt=\"\" width=\"55\" height=\"28\" data-linktype=\"image\" data-scale=\"mini\" data-val=\"5706e8523276461899501d2ce2f96685\" \/><\/td>\n<td colspan=\"2\"><strong>207x500x411 mm<\/strong><\/td>\n<td colspan=\"2\">Abmessungen (BxLxH)<br \/>\nDimensions (WxLxH)<\/td>\n<\/tr>\n<\/tbody>\n<\/table>\n<\/div>\n<\/div>\n<\/div>\n<\/div>\n<\/div>\n<p>&nbsp;<\/p>\n<p><strong>Produktinformationen<\/strong> hier <a href=\"https:\/\/kopie.cebotech.de\/wp-content\/uploads\/2021\/10\/Art.558_WIN-TIG-AC_DC-180M-1.pdf\">downloaden<\/a>.<\/p>\n","protected":false},"excerpt":{"rendered":"<p>Einphasige Inverterstromquelle (230V +15%\/-20%) zum WIG- und zum Elektroden-Hand-Schwei\u00dfen (keine Zelluloseelektroden AWS 6010) Technische Eigenschaften Neues einfaches und intuitives LCD-Farbdisplay Die Funktion\u00a0EVO LIFT\u00a0\u00a0gestattet es,\u00a0die Elektrode punktgenau aufzusetzen, wodurch der W\u00e4rmeeintrag kontrolliert und die Oxidation des Werkst\u00fccks vermieden werden kann. Funktion\u00a0EVO START\u00a0zum Optimieren der Verbindung der Kanten Schwei\u00dfprozess\u00a0WIG APC\u00a0(Active Power Control), der\u00a0einen tieferen Einbrand und einen [&hellip;]<\/p>\n","protected":false},"featured_media":7980,"template":"","meta":{"ocean_post_layout":"","ocean_both_sidebars_style":"","ocean_both_sidebars_content_width":0,"ocean_both_sidebars_sidebars_width":0,"ocean_sidebar":"0","ocean_second_sidebar":"0","ocean_disable_margins":"enable","ocean_add_body_class":"","ocean_shortcode_before_top_bar":"","ocean_shortcode_after_top_bar":"","ocean_shortcode_before_header":"","ocean_shortcode_after_header":"","ocean_has_shortcode":"","ocean_shortcode_after_title":"","ocean_shortcode_before_footer_widgets":"","ocean_shortcode_after_footer_widgets":"","ocean_shortcode_before_footer_bottom":"","ocean_shortcode_after_footer_bottom":"","ocean_display_top_bar":"off","ocean_display_header":"default","ocean_header_style":"","ocean_center_header_left_menu":"0","ocean_custom_header_template":"0","ocean_custom_logo":0,"ocean_custom_retina_logo":0,"ocean_custom_logo_max_width":0,"ocean_custom_logo_tablet_max_width":0,"ocean_custom_logo_mobile_max_width":0,"ocean_custom_logo_max_height":0,"ocean_custom_logo_tablet_max_height":0,"ocean_custom_logo_mobile_max_height":0,"ocean_header_custom_menu":"0","ocean_menu_typo_font_family":"0","ocean_menu_typo_font_subset":"","ocean_menu_typo_font_size":0,"ocean_menu_typo_font_size_tablet":0,"ocean_menu_typo_font_size_mobile":0,"ocean_menu_typo_font_size_unit":"px","ocean_menu_typo_font_weight":"","ocean_menu_typo_font_weight_tablet":"","ocean_menu_typo_font_weight_mobile":"","ocean_menu_typo_transform":"","ocean_menu_typo_transform_tablet":"","ocean_menu_typo_transform_mobile":"","ocean_menu_typo_line_height":0,"ocean_menu_typo_line_height_tablet":0,"ocean_menu_typo_line_height_mobile":0,"ocean_menu_typo_line_height_unit":"","ocean_menu_typo_spacing":0,"ocean_menu_typo_spacing_tablet":0,"ocean_menu_typo_spacing_mobile":0,"ocean_menu_typo_spacing_unit":"","ocean_menu_link_color":"","ocean_menu_link_color_hover":"","ocean_menu_link_color_active":"","ocean_menu_link_background":"","ocean_menu_link_hover_background":"","ocean_menu_link_active_background":"","ocean_menu_social_links_bg":"","ocean_menu_social_hover_links_bg":"","ocean_menu_social_links_color":"","ocean_menu_social_hover_links_color":"","ocean_disable_title":"on","ocean_disable_heading":"default","ocean_post_title":"","ocean_post_subheading":"","ocean_post_title_style":"","ocean_post_title_background_color":"","ocean_post_title_background":0,"ocean_post_title_bg_image_position":"","ocean_post_title_bg_image_attachment":"","ocean_post_title_bg_image_repeat":"","ocean_post_title_bg_image_size":"","ocean_post_title_height":0,"ocean_post_title_bg_overlay":0.5,"ocean_post_title_bg_overlay_color":"","ocean_disable_breadcrumbs":"default","ocean_breadcrumbs_color":"","ocean_breadcrumbs_separator_color":"","ocean_breadcrumbs_links_color":"","ocean_breadcrumbs_links_hover_color":"","ocean_display_footer_widgets":"off","ocean_display_footer_bottom":"default","ocean_custom_footer_template":"0"},"product_brand":[],"product_cat":[217,156,105,269],"product_tag":[],"class_list":{"0":"post-1169","1":"product","2":"type-product","3":"status-publish","4":"has-post-thumbnail","6":"product_cat-produkte-tig-handwerk","7":"product_cat-produkte-tig-industrie","8":"product_cat-produkte-wig-schweissen","9":"product_cat-wig-cebora-produkte","11":"entry","12":"has-media","14":"first","15":"instock","16":"virtual","17":"purchasable","18":"product-type-simple","19":"has-product-nav","20":"col","21":"span_1_of_3","22":"owp-content-center","23":"owp-thumbs-layout-horizontal","24":"owp-btn-normal","25":"owp-tabs-layout-horizontal","26":"has-no-thumbnails"},"jetpack_sharing_enabled":true,"_links":{"self":[{"href":"https:\/\/kopie.cebotech.de\/index.php?rest_route=\/wp\/v2\/product\/1169","targetHints":{"allow":["GET"]}}],"collection":[{"href":"https:\/\/kopie.cebotech.de\/index.php?rest_route=\/wp\/v2\/product"}],"about":[{"href":"https:\/\/kopie.cebotech.de\/index.php?rest_route=\/wp\/v2\/types\/product"}],"wp:featuredmedia":[{"embeddable":true,"href":"https:\/\/kopie.cebotech.de\/index.php?rest_route=\/wp\/v2\/media\/7980"}],"wp:attachment":[{"href":"https:\/\/kopie.cebotech.de\/index.php?rest_route=%2Fwp%2Fv2%2Fmedia&parent=1169"}],"wp:term":[{"taxonomy":"product_brand","embeddable":true,"href":"https:\/\/kopie.cebotech.de\/index.php?rest_route=%2Fwp%2Fv2%2Fproduct_brand&post=1169"},{"taxonomy":"product_cat","embeddable":true,"href":"https:\/\/kopie.cebotech.de\/index.php?rest_route=%2Fwp%2Fv2%2Fproduct_cat&post=1169"},{"taxonomy":"product_tag","embeddable":true,"href":"https:\/\/kopie.cebotech.de\/index.php?rest_route=%2Fwp%2Fv2%2Fproduct_tag&post=1169"}],"curies":[{"name":"wp","href":"https:\/\/api.w.org\/{rel}","templated":true}]}}