{"id":1255,"date":"2021-10-25T10:15:33","date_gmt":"2021-10-25T10:15:33","guid":{"rendered":"https:\/\/kopie.cebotech.de\/?post_type=product&#038;p=1255"},"modified":"2022-10-26T16:42:24","modified_gmt":"2022-10-26T16:42:24","slug":"spot-14000-smartplus-inverter-trafo-punktschweissmaschine-inkl-zubehoer","status":"publish","type":"product","link":"https:\/\/kopie.cebotech.de\/?product=spot-14000-smartplus-inverter-trafo-punktschweissmaschine-inkl-zubehoer","title":{"rendered":"Spot 14000 SmartPlus Inverter-Trafo-Punktschwei\u00dfmaschine mit 700 daN-Zange inkl. Zubeh\u00f6r"},"content":{"rendered":"<p><strong>Trafopunktschwei\u00dfger\u00e4t<\/strong> mit Mittelfrequenz-Invertertechnik und durchg\u00e4ngiger Wasserk\u00fchlung. Entspricht den neuesten Herstellervorschriften f\u00fcr h\u00f6herfeste, h\u00f6chstfeste und verzinkte<br \/>\nBleche. Werksempfehlungen* von Audi, Bentley, BMW, Bugatti, Daimler, EvoBus, Ford, Honda, Lamborghini, Maybach, Mini, Mercedes, Mercedes LKW, Nissan, Opel, Porsche, Rolls Royce, Scania, Seat, Skoda, Smart, Volkswagen \u2013 weitere in Vorbereitung. Ausgezeichnet mit dem \u201eBundespreis 2006 f\u00fcr hervorragende innovatorische Leistung f\u00fcr das Handwerk\u201c.<br \/>\n\u2022 H\u00f6chste Leistung bei niedrigem Energieverbrauch<br \/>\n\u2022 14000 A Schwei\u00dfstrom mit 32 A Netzabsicherung, 9000 A<br \/>\nSchwei\u00dfstrom mit 16 A Netzabsicherung<br \/>\n\u2022 Voll digitalisierte, intelligente Steuerung mit Regelalgorithmen<br \/>\nzur Prozess\u00fcberwachung und Anpassung. Benutzerfreundliche<br \/>\nBedienung \u00fcber Touchscreen<br \/>\n\u2022 WELD TOUCH CONTROL mit manuellen, herstellerspezifischen<br \/>\nProgrammen oder mit vollautomatischer, adaptiver Regelung des Schwei\u00dfprozesses (Option).<br \/>\n\u2022 Elektrodenkraft bis 465 daN oder 700 daN (Option) bei 8 bar<br \/>\nbei allen Arml\u00e4ngen. Automatisch auf die Schwei\u00dfaufgabe richtig eingestellter Druck durch intelligente Steuerung<br \/>\n\u2022 Keine starken Magnetfelder entlang der Kabel<br \/>\n\u2022 Durchg\u00e4ngige permanente Wasserk\u00fchlung vom Transformator<br \/>\nbis zu den Elektrodenspitzen<br \/>\n\u2022 Qualit\u00e4tssicherung mit Klartextanzeige und druckbare Pr\u00fcfprotokolle \u00fcber mitgeliefertes Analyse-Programm f\u00fcr PC<br \/>\n\u2022 USB-Schnittstelle f\u00fcr Speichermedien z.B. f\u00fcr Programmspeicherung, Dokumentation und Software-Updates<br \/>\n\u2022 Zukunftssichere Investition: Konstruiert auf eine Lebenszeit<br \/>\nvon einer Million Schwei\u00dfpunkte.<\/p>\n<p>&nbsp;<\/p>\n<p><strong>Produktinformationen<\/strong> hier <a href=\"https:\/\/kopie.cebotech.de\/wp-content\/uploads\/2021\/10\/Spot_14000-1.pdf\">downloaden<\/a>.<\/p>\n","protected":false},"excerpt":{"rendered":"<p>Trafopunktschwei\u00dfger\u00e4t mit Mittelfrequenz-Invertertechnik und durchg\u00e4ngiger Wasserk\u00fchlung. Entspricht den neuesten Herstellervorschriften f\u00fcr h\u00f6herfeste, h\u00f6chstfeste und verzinkte Bleche. Werksempfehlungen* von Audi, Bentley, BMW, Bugatti, Daimler, EvoBus, Ford, Honda, Lamborghini, Maybach, Mini, Mercedes, Mercedes LKW, Nissan, Opel, Porsche, Rolls Royce, Scania, Seat, Skoda, Smart, Volkswagen \u2013 weitere in Vorbereitung. Ausgezeichnet mit dem \u201eBundespreis 2006 f\u00fcr hervorragende innovatorische Leistung [&hellip;]<\/p>\n","protected":false},"featured_media":1256,"template":"","meta":{"ocean_post_layout":"","ocean_both_sidebars_style":"","ocean_both_sidebars_content_width":0,"ocean_both_sidebars_sidebars_width":0,"ocean_sidebar":"0","ocean_second_sidebar":"0","ocean_disable_margins":"enable","ocean_add_body_class":"","ocean_shortcode_before_top_bar":"","ocean_shortcode_after_top_bar":"","ocean_shortcode_before_header":"","ocean_shortcode_after_header":"","ocean_has_shortcode":"","ocean_shortcode_after_title":"","ocean_shortcode_before_footer_widgets":"","ocean_shortcode_after_footer_widgets":"","ocean_shortcode_before_footer_bottom":"","ocean_shortcode_after_footer_bottom":"","ocean_display_top_bar":"off","ocean_display_header":"default","ocean_header_style":"","ocean_center_header_left_menu":"0","ocean_custom_header_template":"0","ocean_custom_logo":0,"ocean_custom_retina_logo":0,"ocean_custom_logo_max_width":0,"ocean_custom_logo_tablet_max_width":0,"ocean_custom_logo_mobile_max_width":0,"ocean_custom_logo_max_height":0,"ocean_custom_logo_tablet_max_height":0,"ocean_custom_logo_mobile_max_height":0,"ocean_header_custom_menu":"0","ocean_menu_typo_font_family":"0","ocean_menu_typo_font_subset":"","ocean_menu_typo_font_size":0,"ocean_menu_typo_font_size_tablet":0,"ocean_menu_typo_font_size_mobile":0,"ocean_menu_typo_font_size_unit":"px","ocean_menu_typo_font_weight":"","ocean_menu_typo_font_weight_tablet":"","ocean_menu_typo_font_weight_mobile":"","ocean_menu_typo_transform":"","ocean_menu_typo_transform_tablet":"","ocean_menu_typo_transform_mobile":"","ocean_menu_typo_line_height":0,"ocean_menu_typo_line_height_tablet":0,"ocean_menu_typo_line_height_mobile":0,"ocean_menu_typo_line_height_unit":"","ocean_menu_typo_spacing":0,"ocean_menu_typo_spacing_tablet":0,"ocean_menu_typo_spacing_mobile":0,"ocean_menu_typo_spacing_unit":"","ocean_menu_link_color":"","ocean_menu_link_color_hover":"","ocean_menu_link_color_active":"","ocean_menu_link_background":"","ocean_menu_link_hover_background":"","ocean_menu_link_active_background":"","ocean_menu_social_links_bg":"","ocean_menu_social_hover_links_bg":"","ocean_menu_social_links_color":"","ocean_menu_social_hover_links_color":"","ocean_disable_title":"on","ocean_disable_heading":"default","ocean_post_title":"","ocean_post_subheading":"","ocean_post_title_style":"","ocean_post_title_background_color":"","ocean_post_title_background":0,"ocean_post_title_bg_image_position":"","ocean_post_title_bg_image_attachment":"","ocean_post_title_bg_image_repeat":"","ocean_post_title_bg_image_size":"","ocean_post_title_height":0,"ocean_post_title_bg_overlay":0.5,"ocean_post_title_bg_overlay_color":"","ocean_disable_breadcrumbs":"default","ocean_breadcrumbs_color":"","ocean_breadcrumbs_separator_color":"","ocean_breadcrumbs_links_color":"","ocean_breadcrumbs_links_hover_color":"","ocean_display_footer_widgets":"off","ocean_display_footer_bottom":"default","ocean_custom_footer_template":"0"},"product_brand":[],"product_cat":[230,122,192],"product_tag":[],"class_list":{"0":"post-1255","1":"product","2":"type-product","3":"status-publish","4":"has-post-thumbnail","6":"product_cat-produkte-punktschweissen-handwerk","7":"product_cat-produkte-punktschweissen-automotive","8":"product_cat-produkte-punktschweissen-industrie","10":"entry","11":"has-media","13":"first","14":"instock","15":"virtual","16":"purchasable","17":"product-type-simple","18":"has-product-nav","19":"col","20":"span_1_of_3","21":"owp-content-center","22":"owp-thumbs-layout-horizontal","23":"owp-btn-normal","24":"owp-tabs-layout-horizontal"},"jetpack_sharing_enabled":true,"_links":{"self":[{"href":"https:\/\/kopie.cebotech.de\/index.php?rest_route=\/wp\/v2\/product\/1255","targetHints":{"allow":["GET"]}}],"collection":[{"href":"https:\/\/kopie.cebotech.de\/index.php?rest_route=\/wp\/v2\/product"}],"about":[{"href":"https:\/\/kopie.cebotech.de\/index.php?rest_route=\/wp\/v2\/types\/product"}],"wp:featuredmedia":[{"embeddable":true,"href":"https:\/\/kopie.cebotech.de\/index.php?rest_route=\/wp\/v2\/media\/1256"}],"wp:attachment":[{"href":"https:\/\/kopie.cebotech.de\/index.php?rest_route=%2Fwp%2Fv2%2Fmedia&parent=1255"}],"wp:term":[{"taxonomy":"product_brand","embeddable":true,"href":"https:\/\/kopie.cebotech.de\/index.php?rest_route=%2Fwp%2Fv2%2Fproduct_brand&post=1255"},{"taxonomy":"product_cat","embeddable":true,"href":"https:\/\/kopie.cebotech.de\/index.php?rest_route=%2Fwp%2Fv2%2Fproduct_cat&post=1255"},{"taxonomy":"product_tag","embeddable":true,"href":"https:\/\/kopie.cebotech.de\/index.php?rest_route=%2Fwp%2Fv2%2Fproduct_tag&post=1255"}],"curies":[{"name":"wp","href":"https:\/\/api.w.org\/{rel}","templated":true}]}}