{"id":1506,"date":"2021-10-26T08:03:48","date_gmt":"2021-10-26T08:03:48","guid":{"rendered":"https:\/\/kopie.cebotech.de\/?post_type=product&#038;p=1506"},"modified":"2022-10-26T16:41:23","modified_gmt":"2022-10-26T16:41:23","slug":"kraftmessgeraete-hydraulische-dynamometer","status":"publish","type":"product","link":"https:\/\/kopie.cebotech.de\/?product=kraftmessgeraete-hydraulische-dynamometer","title":{"rendered":"Kraftmessger\u00e4te &#8211; Hydraulische Dynamometer"},"content":{"rendered":"<div id=\"right\">\n<div id=\"right_content_box\">\n<div id=\"right_content\">\n<div class=\"contentelement\">\n<div id=\"c1023\" class=\"csc-default\">\n<h1 class=\"csc-header csc-header-n1\"><span style=\"font-size: 16px;\">Kraftmessger\u00e4te &#8211; Hydraulische Dynamometer<\/span><\/h1>\n<\/div>\n<\/div>\n<\/div>\n<\/div>\n<\/div>\n<div id=\"main\">\n<div id=\"main_content\">\n<div class=\"contentelement\">\n<div id=\"c1020\" class=\"csc-default\">\n<ul>\n<li><span id=\"result_box\" class=\"long_text\"><span title=\"These instruments are designed for electrodes weld force measurements.\">Diese Instrumente sind f\u00fcr Messung der Elektrodenschwei\u00dfkraft entwickelt.<\/span><\/span><\/li>\n<li><span id=\"result_box\" class=\"long_text\"><span title=\"Useful for welder set-up and quality control.\">N\u00fctzlich f\u00fcr Schwei\u00dfger\u00e4te Einrichtung und Qualit\u00e4tskontrolle.<\/span><\/span><\/li>\n<li><span id=\"result_box\" class=\"long_text\"><span title=\"A mechanical indicator holds the maximum reached force.\">\u00dcber einen zus\u00e4tzlichen mechanischen Zeiger wir die\u00a0maximale Kraft festgehalten<\/span><\/span><\/li>\n<li><span id=\"result_box\" class=\"long_text\"><span title=\"All instruments are equipped with carrying case.\">Alle Instrumente werden mit Tragetaschen ausgeliefert<\/span><\/span><\/li>\n<li><span id=\"result_box\" class=\"long_text\"><span title=\"Every instruments is individually tested and equipped with its calibration certificate.\">Jedes Instrument wurde einzeln getestet und mit einem Kalibrier-Zertifikat ausgestattet.<\/span><\/span><\/li>\n<li><span id=\"result_box\" class=\"long_text\"><span title=\"Useful for welder set-up and quality control.\"><span title=\"A double scale allows force reading in kN and lbs.\">Zwei Skalen: eine kN und\u00a0eine lbs<\/span><\/span><\/span><\/li>\n<\/ul>\n<\/div>\n<div class=\"clearer\"><\/div>\n<\/div>\n<div class=\"contentelement\">\n<div id=\"c2567\" class=\"csc-default\">\n<div class=\"csc-header csc-header-n2\">\n<p><strong>Abma\u00dfe der Kraftmessger\u00e4te<\/strong><\/p>\n<\/div>\n<div class=\"csc-textpic csc-textpic-center csc-textpic-above\">\n<div class=\"csc-textpic-imagewrap\">\n<dl class=\"csc-textpic-image csc-textpic-firstcol\">\n<dt><a title=\"Art. 1401N-1403N und 1405N\" href=\"https:\/\/cebotech.de\/uploads\/pics\/Ma%C3%9Fe_Art.1401N-1403N_u_1405N.jpg\" rel=\"lightbox[lb2567]\"><img decoding=\"async\" title=\"Art. 1401N-1403N und 1405N\" src=\"https:\/\/cebotech.de\/typo3temp\/pics\/3b2ee20edd.jpg\" alt=\"\" width=\"200\" height=\"135\" border=\"0\" \/><\/a><\/dt>\n<dd class=\"csc-textpic-caption\">Art. 1401N-1403N und 1405N<\/dd>\n<\/dl>\n<dl class=\"csc-textpic-image csc-textpic-lastcol\">\n<dt><a title=\"Art. 1404N\" href=\"https:\/\/cebotech.de\/uploads\/pics\/Ma%C3%9Fe_1404N.jpg\" rel=\"lightbox[lb2567]\"><img decoding=\"async\" title=\"Art. 1404N\" src=\"https:\/\/cebotech.de\/typo3temp\/pics\/a3b338c1ad.jpg\" alt=\"\" width=\"200\" height=\"140\" border=\"0\" \/><\/a><\/dt>\n<dd class=\"csc-textpic-caption\">Art. 1404N<\/dd>\n<\/dl>\n<\/div>\n<\/div>\n<div class=\"csc-textpic-clear\"><\/div>\n<\/div>\n<div class=\"clearer\"><\/div>\n<\/div>\n<div class=\"contentelement\">\n<div id=\"c1019\" class=\"csc-default\">\n<div class=\"csc-header csc-header-n3\">\n<p><strong>Technische Daten<\/strong><\/p>\n<\/div>\n<table class=\"contenttable contenttable-0 TechnischeDaten\">\n<tbody>\n<tr class=\"tr-even tr-0\">\n<td class=\"td-0\"><\/td>\n<td class=\"td-1\">Einheit<\/td>\n<td class=\"td-2\">Art. 1401N<\/td>\n<td class=\"td-3\">Art. 1405N<\/td>\n<td class=\"td-4\">Art. 1402N<\/td>\n<td class=\"td-5\">Art. 1403N<\/td>\n<td class=\"td-6\"><\/td>\n<td class=\"td-last td-7\">Art. 1404N<\/td>\n<\/tr>\n<tr class=\"tr-odd tr-1\">\n<td class=\"td-0\">Messbereich max.<\/td>\n<td class=\"td-1\">daN<\/td>\n<td class=\"td-2\">600<\/td>\n<td class=\"td-3\">1000<\/td>\n<td class=\"td-4\">1600<\/td>\n<td class=\"td-5\">3150<\/td>\n<td class=\"td-6\"><\/td>\n<td class=\"td-last td-7\">5000<\/td>\n<\/tr>\n<tr class=\"tr-even tr-2\">\n<td class=\"td-0\">empfohlener Messbereich<\/td>\n<td class=\"td-1\">daN<\/td>\n<td class=\"td-2\">80-500<\/td>\n<td class=\"td-3\">100-900<\/td>\n<td class=\"td-4\">200-1400<\/td>\n<td class=\"td-5\">400-2800<\/td>\n<td class=\"td-6\"><\/td>\n<td class=\"td-last td-7\">500-4500<\/td>\n<\/tr>\n<tr class=\"tr-odd tr-3\">\n<td class=\"td-0\">Minimaler Elektrodenabstand<\/td>\n<td class=\"td-1\">mm<\/td>\n<td class=\"td-2\">20<\/td>\n<td class=\"td-3\">20<\/td>\n<td class=\"td-4\">20<\/td>\n<td class=\"td-5\">20<\/td>\n<td class=\"td-6\"><\/td>\n<td class=\"td-last td-7\">24<\/td>\n<\/tr>\n<tr class=\"tr-even tr-4\">\n<td class=\"td-0\">Pr\u00e4zision<\/td>\n<td class=\"td-1\"><\/td>\n<td class=\"td-2\">+\/- 3%<\/td>\n<td class=\"td-3\">+\/- 3%<\/td>\n<td class=\"td-4\">+\/- 3%<\/td>\n<td class=\"td-5\">+\/- 3%<\/td>\n<td class=\"td-6\"><\/td>\n<td class=\"td-last td-7\"><\/td>\n<\/tr>\n<tr class=\"tr-odd tr-5\">\n<td class=\"td-0\">Isolierter Kraftsensor<\/td>\n<td class=\"td-1\"><\/td>\n<td class=\"td-2\">ja<\/td>\n<td class=\"td-3\">ja<\/td>\n<td class=\"td-4\">ja<\/td>\n<td class=\"td-5\">ja<\/td>\n<td class=\"td-6\"><\/td>\n<td class=\"td-last td-7\">ja<\/td>\n<\/tr>\n<tr class=\"tr-even tr-6\">\n<td class=\"td-0\">Bruttogewicht<\/td>\n<td class=\"td-1\">kg<\/td>\n<td class=\"td-2\">1<\/td>\n<td class=\"td-3\">1<\/td>\n<td class=\"td-4\">1<\/td>\n<td class=\"td-5\">1<\/td>\n<td class=\"td-6\"><\/td>\n<td class=\"td-last td-7\">2,2<\/td>\n<\/tr>\n<tr class=\"tr-odd tr-last\">\n<td class=\"td-0\">Verpackung<\/td>\n<td class=\"td-1\">mm<\/td>\n<td class=\"td-2\">230x160x120<\/td>\n<td class=\"td-3\">230x160x120<\/td>\n<td class=\"td-4\">230x160x120<\/td>\n<td class=\"td-5\">230x160x120<\/td>\n<td class=\"td-6\"><\/td>\n<td class=\"td-last td-7\">340x250x200<\/td>\n<\/tr>\n<\/tbody>\n<\/table>\n<\/div>\n<\/div>\n<\/div>\n<\/div>\n<p>&nbsp;<\/p>\n<p><strong>Produktinformation<\/strong> hier <a href=\"https:\/\/kopie.cebotech.de\/wp-content\/uploads\/2021\/10\/instruments_i-gb-d.pdf\">downloaden<\/a>.<\/p>\n","protected":false},"excerpt":{"rendered":"<p>Kraftmessger\u00e4te &#8211; Hydraulische Dynamometer Diese Instrumente sind f\u00fcr Messung der Elektrodenschwei\u00dfkraft entwickelt. N\u00fctzlich f\u00fcr Schwei\u00dfger\u00e4te Einrichtung und Qualit\u00e4tskontrolle. \u00dcber einen zus\u00e4tzlichen mechanischen Zeiger wir die\u00a0maximale Kraft festgehalten Alle Instrumente werden mit Tragetaschen ausgeliefert Jedes Instrument wurde einzeln getestet und mit einem Kalibrier-Zertifikat ausgestattet. Zwei Skalen: eine kN und\u00a0eine lbs Abma\u00dfe der Kraftmessger\u00e4te Art. 1401N-1403N und [&hellip;]<\/p>\n","protected":false},"featured_media":1507,"template":"","meta":{"ocean_post_layout":"","ocean_both_sidebars_style":"","ocean_both_sidebars_content_width":0,"ocean_both_sidebars_sidebars_width":0,"ocean_sidebar":"0","ocean_second_sidebar":"0","ocean_disable_margins":"enable","ocean_add_body_class":"","ocean_shortcode_before_top_bar":"","ocean_shortcode_after_top_bar":"","ocean_shortcode_before_header":"","ocean_shortcode_after_header":"","ocean_has_shortcode":"","ocean_shortcode_after_title":"","ocean_shortcode_before_footer_widgets":"","ocean_shortcode_after_footer_widgets":"","ocean_shortcode_before_footer_bottom":"","ocean_shortcode_after_footer_bottom":"","ocean_display_top_bar":"off","ocean_display_header":"default","ocean_header_style":"","ocean_center_header_left_menu":"0","ocean_custom_header_template":"0","ocean_custom_logo":0,"ocean_custom_retina_logo":0,"ocean_custom_logo_max_width":0,"ocean_custom_logo_tablet_max_width":0,"ocean_custom_logo_mobile_max_width":0,"ocean_custom_logo_max_height":0,"ocean_custom_logo_tablet_max_height":0,"ocean_custom_logo_mobile_max_height":0,"ocean_header_custom_menu":"0","ocean_menu_typo_font_family":"0","ocean_menu_typo_font_subset":"","ocean_menu_typo_font_size":0,"ocean_menu_typo_font_size_tablet":0,"ocean_menu_typo_font_size_mobile":0,"ocean_menu_typo_font_size_unit":"px","ocean_menu_typo_font_weight":"","ocean_menu_typo_font_weight_tablet":"","ocean_menu_typo_font_weight_mobile":"","ocean_menu_typo_transform":"","ocean_menu_typo_transform_tablet":"","ocean_menu_typo_transform_mobile":"","ocean_menu_typo_line_height":0,"ocean_menu_typo_line_height_tablet":0,"ocean_menu_typo_line_height_mobile":0,"ocean_menu_typo_line_height_unit":"","ocean_menu_typo_spacing":0,"ocean_menu_typo_spacing_tablet":0,"ocean_menu_typo_spacing_mobile":0,"ocean_menu_typo_spacing_unit":"","ocean_menu_link_color":"","ocean_menu_link_color_hover":"","ocean_menu_link_color_active":"","ocean_menu_link_background":"","ocean_menu_link_hover_background":"","ocean_menu_link_active_background":"","ocean_menu_social_links_bg":"","ocean_menu_social_hover_links_bg":"","ocean_menu_social_links_color":"","ocean_menu_social_hover_links_color":"","ocean_disable_title":"on","ocean_disable_heading":"default","ocean_post_title":"","ocean_post_subheading":"","ocean_post_title_style":"","ocean_post_title_background_color":"","ocean_post_title_background":0,"ocean_post_title_bg_image_position":"","ocean_post_title_bg_image_attachment":"","ocean_post_title_bg_image_repeat":"","ocean_post_title_bg_image_size":"","ocean_post_title_height":0,"ocean_post_title_bg_overlay":0.5,"ocean_post_title_bg_overlay_color":"","ocean_disable_breadcrumbs":"default","ocean_breadcrumbs_color":"","ocean_breadcrumbs_separator_color":"","ocean_breadcrumbs_links_color":"","ocean_breadcrumbs_links_hover_color":"","ocean_display_footer_widgets":"off","ocean_display_footer_bottom":"default","ocean_custom_footer_template":"0"},"product_brand":[],"product_cat":[73,189,232],"product_tag":[],"class_list":{"0":"post-1506","1":"product","2":"type-product","3":"status-publish","4":"has-post-thumbnail","6":"product_cat-messgeraete","7":"product_cat-produkte-messgeraete","8":"product_cat-produkte-messgeraete-handwerk","10":"entry","11":"has-media","13":"first","14":"instock","15":"virtual","16":"purchasable","17":"product-type-simple","18":"has-product-nav","19":"col","20":"span_1_of_3","21":"owp-content-center","22":"owp-thumbs-layout-horizontal","23":"owp-btn-normal","24":"owp-tabs-layout-horizontal","25":"has-no-thumbnails"},"jetpack_sharing_enabled":true,"_links":{"self":[{"href":"https:\/\/kopie.cebotech.de\/index.php?rest_route=\/wp\/v2\/product\/1506","targetHints":{"allow":["GET"]}}],"collection":[{"href":"https:\/\/kopie.cebotech.de\/index.php?rest_route=\/wp\/v2\/product"}],"about":[{"href":"https:\/\/kopie.cebotech.de\/index.php?rest_route=\/wp\/v2\/types\/product"}],"wp:featuredmedia":[{"embeddable":true,"href":"https:\/\/kopie.cebotech.de\/index.php?rest_route=\/wp\/v2\/media\/1507"}],"wp:attachment":[{"href":"https:\/\/kopie.cebotech.de\/index.php?rest_route=%2Fwp%2Fv2%2Fmedia&parent=1506"}],"wp:term":[{"taxonomy":"product_brand","embeddable":true,"href":"https:\/\/kopie.cebotech.de\/index.php?rest_route=%2Fwp%2Fv2%2Fproduct_brand&post=1506"},{"taxonomy":"product_cat","embeddable":true,"href":"https:\/\/kopie.cebotech.de\/index.php?rest_route=%2Fwp%2Fv2%2Fproduct_cat&post=1506"},{"taxonomy":"product_tag","embeddable":true,"href":"https:\/\/kopie.cebotech.de\/index.php?rest_route=%2Fwp%2Fv2%2Fproduct_tag&post=1506"}],"curies":[{"name":"wp","href":"https:\/\/api.w.org\/{rel}","templated":true}]}}