{"id":1510,"date":"2021-10-26T08:07:26","date_gmt":"2021-10-26T08:07:26","guid":{"rendered":"https:\/\/kopie.cebotech.de\/?post_type=product&#038;p=1510"},"modified":"2022-10-26T16:41:23","modified_gmt":"2022-10-26T16:41:23","slug":"multifunktionsmessgeraet-te-1600","status":"publish","type":"product","link":"https:\/\/kopie.cebotech.de\/?product=multifunktionsmessgeraet-te-1600","title":{"rendered":"Multifunktionsmessger\u00e4t TE 1600"},"content":{"rendered":"<p>Der &#8220;Weld Tester&#8221; TE 1600 ist ein tragbares Ger\u00e4t zur Messung der Parameter einer Widerstandsschwei\u00dfung. Durch den Gebrauch verschiedener Typen von Kratmessern, erm\u00f6glicht das Ger\u00e4t sowohl den Schwei\u00dfstrom als auch die Kraft an den Elektroden zu messen. Die Leistung des 32 bit Mikroprozessors und die Genauigkeit des A\/D 12 bit Konverters machen dieses Ger\u00e4t sehr leistungsf\u00e4hig.<\/p>\n<p>Es ist zur Messung auf traditionellen Wechselstrom-Maschinen (AC), auf DC- Gleichstrom- Dreipahsenmaschinen und auf Mittelfrequenz- Gleichstrommaschinen (DC) geeignet.<\/p>\n<p><b>AC:<\/b><\/p>\n<ul>\n<li>Messung des wahren effektiven Wertes(RMS), des Zwischen- und Maximalwerts<\/li>\n<li>Messung des positiven und negativen Spitzenwertes<\/li>\n<li>Messung des Leistungswinkels in Grad<\/li>\n<li>Schwei\u00dfzeit in Perioden, mit der Aufl\u00f6sung einer halben Periode<\/li>\n<\/ul>\n<p><b>DC:<\/b><\/p>\n<ul>\n<li>Ermittlung des\u00a0Mittelwertes, des maximalen\u00a0Schwei\u00dfstromes und der Schwei\u00dfzeit in ms<\/li>\n<\/ul>\n<p><b>Allgemeine Funktionen und Eigenschaften<\/b>:<\/p>\n<ul>\n<li>Initiale und finale Blankingsfunktion mit programmierbarem Zeitabstand, um den Stromanstieg auszblenden, und die \u00dcberpr\u00fcfung des korrekten Einschaltverzuges erlaubt.<\/li>\n<li>Speicherung der gemessenen Werte der letzten 10 Schwei\u00dfungen. Messung der Schwei\u00dfkraft: Anzeige des max. Wertes, der Kraft am Anfang und am Ende der Schwei\u00dfzeit.<\/li>\n<li>Blankingsfunktion: eliminiert den Messfehler aufgrund einer hohen Anprallkraft.<\/li>\n<li>Breites Sortiment von Kraftmesswertaufnahmen.<\/li>\n<li>Automatische Anerkennung des angeschlossenen Sensors.<\/li>\n<li>BNC- Ausgang, um die\u00a0Stromkurve auf einem Oszilloskop anzuzeigen.<\/li>\n<li>Das Ger\u00e4t kann an einen Computer angeschlossen werden, um die gemessenen Angaben zu speichern (Option). Diese Verbindung erfolgt \u00fcber ein serielles Kabel, das mitgeliefert wird, und das an die serielle COM-Schnittstelle eines Computers angeschlossen werden kann.<\/li>\n<li>Das Ger\u00e4t kann auch mit einem eigenen Kraftmesser f\u00fcr die Druckmessung ausgestattet werden, um die Eichung der Manometer zeitweise zu \u00fcberpr\u00fcfen.<\/li>\n<li>Batteriebetrieb, 4 x 1,5 V (AA).<\/li>\n<\/ul>\n<p>&nbsp;<\/p>\n<p><strong>Produktinformation<\/strong> hier <a href=\"https:\/\/kopie.cebotech.de\/wp-content\/uploads\/2021\/10\/instruments_i-gb-d.pdf\">downloaden<\/a>.<\/p>\n","protected":false},"excerpt":{"rendered":"<p>Der &#8220;Weld Tester&#8221; TE 1600 ist ein tragbares Ger\u00e4t zur Messung der Parameter einer Widerstandsschwei\u00dfung. Durch den Gebrauch verschiedener Typen von Kratmessern, erm\u00f6glicht das Ger\u00e4t sowohl den Schwei\u00dfstrom als auch die Kraft an den Elektroden zu messen. Die Leistung des 32 bit Mikroprozessors und die Genauigkeit des A\/D 12 bit Konverters machen dieses Ger\u00e4t sehr [&hellip;]<\/p>\n","protected":false},"featured_media":1514,"template":"","meta":{"ocean_post_layout":"","ocean_both_sidebars_style":"","ocean_both_sidebars_content_width":0,"ocean_both_sidebars_sidebars_width":0,"ocean_sidebar":"0","ocean_second_sidebar":"0","ocean_disable_margins":"enable","ocean_add_body_class":"","ocean_shortcode_before_top_bar":"","ocean_shortcode_after_top_bar":"","ocean_shortcode_before_header":"","ocean_shortcode_after_header":"","ocean_has_shortcode":"","ocean_shortcode_after_title":"","ocean_shortcode_before_footer_widgets":"","ocean_shortcode_after_footer_widgets":"","ocean_shortcode_before_footer_bottom":"","ocean_shortcode_after_footer_bottom":"","ocean_display_top_bar":"off","ocean_display_header":"default","ocean_header_style":"","ocean_center_header_left_menu":"0","ocean_custom_header_template":"0","ocean_custom_logo":0,"ocean_custom_retina_logo":0,"ocean_custom_logo_max_width":0,"ocean_custom_logo_tablet_max_width":0,"ocean_custom_logo_mobile_max_width":0,"ocean_custom_logo_max_height":0,"ocean_custom_logo_tablet_max_height":0,"ocean_custom_logo_mobile_max_height":0,"ocean_header_custom_menu":"0","ocean_menu_typo_font_family":"0","ocean_menu_typo_font_subset":"","ocean_menu_typo_font_size":0,"ocean_menu_typo_font_size_tablet":0,"ocean_menu_typo_font_size_mobile":0,"ocean_menu_typo_font_size_unit":"px","ocean_menu_typo_font_weight":"","ocean_menu_typo_font_weight_tablet":"","ocean_menu_typo_font_weight_mobile":"","ocean_menu_typo_transform":"","ocean_menu_typo_transform_tablet":"","ocean_menu_typo_transform_mobile":"","ocean_menu_typo_line_height":0,"ocean_menu_typo_line_height_tablet":0,"ocean_menu_typo_line_height_mobile":0,"ocean_menu_typo_line_height_unit":"","ocean_menu_typo_spacing":0,"ocean_menu_typo_spacing_tablet":0,"ocean_menu_typo_spacing_mobile":0,"ocean_menu_typo_spacing_unit":"","ocean_menu_link_color":"","ocean_menu_link_color_hover":"","ocean_menu_link_color_active":"","ocean_menu_link_background":"","ocean_menu_link_hover_background":"","ocean_menu_link_active_background":"","ocean_menu_social_links_bg":"","ocean_menu_social_hover_links_bg":"","ocean_menu_social_links_color":"","ocean_menu_social_hover_links_color":"","ocean_disable_title":"on","ocean_disable_heading":"default","ocean_post_title":"","ocean_post_subheading":"","ocean_post_title_style":"","ocean_post_title_background_color":"","ocean_post_title_background":0,"ocean_post_title_bg_image_position":"","ocean_post_title_bg_image_attachment":"","ocean_post_title_bg_image_repeat":"","ocean_post_title_bg_image_size":"","ocean_post_title_height":0,"ocean_post_title_bg_overlay":0.5,"ocean_post_title_bg_overlay_color":"","ocean_disable_breadcrumbs":"default","ocean_breadcrumbs_color":"","ocean_breadcrumbs_separator_color":"","ocean_breadcrumbs_links_color":"","ocean_breadcrumbs_links_hover_color":"","ocean_display_footer_widgets":"off","ocean_display_footer_bottom":"default","ocean_custom_footer_template":"0"},"product_brand":[],"product_cat":[73,189,232],"product_tag":[],"class_list":{"0":"post-1510","1":"product","2":"type-product","3":"status-publish","4":"has-post-thumbnail","6":"product_cat-messgeraete","7":"product_cat-produkte-messgeraete","8":"product_cat-produkte-messgeraete-handwerk","10":"entry","11":"has-media","13":"first","14":"instock","15":"virtual","16":"purchasable","17":"product-type-simple","18":"has-product-nav","19":"col","20":"span_1_of_3","21":"owp-content-center","22":"owp-thumbs-layout-horizontal","23":"owp-btn-normal","24":"owp-tabs-layout-horizontal"},"jetpack_sharing_enabled":true,"_links":{"self":[{"href":"https:\/\/kopie.cebotech.de\/index.php?rest_route=\/wp\/v2\/product\/1510","targetHints":{"allow":["GET"]}}],"collection":[{"href":"https:\/\/kopie.cebotech.de\/index.php?rest_route=\/wp\/v2\/product"}],"about":[{"href":"https:\/\/kopie.cebotech.de\/index.php?rest_route=\/wp\/v2\/types\/product"}],"wp:featuredmedia":[{"embeddable":true,"href":"https:\/\/kopie.cebotech.de\/index.php?rest_route=\/wp\/v2\/media\/1514"}],"wp:attachment":[{"href":"https:\/\/kopie.cebotech.de\/index.php?rest_route=%2Fwp%2Fv2%2Fmedia&parent=1510"}],"wp:term":[{"taxonomy":"product_brand","embeddable":true,"href":"https:\/\/kopie.cebotech.de\/index.php?rest_route=%2Fwp%2Fv2%2Fproduct_brand&post=1510"},{"taxonomy":"product_cat","embeddable":true,"href":"https:\/\/kopie.cebotech.de\/index.php?rest_route=%2Fwp%2Fv2%2Fproduct_cat&post=1510"},{"taxonomy":"product_tag","embeddable":true,"href":"https:\/\/kopie.cebotech.de\/index.php?rest_route=%2Fwp%2Fv2%2Fproduct_tag&post=1510"}],"curies":[{"name":"wp","href":"https:\/\/api.w.org\/{rel}","templated":true}]}}