{"id":1531,"date":"2021-10-26T08:22:23","date_gmt":"2021-10-26T08:22:23","guid":{"rendered":"https:\/\/kopie.cebotech.de\/?post_type=product&#038;p=1531"},"modified":"2022-10-26T16:41:08","modified_gmt":"2022-10-26T16:41:08","slug":"multifunktionsmessgeraet-te-1700c","status":"publish","type":"product","link":"https:\/\/kopie.cebotech.de\/?product=multifunktionsmessgeraet-te-1700c","title":{"rendered":"Multifunktionsmessger\u00e4t TE 1700C"},"content":{"rendered":"<p><b>\u201cWELD TESTER\u201d TE1700C<\/b>\u00a0ist ein tragbares Ger\u00e4t zur Messung der Parameter der Widerstandsschweissung. Die Anwendung verschiedener Typen von Messf\u00fchlern erm\u00f6glicht die Messung des Schwei\u00dfstroms, der Elektrodenkraft, der Spannung an den Elektroden, der Energie, des Widerstands und des W\u00e4rmestroms.<\/p>\n<p>Es ist m\u00f6glich, das Ger\u00e4t durch das farbige 5.7\u201c LCD-Touchscreen Display einzustellen. Das Display ist ein unentbehrliches und hochleistungsf\u00e4higes Diagnosewerkzeug mit einer graphischen Darstellung von Wellenformen der ausgew\u00e4hlten Signale.<\/p>\n<p>Das Ger\u00e4t ist zur Messung auf\u00a0<b>AC<\/b>,\u00a0<b>DC\/MFDC<\/b>\u00a0und\u00a0<b>CDW<\/b>\u00a0Maschinen geeignet.<\/p>\n<ul>\n<li>Messung des Stroms: RMSWert, Messung des max. positiven und negativen Spitzenwertes;<\/li>\n<li>Messung des Leitungswinkels in Grad f\u00fcr AC Maschinen.<\/li>\n<li>Messung der Schwei\u00dfzeit in Zyklen mit 1\/2 Zyclus Aufl\u00f6sung bzw. mit 0.ms Aufl\u00f6sung; Maximale Messzeit: 6 Sekunden.<\/li>\n<li>Messung der Spannungen: RMS Wert, Messung des max. positiven und negativen Spitzenwertes;<\/li>\n<li>Messung des gelieferten Energiewerts beim Schwei\u00dfen und des elektrischen Widerstandswerts des Materials.<\/li>\n<li>Initiale und finale Blankingfunktion mit programmierbarem Zeitabstand, die die Messfehler angesichts des \u201eSlope\u201d eliminiert.<\/li>\n<li>Puls-Steuerung, bis max. 9.<\/li>\n<li>Messung der Schwei\u00dfkraft: Anzeige des max. und Mittelwertes der Kraft am Anfang und am Ende der Schweisszeit<\/li>\n<li>Blankingfunktion: eliminiert Messfehler aufgrund einer hohen Anprallkraft und erm\u00f6glicht deren Bewertung.<\/li>\n<\/ul>\n<p>&nbsp;<\/p>\n<p><strong>Produktinformationen<\/strong> hier <a href=\"https:\/\/kopie.cebotech.de\/wp-content\/uploads\/2021\/10\/Depliant_DP0117_TE1700C_IT-EN-FR-DE-ES_4-2016.pdf\">downloaden<\/a>.<\/p>\n","protected":false},"excerpt":{"rendered":"<p>\u201cWELD TESTER\u201d TE1700C\u00a0ist ein tragbares Ger\u00e4t zur Messung der Parameter der Widerstandsschweissung. Die Anwendung verschiedener Typen von Messf\u00fchlern erm\u00f6glicht die Messung des Schwei\u00dfstroms, der Elektrodenkraft, der Spannung an den Elektroden, der Energie, des Widerstands und des W\u00e4rmestroms. Es ist m\u00f6glich, das Ger\u00e4t durch das farbige 5.7\u201c LCD-Touchscreen Display einzustellen. Das Display ist ein unentbehrliches und [&hellip;]<\/p>\n","protected":false},"featured_media":7345,"template":"","meta":{"ocean_post_layout":"","ocean_both_sidebars_style":"","ocean_both_sidebars_content_width":0,"ocean_both_sidebars_sidebars_width":0,"ocean_sidebar":"0","ocean_second_sidebar":"0","ocean_disable_margins":"enable","ocean_add_body_class":"","ocean_shortcode_before_top_bar":"","ocean_shortcode_after_top_bar":"","ocean_shortcode_before_header":"","ocean_shortcode_after_header":"","ocean_has_shortcode":"","ocean_shortcode_after_title":"","ocean_shortcode_before_footer_widgets":"","ocean_shortcode_after_footer_widgets":"","ocean_shortcode_before_footer_bottom":"","ocean_shortcode_after_footer_bottom":"","ocean_display_top_bar":"off","ocean_display_header":"default","ocean_header_style":"","ocean_center_header_left_menu":"0","ocean_custom_header_template":"0","ocean_custom_logo":0,"ocean_custom_retina_logo":0,"ocean_custom_logo_max_width":0,"ocean_custom_logo_tablet_max_width":0,"ocean_custom_logo_mobile_max_width":0,"ocean_custom_logo_max_height":0,"ocean_custom_logo_tablet_max_height":0,"ocean_custom_logo_mobile_max_height":0,"ocean_header_custom_menu":"0","ocean_menu_typo_font_family":"0","ocean_menu_typo_font_subset":"","ocean_menu_typo_font_size":0,"ocean_menu_typo_font_size_tablet":0,"ocean_menu_typo_font_size_mobile":0,"ocean_menu_typo_font_size_unit":"px","ocean_menu_typo_font_weight":"","ocean_menu_typo_font_weight_tablet":"","ocean_menu_typo_font_weight_mobile":"","ocean_menu_typo_transform":"","ocean_menu_typo_transform_tablet":"","ocean_menu_typo_transform_mobile":"","ocean_menu_typo_line_height":0,"ocean_menu_typo_line_height_tablet":0,"ocean_menu_typo_line_height_mobile":0,"ocean_menu_typo_line_height_unit":"","ocean_menu_typo_spacing":0,"ocean_menu_typo_spacing_tablet":0,"ocean_menu_typo_spacing_mobile":0,"ocean_menu_typo_spacing_unit":"","ocean_menu_link_color":"","ocean_menu_link_color_hover":"","ocean_menu_link_color_active":"","ocean_menu_link_background":"","ocean_menu_link_hover_background":"","ocean_menu_link_active_background":"","ocean_menu_social_links_bg":"","ocean_menu_social_hover_links_bg":"","ocean_menu_social_links_color":"","ocean_menu_social_hover_links_color":"","ocean_disable_title":"on","ocean_disable_heading":"default","ocean_post_title":"","ocean_post_subheading":"","ocean_post_title_style":"","ocean_post_title_background_color":"","ocean_post_title_background":0,"ocean_post_title_bg_image_position":"","ocean_post_title_bg_image_attachment":"","ocean_post_title_bg_image_repeat":"","ocean_post_title_bg_image_size":"","ocean_post_title_height":0,"ocean_post_title_bg_overlay":0.5,"ocean_post_title_bg_overlay_color":"","ocean_disable_breadcrumbs":"default","ocean_breadcrumbs_color":"","ocean_breadcrumbs_separator_color":"","ocean_breadcrumbs_links_color":"","ocean_breadcrumbs_links_hover_color":"","ocean_display_footer_widgets":"off","ocean_display_footer_bottom":"default","ocean_custom_footer_template":"0"},"product_brand":[],"product_cat":[73,189,232],"product_tag":[],"class_list":{"0":"post-1531","1":"product","2":"type-product","3":"status-publish","4":"has-post-thumbnail","6":"product_cat-messgeraete","7":"product_cat-produkte-messgeraete","8":"product_cat-produkte-messgeraete-handwerk","10":"entry","11":"has-media","13":"first","14":"instock","15":"virtual","16":"purchasable","17":"product-type-simple","18":"has-product-nav","19":"col","20":"span_1_of_3","21":"owp-content-center","22":"owp-thumbs-layout-horizontal","23":"owp-btn-normal","24":"owp-tabs-layout-horizontal"},"jetpack_sharing_enabled":true,"_links":{"self":[{"href":"https:\/\/kopie.cebotech.de\/index.php?rest_route=\/wp\/v2\/product\/1531","targetHints":{"allow":["GET"]}}],"collection":[{"href":"https:\/\/kopie.cebotech.de\/index.php?rest_route=\/wp\/v2\/product"}],"about":[{"href":"https:\/\/kopie.cebotech.de\/index.php?rest_route=\/wp\/v2\/types\/product"}],"wp:featuredmedia":[{"embeddable":true,"href":"https:\/\/kopie.cebotech.de\/index.php?rest_route=\/wp\/v2\/media\/7345"}],"wp:attachment":[{"href":"https:\/\/kopie.cebotech.de\/index.php?rest_route=%2Fwp%2Fv2%2Fmedia&parent=1531"}],"wp:term":[{"taxonomy":"product_brand","embeddable":true,"href":"https:\/\/kopie.cebotech.de\/index.php?rest_route=%2Fwp%2Fv2%2Fproduct_brand&post=1531"},{"taxonomy":"product_cat","embeddable":true,"href":"https:\/\/kopie.cebotech.de\/index.php?rest_route=%2Fwp%2Fv2%2Fproduct_cat&post=1531"},{"taxonomy":"product_tag","embeddable":true,"href":"https:\/\/kopie.cebotech.de\/index.php?rest_route=%2Fwp%2Fv2%2Fproduct_tag&post=1531"}],"curies":[{"name":"wp","href":"https:\/\/api.w.org\/{rel}","templated":true}]}}