{"id":1592,"date":"2021-10-26T09:08:30","date_gmt":"2021-10-26T09:08:30","guid":{"rendered":"https:\/\/kopie.cebotech.de\/?post_type=product&#038;p=1592"},"modified":"2022-10-26T16:40:55","modified_gmt":"2022-10-26T16:40:55","slug":"pneumatische-handpunktschweisszange-25kva","status":"publish","type":"product","link":"https:\/\/kopie.cebotech.de\/?product=pneumatische-handpunktschweisszange-25kva","title":{"rendered":"Pneumatische Handpunktschwei\u00dfzange &#8211; 2,5kVA"},"content":{"rendered":"<ul>\n<li>Wartungs- und Vorbereitungsarbeiten f\u00fcr Industrie- und Handwerksbetriebe<\/li>\n<li>Elektronischer, integrierter Synchronzeitgeber mit SCR 2 &#8211; 65 Perioden<\/li>\n<li>Kompensationskreis steuert den Zeitregler nur bei Stromfluss am SChwei\u00dfpunkt, daher ausgezeichnete Ergebnisse beim Schwei\u00dfen auf Blechen mit Lackspuren, oxydierten Teilen oder auf verzinktem Blech<\/li>\n<li>Steuerung mit Schwei\u00dfstromregelung f\u00fcr Schwei\u00dfungen von besonders d\u00fcnnen Blechen, d\u00fcnnen Dr\u00e4hten, Edelstahlblechen usw.<\/li>\n<li>Unterlage zur Montage auf Arbeitstisch<\/li>\n<li>Ein Druckw\u00e4chter in der Zange steuert den Zeitgeber, sobald der korrekte arbeitsdruck zwischen den Elektroden gegeben ist<\/li>\n<li>Zus\u00e4tzlicher unterer Armanschluss zur Vergr\u00f6\u00dferung des Armabstandes<\/li>\n<li>Transformator in Isolationsklasse F, getestet mit 4000 Volt Wechselstrom<\/li>\n<li>Arme 7401\/7402\/7403\/7404\/7405\/7406\/7407<\/li>\n<li>auf Anfrage Schwei\u00dfzeit mit Pulsationen (Version P)<\/li>\n<\/ul>\n<div class=\"csc-header csc-header-n2\">\n<h1>Technische Daten<\/h1>\n<\/div>\n<table class=\"contenttable contenttable-0\">\n<tbody>\n<tr class=\"tr-even tr-0\">\n<td class=\"td-0\"><\/td>\n<td class=\"td-1\">Art. 7911<\/td>\n<td class=\"td-2\"><\/td>\n<td class=\"td-last td-3\"><\/td>\n<\/tr>\n<tr class=\"tr-odd tr-1\">\n<td class=\"td-0\">Synchron- Timer mit SCR<\/td>\n<td class=\"td-1\">X<\/td>\n<td class=\"td-2\"><\/td>\n<td class=\"td-last td-3\"><\/td>\n<\/tr>\n<tr class=\"tr-even tr-2\">\n<td class=\"td-0\">Zeiteinstellungszyklen<\/td>\n<td class=\"td-1\">2 &#8211; 65<\/td>\n<td class=\"td-2\"><\/td>\n<td class=\"td-last td-3\"><\/td>\n<\/tr>\n<tr class=\"tr-odd tr-3\">\n<td class=\"td-0\">Einstellbereich 40 &#8211; 100%<\/td>\n<td class=\"td-1\">&#8211;<\/td>\n<td class=\"td-2\"><\/td>\n<td class=\"td-last td-3\"><\/td>\n<\/tr>\n<tr class=\"tr-even tr-4\">\n<td class=\"td-0\">K\u00fchlung<\/td>\n<td class=\"td-1\">Luft<\/td>\n<td class=\"td-2\"><\/td>\n<td class=\"td-last td-3\"><\/td>\n<\/tr>\n<tr class=\"tr-odd tr-5\">\n<td class=\"td-0\">Versorgungsspannung V 50 Hz<\/td>\n<td class=\"td-1\">400<\/td>\n<td class=\"td-2\"><\/td>\n<td class=\"td-last td-3\"><\/td>\n<\/tr>\n<tr class=\"tr-even tr-6\">\n<td class=\"td-0\">Nennleistung bei 50% kVA<\/td>\n<td class=\"td-1\">2,5<\/td>\n<td class=\"td-2\"><\/td>\n<td class=\"td-last td-3\"><\/td>\n<\/tr>\n<tr class=\"tr-odd tr-7\">\n<td class=\"td-0\">Maximale Schweissleistung kVA<\/td>\n<td class=\"td-1\">18<\/td>\n<td class=\"td-2\"><\/td>\n<td class=\"td-last td-3\"><\/td>\n<\/tr>\n<tr class=\"tr-even tr-8\">\n<td class=\"td-0\">Kurzschlussstromleistung kA\/Arml\u00e4nge in mm<\/td>\n<td class=\"td-1\">8.2\/125 mm<\/td>\n<td class=\"td-2\"><\/td>\n<td class=\"td-last td-3\"><\/td>\n<\/tr>\n<tr class=\"tr-odd tr-9\">\n<td class=\"td-0\">Thermischer Strom 100%<\/td>\n<td class=\"td-1\">660 A<\/td>\n<td class=\"td-2\"><\/td>\n<td class=\"td-last td-3\"><\/td>\n<\/tr>\n<tr class=\"tr-even tr-10\">\n<td class=\"td-0\">Sekund\u00e4rspannung (in V)<\/td>\n<td class=\"td-1\">2,7<\/td>\n<td class=\"td-2\"><\/td>\n<td class=\"td-last td-3\"><\/td>\n<\/tr>\n<tr class=\"tr-odd tr-11\">\n<td class=\"td-0\">Isolationsklasse<\/td>\n<td class=\"td-1\">F<\/td>\n<td class=\"td-2\"><\/td>\n<td class=\"td-last td-3\"><\/td>\n<\/tr>\n<tr class=\"tr-even tr-12\">\n<td class=\"td-0\">Kabel Abschnitt L&lt;15 m (in mm\u00b2)<\/td>\n<td class=\"td-1\">2,5<\/td>\n<td class=\"td-2\"><\/td>\n<td class=\"td-last td-3\"><\/td>\n<\/tr>\n<tr class=\"tr-odd tr-13\">\n<td class=\"td-0\">Sicherung<\/td>\n<td class=\"td-1\">16 A tr\u00e4ge<\/td>\n<td class=\"td-2\"><\/td>\n<td class=\"td-last td-3\"><\/td>\n<\/tr>\n<tr class=\"tr-even tr-14\">\n<td class=\"td-0\">Standardarml\u00e4nge (in mm)<\/td>\n<td class=\"td-1\">125<\/td>\n<td class=\"td-2\"><\/td>\n<td class=\"td-last td-3\"><\/td>\n<\/tr>\n<tr class=\"tr-odd tr-15\">\n<td class=\"td-0\">Maximale Elektrodenkraft daN\/Arml\u00e4nge mm<\/td>\n<td class=\"td-1\">120 \/ 125<\/td>\n<td class=\"td-2\"><\/td>\n<td class=\"td-last td-3\"><\/td>\n<\/tr>\n<tr class=\"tr-even tr-16\">\n<td class=\"td-0\">Maximale Elektrodenkraft daN\/Arml\u00e4nge mm<\/td>\n<td class=\"td-1\">38 \/ 500<\/td>\n<td class=\"td-2\"><\/td>\n<td class=\"td-last td-3\"><\/td>\n<\/tr>\n<tr class=\"tr-odd tr-17\">\n<td class=\"td-0\">Armabstand (in mm)<\/td>\n<td class=\"td-1\">94<\/td>\n<td class=\"td-2\"><\/td>\n<td class=\"td-last td-3\"><\/td>\n<\/tr>\n<tr class=\"tr-even tr-18\">\n<td class=\"td-0\">Elektrodenhub min \/ max<\/td>\n<td class=\"td-1\">35 \/ 90<\/td>\n<td class=\"td-2\"><\/td>\n<td class=\"td-last td-3\"><\/td>\n<\/tr>\n<tr class=\"tr-odd tr-19\">\n<td class=\"td-0\">Wasserk\u00fchlung in l\/min<\/td>\n<td class=\"td-1\">&#8211;<\/td>\n<td class=\"td-2\"><\/td>\n<td class=\"td-last td-3\"><\/td>\n<\/tr>\n<tr class=\"tr-even tr-20\">\n<td class=\"td-0\">Maximaler Wasserdruck (in bar)<\/td>\n<td class=\"td-1\">&#8211;<\/td>\n<td class=\"td-2\"><\/td>\n<td class=\"td-last td-3\"><\/td>\n<\/tr>\n<tr class=\"tr-odd tr-21\">\n<td class=\"td-0\">L\u00e4rmpegel (in dB(A) )<\/td>\n<td class=\"td-1\">&lt;70<\/td>\n<td class=\"td-2\"><\/td>\n<td class=\"td-last td-3\"><\/td>\n<\/tr>\n<tr class=\"tr-even tr-22\">\n<td class=\"td-0\">Vibrationen (in m\/s\u00b2)<\/td>\n<td class=\"td-1\">&lt;2,5<\/td>\n<td class=\"td-2\"><\/td>\n<td class=\"td-last td-3\"><\/td>\n<\/tr>\n<tr class=\"tr-odd tr-23\">\n<td class=\"td-0\">Schweisszyklus<\/td>\n<td class=\"td-1\">11<\/td>\n<td class=\"td-2\"><\/td>\n<td class=\"td-last td-3\"><\/td>\n<\/tr>\n<tr class=\"tr-even tr-24\">\n<td class=\"td-0\">Schwei\u00dfstrom (kA)<\/td>\n<td class=\"td-1\">4,1<\/td>\n<td class=\"td-2\"><\/td>\n<td class=\"td-last td-3\"><\/td>\n<\/tr>\n<tr class=\"tr-odd tr-25\">\n<td class=\"td-0\">Schwei\u00dfzeit (per)<\/td>\n<td class=\"td-1\">4<\/td>\n<td class=\"td-2\"><\/td>\n<td class=\"td-last td-3\"><\/td>\n<\/tr>\n<tr class=\"tr-even tr-26\">\n<td class=\"td-0\">Nettogewicht mit Arml\u00e4nge 125mm (in kg)<\/td>\n<td class=\"td-1\">12,8<\/td>\n<td class=\"td-2\"><\/td>\n<td class=\"td-last td-3\"><\/td>\n<\/tr>\n<tr class=\"tr-odd tr-27\">\n<td class=\"td-0\">Nettogewicht mit Arml\u00e4nge 150mm (in kg)<\/td>\n<td class=\"td-1\">&#8211;<\/td>\n<td class=\"td-2\"><\/td>\n<td class=\"td-last td-3\"><\/td>\n<\/tr>\n<tr class=\"tr-even tr-last\">\n<td class=\"td-0\">Nettogewicht mir Arml\u00e4nge 500mm (in kg)<\/td>\n<td class=\"td-1\">14,8<\/td>\n<td class=\"td-2\"><\/td>\n<td class=\"td-last td-3\"><\/td>\n<\/tr>\n<\/tbody>\n<\/table>\n","protected":false},"excerpt":{"rendered":"<p>Wartungs- und Vorbereitungsarbeiten f\u00fcr Industrie- und Handwerksbetriebe Elektronischer, integrierter Synchronzeitgeber mit SCR 2 &#8211; 65 Perioden Kompensationskreis steuert den Zeitregler nur bei Stromfluss am SChwei\u00dfpunkt, daher ausgezeichnete Ergebnisse beim Schwei\u00dfen auf Blechen mit Lackspuren, oxydierten Teilen oder auf verzinktem Blech Steuerung mit Schwei\u00dfstromregelung f\u00fcr Schwei\u00dfungen von besonders d\u00fcnnen Blechen, d\u00fcnnen Dr\u00e4hten, Edelstahlblechen usw. Unterlage zur [&hellip;]<\/p>\n","protected":false},"featured_media":1596,"template":"","meta":{"ocean_post_layout":"","ocean_both_sidebars_style":"","ocean_both_sidebars_content_width":0,"ocean_both_sidebars_sidebars_width":0,"ocean_sidebar":"0","ocean_second_sidebar":"0","ocean_disable_margins":"enable","ocean_add_body_class":"","ocean_shortcode_before_top_bar":"","ocean_shortcode_after_top_bar":"","ocean_shortcode_before_header":"","ocean_shortcode_after_header":"","ocean_has_shortcode":"","ocean_shortcode_after_title":"","ocean_shortcode_before_footer_widgets":"","ocean_shortcode_after_footer_widgets":"","ocean_shortcode_before_footer_bottom":"","ocean_shortcode_after_footer_bottom":"","ocean_display_top_bar":"off","ocean_display_header":"default","ocean_header_style":"","ocean_center_header_left_menu":"0","ocean_custom_header_template":"0","ocean_custom_logo":0,"ocean_custom_retina_logo":0,"ocean_custom_logo_max_width":0,"ocean_custom_logo_tablet_max_width":0,"ocean_custom_logo_mobile_max_width":0,"ocean_custom_logo_max_height":0,"ocean_custom_logo_tablet_max_height":0,"ocean_custom_logo_mobile_max_height":0,"ocean_header_custom_menu":"0","ocean_menu_typo_font_family":"0","ocean_menu_typo_font_subset":"","ocean_menu_typo_font_size":0,"ocean_menu_typo_font_size_tablet":0,"ocean_menu_typo_font_size_mobile":0,"ocean_menu_typo_font_size_unit":"px","ocean_menu_typo_font_weight":"","ocean_menu_typo_font_weight_tablet":"","ocean_menu_typo_font_weight_mobile":"","ocean_menu_typo_transform":"","ocean_menu_typo_transform_tablet":"","ocean_menu_typo_transform_mobile":"","ocean_menu_typo_line_height":0,"ocean_menu_typo_line_height_tablet":0,"ocean_menu_typo_line_height_mobile":0,"ocean_menu_typo_line_height_unit":"","ocean_menu_typo_spacing":0,"ocean_menu_typo_spacing_tablet":0,"ocean_menu_typo_spacing_mobile":0,"ocean_menu_typo_spacing_unit":"","ocean_menu_link_color":"","ocean_menu_link_color_hover":"","ocean_menu_link_color_active":"","ocean_menu_link_background":"","ocean_menu_link_hover_background":"","ocean_menu_link_active_background":"","ocean_menu_social_links_bg":"","ocean_menu_social_hover_links_bg":"","ocean_menu_social_links_color":"","ocean_menu_social_hover_links_color":"","ocean_disable_title":"on","ocean_disable_heading":"default","ocean_post_title":"","ocean_post_subheading":"","ocean_post_title_style":"","ocean_post_title_background_color":"","ocean_post_title_background":0,"ocean_post_title_bg_image_position":"","ocean_post_title_bg_image_attachment":"","ocean_post_title_bg_image_repeat":"","ocean_post_title_bg_image_size":"","ocean_post_title_height":0,"ocean_post_title_bg_overlay":0.5,"ocean_post_title_bg_overlay_color":"","ocean_disable_breadcrumbs":"default","ocean_breadcrumbs_color":"","ocean_breadcrumbs_separator_color":"","ocean_breadcrumbs_links_color":"","ocean_breadcrumbs_links_hover_color":"","ocean_display_footer_widgets":"off","ocean_display_footer_bottom":"default","ocean_custom_footer_template":"0"},"product_brand":[],"product_cat":[78],"product_tag":[],"class_list":{"0":"post-1592","1":"product","2":"type-product","3":"status-publish","4":"has-post-thumbnail","6":"product_cat-pneumatische-handzangen","8":"entry","9":"has-media","11":"first","12":"instock","13":"virtual","14":"purchasable","15":"product-type-simple","16":"has-product-nav","17":"col","18":"span_1_of_3","19":"owp-content-center","20":"owp-thumbs-layout-horizontal","21":"owp-btn-normal","22":"owp-tabs-layout-horizontal"},"jetpack_sharing_enabled":true,"_links":{"self":[{"href":"https:\/\/kopie.cebotech.de\/index.php?rest_route=\/wp\/v2\/product\/1592","targetHints":{"allow":["GET"]}}],"collection":[{"href":"https:\/\/kopie.cebotech.de\/index.php?rest_route=\/wp\/v2\/product"}],"about":[{"href":"https:\/\/kopie.cebotech.de\/index.php?rest_route=\/wp\/v2\/types\/product"}],"wp:featuredmedia":[{"embeddable":true,"href":"https:\/\/kopie.cebotech.de\/index.php?rest_route=\/wp\/v2\/media\/1596"}],"wp:attachment":[{"href":"https:\/\/kopie.cebotech.de\/index.php?rest_route=%2Fwp%2Fv2%2Fmedia&parent=1592"}],"wp:term":[{"taxonomy":"product_brand","embeddable":true,"href":"https:\/\/kopie.cebotech.de\/index.php?rest_route=%2Fwp%2Fv2%2Fproduct_brand&post=1592"},{"taxonomy":"product_cat","embeddable":true,"href":"https:\/\/kopie.cebotech.de\/index.php?rest_route=%2Fwp%2Fv2%2Fproduct_cat&post=1592"},{"taxonomy":"product_tag","embeddable":true,"href":"https:\/\/kopie.cebotech.de\/index.php?rest_route=%2Fwp%2Fv2%2Fproduct_tag&post=1592"}],"curies":[{"name":"wp","href":"https:\/\/api.w.org\/{rel}","templated":true}]}}