{"id":1605,"date":"2021-10-26T09:20:32","date_gmt":"2021-10-26T09:20:32","guid":{"rendered":"https:\/\/kopie.cebotech.de\/?post_type=product&#038;p=1605"},"modified":"2022-10-26T16:40:54","modified_gmt":"2022-10-26T16:40:54","slug":"punktschweissmaschine-in-tischausfuehrung-16-25-kva","status":"publish","type":"product","link":"https:\/\/kopie.cebotech.de\/?product=punktschweissmaschine-in-tischausfuehrung-16-25-kva","title":{"rendered":"Punktschwei\u00dfmaschine in Tischausf\u00fchrung 16 &#8211; 25 kVA"},"content":{"rendered":"<div class=\"contentelement\">\n<div id=\"c762\" class=\"csc-default\">\n<ul>\n<li>Microprozessor Schwei\u00df-Steuerung TE 550 mit direkter Ablese des Schwei\u00dfstroms und Konstantstrom (nicht auf Art. 2102N TE 101).<\/li>\n<li>Pneumatikzylinder mit Chromstahlwandung f\u00fcr Langzeitproduktionsschwei\u00dfungen, mit einstellbarer Verdrehsicherung.<\/li>\n<li>Schmierungsfreie Pneumatik-Bestandteile. Vermeidet \u00d6lnebel.<\/li>\n<li>Druckregler, Trennschalter Druckluftanschlu\u00df<\/li>\n<li>Regulierventile f\u00fcr Schlie\u00df- und \u00d6ffnungsgeschwindigkeit der Elektroden, Sto\u00dfd\u00e4mpfer f\u00fcr den Luftaustritt.<\/li>\n<li>Zweistufiger, elektrischer Fu\u00dfschalter: Aufsetzen &#8211; Schwei\u00dfen<\/li>\n<li>Transformator, Platten, Elektrodenhalter und Elektroden wassergek\u00fchlt; Wicklung in Epoxydharz.<\/li>\n<li>Synchrone Schwei\u00dfzeitregulierung mittels wassergek\u00fchlten und isolierten Leistungsteilen mit Thermoschutzschalter.<\/li>\n<li>Zweihandausl\u00f6sung mit Timer f\u00fcr max. Betriebssicherheit und Schl\u00fcsselschalter f\u00fcr alle Typen (nicht 2102N). Zweihandausl\u00f6sung ist Standard nur auf Buckelschwei\u00dfmaschinen, Option auf Punktschwei\u00dfmaschinen.<\/li>\n<\/ul>\n<\/div>\n<div class=\"clearer\"><\/div>\n<\/div>\n<div class=\"contentelement\">\n<div id=\"c761\" class=\"csc-default\">\n<div class=\"csc-header csc-header-n2\">\n<h1>Technische Daten<\/h1>\n<\/div>\n<table class=\"contenttable contenttable-0 TechnischeDaten\">\n<tbody>\n<tr class=\"tr-even tr-0\">\n<td class=\"td-0\"><\/td>\n<td class=\"td-1\">Art. 2101D<\/td>\n<td class=\"td-2\">Art. 2102N<\/td>\n<td class=\"td-last td-3\">Art. 2103D<\/td>\n<\/tr>\n<tr class=\"tr-odd tr-1\">\n<td class=\"td-0\">Steuerungseinheit<\/td>\n<td class=\"td-1\">TE 550<\/td>\n<td class=\"td-2\">TE 101<\/td>\n<td class=\"td-last td-3\">TE 550<\/td>\n<\/tr>\n<tr class=\"tr-even tr-2\">\n<td class=\"td-0\">Nennleistung bei 50% kVA<\/td>\n<td class=\"td-1\">16<\/td>\n<td class=\"td-2\">20<\/td>\n<td class=\"td-last td-3\">25<\/td>\n<\/tr>\n<tr class=\"tr-odd tr-3\">\n<td class=\"td-0\">Maximale Schwei\u00dfleistung kVA<\/td>\n<td class=\"td-1\">47<\/td>\n<td class=\"td-2\">62<\/td>\n<td class=\"td-last td-3\">84<\/td>\n<\/tr>\n<tr class=\"tr-even tr-4\">\n<td class=\"td-0\">Kurzschlussstromleistung kA<\/td>\n<td class=\"td-1\">16,5<\/td>\n<td class=\"td-2\">19<\/td>\n<td class=\"td-last td-3\">22<\/td>\n<\/tr>\n<tr class=\"tr-odd tr-5\">\n<td class=\"td-0\">Max. Schwei\u00dfstrom auf Aluminium (kA)<\/td>\n<td class=\"td-1\">15<\/td>\n<td class=\"td-2\">17,4<\/td>\n<td class=\"td-last td-3\">20<\/td>\n<\/tr>\n<tr class=\"tr-even tr-6\">\n<td class=\"td-0\">Max. Schwei\u00dfstrom auf Stahl (kA)<\/td>\n<td class=\"td-1\">13,2<\/td>\n<td class=\"td-2\">15,2<\/td>\n<td class=\"td-last td-3\">17,6<\/td>\n<\/tr>\n<tr class=\"tr-odd tr-7\">\n<td class=\"td-0\">W\u00e4rmestrom 100% (in A)<\/td>\n<td class=\"td-1\">3300<\/td>\n<td class=\"td-2\">3500<\/td>\n<td class=\"td-last td-3\">3800<\/td>\n<\/tr>\n<tr class=\"tr-even tr-8\">\n<td class=\"td-0\">Sekund\u00e4r &#8211; Leerlaufspannung (in V)<\/td>\n<td class=\"td-1\">1,7 &#8211; 3,4<\/td>\n<td class=\"td-2\">4<\/td>\n<td class=\"td-last td-3\">4,6<\/td>\n<\/tr>\n<tr class=\"tr-odd tr-9\">\n<td class=\"td-0\">Versorgungsspannung bei 50 Hz (in A)<\/td>\n<td class=\"td-1\">400<\/td>\n<td class=\"td-2\">400<\/td>\n<td class=\"td-last td-3\">400<\/td>\n<\/tr>\n<tr class=\"tr-even tr-10\">\n<td class=\"td-0\">Kabel Abschnitt L= 30 m (mm\u00b2)<\/td>\n<td class=\"td-1\">10<\/td>\n<td class=\"td-2\">16<\/td>\n<td class=\"td-last td-3\">16<\/td>\n<\/tr>\n<tr class=\"tr-odd tr-11\">\n<td class=\"td-0\">Netzsicherung, tr\u00e4ge (in A)<\/td>\n<td class=\"td-1\">32<\/td>\n<td class=\"td-2\">40<\/td>\n<td class=\"td-last td-3\">50<\/td>\n<\/tr>\n<tr class=\"tr-even tr-12\">\n<td class=\"td-0\">Armabstand (mm)<\/td>\n<td class=\"td-1\">118<\/td>\n<td class=\"td-2\">118<\/td>\n<td class=\"td-last td-3\">118<\/td>\n<\/tr>\n<tr class=\"tr-odd tr-13\">\n<td class=\"td-0\">Tiefe L (mm)<\/td>\n<td class=\"td-1\">160<\/td>\n<td class=\"td-2\">160<\/td>\n<td class=\"td-last td-3\">160<\/td>\n<\/tr>\n<tr class=\"tr-even tr-14\">\n<td class=\"td-0\">Maximaler Elektrodendruck daN (6 bar)<\/td>\n<td class=\"td-1\">187<\/td>\n<td class=\"td-2\">187<\/td>\n<td class=\"td-last td-3\">187<\/td>\n<\/tr>\n<tr class=\"tr-odd tr-15\">\n<td class=\"td-0\">Maximaler Arbeitshub (mm)<\/td>\n<td class=\"td-1\">50<\/td>\n<td class=\"td-2\">50<\/td>\n<td class=\"td-last td-3\">50<\/td>\n<\/tr>\n<tr class=\"tr-even tr-16\">\n<td class=\"td-0\">Druckluftversorgung (bar)<\/td>\n<td class=\"td-1\">6,5<\/td>\n<td class=\"td-2\">6,5<\/td>\n<td class=\"td-last td-3\">6,5<\/td>\n<\/tr>\n<tr class=\"tr-odd tr-17\">\n<td class=\"td-0\">Luftverbrauch 1000 Punkte (6 bar) Hub 20 mm (Nm\u00b3)<\/td>\n<td class=\"td-1\">1,5<\/td>\n<td class=\"td-2\">1,5<\/td>\n<td class=\"td-last td-3\">1,5<\/td>\n<\/tr>\n<tr class=\"tr-even tr-18\">\n<td class=\"td-0\">Luftverbrauch 1000 Punkte (6 bar) Maximaler Hub (Nm\u00b3)<\/td>\n<td class=\"td-1\">2,2<\/td>\n<td class=\"td-2\">2,2<\/td>\n<td class=\"td-last td-3\">2,2<\/td>\n<\/tr>\n<tr class=\"tr-odd tr-19\">\n<td class=\"td-0\">Druckluftversorgungsschlauch (mm)<\/td>\n<td class=\"td-1\">8<\/td>\n<td class=\"td-2\">8<\/td>\n<td class=\"td-last td-3\">8<\/td>\n<\/tr>\n<tr class=\"tr-even tr-20\">\n<td class=\"td-0\">Wasserk\u00fchlung (in l\/min)<\/td>\n<td class=\"td-1\">2,3<\/td>\n<td class=\"td-2\">2,7<\/td>\n<td class=\"td-last td-3\">3<\/td>\n<\/tr>\n<tr class=\"tr-odd tr-21\">\n<td class=\"td-0\">L\u00e4rmpegel (dB(A)<\/td>\n<td class=\"td-1\">68<\/td>\n<td class=\"td-2\">69<\/td>\n<td class=\"td-last td-3\">71<\/td>\n<\/tr>\n<tr class=\"tr-even tr-22\">\n<td class=\"td-0\">Arbeitshub (in mm)<\/td>\n<td class=\"td-1\">20<\/td>\n<td class=\"td-2\">20<\/td>\n<td class=\"td-last td-3\">20<\/td>\n<\/tr>\n<tr class=\"tr-odd tr-23\">\n<td class=\"td-0\">Schwei\u00dfzyklus<\/td>\n<td class=\"td-1\">11<\/td>\n<td class=\"td-2\">7<\/td>\n<td class=\"td-last td-3\">6<\/td>\n<\/tr>\n<tr class=\"tr-even tr-24\">\n<td class=\"td-0\">Schwei\u00dfstrom (kA)<\/td>\n<td class=\"td-1\">13<\/td>\n<td class=\"td-2\">14<\/td>\n<td class=\"td-last td-3\">16,5<\/td>\n<\/tr>\n<tr class=\"tr-odd tr-25\">\n<td class=\"td-0\">Arbeitsleistung in Schwei\u00dfvorg\u00e4ngen\/min<\/td>\n<td class=\"td-1\">15<\/td>\n<td class=\"td-2\">15<\/td>\n<td class=\"td-last td-3\">15<\/td>\n<\/tr>\n<tr class=\"tr-even tr-last\">\n<td class=\"td-0\">Nettogewicht (ca.) (in kg)<\/td>\n<td class=\"td-1\">76<\/td>\n<td class=\"td-2\">81<\/td>\n<td class=\"td-last td-3\">86<\/td>\n<\/tr>\n<\/tbody>\n<\/table>\n<\/div>\n<\/div>\n<p>&nbsp;<\/p>\n<p><strong>Produktinformation<\/strong> hier <a href=\"https:\/\/kopie.cebotech.de\/wp-content\/uploads\/2021\/10\/Depliant_DCI0400001_Items-2101D-2144D-2102N_IT-EN-FR-DE-ES_02-2018.pdf\">downloaden<\/a>.<\/p>\n","protected":false},"excerpt":{"rendered":"<p>Microprozessor Schwei\u00df-Steuerung TE 550 mit direkter Ablese des Schwei\u00dfstroms und Konstantstrom (nicht auf Art. 2102N TE 101). Pneumatikzylinder mit Chromstahlwandung f\u00fcr Langzeitproduktionsschwei\u00dfungen, mit einstellbarer Verdrehsicherung. Schmierungsfreie Pneumatik-Bestandteile. Vermeidet \u00d6lnebel. Druckregler, Trennschalter Druckluftanschlu\u00df Regulierventile f\u00fcr Schlie\u00df- und \u00d6ffnungsgeschwindigkeit der Elektroden, Sto\u00dfd\u00e4mpfer f\u00fcr den Luftaustritt. Zweistufiger, elektrischer Fu\u00dfschalter: Aufsetzen &#8211; Schwei\u00dfen Transformator, Platten, Elektrodenhalter und Elektroden wassergek\u00fchlt; [&hellip;]<\/p>\n","protected":false},"featured_media":7370,"template":"","meta":{"ocean_post_layout":"","ocean_both_sidebars_style":"","ocean_both_sidebars_content_width":0,"ocean_both_sidebars_sidebars_width":0,"ocean_sidebar":"0","ocean_second_sidebar":"0","ocean_disable_margins":"enable","ocean_add_body_class":"","ocean_shortcode_before_top_bar":"","ocean_shortcode_after_top_bar":"","ocean_shortcode_before_header":"","ocean_shortcode_after_header":"","ocean_has_shortcode":"","ocean_shortcode_after_title":"","ocean_shortcode_before_footer_widgets":"","ocean_shortcode_after_footer_widgets":"","ocean_shortcode_before_footer_bottom":"","ocean_shortcode_after_footer_bottom":"","ocean_display_top_bar":"off","ocean_display_header":"default","ocean_header_style":"","ocean_center_header_left_menu":"0","ocean_custom_header_template":"0","ocean_custom_logo":0,"ocean_custom_retina_logo":0,"ocean_custom_logo_max_width":0,"ocean_custom_logo_tablet_max_width":0,"ocean_custom_logo_mobile_max_width":0,"ocean_custom_logo_max_height":0,"ocean_custom_logo_tablet_max_height":0,"ocean_custom_logo_mobile_max_height":0,"ocean_header_custom_menu":"0","ocean_menu_typo_font_family":"0","ocean_menu_typo_font_subset":"","ocean_menu_typo_font_size":0,"ocean_menu_typo_font_size_tablet":0,"ocean_menu_typo_font_size_mobile":0,"ocean_menu_typo_font_size_unit":"px","ocean_menu_typo_font_weight":"","ocean_menu_typo_font_weight_tablet":"","ocean_menu_typo_font_weight_mobile":"","ocean_menu_typo_transform":"","ocean_menu_typo_transform_tablet":"","ocean_menu_typo_transform_mobile":"","ocean_menu_typo_line_height":0,"ocean_menu_typo_line_height_tablet":0,"ocean_menu_typo_line_height_mobile":0,"ocean_menu_typo_line_height_unit":"","ocean_menu_typo_spacing":0,"ocean_menu_typo_spacing_tablet":0,"ocean_menu_typo_spacing_mobile":0,"ocean_menu_typo_spacing_unit":"","ocean_menu_link_color":"","ocean_menu_link_color_hover":"","ocean_menu_link_color_active":"","ocean_menu_link_background":"","ocean_menu_link_hover_background":"","ocean_menu_link_active_background":"","ocean_menu_social_links_bg":"","ocean_menu_social_hover_links_bg":"","ocean_menu_social_links_color":"","ocean_menu_social_hover_links_color":"","ocean_disable_title":"on","ocean_disable_heading":"default","ocean_post_title":"","ocean_post_subheading":"","ocean_post_title_style":"","ocean_post_title_background_color":"","ocean_post_title_background":0,"ocean_post_title_bg_image_position":"","ocean_post_title_bg_image_attachment":"","ocean_post_title_bg_image_repeat":"","ocean_post_title_bg_image_size":"","ocean_post_title_height":0,"ocean_post_title_bg_overlay":0.5,"ocean_post_title_bg_overlay_color":"","ocean_disable_breadcrumbs":"default","ocean_breadcrumbs_color":"","ocean_breadcrumbs_separator_color":"","ocean_breadcrumbs_links_color":"","ocean_breadcrumbs_links_hover_color":"","ocean_display_footer_widgets":"off","ocean_display_footer_bottom":"default","ocean_custom_footer_template":"0"},"product_brand":[],"product_cat":[188,82,240],"product_tag":[],"class_list":{"0":"post-1605","1":"product","2":"type-product","3":"status-publish","4":"has-post-thumbnail","6":"product_cat-produkte-tischmaschinen","7":"product_cat-tischmaschinen","8":"product_cat-tischmaschinen-handwerk","10":"entry","11":"has-media","13":"first","14":"instock","15":"virtual","16":"purchasable","17":"product-type-simple","18":"has-product-nav","19":"col","20":"span_1_of_3","21":"owp-content-center","22":"owp-thumbs-layout-horizontal","23":"owp-btn-normal","24":"owp-tabs-layout-horizontal","25":"has-no-thumbnails"},"jetpack_sharing_enabled":true,"_links":{"self":[{"href":"https:\/\/kopie.cebotech.de\/index.php?rest_route=\/wp\/v2\/product\/1605","targetHints":{"allow":["GET"]}}],"collection":[{"href":"https:\/\/kopie.cebotech.de\/index.php?rest_route=\/wp\/v2\/product"}],"about":[{"href":"https:\/\/kopie.cebotech.de\/index.php?rest_route=\/wp\/v2\/types\/product"}],"wp:featuredmedia":[{"embeddable":true,"href":"https:\/\/kopie.cebotech.de\/index.php?rest_route=\/wp\/v2\/media\/7370"}],"wp:attachment":[{"href":"https:\/\/kopie.cebotech.de\/index.php?rest_route=%2Fwp%2Fv2%2Fmedia&parent=1605"}],"wp:term":[{"taxonomy":"product_brand","embeddable":true,"href":"https:\/\/kopie.cebotech.de\/index.php?rest_route=%2Fwp%2Fv2%2Fproduct_brand&post=1605"},{"taxonomy":"product_cat","embeddable":true,"href":"https:\/\/kopie.cebotech.de\/index.php?rest_route=%2Fwp%2Fv2%2Fproduct_cat&post=1605"},{"taxonomy":"product_tag","embeddable":true,"href":"https:\/\/kopie.cebotech.de\/index.php?rest_route=%2Fwp%2Fv2%2Fproduct_tag&post=1605"}],"curies":[{"name":"wp","href":"https:\/\/api.w.org\/{rel}","templated":true}]}}