{"id":1609,"date":"2021-10-26T09:26:40","date_gmt":"2021-10-26T09:26:40","guid":{"rendered":"https:\/\/kopie.cebotech.de\/?post_type=product&#038;p=1609"},"modified":"2022-10-26T16:40:54","modified_gmt":"2022-10-26T16:40:54","slug":"punkt-und-buckelschweissmaschinen-in-tischausfuehrung-63-150-kva","status":"publish","type":"product","link":"https:\/\/kopie.cebotech.de\/?product=punkt-und-buckelschweissmaschinen-in-tischausfuehrung-63-150-kva","title":{"rendered":"Punkt- und Buckelschwei\u00dfmaschinen in Tischausf\u00fchrung 63 &#8211; 150 kVA"},"content":{"rendered":"<div class=\"contentelement\">\n<div id=\"c752\" class=\"csc-default\">\n<ul>\n<li>Microprozessor Schwei\u00df-Steuerung\u00a0<a class=\"internal-link\" href=\"https:\/\/cebotech.de\/tecna\/steuerungen\/steuerung-te-550.html\">TE 550<\/a>\u00a0mit direkter Ablese des Schwei\u00dfstroms.<\/li>\n<li>Pneumatikzylinder mit Chromstahlwandung f\u00fcr Langzeitproduktionsschwei\u00dfungen, mit einstellbarer Verdrehsicherung.<\/li>\n<li>Schmierungsfreie Pneumatik-Bestandteile. Vermeidet \u00d6lnebel.<\/li>\n<li>Zylinder mit Doppelhub mit Schl\u00fcsselschalter<\/li>\n<li>Druckregler, Trennschalter Druckluftanschlu\u00df<\/li>\n<li>Regulierventile f\u00fcr Schlie\u00df- und \u00d6ffnungsgeschwindigkeit der Elektroden, Sto\u00dfd\u00e4mpfer f\u00fcr den Luftaustritt.<\/li>\n<li>Zweistufiger, elektrischer Fu\u00dfschalter: Aufsetzen &#8211; Schwei\u00dfen<\/li>\n<li>Vorrichtung f\u00fcr zweites zweistufiges Fu\u00dfpedal f\u00fcr Schwei\u00dfung mit direktem Abruf des Schwei\u00dfprogramms Nr. 2.<\/li>\n<li>Transformator, Platten, Elektrodenhalter und Elektroden wassergek\u00fchlt; Wicklung in Epoxydharz.<\/li>\n<li>Synchrone Schwei\u00dfzeitregulierung mittels wassergek\u00fchlten und isolierten Leistungsteilen mit Thermoschutzschalter.<\/li>\n<li>Zweihandausl\u00f6sung mit Timer f\u00fcr max. Betriebssicherheit und Schl\u00fcsselschalter f\u00fcr alle Typen. Zweihandausl\u00f6sung ist Standard\u00a0 nur auf Buckelschwei\u00dfmaschinen, Option auf Punktschwei\u00dfmaschinen.<\/li>\n<\/ul>\n<\/div>\n<div class=\"clearer\"><\/div>\n<\/div>\n<div class=\"contentelement\">\n<div id=\"c751\" class=\"csc-default\">\n<div class=\"csc-header csc-header-n2\">\n<h1>Technische Daten<\/h1>\n<\/div>\n<table class=\"contenttable contenttable-0 TechnischeDaten\">\n<tbody>\n<tr class=\"tr-even tr-0\">\n<td class=\"td-0\"><\/td>\n<td class=\"td-1\">Art. 2131 D<\/td>\n<td class=\"td-2\">Art. 2132 D<\/td>\n<td class=\"td-3\">Art. 2133 D<\/td>\n<td class=\"td-4\">Art. 2134 D<\/td>\n<td class=\"td-5\">Art. 2135 D<\/td>\n<td class=\"td-6\">Art. 2136 D<\/td>\n<td class=\"td-7\">Art. 2141 D<\/td>\n<td class=\"td-8\">Art. 2142 D<\/td>\n<td class=\"td-9\">Art. 2143 D<\/td>\n<td class=\"td-last td-10\">Art. 2144 D<\/td>\n<\/tr>\n<tr class=\"tr-odd tr-1\">\n<td class=\"td-0\">Puntschwei\u00dfmaschine<\/td>\n<td class=\"td-1\">x<\/td>\n<td class=\"td-2\">&#8211;<\/td>\n<td class=\"td-3\">x<\/td>\n<td class=\"td-4\">&#8211;<\/td>\n<td class=\"td-5\">x<\/td>\n<td class=\"td-6\">&#8211;<\/td>\n<td class=\"td-7\">x<\/td>\n<td class=\"td-8\">&#8211;<\/td>\n<td class=\"td-9\">x<\/td>\n<td class=\"td-last td-10\">&#8211;<\/td>\n<\/tr>\n<tr class=\"tr-even tr-2\">\n<td class=\"td-0\">Buckelschwei\u00dfmaschine<\/td>\n<td class=\"td-1\">&#8211;<\/td>\n<td class=\"td-2\">x<\/td>\n<td class=\"td-3\">&#8211;<\/td>\n<td class=\"td-4\">x<\/td>\n<td class=\"td-5\">&#8211;<\/td>\n<td class=\"td-6\">x<\/td>\n<td class=\"td-7\">&#8211;<\/td>\n<td class=\"td-8\">x<\/td>\n<td class=\"td-9\">&#8211;<\/td>\n<td class=\"td-last td-10\">x<\/td>\n<\/tr>\n<tr class=\"tr-odd tr-3\">\n<td class=\"td-0\">Nennleistung bei 50% kVA<\/td>\n<td class=\"td-1\">63<\/td>\n<td class=\"td-2\">63<\/td>\n<td class=\"td-3\">80<\/td>\n<td class=\"td-4\">80<\/td>\n<td class=\"td-5\">100<\/td>\n<td class=\"td-6\">100<\/td>\n<td class=\"td-7\">125<\/td>\n<td class=\"td-8\">125<\/td>\n<td class=\"td-9\">150<\/td>\n<td class=\"td-last td-10\">150<\/td>\n<\/tr>\n<tr class=\"tr-even tr-4\">\n<td class=\"td-0\">Maximale Schwei\u00dfleistung kVA<\/td>\n<td class=\"td-1\">195<\/td>\n<td class=\"td-2\">230<\/td>\n<td class=\"td-3\">255<\/td>\n<td class=\"td-4\">295<\/td>\n<td class=\"td-5\">355<\/td>\n<td class=\"td-6\">405<\/td>\n<td class=\"td-7\">405<\/td>\n<td class=\"td-8\">465<\/td>\n<td class=\"td-9\">465<\/td>\n<td class=\"td-last td-10\">535<\/td>\n<\/tr>\n<tr class=\"tr-odd tr-5\">\n<td class=\"td-0\">Kurzschlussstromleistung kA<\/td>\n<td class=\"td-1\">34<\/td>\n<td class=\"td-2\">40<\/td>\n<td class=\"td-3\">38<\/td>\n<td class=\"td-4\">44<\/td>\n<td class=\"td-5\">44<\/td>\n<td class=\"td-6\">50<\/td>\n<td class=\"td-7\">48<\/td>\n<td class=\"td-8\">55<\/td>\n<td class=\"td-9\">50<\/td>\n<td class=\"td-last td-10\">58<\/td>\n<\/tr>\n<tr class=\"tr-even tr-6\">\n<td class=\"td-0\">Max. Schwei\u00dfstrom auf Aluminium (kA)<\/td>\n<td class=\"td-1\">30,9<\/td>\n<td class=\"td-2\">36,4<\/td>\n<td class=\"td-3\">34,5<\/td>\n<td class=\"td-4\">40<\/td>\n<td class=\"td-5\">40<\/td>\n<td class=\"td-6\">45,5<\/td>\n<td class=\"td-7\">43,6<\/td>\n<td class=\"td-8\">50<\/td>\n<td class=\"td-9\">45,5<\/td>\n<td class=\"td-last td-10\">52,7<\/td>\n<\/tr>\n<tr class=\"tr-odd tr-7\">\n<td class=\"td-0\">Max. Schwei\u00dfstrom auf Stahl (kA)<\/td>\n<td class=\"td-1\">27,2<\/td>\n<td class=\"td-2\">32<\/td>\n<td class=\"td-3\">30,4<\/td>\n<td class=\"td-4\">35,2<\/td>\n<td class=\"td-5\">35,2<\/td>\n<td class=\"td-6\">40<\/td>\n<td class=\"td-7\">38,4<\/td>\n<td class=\"td-8\">44<\/td>\n<td class=\"td-9\">40<\/td>\n<td class=\"td-last td-10\">46,4<\/td>\n<\/tr>\n<tr class=\"tr-even tr-8\">\n<td class=\"td-0\">W\u00e4rmestrom 100% (in A)<\/td>\n<td class=\"td-1\">6200<\/td>\n<td class=\"td-2\">6200<\/td>\n<td class=\"td-3\">6800<\/td>\n<td class=\"td-4\">6800<\/td>\n<td class=\"td-5\">7000<\/td>\n<td class=\"td-6\">7000<\/td>\n<td class=\"td-7\">8400<\/td>\n<td class=\"td-8\">8400<\/td>\n<td class=\"td-9\">9200<\/td>\n<td class=\"td-last td-10\">9200<\/td>\n<\/tr>\n<tr class=\"tr-odd tr-9\">\n<td class=\"td-0\">Sekund\u00e4r &#8211; Leerlaufspannung (in V)<\/td>\n<td class=\"td-1\">7,1<\/td>\n<td class=\"td-2\">7,1<\/td>\n<td class=\"td-3\">8,3<\/td>\n<td class=\"td-4\">8,3<\/td>\n<td class=\"td-5\">10<\/td>\n<td class=\"td-6\">10<\/td>\n<td class=\"td-7\">10,5<\/td>\n<td class=\"td-8\">10,5<\/td>\n<td class=\"td-9\">11,5<\/td>\n<td class=\"td-last td-10\">11,5<\/td>\n<\/tr>\n<tr class=\"tr-even tr-10\">\n<td class=\"td-0\"><\/td>\n<td class=\"td-1\">6,3<\/td>\n<td class=\"td-2\">6,3<\/td>\n<td class=\"td-3\">7,5<\/td>\n<td class=\"td-4\">7,5<\/td>\n<td class=\"td-5\">9<\/td>\n<td class=\"td-6\">9<\/td>\n<td class=\"td-7\">9<\/td>\n<td class=\"td-8\">9<\/td>\n<td class=\"td-9\">10,2<\/td>\n<td class=\"td-last td-10\">10,2<\/td>\n<\/tr>\n<tr class=\"tr-odd tr-11\">\n<td class=\"td-0\"><\/td>\n<td class=\"td-1\">5,6<\/td>\n<td class=\"td-2\">5,6<\/td>\n<td class=\"td-3\">6,7<\/td>\n<td class=\"td-4\">6,7<\/td>\n<td class=\"td-5\">8<\/td>\n<td class=\"td-6\">8<\/td>\n<td class=\"td-7\">8<\/td>\n<td class=\"td-8\">8<\/td>\n<td class=\"td-9\">9<\/td>\n<td class=\"td-last td-10\">9<\/td>\n<\/tr>\n<tr class=\"tr-even tr-12\">\n<td class=\"td-0\"><\/td>\n<td class=\"td-1\">5<\/td>\n<td class=\"td-2\">5<\/td>\n<td class=\"td-3\">6,1<\/td>\n<td class=\"td-4\">6,1<\/td>\n<td class=\"td-5\">7,1<\/td>\n<td class=\"td-6\">7,1<\/td>\n<td class=\"td-7\">7,3<\/td>\n<td class=\"td-8\">7,3<\/td>\n<td class=\"td-9\">&#8211;<\/td>\n<td class=\"td-last td-10\">&#8211;<\/td>\n<\/tr>\n<tr class=\"tr-odd tr-13\">\n<td class=\"td-0\">Versorgungsspannung bei 50 Hz (in A)<\/td>\n<td class=\"td-1\">400<\/td>\n<td class=\"td-2\">400<\/td>\n<td class=\"td-3\">400<\/td>\n<td class=\"td-4\">400<\/td>\n<td class=\"td-5\">400<\/td>\n<td class=\"td-6\">400<\/td>\n<td class=\"td-7\">400<\/td>\n<td class=\"td-8\">400<\/td>\n<td class=\"td-9\">400<\/td>\n<td class=\"td-last td-10\">400<\/td>\n<\/tr>\n<tr class=\"tr-even tr-14\">\n<td class=\"td-0\">Kabel Abschnitt L= 30 m (mm\u00b2)<\/td>\n<td class=\"td-1\">50<\/td>\n<td class=\"td-2\">50<\/td>\n<td class=\"td-3\">70<\/td>\n<td class=\"td-4\">70<\/td>\n<td class=\"td-5\">95<\/td>\n<td class=\"td-6\">95<\/td>\n<td class=\"td-7\">2&#215;50<\/td>\n<td class=\"td-8\">2&#215;50<\/td>\n<td class=\"td-9\">2&#215;70<\/td>\n<td class=\"td-last td-10\">2&#215;70<\/td>\n<\/tr>\n<tr class=\"tr-odd tr-15\">\n<td class=\"td-0\">Netzsicherung, tr\u00e4ge (in A)<\/td>\n<td class=\"td-1\">125<\/td>\n<td class=\"td-2\">125<\/td>\n<td class=\"td-3\">160<\/td>\n<td class=\"td-4\">160<\/td>\n<td class=\"td-5\">200<\/td>\n<td class=\"td-6\">200<\/td>\n<td class=\"td-7\">250<\/td>\n<td class=\"td-8\">250<\/td>\n<td class=\"td-9\">315<\/td>\n<td class=\"td-last td-10\">315<\/td>\n<\/tr>\n<tr class=\"tr-even tr-16\">\n<td class=\"td-0\">Minimaler Armabstand (mm)<\/td>\n<td class=\"td-1\">160<\/td>\n<td class=\"td-2\">146<\/td>\n<td class=\"td-3\">160<\/td>\n<td class=\"td-4\">146<\/td>\n<td class=\"td-5\">160<\/td>\n<td class=\"td-6\">146<\/td>\n<td class=\"td-7\">160<\/td>\n<td class=\"td-8\">146<\/td>\n<td class=\"td-9\">160<\/td>\n<td class=\"td-last td-10\">146<\/td>\n<\/tr>\n<tr class=\"tr-odd tr-17\">\n<td class=\"td-0\">Maximaler Armabstand (mm)<\/td>\n<td class=\"td-1\">360<\/td>\n<td class=\"td-2\">313<\/td>\n<td class=\"td-3\">360<\/td>\n<td class=\"td-4\">313<\/td>\n<td class=\"td-5\">360<\/td>\n<td class=\"td-6\">313<\/td>\n<td class=\"td-7\">360<\/td>\n<td class=\"td-8\">313<\/td>\n<td class=\"td-9\">360<\/td>\n<td class=\"td-last td-10\">313<\/td>\n<\/tr>\n<tr class=\"tr-even tr-18\">\n<td class=\"td-0\">Tiefe L (mm)<\/td>\n<td class=\"td-1\">280<\/td>\n<td class=\"td-2\">&#8211;<\/td>\n<td class=\"td-3\">280<\/td>\n<td class=\"td-4\">&#8211;<\/td>\n<td class=\"td-5\">280<\/td>\n<td class=\"td-6\">&#8211;<\/td>\n<td class=\"td-7\">280<\/td>\n<td class=\"td-8\">&#8211;<\/td>\n<td class=\"td-9\">280<\/td>\n<td class=\"td-last td-10\">&#8211;<\/td>\n<\/tr>\n<tr class=\"tr-odd tr-19\">\n<td class=\"td-0\">Tiefe D (mm)<\/td>\n<td class=\"td-1\">&#8211;<\/td>\n<td class=\"td-2\">230<\/td>\n<td class=\"td-3\">&#8211;<\/td>\n<td class=\"td-4\">230<\/td>\n<td class=\"td-5\">&#8211;<\/td>\n<td class=\"td-6\">230<\/td>\n<td class=\"td-7\">&#8211;<\/td>\n<td class=\"td-8\">230<\/td>\n<td class=\"td-9\">&#8211;<\/td>\n<td class=\"td-last td-10\">230<\/td>\n<\/tr>\n<tr class=\"tr-even tr-20\">\n<td class=\"td-0\">Maximaler Elektrodendruck daN (6 bar)<\/td>\n<td class=\"td-1\">736<\/td>\n<td class=\"td-2\">736<\/td>\n<td class=\"td-3\">736<\/td>\n<td class=\"td-4\">736<\/td>\n<td class=\"td-5\">736<\/td>\n<td class=\"td-6\">736<\/td>\n<td class=\"td-7\">736<\/td>\n<td class=\"td-8\">736<\/td>\n<td class=\"td-9\">736<\/td>\n<td class=\"td-last td-10\">736<\/td>\n<\/tr>\n<tr class=\"tr-odd tr-21\">\n<td class=\"td-0\">Maximaler Elektrodendruck daN (6 bar) mit optionalem Zylinder<\/td>\n<td class=\"td-1\">&#8211;<\/td>\n<td class=\"td-2\">1242<\/td>\n<td class=\"td-3\">&#8211;<\/td>\n<td class=\"td-4\">1242<\/td>\n<td class=\"td-5\">&#8211;<\/td>\n<td class=\"td-6\">1242<\/td>\n<td class=\"td-7\">&#8211;<\/td>\n<td class=\"td-8\">1242<\/td>\n<td class=\"td-9\">&#8211;<\/td>\n<td class=\"td-last td-10\">1242<\/td>\n<\/tr>\n<tr class=\"tr-even tr-22\">\n<td class=\"td-0\">Maximaler Arbeitshub (mm)<\/td>\n<td class=\"td-1\">100<\/td>\n<td class=\"td-2\">100<\/td>\n<td class=\"td-3\">100<\/td>\n<td class=\"td-4\">100<\/td>\n<td class=\"td-5\">100<\/td>\n<td class=\"td-6\">100<\/td>\n<td class=\"td-7\">100<\/td>\n<td class=\"td-8\">100<\/td>\n<td class=\"td-9\">100<\/td>\n<td class=\"td-last td-10\">100<\/td>\n<\/tr>\n<tr class=\"tr-odd tr-23\">\n<td class=\"td-0\">Standard Doppelhub (mm)<\/td>\n<td class=\"td-1\">60<\/td>\n<td class=\"td-2\">60<\/td>\n<td class=\"td-3\">60<\/td>\n<td class=\"td-4\">60<\/td>\n<td class=\"td-5\">60<\/td>\n<td class=\"td-6\">60<\/td>\n<td class=\"td-7\">60<\/td>\n<td class=\"td-8\">60<\/td>\n<td class=\"td-9\">60<\/td>\n<td class=\"td-last td-10\">60<\/td>\n<\/tr>\n<tr class=\"tr-even tr-24\">\n<td class=\"td-0\">Druckluftversorgung (bar)<\/td>\n<td class=\"td-1\">6,5<\/td>\n<td class=\"td-2\">6,5<\/td>\n<td class=\"td-3\">6,5<\/td>\n<td class=\"td-4\">6,5<\/td>\n<td class=\"td-5\">6,5<\/td>\n<td class=\"td-6\">6,5<\/td>\n<td class=\"td-7\">6,5<\/td>\n<td class=\"td-8\">6,5<\/td>\n<td class=\"td-9\">6,5<\/td>\n<td class=\"td-last td-10\">6,5<\/td>\n<\/tr>\n<tr class=\"tr-odd tr-25\">\n<td class=\"td-0\">Luftverbrauch 1000 Punkte (6 bar) Hub 20 mm (Nm\u00b3)<\/td>\n<td class=\"td-1\">4,6<\/td>\n<td class=\"td-2\">4,6<\/td>\n<td class=\"td-3\">4,6<\/td>\n<td class=\"td-4\">4,6<\/td>\n<td class=\"td-5\">4,6<\/td>\n<td class=\"td-6\">4,6<\/td>\n<td class=\"td-7\">4,6<\/td>\n<td class=\"td-8\">4,6<\/td>\n<td class=\"td-9\">4,6<\/td>\n<td class=\"td-last td-10\">4,6<\/td>\n<\/tr>\n<tr class=\"tr-even tr-26\">\n<td class=\"td-0\">Luftverbrauch 1000 Punkte (6 bar) Maximaler Hub (Nm\u00b3)<\/td>\n<td class=\"td-1\">15,4<\/td>\n<td class=\"td-2\">15,4<\/td>\n<td class=\"td-3\">15,4<\/td>\n<td class=\"td-4\">15,4<\/td>\n<td class=\"td-5\">15,4<\/td>\n<td class=\"td-6\">15,4<\/td>\n<td class=\"td-7\">15,4<\/td>\n<td class=\"td-8\">15,4<\/td>\n<td class=\"td-9\">15,4<\/td>\n<td class=\"td-last td-10\">15,4<\/td>\n<\/tr>\n<tr class=\"tr-odd tr-27\">\n<td class=\"td-0\">Mit Option 2138 &#8211; Hub 20 mm (Nm\u00b3)<\/td>\n<td class=\"td-1\">&#8211;<\/td>\n<td class=\"td-2\">9,4<\/td>\n<td class=\"td-3\">&#8211;<\/td>\n<td class=\"td-4\">9,4<\/td>\n<td class=\"td-5\">&#8211;<\/td>\n<td class=\"td-6\">9,4<\/td>\n<td class=\"td-7\">&#8211;<\/td>\n<td class=\"td-8\">9,4<\/td>\n<td class=\"td-9\">&#8211;<\/td>\n<td class=\"td-last td-10\">9,4<\/td>\n<\/tr>\n<tr class=\"tr-even tr-28\">\n<td class=\"td-0\">Mit Option 2138 &#8211; Maximaler Hub (Nm\u00b3)<\/td>\n<td class=\"td-1\">&#8211;<\/td>\n<td class=\"td-2\">21,7<\/td>\n<td class=\"td-3\">&#8211;<\/td>\n<td class=\"td-4\">21,7<\/td>\n<td class=\"td-5\">&#8211;<\/td>\n<td class=\"td-6\">21,7<\/td>\n<td class=\"td-7\">&#8211;<\/td>\n<td class=\"td-8\">21,7<\/td>\n<td class=\"td-9\">&#8211;<\/td>\n<td class=\"td-last td-10\">21,7<\/td>\n<\/tr>\n<tr class=\"tr-odd tr-29\">\n<td class=\"td-0\">Druckluftversorgungsschlauch (mm)<\/td>\n<td class=\"td-1\">15<\/td>\n<td class=\"td-2\">15<\/td>\n<td class=\"td-3\">15<\/td>\n<td class=\"td-4\">15<\/td>\n<td class=\"td-5\">15<\/td>\n<td class=\"td-6\">15<\/td>\n<td class=\"td-7\">15<\/td>\n<td class=\"td-8\">15<\/td>\n<td class=\"td-9\">15<\/td>\n<td class=\"td-last td-10\">15<\/td>\n<\/tr>\n<tr class=\"tr-even tr-30\">\n<td class=\"td-0\">Wasserk\u00fchlung (in l\/min)<\/td>\n<td class=\"td-1\">8<\/td>\n<td class=\"td-2\">8<\/td>\n<td class=\"td-3\">8<\/td>\n<td class=\"td-4\">8<\/td>\n<td class=\"td-5\">8<\/td>\n<td class=\"td-6\">8<\/td>\n<td class=\"td-7\">8<\/td>\n<td class=\"td-8\">8<\/td>\n<td class=\"td-9\">8<\/td>\n<td class=\"td-last td-10\">8<\/td>\n<\/tr>\n<tr class=\"tr-odd tr-31\">\n<td class=\"td-0\">L\u00e4rmpegel (dB(A)<\/td>\n<td class=\"td-1\">72<\/td>\n<td class=\"td-2\">&lt;70<\/td>\n<td class=\"td-3\">74<\/td>\n<td class=\"td-4\">&lt;70<\/td>\n<td class=\"td-5\">74<\/td>\n<td class=\"td-6\">&lt;70<\/td>\n<td class=\"td-7\">75<\/td>\n<td class=\"td-8\">&lt;70<\/td>\n<td class=\"td-9\">75<\/td>\n<td class=\"td-last td-10\">&lt;70<\/td>\n<\/tr>\n<tr class=\"tr-even tr-32\">\n<td class=\"td-0\">Arbeitshub (in mm)<\/td>\n<td class=\"td-1\">20<\/td>\n<td class=\"td-2\">50<\/td>\n<td class=\"td-3\">20<\/td>\n<td class=\"td-4\">50<\/td>\n<td class=\"td-5\">20<\/td>\n<td class=\"td-6\">50<\/td>\n<td class=\"td-7\">20<\/td>\n<td class=\"td-8\">50<\/td>\n<td class=\"td-9\">20<\/td>\n<td class=\"td-last td-10\">50<\/td>\n<\/tr>\n<tr class=\"tr-odd tr-33\">\n<td class=\"td-0\">Schwei\u00dfzyklus<\/td>\n<td class=\"td-1\">7<\/td>\n<td class=\"td-2\">12<\/td>\n<td class=\"td-3\">7<\/td>\n<td class=\"td-4\">12<\/td>\n<td class=\"td-5\">5<\/td>\n<td class=\"td-6\">10<\/td>\n<td class=\"td-7\">6<\/td>\n<td class=\"td-8\">11<\/td>\n<td class=\"td-9\">7<\/td>\n<td class=\"td-last td-10\">13<\/td>\n<\/tr>\n<tr class=\"tr-even tr-34\">\n<td class=\"td-0\">Schwei\u00dfstrom (kA)<\/td>\n<td class=\"td-1\">25,5<\/td>\n<td class=\"td-2\">30<\/td>\n<td class=\"td-3\">28,5<\/td>\n<td class=\"td-4\">33<\/td>\n<td class=\"td-5\">33<\/td>\n<td class=\"td-6\">37,5<\/td>\n<td class=\"td-7\">37<\/td>\n<td class=\"td-8\">42<\/td>\n<td class=\"td-9\">37<\/td>\n<td class=\"td-last td-10\">43<\/td>\n<\/tr>\n<tr class=\"tr-odd tr-35\">\n<td class=\"td-0\">Arbeitsleistung in Schwei\u00dfvorg\u00e4ngen\/min<\/td>\n<td class=\"td-1\">15<\/td>\n<td class=\"td-2\">6<\/td>\n<td class=\"td-3\">15<\/td>\n<td class=\"td-4\">6<\/td>\n<td class=\"td-5\">15<\/td>\n<td class=\"td-6\">6<\/td>\n<td class=\"td-7\">15<\/td>\n<td class=\"td-8\">6<\/td>\n<td class=\"td-9\">15<\/td>\n<td class=\"td-last td-10\">6<\/td>\n<\/tr>\n<tr class=\"tr-even tr-last\">\n<td class=\"td-0\">Nettogewicht (ca.) (in kg)<\/td>\n<td class=\"td-1\">295<\/td>\n<td class=\"td-2\">315<\/td>\n<td class=\"td-3\">305<\/td>\n<td class=\"td-4\">325<\/td>\n<td class=\"td-5\">340<\/td>\n<td class=\"td-6\">360<\/td>\n<td class=\"td-7\">350<\/td>\n<td class=\"td-8\">370<\/td>\n<td class=\"td-9\">365<\/td>\n<td class=\"td-last td-10\">375<\/td>\n<\/tr>\n<\/tbody>\n<\/table>\n<\/div>\n<\/div>\n<p>&nbsp;<\/p>\n<p>&nbsp;<\/p>\n<p><strong>Produktinformation<\/strong> hier <a href=\"https:\/\/kopie.cebotech.de\/wp-content\/uploads\/2021\/10\/Depliant_DCI0400001_Items-2101D-2144D-2102N_IT-EN-FR-DE-ES_02-2018.pdf\">downloaden<\/a>.<\/p>\n","protected":false},"excerpt":{"rendered":"<p>Microprozessor Schwei\u00df-Steuerung\u00a0TE 550\u00a0mit direkter Ablese des Schwei\u00dfstroms. Pneumatikzylinder mit Chromstahlwandung f\u00fcr Langzeitproduktionsschwei\u00dfungen, mit einstellbarer Verdrehsicherung. Schmierungsfreie Pneumatik-Bestandteile. Vermeidet \u00d6lnebel. Zylinder mit Doppelhub mit Schl\u00fcsselschalter Druckregler, Trennschalter Druckluftanschlu\u00df Regulierventile f\u00fcr Schlie\u00df- und \u00d6ffnungsgeschwindigkeit der Elektroden, Sto\u00dfd\u00e4mpfer f\u00fcr den Luftaustritt. Zweistufiger, elektrischer Fu\u00dfschalter: Aufsetzen &#8211; Schwei\u00dfen Vorrichtung f\u00fcr zweites zweistufiges Fu\u00dfpedal f\u00fcr Schwei\u00dfung mit direktem Abruf des [&hellip;]<\/p>\n","protected":false},"featured_media":7370,"template":"","meta":{"ocean_post_layout":"","ocean_both_sidebars_style":"","ocean_both_sidebars_content_width":0,"ocean_both_sidebars_sidebars_width":0,"ocean_sidebar":"0","ocean_second_sidebar":"0","ocean_disable_margins":"enable","ocean_add_body_class":"","ocean_shortcode_before_top_bar":"","ocean_shortcode_after_top_bar":"","ocean_shortcode_before_header":"","ocean_shortcode_after_header":"","ocean_has_shortcode":"","ocean_shortcode_after_title":"","ocean_shortcode_before_footer_widgets":"","ocean_shortcode_after_footer_widgets":"","ocean_shortcode_before_footer_bottom":"","ocean_shortcode_after_footer_bottom":"","ocean_display_top_bar":"off","ocean_display_header":"default","ocean_header_style":"","ocean_center_header_left_menu":"0","ocean_custom_header_template":"0","ocean_custom_logo":0,"ocean_custom_retina_logo":0,"ocean_custom_logo_max_width":0,"ocean_custom_logo_tablet_max_width":0,"ocean_custom_logo_mobile_max_width":0,"ocean_custom_logo_max_height":0,"ocean_custom_logo_tablet_max_height":0,"ocean_custom_logo_mobile_max_height":0,"ocean_header_custom_menu":"0","ocean_menu_typo_font_family":"0","ocean_menu_typo_font_subset":"","ocean_menu_typo_font_size":0,"ocean_menu_typo_font_size_tablet":0,"ocean_menu_typo_font_size_mobile":0,"ocean_menu_typo_font_size_unit":"px","ocean_menu_typo_font_weight":"","ocean_menu_typo_font_weight_tablet":"","ocean_menu_typo_font_weight_mobile":"","ocean_menu_typo_transform":"","ocean_menu_typo_transform_tablet":"","ocean_menu_typo_transform_mobile":"","ocean_menu_typo_line_height":0,"ocean_menu_typo_line_height_tablet":0,"ocean_menu_typo_line_height_mobile":0,"ocean_menu_typo_line_height_unit":"","ocean_menu_typo_spacing":0,"ocean_menu_typo_spacing_tablet":0,"ocean_menu_typo_spacing_mobile":0,"ocean_menu_typo_spacing_unit":"","ocean_menu_link_color":"","ocean_menu_link_color_hover":"","ocean_menu_link_color_active":"","ocean_menu_link_background":"","ocean_menu_link_hover_background":"","ocean_menu_link_active_background":"","ocean_menu_social_links_bg":"","ocean_menu_social_hover_links_bg":"","ocean_menu_social_links_color":"","ocean_menu_social_hover_links_color":"","ocean_disable_title":"on","ocean_disable_heading":"default","ocean_post_title":"","ocean_post_subheading":"","ocean_post_title_style":"","ocean_post_title_background_color":"","ocean_post_title_background":0,"ocean_post_title_bg_image_position":"","ocean_post_title_bg_image_attachment":"","ocean_post_title_bg_image_repeat":"","ocean_post_title_bg_image_size":"","ocean_post_title_height":0,"ocean_post_title_bg_overlay":0.5,"ocean_post_title_bg_overlay_color":"","ocean_disable_breadcrumbs":"default","ocean_breadcrumbs_color":"","ocean_breadcrumbs_separator_color":"","ocean_breadcrumbs_links_color":"","ocean_breadcrumbs_links_hover_color":"","ocean_display_footer_widgets":"off","ocean_display_footer_bottom":"default","ocean_custom_footer_template":"0"},"product_brand":[],"product_cat":[188,82,240],"product_tag":[],"class_list":{"0":"post-1609","1":"product","2":"type-product","3":"status-publish","4":"has-post-thumbnail","6":"product_cat-produkte-tischmaschinen","7":"product_cat-tischmaschinen","8":"product_cat-tischmaschinen-handwerk","10":"entry","11":"has-media","13":"first","14":"instock","15":"virtual","16":"purchasable","17":"product-type-simple","18":"has-product-nav","19":"col","20":"span_1_of_3","21":"owp-content-center","22":"owp-thumbs-layout-horizontal","23":"owp-btn-normal","24":"owp-tabs-layout-horizontal","25":"has-no-thumbnails"},"jetpack_sharing_enabled":true,"_links":{"self":[{"href":"https:\/\/kopie.cebotech.de\/index.php?rest_route=\/wp\/v2\/product\/1609","targetHints":{"allow":["GET"]}}],"collection":[{"href":"https:\/\/kopie.cebotech.de\/index.php?rest_route=\/wp\/v2\/product"}],"about":[{"href":"https:\/\/kopie.cebotech.de\/index.php?rest_route=\/wp\/v2\/types\/product"}],"wp:featuredmedia":[{"embeddable":true,"href":"https:\/\/kopie.cebotech.de\/index.php?rest_route=\/wp\/v2\/media\/7370"}],"wp:attachment":[{"href":"https:\/\/kopie.cebotech.de\/index.php?rest_route=%2Fwp%2Fv2%2Fmedia&parent=1609"}],"wp:term":[{"taxonomy":"product_brand","embeddable":true,"href":"https:\/\/kopie.cebotech.de\/index.php?rest_route=%2Fwp%2Fv2%2Fproduct_brand&post=1609"},{"taxonomy":"product_cat","embeddable":true,"href":"https:\/\/kopie.cebotech.de\/index.php?rest_route=%2Fwp%2Fv2%2Fproduct_cat&post=1609"},{"taxonomy":"product_tag","embeddable":true,"href":"https:\/\/kopie.cebotech.de\/index.php?rest_route=%2Fwp%2Fv2%2Fproduct_tag&post=1609"}],"curies":[{"name":"wp","href":"https:\/\/api.w.org\/{rel}","templated":true}]}}