{"id":1621,"date":"2021-10-26T09:37:42","date_gmt":"2021-10-26T09:37:42","guid":{"rendered":"https:\/\/kopie.cebotech.de\/?post_type=product&#038;p=1621"},"modified":"2022-10-26T16:40:54","modified_gmt":"2022-10-26T16:40:54","slug":"dreiphasen-gleichstrom-punkt-buckel-widerstandschweissmaschine-100-kva","status":"publish","type":"product","link":"https:\/\/kopie.cebotech.de\/?product=dreiphasen-gleichstrom-punkt-buckel-widerstandschweissmaschine-100-kva","title":{"rendered":"Dreiphasen &#8211; Gleichstrom &#8211; Punkt-\/Buckel &#8211; Widerstandschwei\u00dfmaschine 100 kVA"},"content":{"rendered":"<div class=\"contentelement\">\n<div id=\"c1194\" class=\"csc-default\">\n<ul>\n<li>\u00a0DC &#8211; Dreiphasen &#8211; Schwei\u00dfmaschine bietet gegen\u00fcber der konventionellen Schwei\u00dfmaschine fplgende Vorteile:<\/li>\n<li>hoher Netzspannung &#8211; Faktor<\/li>\n<li>geringe Netzbelastung, niedrigere Absicherung<\/li>\n<li>gleichm\u00e4\u00dfige Verteilung der Belastung auf den drei Phasen<\/li>\n<li>geringer Einfluss der magnetischen Materialien auf den Schwei\u00dfstrom zwischen den Armen<\/li>\n<li>geringe Installationskosten<\/li>\n<li>Steuerung TE 183 mit direkter Abmessung des Schwei\u00dfstroms<\/li>\n<li>Sechsphasen &#8211; Gleichrichter mit Umschaltvorrichtung f\u00fcr korrekte Diodenspannung<\/li>\n<li>Diodenschutz bei \u00dcberspannung, \u00dcberlastung und \u00dcbertemperatur<\/li>\n<li>Synchone Schwei\u00dfzeitregulierung mittels wassergek\u00fchlten und isolierten Leistungsteilen, mit Schutzthermostat<\/li>\n<li>Zweistufiger, elektrischer Fu\u00dfschalter: Aufsetzen &#8211; Schwei\u00dfen.<\/li>\n<li>Vorrichtung f\u00fcr Anschlu\u00df eines zus\u00e4tzlichen, zweiten elektrischen zweistufigen Fu\u00dfschalters zur Schwei\u00dfung mit direktem Abruf des 2. Schwei\u00dfprogramms (nicht auf Maschinen mit Option 6132).<\/li>\n<li>Not &#8211; Aus &#8211; Schalter f\u00fcr sofortiges Abschalten der Maschine.<\/li>\n<li>FI &#8211; Schutzschalter<\/li>\n<li>Transformator, Platten, Elektrodenhalter und Elektroden wassergek\u00fchlt; Wicklung in Epoxydharz<\/li>\n<li>Pneumatikzylinder mit Chromstahlwandung f\u00fcrLangzeitproduktionsschwei\u00dfungen, mit schmierungfreien Dichtungen<\/li>\n<li>Zylinder mit Vorhubverstellung \u00fcber Gewindespindel handbet\u00e4tigt, Schl\u00fcsselschalter, einstellbare Verdrehsicherung<\/li>\n<li>Pneumatik &#8211; Zyklus zum Aufsetzen der Elektroden mit niedrigem Druck<\/li>\n<li>Luftwartungseinheit und Druckbeh\u00e4lter eingebaut. Trennschalter f\u00fcr Druckluftanschlu\u00df<\/li>\n<li>Aufsetzen der Elektroden ohne Druck zum Ausrichten und f\u00fcr Wartungsarbeiten<\/li>\n<li>Zweihandausl\u00f6sung mit Timer f\u00fcr max. Betriebssicherheit. (Standard f\u00fcr Art. 6101 und 6102\/ Option auf Art. 6103). Schl\u00fcsselschalter auf allen Maschinentypen (70320)<\/li>\n<li>Durchflussw\u00e4chter f\u00fcr K\u00fchlwasser verhindert die Schwei\u00dfung, wenn kein Wasser zirkuliert (funktioniert sowohl bei geschlossenem K\u00fchlwasserkreislauf als auch bei Durchlaufwasserk\u00fchleinheit).<\/li>\n<\/ul>\n<p>&nbsp;<\/p>\n<p>&nbsp;<\/p>\n<\/div>\n<div class=\"clearer\"><\/div>\n<\/div>\n<div class=\"contentelement\">\n<div id=\"c1193\" class=\"csc-default\">\n<div class=\"csc-header csc-header-n2\">\n<h1>Technische Daten<\/h1>\n<\/div>\n<table class=\"contenttable contenttable-0 TechnischeDaten\">\n<tbody>\n<tr class=\"tr-even tr-0\">\n<td class=\"td-0\"><\/td>\n<td class=\"td-1\">Art. 6101<\/td>\n<td class=\"td-2\">Art. 6102<\/td>\n<td class=\"td-last td-3\">Art. 6103<\/td>\n<\/tr>\n<tr class=\"tr-odd tr-1\">\n<td class=\"td-0\">Punktschwei\u00dfmaschine<\/td>\n<td class=\"td-1\">x<\/td>\n<td class=\"td-2\">x<\/td>\n<td class=\"td-last td-3\">x<\/td>\n<\/tr>\n<tr class=\"tr-even tr-2\">\n<td class=\"td-0\">Buckelschwei\u00dfmaschine<\/td>\n<td class=\"td-1\">x<\/td>\n<td class=\"td-2\">x<\/td>\n<td class=\"td-last td-3\">&#8211;<\/td>\n<\/tr>\n<tr class=\"tr-odd tr-3\">\n<td class=\"td-0\">Nennleistung bei 50% kVA<\/td>\n<td class=\"td-1\">100<\/td>\n<td class=\"td-2\">100<\/td>\n<td class=\"td-last td-3\">100<\/td>\n<\/tr>\n<tr class=\"tr-even tr-4\">\n<td class=\"td-0\">Maximale Schwei\u00dfleistung kVA<\/td>\n<td class=\"td-1\">415<\/td>\n<td class=\"td-2\">415<\/td>\n<td class=\"td-last td-3\">380<\/td>\n<\/tr>\n<tr class=\"tr-odd tr-5\">\n<td class=\"td-0\">Kurzschlussstromleistung kA<\/td>\n<td class=\"td-1\">60<\/td>\n<td class=\"td-2\">60<\/td>\n<td class=\"td-last td-3\">55<\/td>\n<\/tr>\n<tr class=\"tr-even tr-6\">\n<td class=\"td-0\">Max. Schwei\u00dfstrom auf Aluminium (kA)<\/td>\n<td class=\"td-1\">55<\/td>\n<td class=\"td-2\">55<\/td>\n<td class=\"td-last td-3\">50<\/td>\n<\/tr>\n<tr class=\"tr-odd tr-7\">\n<td class=\"td-0\">Max. Schwei\u00dfstrom auf Stahl (kA)<\/td>\n<td class=\"td-1\">48<\/td>\n<td class=\"td-2\">48<\/td>\n<td class=\"td-last td-3\">44<\/td>\n<\/tr>\n<tr class=\"tr-even tr-8\">\n<td class=\"td-0\">W\u00e4rmestrom 100% (in A)<\/td>\n<td class=\"td-1\">11000<\/td>\n<td class=\"td-2\">11000<\/td>\n<td class=\"td-last td-3\">11000<\/td>\n<\/tr>\n<tr class=\"tr-odd tr-9\">\n<td class=\"td-0\">Sekund\u00e4r &#8211; Leerlaufspannung (in V)<\/td>\n<td class=\"td-1\">6,3<\/td>\n<td class=\"td-2\">6,3<\/td>\n<td class=\"td-last td-3\">6,3<\/td>\n<\/tr>\n<tr class=\"tr-even tr-10\">\n<td class=\"td-0\"><\/td>\n<td class=\"td-1\">5,5<\/td>\n<td class=\"td-2\">5,5<\/td>\n<td class=\"td-last td-3\">5,5<\/td>\n<\/tr>\n<tr class=\"tr-odd tr-11\">\n<td class=\"td-0\">Versorgungsspannung bei 50 Hz (in A)<\/td>\n<td class=\"td-1\">400<\/td>\n<td class=\"td-2\">400<\/td>\n<td class=\"td-last td-3\">400<\/td>\n<\/tr>\n<tr class=\"tr-even tr-12\">\n<td class=\"td-0\">Kabel Abschnitt L= 30 m (in mm\u00b2)<\/td>\n<td class=\"td-1\">50<\/td>\n<td class=\"td-2\">50<\/td>\n<td class=\"td-last td-3\">50<\/td>\n<\/tr>\n<tr class=\"tr-odd tr-13\">\n<td class=\"td-0\">Netzsicherung, tr\u00e4ge (in A)<\/td>\n<td class=\"td-1\">100<\/td>\n<td class=\"td-2\">100<\/td>\n<td class=\"td-last td-3\">100<\/td>\n<\/tr>\n<tr class=\"tr-even tr-14\">\n<td class=\"td-0\">Minimaler Abstand (mm)<\/td>\n<td class=\"td-1\">175<\/td>\n<td class=\"td-2\">175<\/td>\n<td class=\"td-last td-3\">175<\/td>\n<\/tr>\n<tr class=\"tr-odd tr-15\">\n<td class=\"td-0\">Maximaler Abstand (mm)<\/td>\n<td class=\"td-1\">475<\/td>\n<td class=\"td-2\">475<\/td>\n<td class=\"td-last td-3\">475<\/td>\n<\/tr>\n<tr class=\"tr-even tr-16\">\n<td class=\"td-0\">Tiefe L (mm)<\/td>\n<td class=\"td-1\">385<\/td>\n<td class=\"td-2\">535<\/td>\n<td class=\"td-last td-3\">800<\/td>\n<\/tr>\n<tr class=\"tr-odd tr-17\">\n<td class=\"td-0\">Tiefe D (mm)<\/td>\n<td class=\"td-1\">260<\/td>\n<td class=\"td-2\">410<\/td>\n<td class=\"td-last td-3\">&#8211;<\/td>\n<\/tr>\n<tr class=\"tr-even tr-18\">\n<td class=\"td-0\">Maximaler Elektrodendruck (6 bar) &#8211; Standard (daN)<\/td>\n<td class=\"td-1\">736<\/td>\n<td class=\"td-2\">736<\/td>\n<td class=\"td-last td-3\">736<\/td>\n<\/tr>\n<tr class=\"tr-odd tr-19\">\n<td class=\"td-0\">Maximaler Elektrodendruck (6 bar) mit Option 6135 (daN)<\/td>\n<td class=\"td-1\">1242<\/td>\n<td class=\"td-2\">1242<\/td>\n<td class=\"td-last td-3\">&#8211;<\/td>\n<\/tr>\n<tr class=\"tr-even tr-20\">\n<td class=\"td-0\">Maximaler Hub (mm)<\/td>\n<td class=\"td-1\">100<\/td>\n<td class=\"td-2\">100<\/td>\n<td class=\"td-last td-3\">100<\/td>\n<\/tr>\n<tr class=\"tr-odd tr-21\">\n<td class=\"td-0\">Doppelhub &#8211; Standard (mm)<\/td>\n<td class=\"td-1\">0 &#8211; 80<\/td>\n<td class=\"td-2\">0 &#8211; 80<\/td>\n<td class=\"td-last td-3\">0 &#8211; 80<\/td>\n<\/tr>\n<tr class=\"tr-even tr-22\">\n<td class=\"td-0\">Luftverbrauch 1000 Punkte (6 bar) Standard Hub 20 mm (Nm\u00b3)<\/td>\n<td class=\"td-1\">2,9<\/td>\n<td class=\"td-2\">2,9<\/td>\n<td class=\"td-last td-3\">2,9<\/td>\n<\/tr>\n<tr class=\"tr-odd tr-23\">\n<td class=\"td-0\">Luftverbrauch 1000 Punkte (6 bar) Standard Max. Hub (Nm\u00b3)<\/td>\n<td class=\"td-1\">9,2<\/td>\n<td class=\"td-2\">9,2<\/td>\n<td class=\"td-last td-3\">9,2<\/td>\n<\/tr>\n<tr class=\"tr-even tr-24\">\n<td class=\"td-0\">Luftverbrauch 1000 Punkte (6 bar) mit Option 6135 Hub 20 mm (Nm\u00b3)<\/td>\n<td class=\"td-1\">6<\/td>\n<td class=\"td-2\">6<\/td>\n<td class=\"td-last td-3\">&#8211;<\/td>\n<\/tr>\n<tr class=\"tr-odd tr-25\">\n<td class=\"td-0\">Luftverbrauch 1000 Punkte (6 bar) mit Option 6135 Max. Hub (Nm\u00b3)15,5<\/td>\n<td class=\"td-1\">15,5<\/td>\n<td class=\"td-2\">&#8211;<\/td>\n<td class=\"td-last td-3\"><\/td>\n<\/tr>\n<tr class=\"tr-even tr-26\">\n<td class=\"td-0\">Druckluftvesorgungsschlauch (mm)<\/td>\n<td class=\"td-1\">16<\/td>\n<td class=\"td-2\">16<\/td>\n<td class=\"td-last td-3\">16<\/td>\n<\/tr>\n<tr class=\"tr-odd tr-27\">\n<td class=\"td-0\">Wasserk\u00fchlung (in l\/min)<\/td>\n<td class=\"td-1\">12<\/td>\n<td class=\"td-2\">12<\/td>\n<td class=\"td-last td-3\">12<\/td>\n<\/tr>\n<tr class=\"tr-even tr-28\">\n<td class=\"td-0\">L\u00e4rmpegel (dB(A))<\/td>\n<td class=\"td-1\">73<\/td>\n<td class=\"td-2\">73<\/td>\n<td class=\"td-last td-3\">76<\/td>\n<\/tr>\n<tr class=\"tr-odd tr-29\">\n<td class=\"td-0\">Arbeitshub (in mm)<\/td>\n<td class=\"td-1\">50<\/td>\n<td class=\"td-2\">50<\/td>\n<td class=\"td-last td-3\">20<\/td>\n<\/tr>\n<tr class=\"tr-even tr-30\">\n<td class=\"td-0\">Schwei\u00dfzyklus<\/td>\n<td class=\"td-1\">14<\/td>\n<td class=\"td-2\">14<\/td>\n<td class=\"td-last td-3\">8<\/td>\n<\/tr>\n<tr class=\"tr-odd tr-31\">\n<td class=\"td-0\">Schwei\u00dfstrom (in kA)<\/td>\n<td class=\"td-1\">45<\/td>\n<td class=\"td-2\">45<\/td>\n<td class=\"td-last td-3\">41<\/td>\n<\/tr>\n<tr class=\"tr-even tr-32\">\n<td class=\"td-0\">Arbeitsleistung in Schwei\u00dfvorg\u00e4ngen\/min<\/td>\n<td class=\"td-1\">6<\/td>\n<td class=\"td-2\">6<\/td>\n<td class=\"td-last td-3\">15<\/td>\n<\/tr>\n<tr class=\"tr-odd tr-last\">\n<td class=\"td-0\">Nettogewicht (ca.) (in kg)<\/td>\n<td class=\"td-1\">650<\/td>\n<td class=\"td-2\">660<\/td>\n<td class=\"td-last td-3\">710<\/td>\n<\/tr>\n<\/tbody>\n<\/table>\n<\/div>\n<\/div>\n","protected":false},"excerpt":{"rendered":"<p>\u00a0DC &#8211; Dreiphasen &#8211; Schwei\u00dfmaschine bietet gegen\u00fcber der konventionellen Schwei\u00dfmaschine fplgende Vorteile: hoher Netzspannung &#8211; Faktor geringe Netzbelastung, niedrigere Absicherung gleichm\u00e4\u00dfige Verteilung der Belastung auf den drei Phasen geringer Einfluss der magnetischen Materialien auf den Schwei\u00dfstrom zwischen den Armen geringe Installationskosten Steuerung TE 183 mit direkter Abmessung des Schwei\u00dfstroms Sechsphasen &#8211; Gleichrichter mit Umschaltvorrichtung f\u00fcr [&hellip;]<\/p>\n","protected":false},"featured_media":1622,"template":"","meta":{"ocean_post_layout":"","ocean_both_sidebars_style":"","ocean_both_sidebars_content_width":0,"ocean_both_sidebars_sidebars_width":0,"ocean_sidebar":"0","ocean_second_sidebar":"0","ocean_disable_margins":"enable","ocean_add_body_class":"","ocean_shortcode_before_top_bar":"","ocean_shortcode_after_top_bar":"","ocean_shortcode_before_header":"","ocean_shortcode_after_header":"","ocean_has_shortcode":"","ocean_shortcode_after_title":"","ocean_shortcode_before_footer_widgets":"","ocean_shortcode_after_footer_widgets":"","ocean_shortcode_before_footer_bottom":"","ocean_shortcode_after_footer_bottom":"","ocean_display_top_bar":"off","ocean_display_header":"default","ocean_header_style":"","ocean_center_header_left_menu":"0","ocean_custom_header_template":"0","ocean_custom_logo":0,"ocean_custom_retina_logo":0,"ocean_custom_logo_max_width":0,"ocean_custom_logo_tablet_max_width":0,"ocean_custom_logo_mobile_max_width":0,"ocean_custom_logo_max_height":0,"ocean_custom_logo_tablet_max_height":0,"ocean_custom_logo_mobile_max_height":0,"ocean_header_custom_menu":"0","ocean_menu_typo_font_family":"0","ocean_menu_typo_font_subset":"","ocean_menu_typo_font_size":0,"ocean_menu_typo_font_size_tablet":0,"ocean_menu_typo_font_size_mobile":0,"ocean_menu_typo_font_size_unit":"px","ocean_menu_typo_font_weight":"","ocean_menu_typo_font_weight_tablet":"","ocean_menu_typo_font_weight_mobile":"","ocean_menu_typo_transform":"","ocean_menu_typo_transform_tablet":"","ocean_menu_typo_transform_mobile":"","ocean_menu_typo_line_height":0,"ocean_menu_typo_line_height_tablet":0,"ocean_menu_typo_line_height_mobile":0,"ocean_menu_typo_line_height_unit":"","ocean_menu_typo_spacing":0,"ocean_menu_typo_spacing_tablet":0,"ocean_menu_typo_spacing_mobile":0,"ocean_menu_typo_spacing_unit":"","ocean_menu_link_color":"","ocean_menu_link_color_hover":"","ocean_menu_link_color_active":"","ocean_menu_link_background":"","ocean_menu_link_hover_background":"","ocean_menu_link_active_background":"","ocean_menu_social_links_bg":"","ocean_menu_social_hover_links_bg":"","ocean_menu_social_links_color":"","ocean_menu_social_hover_links_color":"","ocean_disable_title":"on","ocean_disable_heading":"default","ocean_post_title":"","ocean_post_subheading":"","ocean_post_title_style":"","ocean_post_title_background_color":"","ocean_post_title_background":0,"ocean_post_title_bg_image_position":"","ocean_post_title_bg_image_attachment":"","ocean_post_title_bg_image_repeat":"","ocean_post_title_bg_image_size":"","ocean_post_title_height":0,"ocean_post_title_bg_overlay":0.5,"ocean_post_title_bg_overlay_color":"","ocean_disable_breadcrumbs":"default","ocean_breadcrumbs_color":"","ocean_breadcrumbs_separator_color":"","ocean_breadcrumbs_links_color":"","ocean_breadcrumbs_links_hover_color":"","ocean_display_footer_widgets":"off","ocean_display_footer_bottom":"default","ocean_custom_footer_template":"0"},"product_brand":[],"product_cat":[203,243,83],"product_tag":[],"class_list":{"0":"post-1621","1":"product","2":"type-product","3":"status-publish","4":"has-post-thumbnail","6":"product_cat-buckelschweissgeraete","7":"product_cat-punkt-und-buckelschweissgeraete","8":"product_cat-staendermaschinen","10":"entry","11":"has-media","13":"first","14":"instock","15":"virtual","16":"purchasable","17":"product-type-simple","18":"has-product-nav","19":"col","20":"span_1_of_3","21":"owp-content-center","22":"owp-thumbs-layout-horizontal","23":"owp-btn-normal","24":"owp-tabs-layout-horizontal","25":"has-no-thumbnails"},"jetpack_sharing_enabled":true,"_links":{"self":[{"href":"https:\/\/kopie.cebotech.de\/index.php?rest_route=\/wp\/v2\/product\/1621","targetHints":{"allow":["GET"]}}],"collection":[{"href":"https:\/\/kopie.cebotech.de\/index.php?rest_route=\/wp\/v2\/product"}],"about":[{"href":"https:\/\/kopie.cebotech.de\/index.php?rest_route=\/wp\/v2\/types\/product"}],"wp:featuredmedia":[{"embeddable":true,"href":"https:\/\/kopie.cebotech.de\/index.php?rest_route=\/wp\/v2\/media\/1622"}],"wp:attachment":[{"href":"https:\/\/kopie.cebotech.de\/index.php?rest_route=%2Fwp%2Fv2%2Fmedia&parent=1621"}],"wp:term":[{"taxonomy":"product_brand","embeddable":true,"href":"https:\/\/kopie.cebotech.de\/index.php?rest_route=%2Fwp%2Fv2%2Fproduct_brand&post=1621"},{"taxonomy":"product_cat","embeddable":true,"href":"https:\/\/kopie.cebotech.de\/index.php?rest_route=%2Fwp%2Fv2%2Fproduct_cat&post=1621"},{"taxonomy":"product_tag","embeddable":true,"href":"https:\/\/kopie.cebotech.de\/index.php?rest_route=%2Fwp%2Fv2%2Fproduct_tag&post=1621"}],"curies":[{"name":"wp","href":"https:\/\/api.w.org\/{rel}","templated":true}]}}