{"id":1623,"date":"2021-10-26T09:38:34","date_gmt":"2021-10-26T09:38:34","guid":{"rendered":"https:\/\/kopie.cebotech.de\/?post_type=product&#038;p=1623"},"modified":"2022-10-26T16:40:54","modified_gmt":"2022-10-26T16:40:54","slug":"dreiphasen-gleichstrom-punkt-buckel-widerstandschweissmaschine-100-630-kva","status":"publish","type":"product","link":"https:\/\/kopie.cebotech.de\/?product=dreiphasen-gleichstrom-punkt-buckel-widerstandschweissmaschine-100-630-kva","title":{"rendered":"Dreiphasen &#8211; Gleichstrom &#8211; Punkt-\/Buckel &#8211; Widerstandschwei\u00dfmaschine 100 &#8211; 630 kVA"},"content":{"rendered":"<div class=\"contentelement\">\n<div id=\"c1202\" class=\"csc-default\">\n<ul>\n<li>\u00a0DC &#8211; Dreiphasen &#8211; Schwei\u00dfmaschine bietet gegen\u00fcber der konventionellen Schwei\u00dfmaschine fplgende Vorteile:<\/li>\n<li>hoher Leistungsfaktor<\/li>\n<li>geringe Netzbelastung, niedrige Absicherung<\/li>\n<li>gleichm\u00e4\u00dfige Verteilung der Belastung auf den drei Phasen<\/li>\n<li>geringer Einfluss der magnetischen Materialien auf den Schwei\u00dfstrom zwischen den Armen<\/li>\n<li>geringe Installationskosten<\/li>\n<li>Steuerung mit direkter Anzeige des Schwei\u00dfstroms<\/li>\n<li>Sechsphasen &#8211; Gleichrichter mit Testsystem zur Kontrolle der Diodenklemmung<\/li>\n<li>Diodenschutz bei \u00dcberspannung\u00a0und \u00dcbertemperatur<\/li>\n<li>Synchone Schwei\u00dfzeitregulierung mittels wassergek\u00fchlten und isolierten Leistungsteilen, mit Schutzthermostat<\/li>\n<li>Zweihandausl\u00f6sung mit Timer f\u00fcr Max. Betriebssicherheit (nur Buckelschwei\u00dfmaschinen \/ Option auf Punktschwei\u00dfmaschinen). Schl\u00fcsselschalter auf allen Maschinentypen<\/li>\n<li>Zweistufiger, elektrischer Fu\u00dfschalter: Aufsetzen &#8211; Schwei\u00dfen.<\/li>\n<li>Vorrichtung f\u00fcr Anschlu\u00df eines zus\u00e4tzlichen, zweiten elektrischen zweistufigen Fu\u00dfschalters zur Schwei\u00dfung mit direktem Abruf des 2. Schwei\u00dfprogramms (nicht auf Maschinen mit\u00a0Abruf durch Drehschalter).<\/li>\n<li>Not &#8211; Aus &#8211; Schalter f\u00fcr sofortiges Abschalten der Maschine.<\/li>\n<li>FI &#8211; Schutzschalter<\/li>\n<li>Transformator, Platten, Elektrodenhalter und Elektroden wassergek\u00fchlt; Wicklung in Epoxydharz<\/li>\n<li>Pneumatikzylinder mit Chromstahlwandung f\u00fcr Langzeitproduktionsschwei\u00dfungen, mit reibungs &#8211; und schmierungfreien Dichtungen, Doppelhub \u00fcber Handrad einstellbar mit Schl\u00fcsselschalter, Schaft mit Zylinderf\u00fchrung mit einstellbarer Verdrehvorrichtung, prismatische Pr\u00e4zisions &#8211; Rollenf\u00fchrung.<\/li>\n<li>Pneumatik &#8211; Zyklus zum Aufsetzen der Elektroden mit niedrigem Druck, druckprogramm auf Anfrage.<\/li>\n<li>Druckluftreduzierventil und Druckluftbeh\u00e4lter eingebaut. Trennschalter f\u00fcr Druckluftsnschlu\u00df<\/li>\n<li>Aufsetzen der Elektrode ohne Druck zum Ausrichten und f\u00fcr Wartungsarbeiten<\/li>\n<li>Durchflussw\u00e4chter f\u00fcr K\u00fchlwasser: verhindert die Schwei\u00dfung, wenn kein Wasser zirkuliert (funktioniert sowohl bei geschlossenem K\u00fchlwasserkreislauf als auch bei Durchlaufwasserk\u00fchlung).<\/li>\n<\/ul>\n<\/div>\n<div class=\"clearer\"><\/div>\n<\/div>\n<div class=\"contentelement\">\n<div id=\"c1201\" class=\"csc-default\">\n<div class=\"csc-header csc-header-n2\">\n<h1>Technische Daten<\/h1>\n<\/div>\n<table class=\"contenttable contenttable-0 TechnischeDaten\">\n<tbody>\n<tr class=\"tr-even tr-0\">\n<td class=\"td-0\">Nennleistung bei 50% kVA<\/td>\n<td class=\"td-1\">100<\/td>\n<td class=\"td-2\">160<\/td>\n<td class=\"td-3\">250<\/td>\n<td class=\"td-4\">360<\/td>\n<td class=\"td-5\">480<\/td>\n<td class=\"td-last td-6\">630<\/td>\n<\/tr>\n<tr class=\"tr-odd tr-1\">\n<td class=\"td-0\">Geh\u00e4use Typ<\/td>\n<td class=\"td-1\">A-B<\/td>\n<td class=\"td-2\">A-B<\/td>\n<td class=\"td-3\">A-B-C<\/td>\n<td class=\"td-4\">B-C<\/td>\n<td class=\"td-5\">C-D<\/td>\n<td class=\"td-last td-6\">C-D<\/td>\n<\/tr>\n<tr class=\"tr-even tr-2\">\n<td class=\"td-0\">Punktschwei\u00dfmaschine<\/td>\n<td class=\"td-1\">x<\/td>\n<td class=\"td-2\">x<\/td>\n<td class=\"td-3\">x<\/td>\n<td class=\"td-4\">&#8211;<\/td>\n<td class=\"td-5\">&#8211;<\/td>\n<td class=\"td-last td-6\">&#8211;<\/td>\n<\/tr>\n<tr class=\"tr-odd tr-3\">\n<td class=\"td-0\">Buckelschwei\u00dfmaschine<\/td>\n<td class=\"td-1\">x<\/td>\n<td class=\"td-2\">x<\/td>\n<td class=\"td-3\">x<\/td>\n<td class=\"td-4\">x<\/td>\n<td class=\"td-5\">x<\/td>\n<td class=\"td-last td-6\">x<\/td>\n<\/tr>\n<tr class=\"tr-even tr-4\">\n<td class=\"td-0\">Maximale Schwei\u00dfleistung kVA<\/td>\n<td class=\"td-1\">450<\/td>\n<td class=\"td-2\">700<\/td>\n<td class=\"td-3\">1090<\/td>\n<td class=\"td-4\">1800<\/td>\n<td class=\"td-5\">1900<\/td>\n<td class=\"td-last td-6\">2100<\/td>\n<\/tr>\n<tr class=\"tr-odd tr-5\">\n<td class=\"td-0\">Kurzschlussstromleistung kA<\/td>\n<td class=\"td-1\">60<\/td>\n<td class=\"td-2\">90<\/td>\n<td class=\"td-3\">106<\/td>\n<td class=\"td-4\">150<\/td>\n<td class=\"td-5\">190<\/td>\n<td class=\"td-last td-6\">200<\/td>\n<\/tr>\n<tr class=\"tr-even tr-6\">\n<td class=\"td-0\">Max. Schwei\u00dfstrom auf Stahl (kA)<\/td>\n<td class=\"td-1\">48<\/td>\n<td class=\"td-2\">72<\/td>\n<td class=\"td-3\">85<\/td>\n<td class=\"td-4\">120<\/td>\n<td class=\"td-5\">150<\/td>\n<td class=\"td-last td-6\">160<\/td>\n<\/tr>\n<tr class=\"tr-odd tr-7\">\n<td class=\"td-0\">W\u00e4rmestrom 100% (in A)<\/td>\n<td class=\"td-1\">11000<\/td>\n<td class=\"td-2\">13000<\/td>\n<td class=\"td-3\">15000<\/td>\n<td class=\"td-4\">18000<\/td>\n<td class=\"td-5\">24000<\/td>\n<td class=\"td-last td-6\">26000<\/td>\n<\/tr>\n<tr class=\"tr-even tr-8\">\n<td class=\"td-0\">Sekund\u00e4r &#8211; Leerlaufspannung (in V)<\/td>\n<td class=\"td-1\">6,3<\/td>\n<td class=\"td-2\">7,3<\/td>\n<td class=\"td-3\">8,8<\/td>\n<td class=\"td-4\">10<\/td>\n<td class=\"td-5\">9,5<\/td>\n<td class=\"td-last td-6\">10,5<\/td>\n<\/tr>\n<tr class=\"tr-odd tr-9\">\n<td class=\"td-0\"><\/td>\n<td class=\"td-1\">5,5<\/td>\n<td class=\"td-2\">6,3<\/td>\n<td class=\"td-3\">8<\/td>\n<td class=\"td-4\">8,6<\/td>\n<td class=\"td-5\">8,4<\/td>\n<td class=\"td-last td-6\">9,5<\/td>\n<\/tr>\n<tr class=\"tr-even tr-10\">\n<td class=\"td-0\"><\/td>\n<td class=\"td-1\">&#8211;<\/td>\n<td class=\"td-2\">5,9<\/td>\n<td class=\"td-3\">7,1<\/td>\n<td class=\"td-4\">7,4<\/td>\n<td class=\"td-5\">7,6<\/td>\n<td class=\"td-last td-6\">8,4<\/td>\n<\/tr>\n<tr class=\"tr-odd tr-11\">\n<td class=\"td-0\"><\/td>\n<td class=\"td-1\">&#8211;<\/td>\n<td class=\"td-2\">&#8211;<\/td>\n<td class=\"td-3\">&#8211;<\/td>\n<td class=\"td-4\">6,4<\/td>\n<td class=\"td-5\">6,8<\/td>\n<td class=\"td-last td-6\">7,6<\/td>\n<\/tr>\n<tr class=\"tr-even tr-12\">\n<td class=\"td-0\">Versorgungsspannung bei 50 Hz (in A)<\/td>\n<td class=\"td-1\">400<\/td>\n<td class=\"td-2\">400<\/td>\n<td class=\"td-3\">400<\/td>\n<td class=\"td-4\">400<\/td>\n<td class=\"td-5\">400<\/td>\n<td class=\"td-last td-6\">400<\/td>\n<\/tr>\n<tr class=\"tr-odd tr-13\">\n<td class=\"td-0\">Kabel Abschnitt L= 30 m (in mm\u00b2)<\/td>\n<td class=\"td-1\">50<\/td>\n<td class=\"td-2\">75<\/td>\n<td class=\"td-3\">120<\/td>\n<td class=\"td-4\">2&#215;120<\/td>\n<td class=\"td-5\">3&#215;95<\/td>\n<td class=\"td-last td-6\">3&#215;95<\/td>\n<\/tr>\n<tr class=\"tr-even tr-14\">\n<td class=\"td-0\">Netzsicherung, tr\u00e4ge (in A)<\/td>\n<td class=\"td-1\">100<\/td>\n<td class=\"td-2\">160<\/td>\n<td class=\"td-3\">250<\/td>\n<td class=\"td-4\">400<\/td>\n<td class=\"td-5\">500<\/td>\n<td class=\"td-last td-6\">630<\/td>\n<\/tr>\n<tr class=\"tr-odd tr-15\">\n<td class=\"td-0\">Zylinder (N\u00b0\/daN)<\/td>\n<td class=\"td-1\">4\/736<\/td>\n<td class=\"td-2\">4\/736<\/td>\n<td class=\"td-3\">6\/1206<\/td>\n<td class=\"td-4\">6\/1206<\/td>\n<td class=\"td-5\">8\/3388<\/td>\n<td class=\"td-last td-6\">8\/3388<\/td>\n<\/tr>\n<tr class=\"tr-even tr-16\">\n<td class=\"td-0\"><\/td>\n<td class=\"td-1\">6\/1206<\/td>\n<td class=\"td-2\">6\/1206<\/td>\n<td class=\"td-3\">7\/1885<\/td>\n<td class=\"td-4\">7\/1885<\/td>\n<td class=\"td-5\">9\/2945<\/td>\n<td class=\"td-last td-6\">9\/2945<\/td>\n<\/tr>\n<tr class=\"tr-odd tr-17\">\n<td class=\"td-0\"><\/td>\n<td class=\"td-1\">7\/1885<\/td>\n<td class=\"td-2\">7\/1885<\/td>\n<td class=\"td-3\">8\/3388<\/td>\n<td class=\"td-4\">8\/3388<\/td>\n<td class=\"td-5\">10\/5509<\/td>\n<td class=\"td-last td-6\">10\/5509<\/td>\n<\/tr>\n<tr class=\"tr-even tr-18\">\n<td class=\"td-0\"><\/td>\n<td class=\"td-1\"><\/td>\n<td class=\"td-2\"><\/td>\n<td class=\"td-3\"><\/td>\n<td class=\"td-4\">9\/2945<\/td>\n<td class=\"td-5\"><\/td>\n<td class=\"td-last td-6\"><\/td>\n<\/tr>\n<tr class=\"tr-odd tr-19\">\n<td class=\"td-0\">Druckluftversorgung (bar)<\/td>\n<td class=\"td-1\">6,5<\/td>\n<td class=\"td-2\">6,5<\/td>\n<td class=\"td-3\">6,5<\/td>\n<td class=\"td-4\">6,5<\/td>\n<td class=\"td-5\">6,5<\/td>\n<td class=\"td-last td-6\">6,5<\/td>\n<\/tr>\n<tr class=\"tr-even tr-20\">\n<td class=\"td-0\">Luftversorgungsschlauch (mm)<\/td>\n<td class=\"td-1\">25<\/td>\n<td class=\"td-2\">25<\/td>\n<td class=\"td-3\">25<\/td>\n<td class=\"td-4\">25<\/td>\n<td class=\"td-5\">25<\/td>\n<td class=\"td-last td-6\">25<\/td>\n<\/tr>\n<tr class=\"tr-odd tr-21\">\n<td class=\"td-0\">Wasserk\u00fchlung (in l\/min)<\/td>\n<td class=\"td-1\">10<\/td>\n<td class=\"td-2\">14<\/td>\n<td class=\"td-3\">16<\/td>\n<td class=\"td-4\">25<\/td>\n<td class=\"td-5\">30<\/td>\n<td class=\"td-last td-6\">33<\/td>\n<\/tr>\n<tr class=\"tr-even tr-last\">\n<td class=\"td-0\">Wasserk\u00fchlungsschlauch (mm)<\/td>\n<td class=\"td-1\">25<\/td>\n<td class=\"td-2\">25<\/td>\n<td class=\"td-3\">25<\/td>\n<td class=\"td-4\">25<\/td>\n<td class=\"td-5\">25<\/td>\n<td class=\"td-last td-6\">25<\/td>\n<\/tr>\n<\/tbody>\n<\/table>\n<\/div>\n<div class=\"clearer\"><\/div>\n<\/div>\n<div class=\"contentelement\">\n<div id=\"c1200\" class=\"csc-default\">\n<div class=\"csc-header csc-header-n3\">\n<h1>Hauptausstattung Buckelschwei\u00dfger\u00e4t<\/h1>\n<\/div>\n<table class=\"contenttable contenttable-0\">\n<tbody>\n<tr class=\"tr-even tr-0\">\n<td class=\"td-0\">Geh\u00e4use Typ<\/td>\n<td class=\"td-1\">A<\/td>\n<td class=\"td-2\"><\/td>\n<td class=\"td-3\">B<\/td>\n<td class=\"td-4\">C<\/td>\n<td class=\"td-5\"><\/td>\n<td class=\"td-last td-6\">D<\/td>\n<\/tr>\n<tr class=\"tr-odd tr-1\">\n<td class=\"td-0\">Arml\u00e4nge D (mm)<\/td>\n<td class=\"td-1\">250<\/td>\n<td class=\"td-2\">400<\/td>\n<td class=\"td-3\">400<\/td>\n<td class=\"td-4\">400<\/td>\n<td class=\"td-5\">600<\/td>\n<td class=\"td-last td-6\">500<\/td>\n<\/tr>\n<tr class=\"tr-even tr-2\">\n<td class=\"td-0\">Zylinder (N\u00b0)<\/td>\n<td class=\"td-1\">4-6-7<\/td>\n<td class=\"td-2\">4-6<\/td>\n<td class=\"td-3\">6-7-8-9<\/td>\n<td class=\"td-4\">8-9-10<\/td>\n<td class=\"td-5\">8-9<\/td>\n<td class=\"td-last td-6\">8-9-10<\/td>\n<\/tr>\n<tr class=\"tr-odd tr-3\">\n<td class=\"td-0\">Buckelplatte Abmessung (mm)<\/td>\n<td class=\"td-1\">150&#215;200<\/td>\n<td class=\"td-2\">150&#215;200<\/td>\n<td class=\"td-3\">200&#215;200<\/td>\n<td class=\"td-4\">250&#215;250<\/td>\n<td class=\"td-5\">250&#215;250<\/td>\n<td class=\"td-last td-6\">380&#215;285<\/td>\n<\/tr>\n<tr class=\"tr-even tr-4\">\n<td class=\"td-0\"><\/td>\n<td class=\"td-1\"><\/td>\n<td class=\"td-2\"><\/td>\n<td class=\"td-3\">250&#215;250<\/td>\n<td class=\"td-4\"><\/td>\n<td class=\"td-5\"><\/td>\n<td class=\"td-last td-6\"><\/td>\n<\/tr>\n<tr class=\"tr-odd tr-5\">\n<td class=\"td-0\">Buckelplatte Nummer\/Achse (N\u00b0\/mm)<\/td>\n<td class=\"td-1\">2\/63<\/td>\n<td class=\"td-2\">2\/63<\/td>\n<td class=\"td-3\">2\/63<\/td>\n<td class=\"td-4\">4\/63<\/td>\n<td class=\"td-5\">4\/63<\/td>\n<td class=\"td-last td-6\">6\/63<\/td>\n<\/tr>\n<tr class=\"tr-even tr-last\">\n<td class=\"td-0\"><\/td>\n<td class=\"td-1\"><\/td>\n<td class=\"td-2\"><\/td>\n<td class=\"td-3\">4\/63<\/td>\n<td class=\"td-4\"><\/td>\n<td class=\"td-5\"><\/td>\n<td class=\"td-last td-6\"><\/td>\n<\/tr>\n<\/tbody>\n<\/table>\n<\/div>\n<div class=\"clearer\"><\/div>\n<\/div>\n<div class=\"contentelement\">\n<div id=\"c1199\" class=\"csc-default\">\n<div class=\"csc-header csc-header-n4\">\n<h1>Hauptausstattung Punktschwei\u00dfmaschine<\/h1>\n<\/div>\n<table class=\"contenttable contenttable-0\">\n<tbody>\n<tr class=\"tr-even tr-0\">\n<td class=\"td-0\">Geh\u00e4use Typ<\/td>\n<td class=\"td-1\">A<\/td>\n<td class=\"td-2\"><\/td>\n<td class=\"td-3\">B<\/td>\n<td class=\"td-4\"><\/td>\n<td class=\"td-5\"><\/td>\n<td class=\"td-6\">C<\/td>\n<td class=\"td-7\"><\/td>\n<td class=\"td-last td-8\"><\/td>\n<\/tr>\n<tr class=\"tr-odd tr-1\">\n<td class=\"td-0\">Arml\u00e4nge L (mm)<\/td>\n<td class=\"td-1\">500<\/td>\n<td class=\"td-2\">800<\/td>\n<td class=\"td-3\">800<\/td>\n<td class=\"td-4\">1200<\/td>\n<td class=\"td-5\">1500<\/td>\n<td class=\"td-6\">800<\/td>\n<td class=\"td-7\">1200<\/td>\n<td class=\"td-last td-8\">1600<\/td>\n<\/tr>\n<tr class=\"tr-even tr-2\">\n<td class=\"td-0\">Zylinder (N\u00b0)<\/td>\n<td class=\"td-1\">4-6<\/td>\n<td class=\"td-2\">4<\/td>\n<td class=\"td-3\">4-6-7<\/td>\n<td class=\"td-4\">4-6-7<\/td>\n<td class=\"td-5\">4-6-7<\/td>\n<td class=\"td-6\">6-7-8-9<\/td>\n<td class=\"td-7\">6-7<\/td>\n<td class=\"td-last td-8\">6<\/td>\n<\/tr>\n<tr class=\"tr-odd tr-3\">\n<td class=\"td-0\">Durchmesser Elektrodenhalter (mm)<\/td>\n<td class=\"td-1\">32<\/td>\n<td class=\"td-2\">32<\/td>\n<td class=\"td-3\">32<\/td>\n<td class=\"td-4\">32<\/td>\n<td class=\"td-5\">32<\/td>\n<td class=\"td-6\">40<\/td>\n<td class=\"td-7\">40<\/td>\n<td class=\"td-last td-8\">40<\/td>\n<\/tr>\n<tr class=\"tr-even tr-last\">\n<td class=\"td-0\">Durchmesser Arme (mm)<\/td>\n<td class=\"td-1\">80<\/td>\n<td class=\"td-2\">80<\/td>\n<td class=\"td-3\">100<\/td>\n<td class=\"td-4\">100<\/td>\n<td class=\"td-5\">100<\/td>\n<td class=\"td-6\">120<\/td>\n<td class=\"td-7\">120<\/td>\n<td class=\"td-last td-8\">120<\/td>\n<\/tr>\n<\/tbody>\n<\/table>\n<\/div>\n<div class=\"clearer\"><\/div>\n<\/div>\n<div class=\"contentelement\">\n<div id=\"c1198\" class=\"csc-default\">\n<div class=\"csc-header csc-header-n5\">\n<h1>ZYLINDER<\/h1>\n<\/div>\n<table class=\"contenttable contenttable-0\">\n<tbody>\n<tr class=\"tr-even tr-0\">\n<td class=\"td-0\">TYP (N\u00b0)<\/td>\n<td class=\"td-1\">4<\/td>\n<td class=\"td-2\">6<\/td>\n<td class=\"td-3\">7<\/td>\n<td class=\"td-4\">8<\/td>\n<td class=\"td-5\">9<\/td>\n<td class=\"td-last td-6\">10<\/td>\n<\/tr>\n<tr class=\"tr-odd tr-1\">\n<td class=\"td-0\">Durchmesser (mm)<\/td>\n<td class=\"td-1\">125<\/td>\n<td class=\"td-2\">160<\/td>\n<td class=\"td-3\">200<\/td>\n<td class=\"td-4\">2&#215;200<\/td>\n<td class=\"td-5\">250<\/td>\n<td class=\"td-last td-6\">2&#215;250<\/td>\n<\/tr>\n<tr class=\"tr-even tr-2\">\n<td class=\"td-0\">Druck bei 6 bar (daN)<\/td>\n<td class=\"td-1\">736<\/td>\n<td class=\"td-2\">1206<\/td>\n<td class=\"td-3\">1885<\/td>\n<td class=\"td-4\">3388<\/td>\n<td class=\"td-5\">2945<\/td>\n<td class=\"td-last td-6\">5509<\/td>\n<\/tr>\n<tr class=\"tr-odd tr-3\">\n<td class=\"td-0\">Druck bei 1 bar (daN)<\/td>\n<td class=\"td-1\">123<\/td>\n<td class=\"td-2\">201<\/td>\n<td class=\"td-3\">314<\/td>\n<td class=\"td-4\">565<\/td>\n<td class=\"td-5\">491<\/td>\n<td class=\"td-last td-6\">918<\/td>\n<\/tr>\n<tr class=\"tr-even tr-4\">\n<td class=\"td-0\">Hub gesamt (mm)<\/td>\n<td class=\"td-1\">100<\/td>\n<td class=\"td-2\">100<\/td>\n<td class=\"td-3\">150<\/td>\n<td class=\"td-4\">150<\/td>\n<td class=\"td-5\">150<\/td>\n<td class=\"td-last td-6\">150<\/td>\n<\/tr>\n<tr class=\"tr-odd tr-5\">\n<td class=\"td-0\">Hub einstellbar (mm)<\/td>\n<td class=\"td-1\">0-80<\/td>\n<td class=\"td-2\">0-100<\/td>\n<td class=\"td-3\">0-120<\/td>\n<td class=\"td-4\">0-120<\/td>\n<td class=\"td-5\">0-120<\/td>\n<td class=\"td-last td-6\">0-120<\/td>\n<\/tr>\n<tr class=\"tr-even tr-6\">\n<td class=\"td-0\">Durchmesser Zylinderstamm (mm)<\/td>\n<td class=\"td-1\">70<\/td>\n<td class=\"td-2\">90<\/td>\n<td class=\"td-3\">100<\/td>\n<td class=\"td-4\">100<\/td>\n<td class=\"td-5\">&#8211;<\/td>\n<td class=\"td-last td-6\">&#8211;<\/td>\n<\/tr>\n<tr class=\"tr-odd tr-last\">\n<td class=\"td-0\">Primatischer Stamm (mm)<\/td>\n<td class=\"td-1\">&#8211;<\/td>\n<td class=\"td-2\">86&#215;86<\/td>\n<td class=\"td-3\">86&#215;86<\/td>\n<td class=\"td-4\">86&#215;86<\/td>\n<td class=\"td-5\">96&#215;96<\/td>\n<td class=\"td-last td-6\">96&#215;96<\/td>\n<\/tr>\n<\/tbody>\n<\/table>\n<\/div>\n<\/div>\n","protected":false},"excerpt":{"rendered":"<p>\u00a0DC &#8211; Dreiphasen &#8211; Schwei\u00dfmaschine bietet gegen\u00fcber der konventionellen Schwei\u00dfmaschine fplgende Vorteile: hoher Leistungsfaktor geringe Netzbelastung, niedrige Absicherung gleichm\u00e4\u00dfige Verteilung der Belastung auf den drei Phasen geringer Einfluss der magnetischen Materialien auf den Schwei\u00dfstrom zwischen den Armen geringe Installationskosten Steuerung mit direkter Anzeige des Schwei\u00dfstroms Sechsphasen &#8211; Gleichrichter mit Testsystem zur Kontrolle der Diodenklemmung Diodenschutz [&hellip;]<\/p>\n","protected":false},"featured_media":1624,"template":"","meta":{"ocean_post_layout":"","ocean_both_sidebars_style":"","ocean_both_sidebars_content_width":0,"ocean_both_sidebars_sidebars_width":0,"ocean_sidebar":"0","ocean_second_sidebar":"0","ocean_disable_margins":"enable","ocean_add_body_class":"","ocean_shortcode_before_top_bar":"","ocean_shortcode_after_top_bar":"","ocean_shortcode_before_header":"","ocean_shortcode_after_header":"","ocean_has_shortcode":"","ocean_shortcode_after_title":"","ocean_shortcode_before_footer_widgets":"","ocean_shortcode_after_footer_widgets":"","ocean_shortcode_before_footer_bottom":"","ocean_shortcode_after_footer_bottom":"","ocean_display_top_bar":"off","ocean_display_header":"default","ocean_header_style":"","ocean_center_header_left_menu":"0","ocean_custom_header_template":"0","ocean_custom_logo":0,"ocean_custom_retina_logo":0,"ocean_custom_logo_max_width":0,"ocean_custom_logo_tablet_max_width":0,"ocean_custom_logo_mobile_max_width":0,"ocean_custom_logo_max_height":0,"ocean_custom_logo_tablet_max_height":0,"ocean_custom_logo_mobile_max_height":0,"ocean_header_custom_menu":"0","ocean_menu_typo_font_family":"0","ocean_menu_typo_font_subset":"","ocean_menu_typo_font_size":0,"ocean_menu_typo_font_size_tablet":0,"ocean_menu_typo_font_size_mobile":0,"ocean_menu_typo_font_size_unit":"px","ocean_menu_typo_font_weight":"","ocean_menu_typo_font_weight_tablet":"","ocean_menu_typo_font_weight_mobile":"","ocean_menu_typo_transform":"","ocean_menu_typo_transform_tablet":"","ocean_menu_typo_transform_mobile":"","ocean_menu_typo_line_height":0,"ocean_menu_typo_line_height_tablet":0,"ocean_menu_typo_line_height_mobile":0,"ocean_menu_typo_line_height_unit":"","ocean_menu_typo_spacing":0,"ocean_menu_typo_spacing_tablet":0,"ocean_menu_typo_spacing_mobile":0,"ocean_menu_typo_spacing_unit":"","ocean_menu_link_color":"","ocean_menu_link_color_hover":"","ocean_menu_link_color_active":"","ocean_menu_link_background":"","ocean_menu_link_hover_background":"","ocean_menu_link_active_background":"","ocean_menu_social_links_bg":"","ocean_menu_social_hover_links_bg":"","ocean_menu_social_links_color":"","ocean_menu_social_hover_links_color":"","ocean_disable_title":"on","ocean_disable_heading":"default","ocean_post_title":"","ocean_post_subheading":"","ocean_post_title_style":"","ocean_post_title_background_color":"","ocean_post_title_background":0,"ocean_post_title_bg_image_position":"","ocean_post_title_bg_image_attachment":"","ocean_post_title_bg_image_repeat":"","ocean_post_title_bg_image_size":"","ocean_post_title_height":0,"ocean_post_title_bg_overlay":0.5,"ocean_post_title_bg_overlay_color":"","ocean_disable_breadcrumbs":"default","ocean_breadcrumbs_color":"","ocean_breadcrumbs_separator_color":"","ocean_breadcrumbs_links_color":"","ocean_breadcrumbs_links_hover_color":"","ocean_display_footer_widgets":"off","ocean_display_footer_bottom":"default","ocean_custom_footer_template":"0"},"product_brand":[],"product_cat":[203,243,83],"product_tag":[],"class_list":{"0":"post-1623","1":"product","2":"type-product","3":"status-publish","4":"has-post-thumbnail","6":"product_cat-buckelschweissgeraete","7":"product_cat-punkt-und-buckelschweissgeraete","8":"product_cat-staendermaschinen","10":"entry","11":"has-media","13":"first","14":"instock","15":"virtual","16":"purchasable","17":"product-type-simple","18":"has-product-nav","19":"col","20":"span_1_of_3","21":"owp-content-center","22":"owp-thumbs-layout-horizontal","23":"owp-btn-normal","24":"owp-tabs-layout-horizontal","25":"has-no-thumbnails"},"jetpack_sharing_enabled":true,"_links":{"self":[{"href":"https:\/\/kopie.cebotech.de\/index.php?rest_route=\/wp\/v2\/product\/1623","targetHints":{"allow":["GET"]}}],"collection":[{"href":"https:\/\/kopie.cebotech.de\/index.php?rest_route=\/wp\/v2\/product"}],"about":[{"href":"https:\/\/kopie.cebotech.de\/index.php?rest_route=\/wp\/v2\/types\/product"}],"wp:featuredmedia":[{"embeddable":true,"href":"https:\/\/kopie.cebotech.de\/index.php?rest_route=\/wp\/v2\/media\/1624"}],"wp:attachment":[{"href":"https:\/\/kopie.cebotech.de\/index.php?rest_route=%2Fwp%2Fv2%2Fmedia&parent=1623"}],"wp:term":[{"taxonomy":"product_brand","embeddable":true,"href":"https:\/\/kopie.cebotech.de\/index.php?rest_route=%2Fwp%2Fv2%2Fproduct_brand&post=1623"},{"taxonomy":"product_cat","embeddable":true,"href":"https:\/\/kopie.cebotech.de\/index.php?rest_route=%2Fwp%2Fv2%2Fproduct_cat&post=1623"},{"taxonomy":"product_tag","embeddable":true,"href":"https:\/\/kopie.cebotech.de\/index.php?rest_route=%2Fwp%2Fv2%2Fproduct_tag&post=1623"}],"curies":[{"name":"wp","href":"https:\/\/api.w.org\/{rel}","templated":true}]}}