{"id":1631,"date":"2021-10-26T09:43:57","date_gmt":"2021-10-26T09:43:57","guid":{"rendered":"https:\/\/kopie.cebotech.de\/?post_type=product&#038;p=1631"},"modified":"2022-10-26T16:40:42","modified_gmt":"2022-10-26T16:40:42","slug":"mittelfrequenz-inverter-punktschweissmaschine-in-linearausfuehrung-30-kva","status":"publish","type":"product","link":"https:\/\/kopie.cebotech.de\/?product=mittelfrequenz-inverter-punktschweissmaschine-in-linearausfuehrung-30-kva","title":{"rendered":"Mittelfrequenz Inverter Punktschwei\u00dfmaschine in Linearausf\u00fchrung 30 kVA"},"content":{"rendered":"<ul>\n<li>Elektrodenhalter aus Chromkupfer f\u00fcr Langzeitproduktion, vertikal oder schr\u00e4g montierbar<\/li>\n<li>Elektrodenarme, Elektrodenhalter und Elektroden wassergek\u00fchlt<\/li>\n<li>Epoxydharzvergossener, wassergek\u00fchlter Transformator<\/li>\n<li>Microprozessor &#8211; Steuerung TE 750 f\u00fcr Mittelfrequenz Inverter<\/li>\n<li>Zweistufiges, elektrisches Fu\u00dfpedal zum Aufsetzen\/Schwei\u00dfen<\/li>\n<li>Vorrichtung f\u00fcr zweites elektrisches, zweistufiges Fu\u00dfpedal zum direkten Abruf des 2. Schwei\u00dfprogramms (n\u00fctzlich bei verschiedenen Schwei\u00dfungen auf demselben Werkst\u00fcck)<\/li>\n<li>Schmierungsfreie Pneumatik &#8211; Bestandteile, vermeidet \u00d6lnebel<\/li>\n<li>Druckregler mit Manometer in schlaggesch\u00fctzter Lage eingebaut.<\/li>\n<li><span id=\"result_box\" class=\"long_text\"><span title=\"* Adjustable arms up to 320 mm, enabling to adjust the welder according to the work exigencies.\">Pneumatikzylinder mit Chromstahlwandung f\u00fcr Langzeitproduktionsschwei\u00dfungen, mit Verdrehsicherung<\/span><\/span><\/li>\n<li>Zylinder mit Doppelhub mit Handsteuerung<\/li>\n<\/ul>\n<div class=\"csc-header csc-header-n3\">\n<h1>Technische Daten<\/h1>\n<\/div>\n<table class=\"contenttable contenttable-0 TechnischeDaten\">\n<tbody>\n<tr class=\"tr-even tr-0\">\n<td class=\"td-0\"><\/td>\n<td class=\"td-1\">Einheit<\/td>\n<td class=\"td-2\">Art. 6022<\/td>\n<td class=\"td-last td-3\">Art. 6023<\/td>\n<\/tr>\n<tr class=\"tr-odd tr-1\">\n<td class=\"td-0\">Nennleistung bei 50%<\/td>\n<td class=\"td-1\">kVA<\/td>\n<td class=\"td-2\">30<\/td>\n<td class=\"td-last td-3\">30<\/td>\n<\/tr>\n<tr class=\"tr-even tr-2\">\n<td class=\"td-0\">Max. Schwei\u00dfleistung<\/td>\n<td class=\"td-1\">kVA<\/td>\n<td class=\"td-2\">85<\/td>\n<td class=\"td-last td-3\">85<\/td>\n<\/tr>\n<tr class=\"tr-odd tr-3\">\n<td class=\"td-0\">Max. Kurzschlussstrom<\/td>\n<td class=\"td-1\">kA<\/td>\n<td class=\"td-2\">19<\/td>\n<td class=\"td-last td-3\">19<\/td>\n<\/tr>\n<tr class=\"tr-even tr-4\">\n<td class=\"td-0\">Versorgungsspannung<\/td>\n<td class=\"td-1\">V<\/td>\n<td class=\"td-2\">400<\/td>\n<td class=\"td-last td-3\">400<\/td>\n<\/tr>\n<tr class=\"tr-odd tr-5\">\n<td class=\"td-0\">Netzfrequenz<\/td>\n<td class=\"td-1\">Hz<\/td>\n<td class=\"td-2\">50<\/td>\n<td class=\"td-last td-3\">50<\/td>\n<\/tr>\n<tr class=\"tr-even tr-6\">\n<td class=\"td-0\">Anzahl Phasen<\/td>\n<td class=\"td-1\"><\/td>\n<td class=\"td-2\">3<\/td>\n<td class=\"td-last td-3\">3<\/td>\n<\/tr>\n<tr class=\"tr-odd tr-7\">\n<td class=\"td-0\">Sekund\u00e4r-Leerlaufspannung<\/td>\n<td class=\"td-1\">V<\/td>\n<td class=\"td-2\">6,7<\/td>\n<td class=\"td-last td-3\">6,7<\/td>\n<\/tr>\n<tr class=\"tr-even tr-8\">\n<td class=\"td-0\">Elektrodenausladung<\/td>\n<td class=\"td-1\">mm<\/td>\n<td class=\"td-2\">400<\/td>\n<td class=\"td-last td-3\">500<\/td>\n<\/tr>\n<tr class=\"tr-odd tr-9\">\n<td class=\"td-0\">Maximaler Elektrodendruck bei 6 bar<\/td>\n<td class=\"td-1\">daN<\/td>\n<td class=\"td-2\">470<\/td>\n<td class=\"td-last td-3\">300<\/td>\n<\/tr>\n<tr class=\"tr-even tr-10\">\n<td class=\"td-0\">Elektrodenhub<\/td>\n<td class=\"td-1\">mm<\/td>\n<td class=\"td-2\">5 &#8211; 80<\/td>\n<td class=\"td-last td-3\">5 &#8211; 80<\/td>\n<\/tr>\n<tr class=\"tr-odd tr-11\">\n<td class=\"td-0\">Druckluftvesorgung<\/td>\n<td class=\"td-1\">bar<\/td>\n<td class=\"td-2\">6,5<\/td>\n<td class=\"td-last td-3\">6,5<\/td>\n<\/tr>\n<tr class=\"tr-even tr-12\">\n<td class=\"td-0\">Wasserk\u00fchlung bei max. 4 bar<\/td>\n<td class=\"td-1\">l\/min<\/td>\n<td class=\"td-2\">6<\/td>\n<td class=\"td-last td-3\">6<\/td>\n<\/tr>\n<tr class=\"tr-odd tr-last\">\n<td class=\"td-0\">Nettogewicht (ca.)<\/td>\n<td class=\"td-1\">kg<\/td>\n<td class=\"td-2\">185<\/td>\n<td class=\"td-last td-3\">195<\/td>\n<\/tr>\n<\/tbody>\n<\/table>\n","protected":false},"excerpt":{"rendered":"<p>Elektrodenhalter aus Chromkupfer f\u00fcr Langzeitproduktion, vertikal oder schr\u00e4g montierbar Elektrodenarme, Elektrodenhalter und Elektroden wassergek\u00fchlt Epoxydharzvergossener, wassergek\u00fchlter Transformator Microprozessor &#8211; Steuerung TE 750 f\u00fcr Mittelfrequenz Inverter Zweistufiges, elektrisches Fu\u00dfpedal zum Aufsetzen\/Schwei\u00dfen Vorrichtung f\u00fcr zweites elektrisches, zweistufiges Fu\u00dfpedal zum direkten Abruf des 2. Schwei\u00dfprogramms (n\u00fctzlich bei verschiedenen Schwei\u00dfungen auf demselben Werkst\u00fcck) Schmierungsfreie Pneumatik &#8211; Bestandteile, vermeidet \u00d6lnebel [&hellip;]<\/p>\n","protected":false},"featured_media":1632,"template":"","meta":{"ocean_post_layout":"","ocean_both_sidebars_style":"","ocean_both_sidebars_content_width":0,"ocean_both_sidebars_sidebars_width":0,"ocean_sidebar":"0","ocean_second_sidebar":"0","ocean_disable_margins":"enable","ocean_add_body_class":"","ocean_shortcode_before_top_bar":"","ocean_shortcode_after_top_bar":"","ocean_shortcode_before_header":"","ocean_shortcode_after_header":"","ocean_has_shortcode":"","ocean_shortcode_after_title":"","ocean_shortcode_before_footer_widgets":"","ocean_shortcode_after_footer_widgets":"","ocean_shortcode_before_footer_bottom":"","ocean_shortcode_after_footer_bottom":"","ocean_display_top_bar":"off","ocean_display_header":"default","ocean_header_style":"","ocean_center_header_left_menu":"0","ocean_custom_header_template":"0","ocean_custom_logo":0,"ocean_custom_retina_logo":0,"ocean_custom_logo_max_width":0,"ocean_custom_logo_tablet_max_width":0,"ocean_custom_logo_mobile_max_width":0,"ocean_custom_logo_max_height":0,"ocean_custom_logo_tablet_max_height":0,"ocean_custom_logo_mobile_max_height":0,"ocean_header_custom_menu":"0","ocean_menu_typo_font_family":"0","ocean_menu_typo_font_subset":"","ocean_menu_typo_font_size":0,"ocean_menu_typo_font_size_tablet":0,"ocean_menu_typo_font_size_mobile":0,"ocean_menu_typo_font_size_unit":"px","ocean_menu_typo_font_weight":"","ocean_menu_typo_font_weight_tablet":"","ocean_menu_typo_font_weight_mobile":"","ocean_menu_typo_transform":"","ocean_menu_typo_transform_tablet":"","ocean_menu_typo_transform_mobile":"","ocean_menu_typo_line_height":0,"ocean_menu_typo_line_height_tablet":0,"ocean_menu_typo_line_height_mobile":0,"ocean_menu_typo_line_height_unit":"","ocean_menu_typo_spacing":0,"ocean_menu_typo_spacing_tablet":0,"ocean_menu_typo_spacing_mobile":0,"ocean_menu_typo_spacing_unit":"","ocean_menu_link_color":"","ocean_menu_link_color_hover":"","ocean_menu_link_color_active":"","ocean_menu_link_background":"","ocean_menu_link_hover_background":"","ocean_menu_link_active_background":"","ocean_menu_social_links_bg":"","ocean_menu_social_hover_links_bg":"","ocean_menu_social_links_color":"","ocean_menu_social_hover_links_color":"","ocean_disable_title":"on","ocean_disable_heading":"default","ocean_post_title":"","ocean_post_subheading":"","ocean_post_title_style":"","ocean_post_title_background_color":"","ocean_post_title_background":0,"ocean_post_title_bg_image_position":"","ocean_post_title_bg_image_attachment":"","ocean_post_title_bg_image_repeat":"","ocean_post_title_bg_image_size":"","ocean_post_title_height":0,"ocean_post_title_bg_overlay":0.5,"ocean_post_title_bg_overlay_color":"","ocean_disable_breadcrumbs":"default","ocean_breadcrumbs_color":"","ocean_breadcrumbs_separator_color":"","ocean_breadcrumbs_links_color":"","ocean_breadcrumbs_links_hover_color":"","ocean_display_footer_widgets":"off","ocean_display_footer_bottom":"default","ocean_custom_footer_template":"0"},"product_brand":[],"product_cat":[243,203,83],"product_tag":[],"class_list":{"0":"post-1631","1":"product","2":"type-product","3":"status-publish","4":"has-post-thumbnail","6":"product_cat-punkt-und-buckelschweissgeraete","7":"product_cat-buckelschweissgeraete","8":"product_cat-staendermaschinen","10":"entry","11":"has-media","13":"first","14":"instock","15":"virtual","16":"purchasable","17":"product-type-simple","18":"has-product-nav","19":"col","20":"span_1_of_3","21":"owp-content-center","22":"owp-thumbs-layout-horizontal","23":"owp-btn-normal","24":"owp-tabs-layout-horizontal","25":"has-no-thumbnails"},"jetpack_sharing_enabled":true,"_links":{"self":[{"href":"https:\/\/kopie.cebotech.de\/index.php?rest_route=\/wp\/v2\/product\/1631","targetHints":{"allow":["GET"]}}],"collection":[{"href":"https:\/\/kopie.cebotech.de\/index.php?rest_route=\/wp\/v2\/product"}],"about":[{"href":"https:\/\/kopie.cebotech.de\/index.php?rest_route=\/wp\/v2\/types\/product"}],"wp:featuredmedia":[{"embeddable":true,"href":"https:\/\/kopie.cebotech.de\/index.php?rest_route=\/wp\/v2\/media\/1632"}],"wp:attachment":[{"href":"https:\/\/kopie.cebotech.de\/index.php?rest_route=%2Fwp%2Fv2%2Fmedia&parent=1631"}],"wp:term":[{"taxonomy":"product_brand","embeddable":true,"href":"https:\/\/kopie.cebotech.de\/index.php?rest_route=%2Fwp%2Fv2%2Fproduct_brand&post=1631"},{"taxonomy":"product_cat","embeddable":true,"href":"https:\/\/kopie.cebotech.de\/index.php?rest_route=%2Fwp%2Fv2%2Fproduct_cat&post=1631"},{"taxonomy":"product_tag","embeddable":true,"href":"https:\/\/kopie.cebotech.de\/index.php?rest_route=%2Fwp%2Fv2%2Fproduct_tag&post=1631"}],"curies":[{"name":"wp","href":"https:\/\/api.w.org\/{rel}","templated":true}]}}