{"id":1635,"date":"2021-10-26T12:31:41","date_gmt":"2021-10-26T12:31:41","guid":{"rendered":"https:\/\/kopie.cebotech.de\/?post_type=product&#038;p=1635"},"modified":"2022-10-26T16:40:42","modified_gmt":"2022-10-26T16:40:42","slug":"spot-6400","status":"publish","type":"product","link":"https:\/\/kopie.cebotech.de\/?product=spot-6400","title":{"rendered":"SPOT 6400"},"content":{"rendered":"<div class=\"contentelement\">\n<div id=\"c780\" class=\"csc-default\">\n<p><b>Art. Nr. 3481<\/b><\/p>\n<ul>\n<li>Multifunktions-Punktschwei\u00dfger\u00e4t 8 kVA,<\/li>\n<li>handbet\u00e4tigte Schwei\u00dfzange.<\/li>\n<\/ul>\n<p><b><br \/>\nArt. Nr. 3484<\/b><\/p>\n<ul>\n<li>Multifunktions-Punktschwei\u00dfger\u00e4t 8 kVA,<\/li>\n<li>handbet\u00e4tigte Schwei\u00dfzange<\/li>\n<li>Doppelprogramm-Steuerung.<\/li>\n<\/ul>\n<p><b><br \/>\nArt. Nr. 3487<\/b><\/p>\n<ul>\n<li>Multifunktions-Punktschwei\u00dfger\u00e4t 8 kVA,<\/li>\n<li>pneumatisch bet\u00e4tigte Schwei\u00dfzange<\/li>\n<li>Doppelprogramm-Steuerung.<\/li>\n<\/ul>\n<\/div>\n<div class=\"clearer\"><\/div>\n<\/div>\n<div class=\"contentelement\">\n<div id=\"c779\" class=\"csc-default\">\n<div class=\"csc-header csc-header-n2\">\n<h1>Technische Daten<\/h1>\n<\/div>\n<table class=\"contenttable contenttable-0 TechnischeDaten\">\n<tbody>\n<tr class=\"tr-even tr-0\">\n<td class=\"td-0\"><\/td>\n<td class=\"td-1\">Art. 3481<\/td>\n<td class=\"td-2\">Art. 3484<\/td>\n<td class=\"td-3\">Art. 3487<\/td>\n<td class=\"td-last td-4\">Art. 3487W<\/td>\n<\/tr>\n<tr class=\"tr-odd tr-1\">\n<td class=\"td-0\">Handbet\u00e4tigte Zange<\/td>\n<td class=\"td-1\">X<\/td>\n<td class=\"td-2\">X<\/td>\n<td class=\"td-3\">&#8211;<\/td>\n<td class=\"td-last td-4\">&#8211;<\/td>\n<\/tr>\n<tr class=\"tr-even tr-2\">\n<td class=\"td-0\">Pneumatische Zange<\/td>\n<td class=\"td-1\">&#8211;<\/td>\n<td class=\"td-2\">&#8211;<\/td>\n<td class=\"td-3\">x<\/td>\n<td class=\"td-last td-4\">x<\/td>\n<\/tr>\n<tr class=\"tr-odd tr-3\">\n<td class=\"td-0\">Anzahl der Programme<\/td>\n<td class=\"td-1\">1<\/td>\n<td class=\"td-2\">2<\/td>\n<td class=\"td-3\">2<\/td>\n<td class=\"td-last td-4\">2<\/td>\n<\/tr>\n<tr class=\"tr-even tr-4\">\n<td class=\"td-0\">Stromquelle<\/td>\n<td class=\"td-1\">A<\/td>\n<td class=\"td-2\">B<\/td>\n<td class=\"td-3\">C<\/td>\n<td class=\"td-last td-4\">C<\/td>\n<\/tr>\n<tr class=\"tr-odd tr-5\">\n<td class=\"td-0\">Netzanschluss<\/td>\n<td class=\"td-1\">400 V 50 Hz<\/td>\n<td class=\"td-2\">400 V 50 Hz<\/td>\n<td class=\"td-3\">400 V 50 Hz<\/td>\n<td class=\"td-last td-4\">400 V 50 Hz<\/td>\n<\/tr>\n<tr class=\"tr-even tr-6\">\n<td class=\"td-0\">Phasen<\/td>\n<td class=\"td-1\">1<\/td>\n<td class=\"td-2\">1<\/td>\n<td class=\"td-3\">1<\/td>\n<td class=\"td-last td-4\">1<\/td>\n<\/tr>\n<tr class=\"tr-odd tr-7\">\n<td class=\"td-0\">Nennleistung bei 50% kVA<\/td>\n<td class=\"td-1\">8<\/td>\n<td class=\"td-2\">8<\/td>\n<td class=\"td-3\">8<\/td>\n<td class=\"td-last td-4\">8<\/td>\n<\/tr>\n<tr class=\"tr-even tr-8\">\n<td class=\"td-0\">Maximale Schwei\u00dfleistung kVA<\/td>\n<td class=\"td-1\">35<\/td>\n<td class=\"td-2\">35<\/td>\n<td class=\"td-3\">35<\/td>\n<td class=\"td-last td-4\">35<\/td>\n<\/tr>\n<tr class=\"tr-odd tr-9\">\n<td class=\"td-0\">Kurzschlussstromleistung kA<\/td>\n<td class=\"td-1\">6,4<\/td>\n<td class=\"td-2\">6,4<\/td>\n<td class=\"td-3\">6,4<\/td>\n<td class=\"td-last td-4\">6,4<\/td>\n<\/tr>\n<tr class=\"tr-even tr-10\">\n<td class=\"td-0\">Sekund\u00e4rstrom bei 100% kA<\/td>\n<td class=\"td-1\">0,8<\/td>\n<td class=\"td-2\">0,8<\/td>\n<td class=\"td-3\">0,8<\/td>\n<td class=\"td-last td-4\">0,8<\/td>\n<\/tr>\n<tr class=\"tr-odd tr-11\">\n<td class=\"td-0\">Sekund\u00e4r &#8211; Leerlaufspannung (in V)<\/td>\n<td class=\"td-1\">7<\/td>\n<td class=\"td-2\">7<\/td>\n<td class=\"td-3\">7<\/td>\n<td class=\"td-last td-4\">7<\/td>\n<\/tr>\n<tr class=\"tr-even tr-12\">\n<td class=\"td-0\">Netzsicherung, tr\u00e4ge (in A)<\/td>\n<td class=\"td-1\">25<\/td>\n<td class=\"td-2\">25<\/td>\n<td class=\"td-3\">25<\/td>\n<td class=\"td-last td-4\">25<\/td>\n<\/tr>\n<tr class=\"tr-odd tr-13\">\n<td class=\"td-0\">Kabel Abschnitt L= 15 m (in mm\u00b2)<\/td>\n<td class=\"td-1\">3&#215;6<\/td>\n<td class=\"td-2\">3&#215;6<\/td>\n<td class=\"td-3\">3&#215;6<\/td>\n<td class=\"td-last td-4\">3&#215;6<\/td>\n<\/tr>\n<tr class=\"tr-even tr-14\">\n<td class=\"td-0\">W\u00e4rmestufe<\/td>\n<td class=\"td-1\">F<\/td>\n<td class=\"td-2\">F<\/td>\n<td class=\"td-3\">F<\/td>\n<td class=\"td-last td-4\">F<\/td>\n<\/tr>\n<tr class=\"tr-odd tr-15\">\n<td class=\"td-0\">Schutzklasse<\/td>\n<td class=\"td-1\">IP 21<\/td>\n<td class=\"td-2\">IP 21<\/td>\n<td class=\"td-3\">IP 21<\/td>\n<td class=\"td-last td-4\">IP 21<\/td>\n<\/tr>\n<tr class=\"tr-even tr-16\">\n<td class=\"td-0\">Maximaler Luftdruck (bar)<\/td>\n<td class=\"td-1\">&#8211;<\/td>\n<td class=\"td-2\">&#8211;<\/td>\n<td class=\"td-3\">8<\/td>\n<td class=\"td-last td-4\">8<\/td>\n<\/tr>\n<tr class=\"tr-odd tr-17\">\n<td class=\"td-0\">Nettogewicht (kg)<\/td>\n<td class=\"td-1\">70<\/td>\n<td class=\"td-2\">70<\/td>\n<td class=\"td-3\">70<\/td>\n<td class=\"td-last td-4\">70<\/td>\n<\/tr>\n<tr class=\"tr-even tr-18\">\n<td class=\"td-0\">Bruttogewicht (kg)<\/td>\n<td class=\"td-1\">85<\/td>\n<td class=\"td-2\">85<\/td>\n<td class=\"td-3\">85<\/td>\n<td class=\"td-last td-4\">85<\/td>\n<\/tr>\n<tr class=\"tr-odd tr-last\">\n<td class=\"td-0\">Verpackung (cm)<\/td>\n<td class=\"td-1\">48x69x82<\/td>\n<td class=\"td-2\">48x69x82<\/td>\n<td class=\"td-3\">48x69x82<\/td>\n<td class=\"td-last td-4\">48x69x82<\/td>\n<\/tr>\n<\/tbody>\n<\/table>\n<\/div>\n<\/div>\n","protected":false},"excerpt":{"rendered":"<p>Art. Nr. 3481 Multifunktions-Punktschwei\u00dfger\u00e4t 8 kVA, handbet\u00e4tigte Schwei\u00dfzange. Art. Nr. 3484 Multifunktions-Punktschwei\u00dfger\u00e4t 8 kVA, handbet\u00e4tigte Schwei\u00dfzange Doppelprogramm-Steuerung. Art. Nr. 3487 Multifunktions-Punktschwei\u00dfger\u00e4t 8 kVA, pneumatisch bet\u00e4tigte Schwei\u00dfzange Doppelprogramm-Steuerung. Technische Daten Art. 3481 Art. 3484 Art. 3487 Art. 3487W Handbet\u00e4tigte Zange X X &#8211; &#8211; Pneumatische Zange &#8211; &#8211; x x Anzahl der Programme 1 2 2 [&hellip;]<\/p>\n","protected":false},"featured_media":1638,"template":"","meta":{"ocean_post_layout":"","ocean_both_sidebars_style":"","ocean_both_sidebars_content_width":0,"ocean_both_sidebars_sidebars_width":0,"ocean_sidebar":"0","ocean_second_sidebar":"0","ocean_disable_margins":"enable","ocean_add_body_class":"","ocean_shortcode_before_top_bar":"","ocean_shortcode_after_top_bar":"","ocean_shortcode_before_header":"","ocean_shortcode_after_header":"","ocean_has_shortcode":"","ocean_shortcode_after_title":"","ocean_shortcode_before_footer_widgets":"","ocean_shortcode_after_footer_widgets":"","ocean_shortcode_before_footer_bottom":"","ocean_shortcode_after_footer_bottom":"","ocean_display_top_bar":"off","ocean_display_header":"default","ocean_header_style":"","ocean_center_header_left_menu":"0","ocean_custom_header_template":"0","ocean_custom_logo":0,"ocean_custom_retina_logo":0,"ocean_custom_logo_max_width":0,"ocean_custom_logo_tablet_max_width":0,"ocean_custom_logo_mobile_max_width":0,"ocean_custom_logo_max_height":0,"ocean_custom_logo_tablet_max_height":0,"ocean_custom_logo_mobile_max_height":0,"ocean_header_custom_menu":"0","ocean_menu_typo_font_family":"0","ocean_menu_typo_font_subset":"","ocean_menu_typo_font_size":0,"ocean_menu_typo_font_size_tablet":0,"ocean_menu_typo_font_size_mobile":0,"ocean_menu_typo_font_size_unit":"px","ocean_menu_typo_font_weight":"","ocean_menu_typo_font_weight_tablet":"","ocean_menu_typo_font_weight_mobile":"","ocean_menu_typo_transform":"","ocean_menu_typo_transform_tablet":"","ocean_menu_typo_transform_mobile":"","ocean_menu_typo_line_height":0,"ocean_menu_typo_line_height_tablet":0,"ocean_menu_typo_line_height_mobile":0,"ocean_menu_typo_line_height_unit":"","ocean_menu_typo_spacing":0,"ocean_menu_typo_spacing_tablet":0,"ocean_menu_typo_spacing_mobile":0,"ocean_menu_typo_spacing_unit":"","ocean_menu_link_color":"","ocean_menu_link_color_hover":"","ocean_menu_link_color_active":"","ocean_menu_link_background":"","ocean_menu_link_hover_background":"","ocean_menu_link_active_background":"","ocean_menu_social_links_bg":"","ocean_menu_social_hover_links_bg":"","ocean_menu_social_links_color":"","ocean_menu_social_hover_links_color":"","ocean_disable_title":"on","ocean_disable_heading":"default","ocean_post_title":"","ocean_post_subheading":"","ocean_post_title_style":"","ocean_post_title_background_color":"","ocean_post_title_background":0,"ocean_post_title_bg_image_position":"","ocean_post_title_bg_image_attachment":"","ocean_post_title_bg_image_repeat":"","ocean_post_title_bg_image_size":"","ocean_post_title_height":0,"ocean_post_title_bg_overlay":0.5,"ocean_post_title_bg_overlay_color":"","ocean_disable_breadcrumbs":"default","ocean_breadcrumbs_color":"","ocean_breadcrumbs_separator_color":"","ocean_breadcrumbs_links_color":"","ocean_breadcrumbs_links_hover_color":"","ocean_display_footer_widgets":"off","ocean_display_footer_bottom":"default","ocean_custom_footer_template":"0"},"product_brand":[],"product_cat":[230,192],"product_tag":[],"class_list":{"0":"post-1635","1":"product","2":"type-product","3":"status-publish","4":"has-post-thumbnail","6":"product_cat-produkte-punktschweissen-handwerk","7":"product_cat-produkte-punktschweissen-industrie","9":"entry","10":"has-media","12":"first","13":"instock","14":"virtual","15":"purchasable","16":"product-type-simple","17":"has-product-nav","18":"col","19":"span_1_of_3","20":"owp-content-center","21":"owp-thumbs-layout-horizontal","22":"owp-btn-normal","23":"owp-tabs-layout-horizontal"},"jetpack_sharing_enabled":true,"_links":{"self":[{"href":"https:\/\/kopie.cebotech.de\/index.php?rest_route=\/wp\/v2\/product\/1635","targetHints":{"allow":["GET"]}}],"collection":[{"href":"https:\/\/kopie.cebotech.de\/index.php?rest_route=\/wp\/v2\/product"}],"about":[{"href":"https:\/\/kopie.cebotech.de\/index.php?rest_route=\/wp\/v2\/types\/product"}],"wp:featuredmedia":[{"embeddable":true,"href":"https:\/\/kopie.cebotech.de\/index.php?rest_route=\/wp\/v2\/media\/1638"}],"wp:attachment":[{"href":"https:\/\/kopie.cebotech.de\/index.php?rest_route=%2Fwp%2Fv2%2Fmedia&parent=1635"}],"wp:term":[{"taxonomy":"product_brand","embeddable":true,"href":"https:\/\/kopie.cebotech.de\/index.php?rest_route=%2Fwp%2Fv2%2Fproduct_brand&post=1635"},{"taxonomy":"product_cat","embeddable":true,"href":"https:\/\/kopie.cebotech.de\/index.php?rest_route=%2Fwp%2Fv2%2Fproduct_cat&post=1635"},{"taxonomy":"product_tag","embeddable":true,"href":"https:\/\/kopie.cebotech.de\/index.php?rest_route=%2Fwp%2Fv2%2Fproduct_tag&post=1635"}],"curies":[{"name":"wp","href":"https:\/\/api.w.org\/{rel}","templated":true}]}}