{"id":1639,"date":"2021-10-26T12:33:28","date_gmt":"2021-10-26T12:33:28","guid":{"rendered":"https:\/\/kopie.cebotech.de\/?post_type=product&#038;p=1639"},"modified":"2022-10-26T16:40:42","modified_gmt":"2022-10-26T16:40:42","slug":"spot-8000","status":"publish","type":"product","link":"https:\/\/kopie.cebotech.de\/?product=spot-8000","title":{"rendered":"SPOT 8000"},"content":{"rendered":"<div class=\"contentelement\">\n<div id=\"c775\" class=\"csc-default\">\n<div class=\"csc-textpic csc-textpic-intext-right\">\n<div class=\"csc-textpic-text\">\n<ul>\n<li>Multifunktions-Punktschwei\u00dfger\u00e4t 10 kVA,<\/li>\n<li>pneumatisch bet\u00e4tigte Schwei\u00dfzange<\/li>\n<li>Doppelprogramm-Steuerung TE 95<\/li>\n<\/ul>\n<p>Die Anlage ist ausgestattet mit:<\/p>\n<ul>\n<li>Art. 3873 extra flexiblen Schwei\u00dfkabeln L\u00e4nge = 2000 mm, 150 mm\u00b2 (Auf Anfrage wassergek\u00fchlte Kabel)<\/li>\n<li>Art. 3489 H\u00f6henverstellbarer Fahrwagen mit Ablage und Armhalter<\/li>\n<li>Standard &#8211; Armpaare L = 107 mm<\/li>\n<\/ul>\n<\/div>\n<\/div>\n<\/div>\n<div class=\"clearer\"><\/div>\n<\/div>\n<div class=\"contentelement\">\n<div id=\"c1003\" class=\"csc-default\">\n<div class=\"csc-textpic csc-textpic-intext-right-nowrap\">\n<div class=\"csc-textpic-imagewrap\"><\/div>\n<div>\n<div class=\"csc-textpic-text\">\n<div class=\"csc-textpicHeader csc-textpicHeader-25\">\n<h1>3450R &#8211; SPOT 8000 Rollnaht<\/h1>\n<\/div>\n<p>Der SPOT 8000 Art. 3450 ist auch in Rollnahtausf\u00fchrung lieferbar (Art. 3450R)<\/p>\n<p>Diese Ausf\u00fchrung zeichnet sich durch eine anwendungsspezifische Software f\u00fcr die Steuerung TE 95 aus. Verbunden mit einer speziell abgestimmten Anschlusswahl erh\u00f6ht sich der W\u00e4rmestrom (Strom bei 100% Einschaltdauer), so dass Rolln\u00e4hte ohne Probleme mehrere Meter lang sein k\u00f6nnen.<\/p>\n<\/div>\n<\/div>\n<\/div>\n<div class=\"csc-textpic-clear\"><\/div>\n<\/div>\n<div class=\"clearer\"><\/div>\n<\/div>\n<div class=\"contentelement\">\n<div id=\"c774\" class=\"csc-default\">\n<div class=\"csc-header csc-header-n3\">\n<h1>Technische Daten<\/h1>\n<\/div>\n<table class=\"contenttable contenttable-0 TechnischeDaten\">\n<tbody>\n<tr class=\"tr-even tr-0\">\n<td class=\"td-0\"><\/td>\n<td class=\"td-last td-1\">Art. 3450<\/td>\n<\/tr>\n<tr class=\"tr-odd tr-1\">\n<td class=\"td-0\">Netzanschluss<\/td>\n<td class=\"td-last td-1\">400 V 50 Hz<\/td>\n<\/tr>\n<tr class=\"tr-even tr-2\">\n<td class=\"td-0\">Phasen<\/td>\n<td class=\"td-last td-1\">1<\/td>\n<\/tr>\n<tr class=\"tr-odd tr-3\">\n<td class=\"td-0\">Netzsicherung, tr\u00e4ge (in A)<\/td>\n<td class=\"td-last td-1\">25<\/td>\n<\/tr>\n<tr class=\"tr-even tr-4\">\n<td class=\"td-0\">Nennleistung bei 50% kVA<\/td>\n<td class=\"td-last td-1\">10<\/td>\n<\/tr>\n<tr class=\"tr-odd tr-5\">\n<td class=\"td-0\">Maximale Schwei\u00dfleistung kVA<\/td>\n<td class=\"td-last td-1\">50<\/td>\n<\/tr>\n<tr class=\"tr-even tr-6\">\n<td class=\"td-0\">Kurzschlussstromleistung kA<\/td>\n<td class=\"td-last td-1\">8<\/td>\n<\/tr>\n<tr class=\"tr-odd tr-7\">\n<td class=\"td-0\">Sekund\u00e4rstrom bei 100% kA<\/td>\n<td class=\"td-last td-1\">0,88<\/td>\n<\/tr>\n<tr class=\"tr-even tr-8\">\n<td class=\"td-0\">Sekund\u00e4r &#8211; Leerlaufspannung (in V)<\/td>\n<td class=\"td-last td-1\">8<\/td>\n<\/tr>\n<tr class=\"tr-odd tr-9\">\n<td class=\"td-0\">Kabel Abschnitt L= 15 m (in mm\u00b2)<\/td>\n<td class=\"td-last td-1\">3&#215;6<\/td>\n<\/tr>\n<tr class=\"tr-even tr-10\">\n<td class=\"td-0\">W\u00e4rmestufe<\/td>\n<td class=\"td-last td-1\">F<\/td>\n<\/tr>\n<tr class=\"tr-odd tr-11\">\n<td class=\"td-0\">Schutzklasse<\/td>\n<td class=\"td-last td-1\">IP 21<\/td>\n<\/tr>\n<tr class=\"tr-even tr-12\">\n<td class=\"td-0\">Maximaler Luftdruck (bar)<\/td>\n<td class=\"td-last td-1\">8<\/td>\n<\/tr>\n<tr class=\"tr-odd tr-13\">\n<td class=\"td-0\">Nettogewicht (kg)<\/td>\n<td class=\"td-last td-1\">105<\/td>\n<\/tr>\n<tr class=\"tr-even tr-14\">\n<td class=\"td-0\">Bruttogewicht (kg)<\/td>\n<td class=\"td-last td-1\">120<\/td>\n<\/tr>\n<tr class=\"tr-odd tr-last\">\n<td class=\"td-0\">Verpackung (cm)<\/td>\n<td class=\"td-last td-1\">59x68x92<\/td>\n<\/tr>\n<\/tbody>\n<\/table>\n<\/div>\n<\/div>\n","protected":false},"excerpt":{"rendered":"<p>Multifunktions-Punktschwei\u00dfger\u00e4t 10 kVA, pneumatisch bet\u00e4tigte Schwei\u00dfzange Doppelprogramm-Steuerung TE 95 Die Anlage ist ausgestattet mit: Art. 3873 extra flexiblen Schwei\u00dfkabeln L\u00e4nge = 2000 mm, 150 mm\u00b2 (Auf Anfrage wassergek\u00fchlte Kabel) Art. 3489 H\u00f6henverstellbarer Fahrwagen mit Ablage und Armhalter Standard &#8211; Armpaare L = 107 mm 3450R &#8211; SPOT 8000 Rollnaht Der SPOT 8000 Art. 3450 ist [&hellip;]<\/p>\n","protected":false},"featured_media":1637,"template":"","meta":{"ocean_post_layout":"","ocean_both_sidebars_style":"","ocean_both_sidebars_content_width":0,"ocean_both_sidebars_sidebars_width":0,"ocean_sidebar":"0","ocean_second_sidebar":"0","ocean_disable_margins":"enable","ocean_add_body_class":"","ocean_shortcode_before_top_bar":"","ocean_shortcode_after_top_bar":"","ocean_shortcode_before_header":"","ocean_shortcode_after_header":"","ocean_has_shortcode":"","ocean_shortcode_after_title":"","ocean_shortcode_before_footer_widgets":"","ocean_shortcode_after_footer_widgets":"","ocean_shortcode_before_footer_bottom":"","ocean_shortcode_after_footer_bottom":"","ocean_display_top_bar":"off","ocean_display_header":"default","ocean_header_style":"","ocean_center_header_left_menu":"0","ocean_custom_header_template":"0","ocean_custom_logo":0,"ocean_custom_retina_logo":0,"ocean_custom_logo_max_width":0,"ocean_custom_logo_tablet_max_width":0,"ocean_custom_logo_mobile_max_width":0,"ocean_custom_logo_max_height":0,"ocean_custom_logo_tablet_max_height":0,"ocean_custom_logo_mobile_max_height":0,"ocean_header_custom_menu":"0","ocean_menu_typo_font_family":"0","ocean_menu_typo_font_subset":"","ocean_menu_typo_font_size":0,"ocean_menu_typo_font_size_tablet":0,"ocean_menu_typo_font_size_mobile":0,"ocean_menu_typo_font_size_unit":"px","ocean_menu_typo_font_weight":"","ocean_menu_typo_font_weight_tablet":"","ocean_menu_typo_font_weight_mobile":"","ocean_menu_typo_transform":"","ocean_menu_typo_transform_tablet":"","ocean_menu_typo_transform_mobile":"","ocean_menu_typo_line_height":0,"ocean_menu_typo_line_height_tablet":0,"ocean_menu_typo_line_height_mobile":0,"ocean_menu_typo_line_height_unit":"","ocean_menu_typo_spacing":0,"ocean_menu_typo_spacing_tablet":0,"ocean_menu_typo_spacing_mobile":0,"ocean_menu_typo_spacing_unit":"","ocean_menu_link_color":"","ocean_menu_link_color_hover":"","ocean_menu_link_color_active":"","ocean_menu_link_background":"","ocean_menu_link_hover_background":"","ocean_menu_link_active_background":"","ocean_menu_social_links_bg":"","ocean_menu_social_hover_links_bg":"","ocean_menu_social_links_color":"","ocean_menu_social_hover_links_color":"","ocean_disable_title":"on","ocean_disable_heading":"default","ocean_post_title":"","ocean_post_subheading":"","ocean_post_title_style":"","ocean_post_title_background_color":"","ocean_post_title_background":0,"ocean_post_title_bg_image_position":"","ocean_post_title_bg_image_attachment":"","ocean_post_title_bg_image_repeat":"","ocean_post_title_bg_image_size":"","ocean_post_title_height":0,"ocean_post_title_bg_overlay":0.5,"ocean_post_title_bg_overlay_color":"","ocean_disable_breadcrumbs":"default","ocean_breadcrumbs_color":"","ocean_breadcrumbs_separator_color":"","ocean_breadcrumbs_links_color":"","ocean_breadcrumbs_links_hover_color":"","ocean_display_footer_widgets":"off","ocean_display_footer_bottom":"default","ocean_custom_footer_template":"0"},"product_brand":[],"product_cat":[230,192],"product_tag":[],"class_list":{"0":"post-1639","1":"product","2":"type-product","3":"status-publish","4":"has-post-thumbnail","6":"product_cat-produkte-punktschweissen-handwerk","7":"product_cat-produkte-punktschweissen-industrie","9":"entry","10":"has-media","12":"first","13":"instock","14":"virtual","15":"purchasable","16":"product-type-simple","17":"has-product-nav","18":"col","19":"span_1_of_3","20":"owp-content-center","21":"owp-thumbs-layout-horizontal","22":"owp-btn-normal","23":"owp-tabs-layout-horizontal"},"jetpack_sharing_enabled":true,"_links":{"self":[{"href":"https:\/\/kopie.cebotech.de\/index.php?rest_route=\/wp\/v2\/product\/1639","targetHints":{"allow":["GET"]}}],"collection":[{"href":"https:\/\/kopie.cebotech.de\/index.php?rest_route=\/wp\/v2\/product"}],"about":[{"href":"https:\/\/kopie.cebotech.de\/index.php?rest_route=\/wp\/v2\/types\/product"}],"wp:featuredmedia":[{"embeddable":true,"href":"https:\/\/kopie.cebotech.de\/index.php?rest_route=\/wp\/v2\/media\/1637"}],"wp:attachment":[{"href":"https:\/\/kopie.cebotech.de\/index.php?rest_route=%2Fwp%2Fv2%2Fmedia&parent=1639"}],"wp:term":[{"taxonomy":"product_brand","embeddable":true,"href":"https:\/\/kopie.cebotech.de\/index.php?rest_route=%2Fwp%2Fv2%2Fproduct_brand&post=1639"},{"taxonomy":"product_cat","embeddable":true,"href":"https:\/\/kopie.cebotech.de\/index.php?rest_route=%2Fwp%2Fv2%2Fproduct_cat&post=1639"},{"taxonomy":"product_tag","embeddable":true,"href":"https:\/\/kopie.cebotech.de\/index.php?rest_route=%2Fwp%2Fv2%2Fproduct_tag&post=1639"}],"curies":[{"name":"wp","href":"https:\/\/api.w.org\/{rel}","templated":true}]}}