{"id":1643,"date":"2021-10-26T12:39:24","date_gmt":"2021-10-26T12:39:24","guid":{"rendered":"https:\/\/kopie.cebotech.de\/?post_type=product&#038;p=1643"},"modified":"2022-10-26T16:40:42","modified_gmt":"2022-10-26T16:40:42","slug":"spot-9000-inverter-evolution","status":"publish","type":"product","link":"https:\/\/kopie.cebotech.de\/?product=spot-9000-inverter-evolution","title":{"rendered":"SPOT 9000 Inverter Evolution"},"content":{"rendered":"<div class=\"csc-header csc-header-n1\">\n<h1 class=\"csc-firstHeader\">MF-Inverter mit C-Zange<\/h1>\n<\/div>\n<p>Die 3650 EVOLUTION &#8211; der Nachfolger der allgemein bekannten SPOT 9000 &#8211; zeichnet sich durch die neuartige digitale Steuerung TE 40i aus.<\/p>\n<p><b>Hier vereinen sich bew\u00e4hrte Technik und neueste Erfahrungen in der Steuerungstechnik zu einer Maschine, die den Anforderungen der modernen Werkstatt gewachsen ist!<\/b><\/p>\n<ul>\n<li>Multifunktions-Punktschwei\u00dfger\u00e4t mit Mittelfrequenz- Invertertechnik und durchg\u00e4ngiger Wasserk\u00fchlung.<\/li>\n<li>Entspricht den neusten Herstellervorschriften f\u00fcr h\u00f6herfeste, h\u00f6chstfeste und verzinkte Bleche.<\/li>\n<li>Spotter mit pneumatischer C-Zange 465 daN Anpressdruck bei allen Arml\u00e4ngen<\/li>\n<li>Durchg\u00e4ngige permanente Wasserk\u00fchlung vom Transformator \u00fcber die Kabel bis zu den Elektrodenspitzen.<\/li>\n<li>Exakt reproduzierbare Schwei\u00dfergebnisse durch Konstantstromregelung und abgespeicherte Schwei\u00dfparameter.<\/li>\n<li>Digitale Steuerung TE 40i mit abgespeicherten Parametern f\u00fcr viele Materialkombinationen. Sowie hinterlegte Programme f\u00fcr verschiedenste Spotter-Funktionen.<\/li>\n<li>Hoher Bedienkomfort durch gleichzeitigen Anschlu\u00df von Punktzangen und Multifunktionspistole, dadurch keine Umr\u00fcstzeiten.<\/li>\n<li>Sonderausstattung f\u00fcr Spezialanwendungen als Option, z.B. f\u00fcr LKW- und Omnibus-Betriebe mit wassergek\u00fchlter Sto\u00dfpunktpistole.<\/li>\n<li>Updatef\u00e4hig dank eingebauter USB-Schnittstelle<\/li>\n<li>Speicherung und Export der Schwei\u00dfparameter \u00fcber USB-Schnittstelle<\/li>\n<\/ul>\n<p>&nbsp;<\/p>\n<p><strong>Produktinformationen<\/strong> hier <a href=\"https:\/\/kopie.cebotech.de\/wp-content\/uploads\/2021\/10\/3650EVO.pdf\">downloaden<\/a>.<\/p>\n","protected":false},"excerpt":{"rendered":"<p>MF-Inverter mit C-Zange Die 3650 EVOLUTION &#8211; der Nachfolger der allgemein bekannten SPOT 9000 &#8211; zeichnet sich durch die neuartige digitale Steuerung TE 40i aus. Hier vereinen sich bew\u00e4hrte Technik und neueste Erfahrungen in der Steuerungstechnik zu einer Maschine, die den Anforderungen der modernen Werkstatt gewachsen ist! Multifunktions-Punktschwei\u00dfger\u00e4t mit Mittelfrequenz- Invertertechnik und durchg\u00e4ngiger Wasserk\u00fchlung. Entspricht [&hellip;]<\/p>\n","protected":false},"featured_media":1648,"template":"","meta":{"ocean_post_layout":"","ocean_both_sidebars_style":"","ocean_both_sidebars_content_width":0,"ocean_both_sidebars_sidebars_width":0,"ocean_sidebar":"0","ocean_second_sidebar":"0","ocean_disable_margins":"enable","ocean_add_body_class":"","ocean_shortcode_before_top_bar":"","ocean_shortcode_after_top_bar":"","ocean_shortcode_before_header":"","ocean_shortcode_after_header":"","ocean_has_shortcode":"","ocean_shortcode_after_title":"","ocean_shortcode_before_footer_widgets":"","ocean_shortcode_after_footer_widgets":"","ocean_shortcode_before_footer_bottom":"","ocean_shortcode_after_footer_bottom":"","ocean_display_top_bar":"off","ocean_display_header":"default","ocean_header_style":"","ocean_center_header_left_menu":"0","ocean_custom_header_template":"0","ocean_custom_logo":0,"ocean_custom_retina_logo":0,"ocean_custom_logo_max_width":0,"ocean_custom_logo_tablet_max_width":0,"ocean_custom_logo_mobile_max_width":0,"ocean_custom_logo_max_height":0,"ocean_custom_logo_tablet_max_height":0,"ocean_custom_logo_mobile_max_height":0,"ocean_header_custom_menu":"0","ocean_menu_typo_font_family":"0","ocean_menu_typo_font_subset":"","ocean_menu_typo_font_size":0,"ocean_menu_typo_font_size_tablet":0,"ocean_menu_typo_font_size_mobile":0,"ocean_menu_typo_font_size_unit":"px","ocean_menu_typo_font_weight":"","ocean_menu_typo_font_weight_tablet":"","ocean_menu_typo_font_weight_mobile":"","ocean_menu_typo_transform":"","ocean_menu_typo_transform_tablet":"","ocean_menu_typo_transform_mobile":"","ocean_menu_typo_line_height":0,"ocean_menu_typo_line_height_tablet":0,"ocean_menu_typo_line_height_mobile":0,"ocean_menu_typo_line_height_unit":"","ocean_menu_typo_spacing":0,"ocean_menu_typo_spacing_tablet":0,"ocean_menu_typo_spacing_mobile":0,"ocean_menu_typo_spacing_unit":"","ocean_menu_link_color":"","ocean_menu_link_color_hover":"","ocean_menu_link_color_active":"","ocean_menu_link_background":"","ocean_menu_link_hover_background":"","ocean_menu_link_active_background":"","ocean_menu_social_links_bg":"","ocean_menu_social_hover_links_bg":"","ocean_menu_social_links_color":"","ocean_menu_social_hover_links_color":"","ocean_disable_title":"on","ocean_disable_heading":"default","ocean_post_title":"","ocean_post_subheading":"","ocean_post_title_style":"","ocean_post_title_background_color":"","ocean_post_title_background":0,"ocean_post_title_bg_image_position":"","ocean_post_title_bg_image_attachment":"","ocean_post_title_bg_image_repeat":"","ocean_post_title_bg_image_size":"","ocean_post_title_height":0,"ocean_post_title_bg_overlay":0.5,"ocean_post_title_bg_overlay_color":"","ocean_disable_breadcrumbs":"default","ocean_breadcrumbs_color":"","ocean_breadcrumbs_separator_color":"","ocean_breadcrumbs_links_color":"","ocean_breadcrumbs_links_hover_color":"","ocean_display_footer_widgets":"off","ocean_display_footer_bottom":"default","ocean_custom_footer_template":"0"},"product_brand":[],"product_cat":[230,192,92,229],"product_tag":[],"class_list":{"0":"post-1643","1":"product","2":"type-product","3":"status-publish","4":"has-post-thumbnail","6":"product_cat-produkte-punktschweissen-handwerk","7":"product_cat-produkte-punktschweissen-industrie","8":"product_cat-punktschweissen-industrie","9":"product_cat-punktschweissen-handwerk","11":"entry","12":"has-media","14":"first","15":"instock","16":"virtual","17":"purchasable","18":"product-type-simple","19":"has-product-nav","20":"col","21":"span_1_of_3","22":"owp-content-center","23":"owp-thumbs-layout-horizontal","24":"owp-btn-normal","25":"owp-tabs-layout-horizontal"},"jetpack_sharing_enabled":true,"_links":{"self":[{"href":"https:\/\/kopie.cebotech.de\/index.php?rest_route=\/wp\/v2\/product\/1643","targetHints":{"allow":["GET"]}}],"collection":[{"href":"https:\/\/kopie.cebotech.de\/index.php?rest_route=\/wp\/v2\/product"}],"about":[{"href":"https:\/\/kopie.cebotech.de\/index.php?rest_route=\/wp\/v2\/types\/product"}],"wp:featuredmedia":[{"embeddable":true,"href":"https:\/\/kopie.cebotech.de\/index.php?rest_route=\/wp\/v2\/media\/1648"}],"wp:attachment":[{"href":"https:\/\/kopie.cebotech.de\/index.php?rest_route=%2Fwp%2Fv2%2Fmedia&parent=1643"}],"wp:term":[{"taxonomy":"product_brand","embeddable":true,"href":"https:\/\/kopie.cebotech.de\/index.php?rest_route=%2Fwp%2Fv2%2Fproduct_brand&post=1643"},{"taxonomy":"product_cat","embeddable":true,"href":"https:\/\/kopie.cebotech.de\/index.php?rest_route=%2Fwp%2Fv2%2Fproduct_cat&post=1643"},{"taxonomy":"product_tag","embeddable":true,"href":"https:\/\/kopie.cebotech.de\/index.php?rest_route=%2Fwp%2Fv2%2Fproduct_tag&post=1643"}],"curies":[{"name":"wp","href":"https:\/\/api.w.org\/{rel}","templated":true}]}}