{"id":1658,"date":"2021-10-26T12:52:41","date_gmt":"2021-10-26T12:52:41","guid":{"rendered":"https:\/\/kopie.cebotech.de\/?post_type=product&#038;p=1658"},"modified":"2022-10-26T16:40:42","modified_gmt":"2022-10-26T16:40:42","slug":"c-x-arm-2","status":"publish","type":"product","link":"https:\/\/kopie.cebotech.de\/?product=c-x-arm-2","title":{"rendered":"C-X-Arm"},"content":{"rendered":"<p>Dieser C-Arm bildet die X-Zangenkinematik nach.<\/p>\n<p>Damit k\u00f6nnen Sie bisher unerreicht geglaubte Ecken der Karosserie punkten.<\/p>\n<p>Sie ben\u00f6tigen keine zus\u00e4tzliche X-Zange.<\/p>\n<p>&nbsp;<\/p>\n<p>Dieser zus\u00e4tzliche C-Arm bietet Ihnen die M\u00f6glichkeit in Verbindung mit X-Elektroden die C-Zange als X-Zange zu nutzen.<\/p>\n<p>Damit sind Elektrodenl\u00e4ngen bis 500 mm m\u00f6glich.<\/p>\n<p>Fragen Sie uns nach m\u00f6glichen Formen. Wir bieten beispielsweise gekr\u00f6pfte Varianten.<\/p>\n<p>&nbsp;<\/p>\n<div class=\"contentelement\">\n<div id=\"c2668\" class=\"csc-default\">\n<div class=\"csc-header csc-header-n5\">\n<h1>Elektrodenkraft (daN) mit Standard-Zange*<\/h1>\n<\/div>\n<table class=\"contenttable contenttable-0\">\n<tbody>\n<tr class=\"tr-even tr-0\">\n<td class=\"td-0\">L\u00e4nge X-Arm (mm)<\/td>\n<td class=\"td-1\">Art.-Nr.-X-Arm<\/td>\n<td class=\"td-2\">daN bei<\/td>\n<td class=\"td-3\">8 Bar<\/td>\n<td class=\"td-4\">7 Bar<\/td>\n<td class=\"td-5\">6 Bar<\/td>\n<td class=\"td-6\">5 Bar<\/td>\n<td class=\"td-7\">4 Bar<\/td>\n<td class=\"td-last td-8\">3 Bar<\/td>\n<\/tr>\n<tr class=\"tr-odd tr-1\">\n<td class=\"td-0\">125<\/td>\n<td class=\"td-1\">5131 \/ 5131S<\/td>\n<td class=\"td-2\"><\/td>\n<td class=\"td-3\">305<\/td>\n<td class=\"td-4\">267<\/td>\n<td class=\"td-5\">229<\/td>\n<td class=\"td-6\">191<\/td>\n<td class=\"td-7\">153<\/td>\n<td class=\"td-last td-8\">115<\/td>\n<\/tr>\n<tr class=\"tr-even tr-2\">\n<td class=\"td-0\">125<\/td>\n<td class=\"td-1\">5191 \/ 5192<\/td>\n<td class=\"td-2\"><\/td>\n<td class=\"td-3\">305<\/td>\n<td class=\"td-4\">267<\/td>\n<td class=\"td-5\">229<\/td>\n<td class=\"td-6\">191<\/td>\n<td class=\"td-7\">153<\/td>\n<td class=\"td-last td-8\">115<\/td>\n<\/tr>\n<tr class=\"tr-odd tr-3\">\n<td class=\"td-0\">170<\/td>\n<td class=\"td-1\">5127<\/td>\n<td class=\"td-2\"><\/td>\n<td class=\"td-3\">231<\/td>\n<td class=\"td-4\">202<\/td>\n<td class=\"td-5\">173<\/td>\n<td class=\"td-6\">144<\/td>\n<td class=\"td-7\">116<\/td>\n<td class=\"td-last td-8\">87<\/td>\n<\/tr>\n<tr class=\"tr-even tr-4\">\n<td class=\"td-0\">250<\/td>\n<td class=\"td-1\">5128<\/td>\n<td class=\"td-2\"><\/td>\n<td class=\"td-3\">&#8211;<\/td>\n<td class=\"td-4\">141<\/td>\n<td class=\"td-5\">121<\/td>\n<td class=\"td-6\">101<\/td>\n<td class=\"td-7\">81<\/td>\n<td class=\"td-last td-8\">60<\/td>\n<\/tr>\n<tr class=\"tr-odd tr-5\">\n<td class=\"td-0\">265<\/td>\n<td class=\"td-1\">5187<\/td>\n<td class=\"td-2\"><\/td>\n<td class=\"td-3\">&#8211;<\/td>\n<td class=\"td-4\">134<\/td>\n<td class=\"td-5\">115<\/td>\n<td class=\"td-6\">95<\/td>\n<td class=\"td-7\">76<\/td>\n<td class=\"td-last td-8\">57<\/td>\n<\/tr>\n<tr class=\"tr-even tr-6\">\n<td class=\"td-0\">350<\/td>\n<td class=\"td-1\">5129<\/td>\n<td class=\"td-2\"><\/td>\n<td class=\"td-3\">&#8211;<\/td>\n<td class=\"td-4\">&#8211;<\/td>\n<td class=\"td-5\">88<\/td>\n<td class=\"td-6\">73<\/td>\n<td class=\"td-7\">59<\/td>\n<td class=\"td-last td-8\">44<\/td>\n<\/tr>\n<tr class=\"tr-odd tr-last\">\n<td class=\"td-0\">500<\/td>\n<td class=\"td-1\">5130<\/td>\n<td class=\"td-2\"><\/td>\n<td class=\"td-3\">&#8211;<\/td>\n<td class=\"td-4\">&#8211;<\/td>\n<td class=\"td-5\">62<\/td>\n<td class=\"td-6\">52<\/td>\n<td class=\"td-7\">42<\/td>\n<td class=\"td-last td-8\">31<\/td>\n<\/tr>\n<\/tbody>\n<\/table>\n<\/div>\n<div class=\"clearer\"><\/div>\n<\/div>\n<div class=\"contentelement\">\n<div id=\"c2669\" class=\"csc-default\">\n<p>*F\u00fcr die 700-daN-Zange ergeben sich andere Dr\u00fccke. bitte beachten Sie, dass hier der 8691-7-Arm zu bestellen ist.<\/p>\n<\/div>\n<\/div>\n","protected":false},"excerpt":{"rendered":"<p>Dieser C-Arm bildet die X-Zangenkinematik nach. Damit k\u00f6nnen Sie bisher unerreicht geglaubte Ecken der Karosserie punkten. Sie ben\u00f6tigen keine zus\u00e4tzliche X-Zange. &nbsp; Dieser zus\u00e4tzliche C-Arm bietet Ihnen die M\u00f6glichkeit in Verbindung mit X-Elektroden die C-Zange als X-Zange zu nutzen. Damit sind Elektrodenl\u00e4ngen bis 500 mm m\u00f6glich. Fragen Sie uns nach m\u00f6glichen Formen. Wir bieten beispielsweise [&hellip;]<\/p>\n","protected":false},"featured_media":1662,"template":"","meta":{"ocean_post_layout":"","ocean_both_sidebars_style":"","ocean_both_sidebars_content_width":0,"ocean_both_sidebars_sidebars_width":0,"ocean_sidebar":"0","ocean_second_sidebar":"0","ocean_disable_margins":"enable","ocean_add_body_class":"","ocean_shortcode_before_top_bar":"","ocean_shortcode_after_top_bar":"","ocean_shortcode_before_header":"","ocean_shortcode_after_header":"","ocean_has_shortcode":"","ocean_shortcode_after_title":"","ocean_shortcode_before_footer_widgets":"","ocean_shortcode_after_footer_widgets":"","ocean_shortcode_before_footer_bottom":"","ocean_shortcode_after_footer_bottom":"","ocean_display_top_bar":"default","ocean_display_header":"default","ocean_header_style":"","ocean_center_header_left_menu":"0","ocean_custom_header_template":"0","ocean_custom_logo":0,"ocean_custom_retina_logo":0,"ocean_custom_logo_max_width":0,"ocean_custom_logo_tablet_max_width":0,"ocean_custom_logo_mobile_max_width":0,"ocean_custom_logo_max_height":0,"ocean_custom_logo_tablet_max_height":0,"ocean_custom_logo_mobile_max_height":0,"ocean_header_custom_menu":"0","ocean_menu_typo_font_family":"0","ocean_menu_typo_font_subset":"","ocean_menu_typo_font_size":0,"ocean_menu_typo_font_size_tablet":0,"ocean_menu_typo_font_size_mobile":0,"ocean_menu_typo_font_size_unit":"px","ocean_menu_typo_font_weight":"","ocean_menu_typo_font_weight_tablet":"","ocean_menu_typo_font_weight_mobile":"","ocean_menu_typo_transform":"","ocean_menu_typo_transform_tablet":"","ocean_menu_typo_transform_mobile":"","ocean_menu_typo_line_height":0,"ocean_menu_typo_line_height_tablet":0,"ocean_menu_typo_line_height_mobile":0,"ocean_menu_typo_line_height_unit":"","ocean_menu_typo_spacing":0,"ocean_menu_typo_spacing_tablet":0,"ocean_menu_typo_spacing_mobile":0,"ocean_menu_typo_spacing_unit":"","ocean_menu_link_color":"","ocean_menu_link_color_hover":"","ocean_menu_link_color_active":"","ocean_menu_link_background":"","ocean_menu_link_hover_background":"","ocean_menu_link_active_background":"","ocean_menu_social_links_bg":"","ocean_menu_social_hover_links_bg":"","ocean_menu_social_links_color":"","ocean_menu_social_hover_links_color":"","ocean_disable_title":"default","ocean_disable_heading":"default","ocean_post_title":"","ocean_post_subheading":"","ocean_post_title_style":"","ocean_post_title_background_color":"","ocean_post_title_background":0,"ocean_post_title_bg_image_position":"","ocean_post_title_bg_image_attachment":"","ocean_post_title_bg_image_repeat":"","ocean_post_title_bg_image_size":"","ocean_post_title_height":0,"ocean_post_title_bg_overlay":0.5,"ocean_post_title_bg_overlay_color":"","ocean_disable_breadcrumbs":"default","ocean_breadcrumbs_color":"","ocean_breadcrumbs_separator_color":"","ocean_breadcrumbs_links_color":"","ocean_breadcrumbs_links_hover_color":"","ocean_display_footer_widgets":"default","ocean_display_footer_bottom":"default","ocean_custom_footer_template":"0"},"product_brand":[],"product_cat":[124],"product_tag":[],"class_list":{"0":"post-1658","1":"product","2":"type-product","3":"status-publish","4":"has-post-thumbnail","6":"product_cat-zubehoer-verschleissteile-punktschweissen-automotive","8":"entry","9":"has-media","11":"first","12":"instock","13":"virtual","14":"purchasable","15":"product-type-simple","16":"has-product-nav","17":"col","18":"span_1_of_3","19":"owp-content-center","20":"owp-thumbs-layout-horizontal","21":"owp-btn-normal","22":"owp-tabs-layout-horizontal"},"jetpack_sharing_enabled":true,"_links":{"self":[{"href":"https:\/\/kopie.cebotech.de\/index.php?rest_route=\/wp\/v2\/product\/1658","targetHints":{"allow":["GET"]}}],"collection":[{"href":"https:\/\/kopie.cebotech.de\/index.php?rest_route=\/wp\/v2\/product"}],"about":[{"href":"https:\/\/kopie.cebotech.de\/index.php?rest_route=\/wp\/v2\/types\/product"}],"wp:featuredmedia":[{"embeddable":true,"href":"https:\/\/kopie.cebotech.de\/index.php?rest_route=\/wp\/v2\/media\/1662"}],"wp:attachment":[{"href":"https:\/\/kopie.cebotech.de\/index.php?rest_route=%2Fwp%2Fv2%2Fmedia&parent=1658"}],"wp:term":[{"taxonomy":"product_brand","embeddable":true,"href":"https:\/\/kopie.cebotech.de\/index.php?rest_route=%2Fwp%2Fv2%2Fproduct_brand&post=1658"},{"taxonomy":"product_cat","embeddable":true,"href":"https:\/\/kopie.cebotech.de\/index.php?rest_route=%2Fwp%2Fv2%2Fproduct_cat&post=1658"},{"taxonomy":"product_tag","embeddable":true,"href":"https:\/\/kopie.cebotech.de\/index.php?rest_route=%2Fwp%2Fv2%2Fproduct_tag&post=1658"}],"curies":[{"name":"wp","href":"https:\/\/api.w.org\/{rel}","templated":true}]}}