{"id":1730,"date":"2021-10-26T13:54:20","date_gmt":"2021-10-26T13:54:20","guid":{"rendered":"https:\/\/kopie.cebotech.de\/?post_type=product&#038;p=1730"},"modified":"2022-10-26T16:40:29","modified_gmt":"2022-10-26T16:40:29","slug":"cp-200","status":"publish","type":"product","link":"https:\/\/kopie.cebotech.de\/?product=cp-200","title":{"rendered":"CP 200"},"content":{"rendered":"<h1>Original CEBORA Plasmabrennerpaket mit Hochfrequenzz\u00fcndung<\/h1>\n<div class=\"contentelement\">\n<div id=\"c1871\" class=\"csc-default\">\n<div class=\"csc-header csc-header-n3\">\n<h3>Beschriftung<\/h3>\n<\/div>\n<table class=\"contenttable contenttable-0\">\n<tbody>\n<tr class=\"tr-even tr-0\">\n<td class=\"td-0\">Artikel<\/td>\n<td class=\"td-1\">Bezeichnung<\/td>\n<td class=\"td-2\">f\u00fcr Artikel<\/td>\n<td class=\"td-last td-3\">Pos.<\/td>\n<\/tr>\n<tr class=\"tr-odd tr-1\">\n<td class=\"td-0\">1357<\/td>\n<td class=\"td-1\">Maschinenbrennerkopf<\/td>\n<td class=\"td-2\">1234 &#8211; 1234.10<\/td>\n<td class=\"td-last td-3\">1<\/td>\n<\/tr>\n<tr class=\"tr-even tr-2\">\n<td class=\"td-0\">1355<\/td>\n<td class=\"td-1\">Handbrennerkopf<\/td>\n<td class=\"td-2\">1232 &#8211; 1232.10<\/td>\n<td class=\"td-last td-3\">2<\/td>\n<\/tr>\n<tr class=\"tr-odd tr-3\">\n<td class=\"td-0\">1367<\/td>\n<td class=\"td-1\">Elektrode, kurz (10 St.),von 20 &#8211; 200 Amp.<\/td>\n<td class=\"td-2\">1232-1232.10<\/td>\n<td class=\"td-last td-3\"><\/td>\n<\/tr>\n<tr class=\"tr-even tr-4\">\n<td class=\"td-0\"><\/td>\n<td class=\"td-1\"><\/td>\n<td class=\"td-2\">1234-1234.10<\/td>\n<td class=\"td-last td-3\">3<\/td>\n<\/tr>\n<tr class=\"tr-odd tr-5\">\n<td class=\"td-0\">1840<\/td>\n<td class=\"td-1\">D\u00fcse, kurz \u00f8 1,0mm (10 St.),zum Kontakt-Schneiden,von 20 &#8211; 50 Amp.<\/td>\n<td class=\"td-2\">1232-1232.10<\/td>\n<td class=\"td-last td-3\">4<\/td>\n<\/tr>\n<tr class=\"tr-even tr-6\">\n<td class=\"td-0\">1842<\/td>\n<td class=\"td-1\">D\u00fcse, kurz, \u00f8 1,0 mm (10 St.),von 20 &#8211; 50 Amp.<\/td>\n<td class=\"td-2\">1232-1232.10<\/td>\n<td class=\"td-last td-3\"><\/td>\n<\/tr>\n<tr class=\"tr-odd tr-7\">\n<td class=\"td-0\"><\/td>\n<td class=\"td-1\"><\/td>\n<td class=\"td-2\">1234-1234.10<\/td>\n<td class=\"td-last td-3\">4<\/td>\n<\/tr>\n<tr class=\"tr-even tr-8\">\n<td class=\"td-0\">1843<\/td>\n<td class=\"td-1\">D\u00fcse, kurz \u00f8 1.3 mm (10 St.),von 40 &#8211; 90 Amp.<\/td>\n<td class=\"td-2\">1232-1232.10<\/td>\n<td class=\"td-last td-3\"><\/td>\n<\/tr>\n<tr class=\"tr-odd tr-9\">\n<td class=\"td-0\"><\/td>\n<td class=\"td-1\"><\/td>\n<td class=\"td-2\">1234-1234.10<\/td>\n<td class=\"td-last td-3\">4<\/td>\n<\/tr>\n<tr class=\"tr-even tr-10\">\n<td class=\"td-0\">1844<\/td>\n<td class=\"td-1\">D\u00fcse, kurz \u00f8 1.6 mm (10 St.),von 80 &#8211; 120 Amp.<\/td>\n<td class=\"td-2\">1232-1232.10<\/td>\n<td class=\"td-last td-3\"><\/td>\n<\/tr>\n<tr class=\"tr-odd tr-11\">\n<td class=\"td-0\"><\/td>\n<td class=\"td-1\"><\/td>\n<td class=\"td-2\">1234-1234.10<\/td>\n<td class=\"td-last td-3\">4<\/td>\n<\/tr>\n<tr class=\"tr-even tr-12\">\n<td class=\"td-0\">1845<\/td>\n<td class=\"td-1\">D\u00fcse, kurz \u00f8 1.8 mm (10 St.),von 110 &#8211; 150 Amp.<\/td>\n<td class=\"td-2\">1232-1232.10<\/td>\n<td class=\"td-last td-3\"><\/td>\n<\/tr>\n<tr class=\"tr-odd tr-13\">\n<td class=\"td-0\"><\/td>\n<td class=\"td-1\"><\/td>\n<td class=\"td-2\">1234-1234.10<\/td>\n<td class=\"td-last td-3\">4<\/td>\n<\/tr>\n<tr class=\"tr-even tr-14\">\n<td class=\"td-0\">1846<\/td>\n<td class=\"td-1\">Fugenhobel-D\u00fcse \u00f8 3,0 (5 St.)<\/td>\n<td class=\"td-2\">1232-1232.10<\/td>\n<td class=\"td-last td-3\">4<\/td>\n<\/tr>\n<tr class=\"tr-odd tr-15\">\n<td class=\"td-0\">1905<\/td>\n<td class=\"td-1\">D\u00fcsenhalter<\/td>\n<td class=\"td-2\">1232-1232.10<\/td>\n<td class=\"td-last td-3\"><\/td>\n<\/tr>\n<tr class=\"tr-even tr-16\">\n<td class=\"td-0\"><\/td>\n<td class=\"td-1\"><\/td>\n<td class=\"td-2\">1234-1234.10<\/td>\n<td class=\"td-last td-3\">5<\/td>\n<\/tr>\n<tr class=\"tr-odd tr-17\">\n<td class=\"td-0\">1386<\/td>\n<td class=\"td-1\">Abstandsfeder (5 St.)<\/td>\n<td class=\"td-2\">1232-1232.10<\/td>\n<td class=\"td-last td-3\">6<\/td>\n<\/tr>\n<tr class=\"tr-even tr-18\">\n<td class=\"td-0\">1416<\/td>\n<td class=\"td-1\">Abstandsst\u00fcck &#8211; 2 Spitzen (3 St.)<\/td>\n<td class=\"td-2\">1232-1232.10<\/td>\n<td class=\"td-last td-3\">7<\/td>\n<\/tr>\n<tr class=\"tr-odd tr-19\">\n<td class=\"td-0\">1508<\/td>\n<td class=\"td-1\">Abzieher f\u00fcr Elektrode<\/td>\n<td class=\"td-2\">1232-1232.10<\/td>\n<td class=\"td-last td-3\"><\/td>\n<\/tr>\n<tr class=\"tr-even tr-last\">\n<td class=\"td-0\"><\/td>\n<td class=\"td-1\"><\/td>\n<td class=\"td-2\">1234-1234.10<\/td>\n<td class=\"td-last td-3\">8<\/td>\n<\/tr>\n<\/tbody>\n<\/table>\n<\/div>\n<div class=\"clearer\"><\/div>\n<\/div>\n<div class=\"contentelement\">\n<div id=\"c1785\" class=\"csc-default\"><\/div>\n<div class=\"clearer\"><\/div>\n<\/div>\n<div class=\"contentelement\">\n<div id=\"c1872\" class=\"csc-default\">\n<div class=\"csc-header csc-header-n5\">\n<h3>CP 200 Varianten<\/h3>\n<\/div>\n<table class=\"contenttable contenttable-0\">\n<tbody>\n<tr class=\"tr-even tr-0\">\n<td class=\"td-0\">Brenner<\/td>\n<td class=\"td-1\">Art.<\/td>\n<td class=\"td-2\">L\u00e4nge<\/td>\n<td class=\"td-3\">Typ<\/td>\n<td class=\"td-4\">Anschluss<\/td>\n<td class=\"td-last td-5\">F\u00fcr Art.<\/td>\n<\/tr>\n<tr class=\"tr-odd tr-1\">\n<td class=\"td-0\">CP200 MAC<\/td>\n<td class=\"td-1\">1232<\/td>\n<td class=\"td-2\">6<\/td>\n<td class=\"td-3\">Handbrenner<\/td>\n<td class=\"td-4\">Zentral<\/td>\n<td class=\"td-last td-5\">Art. 952 &#8211; Plasma Prof 162<\/td>\n<\/tr>\n<tr class=\"tr-even tr-2\">\n<td class=\"td-0\"><\/td>\n<td class=\"td-1\">1232.10<\/td>\n<td class=\"td-2\">9<\/td>\n<td class=\"td-3\">Handbrenner<\/td>\n<td class=\"td-4\">Zentral<\/td>\n<td class=\"td-last td-5\">Art. 952 &#8211; Plasma Prof 162<\/td>\n<\/tr>\n<tr class=\"tr-odd tr-3\">\n<td class=\"td-0\">CP200 DAC<\/td>\n<td class=\"td-1\">1234<\/td>\n<td class=\"td-2\">6<\/td>\n<td class=\"td-3\">Maschinenbrenner<\/td>\n<td class=\"td-4\">Zentral<\/td>\n<td class=\"td-last td-5\">Art. 952 &#8211; Plasma Prof 162<\/td>\n<\/tr>\n<tr class=\"tr-even tr-4\">\n<td class=\"td-0\"><\/td>\n<td class=\"td-1\">1234.10<\/td>\n<td class=\"td-2\">9<\/td>\n<td class=\"td-3\">Maschinenbrenner<\/td>\n<td class=\"td-4\">Zentral<\/td>\n<td class=\"td-last td-5\">Art. 952 &#8211; Plasma Prof 162<\/td>\n<\/tr>\n<tr class=\"tr-odd tr-last\">\n<td class=\"td-0\"><\/td>\n<td class=\"td-1\">1235<\/td>\n<td class=\"td-2\">4<\/td>\n<td class=\"td-3\">Maschinenbrenner<\/td>\n<td class=\"td-4\">Zentral<\/td>\n<td class=\"td-last td-5\">Art. 952 &#8211; Plasma Prof 162 + HV16<\/td>\n<\/tr>\n<\/tbody>\n<\/table>\n<\/div>\n<\/div>\n","protected":false},"excerpt":{"rendered":"<p>Original CEBORA Plasmabrennerpaket mit Hochfrequenzz\u00fcndung Beschriftung Artikel Bezeichnung f\u00fcr Artikel Pos. 1357 Maschinenbrennerkopf 1234 &#8211; 1234.10 1 1355 Handbrennerkopf 1232 &#8211; 1232.10 2 1367 Elektrode, kurz (10 St.),von 20 &#8211; 200 Amp. 1232-1232.10 1234-1234.10 3 1840 D\u00fcse, kurz \u00f8 1,0mm (10 St.),zum Kontakt-Schneiden,von 20 &#8211; 50 Amp. 1232-1232.10 4 1842 D\u00fcse, kurz, \u00f8 1,0 mm [&hellip;]<\/p>\n","protected":false},"featured_media":1733,"template":"","meta":{"ocean_post_layout":"","ocean_both_sidebars_style":"","ocean_both_sidebars_content_width":0,"ocean_both_sidebars_sidebars_width":0,"ocean_sidebar":"0","ocean_second_sidebar":"0","ocean_disable_margins":"enable","ocean_add_body_class":"","ocean_shortcode_before_top_bar":"","ocean_shortcode_after_top_bar":"","ocean_shortcode_before_header":"","ocean_shortcode_after_header":"","ocean_has_shortcode":"","ocean_shortcode_after_title":"","ocean_shortcode_before_footer_widgets":"","ocean_shortcode_after_footer_widgets":"","ocean_shortcode_before_footer_bottom":"","ocean_shortcode_after_footer_bottom":"","ocean_display_top_bar":"default","ocean_display_header":"default","ocean_header_style":"","ocean_center_header_left_menu":"0","ocean_custom_header_template":"0","ocean_custom_logo":0,"ocean_custom_retina_logo":0,"ocean_custom_logo_max_width":0,"ocean_custom_logo_tablet_max_width":0,"ocean_custom_logo_mobile_max_width":0,"ocean_custom_logo_max_height":0,"ocean_custom_logo_tablet_max_height":0,"ocean_custom_logo_mobile_max_height":0,"ocean_header_custom_menu":"0","ocean_menu_typo_font_family":"0","ocean_menu_typo_font_subset":"","ocean_menu_typo_font_size":0,"ocean_menu_typo_font_size_tablet":0,"ocean_menu_typo_font_size_mobile":0,"ocean_menu_typo_font_size_unit":"px","ocean_menu_typo_font_weight":"","ocean_menu_typo_font_weight_tablet":"","ocean_menu_typo_font_weight_mobile":"","ocean_menu_typo_transform":"","ocean_menu_typo_transform_tablet":"","ocean_menu_typo_transform_mobile":"","ocean_menu_typo_line_height":0,"ocean_menu_typo_line_height_tablet":0,"ocean_menu_typo_line_height_mobile":0,"ocean_menu_typo_line_height_unit":"","ocean_menu_typo_spacing":0,"ocean_menu_typo_spacing_tablet":0,"ocean_menu_typo_spacing_mobile":0,"ocean_menu_typo_spacing_unit":"","ocean_menu_link_color":"","ocean_menu_link_color_hover":"","ocean_menu_link_color_active":"","ocean_menu_link_background":"","ocean_menu_link_hover_background":"","ocean_menu_link_active_background":"","ocean_menu_social_links_bg":"","ocean_menu_social_hover_links_bg":"","ocean_menu_social_links_color":"","ocean_menu_social_hover_links_color":"","ocean_disable_title":"default","ocean_disable_heading":"default","ocean_post_title":"","ocean_post_subheading":"","ocean_post_title_style":"","ocean_post_title_background_color":"","ocean_post_title_background":0,"ocean_post_title_bg_image_position":"","ocean_post_title_bg_image_attachment":"","ocean_post_title_bg_image_repeat":"","ocean_post_title_bg_image_size":"","ocean_post_title_height":0,"ocean_post_title_bg_overlay":0.5,"ocean_post_title_bg_overlay_color":"","ocean_disable_breadcrumbs":"default","ocean_breadcrumbs_color":"","ocean_breadcrumbs_separator_color":"","ocean_breadcrumbs_links_color":"","ocean_breadcrumbs_links_hover_color":"","ocean_display_footer_widgets":"default","ocean_display_footer_bottom":"default","ocean_custom_footer_template":"0"},"product_brand":[],"product_cat":[227,162,54],"product_tag":[],"class_list":{"0":"post-1730","1":"product","2":"type-product","3":"status-publish","4":"has-post-thumbnail","6":"product_cat-brennerverschleissteile-plasma-handwerk","7":"product_cat-brennerverschleissteile-plasma-industrie","8":"product_cat-zubehoer-schweisstechnik-schneidtechnik","10":"entry","11":"has-media","13":"first","14":"instock","15":"shipping-taxable","16":"purchasable","17":"product-type-simple","18":"has-product-nav","19":"col","20":"span_1_of_3","21":"owp-content-center","22":"owp-thumbs-layout-horizontal","23":"owp-btn-normal","24":"owp-tabs-layout-horizontal"},"jetpack_sharing_enabled":true,"_links":{"self":[{"href":"https:\/\/kopie.cebotech.de\/index.php?rest_route=\/wp\/v2\/product\/1730","targetHints":{"allow":["GET"]}}],"collection":[{"href":"https:\/\/kopie.cebotech.de\/index.php?rest_route=\/wp\/v2\/product"}],"about":[{"href":"https:\/\/kopie.cebotech.de\/index.php?rest_route=\/wp\/v2\/types\/product"}],"wp:featuredmedia":[{"embeddable":true,"href":"https:\/\/kopie.cebotech.de\/index.php?rest_route=\/wp\/v2\/media\/1733"}],"wp:attachment":[{"href":"https:\/\/kopie.cebotech.de\/index.php?rest_route=%2Fwp%2Fv2%2Fmedia&parent=1730"}],"wp:term":[{"taxonomy":"product_brand","embeddable":true,"href":"https:\/\/kopie.cebotech.de\/index.php?rest_route=%2Fwp%2Fv2%2Fproduct_brand&post=1730"},{"taxonomy":"product_cat","embeddable":true,"href":"https:\/\/kopie.cebotech.de\/index.php?rest_route=%2Fwp%2Fv2%2Fproduct_cat&post=1730"},{"taxonomy":"product_tag","embeddable":true,"href":"https:\/\/kopie.cebotech.de\/index.php?rest_route=%2Fwp%2Fv2%2Fproduct_tag&post=1730"}],"curies":[{"name":"wp","href":"https:\/\/api.w.org\/{rel}","templated":true}]}}