{"id":1750,"date":"2021-10-26T14:12:27","date_gmt":"2021-10-26T14:12:27","guid":{"rendered":"https:\/\/kopie.cebotech.de\/?post_type=product&#038;p=1750"},"modified":"2022-10-26T16:40:29","modified_gmt":"2022-10-26T16:40:29","slug":"bravo-mig-3840-t-synergic","status":"publish","type":"product","link":"https:\/\/kopie.cebotech.de\/?product=bravo-mig-3840-t-synergic","title":{"rendered":"Bravo MIG 3840\/T Synergic"},"content":{"rendered":"<p>Die neue Baureihe CEBORA BRAVO SYNERGIC ist das Ergebnis eines neuen Produkt-Engineering-Konzepts, das einen &#8220;Product Family Look&#8221; und die Vereinheitlichung der strategischen Komponenten vorsieht. Ferner werden alle Modelle mit dem neuen Getriebemotor von Cebora mit 2 oder 4 Aluminiumrollen ausger\u00fcstet. Der im neuen Steuerkreis verwendete Mikroprozessor erlaubt auch nach langer Zeit die Aktualisierung der in der Maschine gespeicherten synergetischen Programme. Bei allen Modellen der Baureihe k\u00f6nnen alternativ drei Brennertypen verwendet werden: Mig Standard, Push Pull 2003 und Spool Gun (Verwendung der Drahtf\u00f6rderpistole Spool Gun nur im Handbetrieb). Diese Stromquellen zeichnen sich durch die f\u00fcr CEBORA typische Zuverl\u00e4ssigkeit aus und sind eine optimale L\u00f6sung sowohl f\u00fcr den Automotivebereich als auch f\u00fcr den Einsatz im leichten bis mittleren Stahlbau.<\/p>\n<p>&nbsp;<\/p>\n<p><strong>Produktinformation<\/strong> hier <a href=\"https:\/\/kopie.cebotech.de\/wp-content\/uploads\/2021\/10\/Bravo-Serie-1.pdf\">downloaden<\/a>.<\/p>\n<p><strong>Bedienungsanleitung<\/strong> hier <a href=\"https:\/\/kopie.cebotech.de\/wp-content\/uploads\/2021\/10\/istbravosynD.pdf\">downloaden<\/a>.<\/p>\n<p><strong>Explosionszeichnung<\/strong> hier <a href=\"https:\/\/kopie.cebotech.de\/wp-content\/uploads\/2021\/10\/esp581-583.pdf\">downloaden<\/a>.<\/p>\n","protected":false},"excerpt":{"rendered":"<p>Die neue Baureihe CEBORA BRAVO SYNERGIC ist das Ergebnis eines neuen Produkt-Engineering-Konzepts, das einen &#8220;Product Family Look&#8221; und die Vereinheitlichung der strategischen Komponenten vorsieht. Ferner werden alle Modelle mit dem neuen Getriebemotor von Cebora mit 2 oder 4 Aluminiumrollen ausger\u00fcstet. Der im neuen Steuerkreis verwendete Mikroprozessor erlaubt auch nach langer Zeit die Aktualisierung der in [&hellip;]<\/p>\n","protected":false},"featured_media":8820,"template":"","meta":{"ocean_post_layout":"","ocean_both_sidebars_style":"","ocean_both_sidebars_content_width":0,"ocean_both_sidebars_sidebars_width":0,"ocean_sidebar":"0","ocean_second_sidebar":"0","ocean_disable_margins":"enable","ocean_add_body_class":"","ocean_shortcode_before_top_bar":"","ocean_shortcode_after_top_bar":"","ocean_shortcode_before_header":"","ocean_shortcode_after_header":"","ocean_has_shortcode":"","ocean_shortcode_after_title":"","ocean_shortcode_before_footer_widgets":"","ocean_shortcode_after_footer_widgets":"","ocean_shortcode_before_footer_bottom":"","ocean_shortcode_after_footer_bottom":"","ocean_display_top_bar":"off","ocean_display_header":"default","ocean_header_style":"","ocean_center_header_left_menu":"0","ocean_custom_header_template":"0","ocean_custom_logo":0,"ocean_custom_retina_logo":0,"ocean_custom_logo_max_width":0,"ocean_custom_logo_tablet_max_width":0,"ocean_custom_logo_mobile_max_width":0,"ocean_custom_logo_max_height":0,"ocean_custom_logo_tablet_max_height":0,"ocean_custom_logo_mobile_max_height":0,"ocean_header_custom_menu":"0","ocean_menu_typo_font_family":"0","ocean_menu_typo_font_subset":"","ocean_menu_typo_font_size":0,"ocean_menu_typo_font_size_tablet":0,"ocean_menu_typo_font_size_mobile":0,"ocean_menu_typo_font_size_unit":"px","ocean_menu_typo_font_weight":"","ocean_menu_typo_font_weight_tablet":"","ocean_menu_typo_font_weight_mobile":"","ocean_menu_typo_transform":"","ocean_menu_typo_transform_tablet":"","ocean_menu_typo_transform_mobile":"","ocean_menu_typo_line_height":0,"ocean_menu_typo_line_height_tablet":0,"ocean_menu_typo_line_height_mobile":0,"ocean_menu_typo_line_height_unit":"","ocean_menu_typo_spacing":0,"ocean_menu_typo_spacing_tablet":0,"ocean_menu_typo_spacing_mobile":0,"ocean_menu_typo_spacing_unit":"","ocean_menu_link_color":"","ocean_menu_link_color_hover":"","ocean_menu_link_color_active":"","ocean_menu_link_background":"","ocean_menu_link_hover_background":"","ocean_menu_link_active_background":"","ocean_menu_social_links_bg":"","ocean_menu_social_hover_links_bg":"","ocean_menu_social_links_color":"","ocean_menu_social_hover_links_color":"","ocean_disable_title":"on","ocean_disable_heading":"default","ocean_post_title":"","ocean_post_subheading":"","ocean_post_title_style":"","ocean_post_title_background_color":"","ocean_post_title_background":0,"ocean_post_title_bg_image_position":"","ocean_post_title_bg_image_attachment":"","ocean_post_title_bg_image_repeat":"","ocean_post_title_bg_image_size":"","ocean_post_title_height":0,"ocean_post_title_bg_overlay":0.5,"ocean_post_title_bg_overlay_color":"","ocean_disable_breadcrumbs":"default","ocean_breadcrumbs_color":"","ocean_breadcrumbs_separator_color":"","ocean_breadcrumbs_links_color":"","ocean_breadcrumbs_links_hover_color":"","ocean_display_footer_widgets":"off","ocean_display_footer_bottom":"default","ocean_custom_footer_template":"0"},"product_brand":[],"product_cat":[213,153],"product_tag":[],"class_list":{"0":"post-1750","1":"product","2":"type-product","3":"status-publish","4":"has-post-thumbnail","6":"product_cat-produkte-mig-mag-handwerk","7":"product_cat-produkte-mig-mag-industrie","9":"entry","10":"has-media","12":"first","13":"instock","14":"virtual","15":"purchasable","16":"product-type-simple","17":"has-product-nav","18":"col","19":"span_1_of_3","20":"owp-content-center","21":"owp-thumbs-layout-horizontal","22":"owp-btn-normal","23":"owp-tabs-layout-horizontal","24":"has-no-thumbnails"},"jetpack_sharing_enabled":true,"_links":{"self":[{"href":"https:\/\/kopie.cebotech.de\/index.php?rest_route=\/wp\/v2\/product\/1750","targetHints":{"allow":["GET"]}}],"collection":[{"href":"https:\/\/kopie.cebotech.de\/index.php?rest_route=\/wp\/v2\/product"}],"about":[{"href":"https:\/\/kopie.cebotech.de\/index.php?rest_route=\/wp\/v2\/types\/product"}],"wp:featuredmedia":[{"embeddable":true,"href":"https:\/\/kopie.cebotech.de\/index.php?rest_route=\/wp\/v2\/media\/8820"}],"wp:attachment":[{"href":"https:\/\/kopie.cebotech.de\/index.php?rest_route=%2Fwp%2Fv2%2Fmedia&parent=1750"}],"wp:term":[{"taxonomy":"product_brand","embeddable":true,"href":"https:\/\/kopie.cebotech.de\/index.php?rest_route=%2Fwp%2Fv2%2Fproduct_brand&post=1750"},{"taxonomy":"product_cat","embeddable":true,"href":"https:\/\/kopie.cebotech.de\/index.php?rest_route=%2Fwp%2Fv2%2Fproduct_cat&post=1750"},{"taxonomy":"product_tag","embeddable":true,"href":"https:\/\/kopie.cebotech.de\/index.php?rest_route=%2Fwp%2Fv2%2Fproduct_tag&post=1750"}],"curies":[{"name":"wp","href":"https:\/\/api.w.org\/{rel}","templated":true}]}}