{"id":1762,"date":"2021-10-26T14:23:31","date_gmt":"2021-10-26T14:23:31","guid":{"rendered":"https:\/\/kopie.cebotech.de\/?post_type=product&#038;p=1762"},"modified":"2022-10-26T16:40:28","modified_gmt":"2022-10-26T16:40:28","slug":"evo-350tc-synergic","status":"publish","type":"product","link":"https:\/\/kopie.cebotech.de\/?product=evo-350tc-synergic","title":{"rendered":"CEBORA EVO 350TC Synergic"},"content":{"rendered":"<p>Die EVO SYNERGIC Angebotspalette ist das Ergebnis von Produktentwicklungen, die nicht nur ein gemeinsames \u201cProduktfamilienbild\u201d, sondern haupts\u00e4chlich eine Standardisierung von strategischen Komponenten beabsichtigen. Zum Beispiel gibt es nur einen Steuerkreis f\u00fcr alle EVO Modelle.<\/p>\n<p>Die EVO Produktfamilie setzt sich zusammen aus einer einphasigen Stromquelle EVO 200M SYNERGIC COMBI (Art. 622) und zwei dreiphasigen Stromquellen EVO 200T SYNERGIC (Art. 627) und EVO 350T SYNERGIC (Art. 641) von 230 A bis 400 A. Die Stromquelle Art. 622 kann auch mit F\u00fclldraht verwendet werden.<\/p>\n<p>Die Stromquelle ist ausger\u00fcstet mit einem Drahtvorschub aus Aluminium (4-Rollen Antrieb) und 16 Schwei\u00dfstufen.<\/p>\n<p>Die Stromquellen haben ein ausreichendes Angebot an Synergiekurven und sind besonders zu empfehlen zum MIG-L\u00f6ten von verzinktem Blech und hochfestem Stahl.<\/p>\n<p>Bei Nutzung der Stromquelle mit dem Cebora 2003 Push-Pull Brenner ist die EVO SYNERGIC Stromquelle auch zum Schwei\u00dfen von Aluminium geeignet: Verbunden mit dem Cebora 2003 Push-Pull Brenner werden die spezifischen Synergic-Programme, die Cebora f\u00fcr das Schwei\u00dfen von Aluminium entwickelt hat, aktiviert (beginnend ab einer Breite von \u00d8 0,6).<\/p>\n<p>Mit Hilfe des optionalen Kits Art. 136 erm\u00f6glicht der Mikroprozessor des neuen Steuerkreises, die in der Maschine gespeicherten Synergic-Programme, sogar \u00fcber einen l\u00e4ngeren Zeitraum hinweg, zu erweitern.<\/p>\n<p>Drei verschiedene Brenner-Modelle k\u00f6nnen verwendet werden: Standard MIG, Push-Pull 2003 und \u201cSpool Gun\u201d Schwei\u00dfpistole (bei der \u201cSpool Gun\u201d ist nur die manuelle Funktion aktiviert).<\/p>\n<p>Die EVO SYNERGIC Stromquelle ist zur Verwendung im Fahrzeugbau und im Metallbau (leicht\/medium) geeignet.<\/p>\n<p>Konform mit der Norm EN 61000-3-12.<\/p>\n<div id=\"heading-caratteristiche-tecniche\" class=\"panel-heading\" role=\"tab\">\n<h3 class=\"text-content\">Technische Eigenschaften:<\/h3>\n<\/div>\n<div id=\"collapse-caratteristiche-tecniche\" class=\"panel-collapse collapse in\" role=\"tabpanel\" aria-labelledby=\"heading-caratteristiche-tecniche\" aria-expanded=\"true\">\n<div class=\"panel-body\">\n<ul>\n<li>Drahtvorschub aus Aluminium mit 4 Rollen \u00d8 30 mm<\/li>\n<li>16 Leistungsstufen<\/li>\n<li>Massekabel mit Masseklemme (3,5 m &#8211; 35 mm<sup>2<\/sup>)<\/li>\n<li>Digitale Steuertafel mit Amperemeter und Verweis auf die gespeicherten Synergiekurven (Fe, rostfreier Stahl, Al, Cu-Si3)<\/li>\n<li>Ausreichendes Angebot an gespeicherten Synergiekurven f\u00fcr Dr\u00e4hte aus Eisen, rostfreiem Stahl und Aluminium sowie f\u00fcr L\u00f6tdr\u00e4hte (Kupfer-Silizium) und F\u00fclldr\u00e4hte.<\/li>\n<li>Einstellung der Funktionen Gasnachstr\u00f6men, Drahteinschleichen, Punktzeit\/Intervallzeit und R\u00fcckbrandzeit<\/li>\n<li>In Verbindung mit dem Brenner Cebora Push-Pull 2003 eignet sich die Stromquelle auch zum Schwei\u00dfen von Aluminium mit automatischer Aktivierung der spezifischen synergetischen Programme.<\/li>\n<\/ul>\n<\/div>\n<\/div>\n<div id=\"heading-interfaccia-analogica\" class=\"panel-heading\" role=\"tab\">\n<h3 class=\"text-content\">Technisches Datenblatt:<\/h3>\n<\/div>\n<div id=\"collapse-interfaccia-analogica\" class=\"panel-collapse collapse in\" role=\"tabpanel\" aria-labelledby=\"heading-interfaccia-analogica\" aria-expanded=\"true\">\n<div class=\"panel-body\">\n<table class=\"table table-bordered\">\n<thead>\n<tr>\n<th>Art.-Nr.<\/th>\n<th>641<\/th>\n<th><\/th>\n<th>Technische Daten<\/th>\n<th><\/th>\n<\/tr>\n<\/thead>\n<tbody>\n<tr>\n<td><img decoding=\"async\" class=\"image-inline\" src=\"https:\/\/welding.cebora.it\/resolveuid\/9f6f9a8eeffe4d059412e22b48d4c3a8\/@@images\/image\/mini\" alt=\"\" width=\"54\" height=\"27\" data-linktype=\"image\" data-scale=\"mini\" data-val=\"9f6f9a8eeffe4d059412e22b48d4c3a8\" \/><\/td>\n<td><strong>230 V 50\/60 Hz<\/strong><br \/>\n<strong>\u00b1 10%<\/strong><\/td>\n<td><strong>400 V<br \/>\n50\/60 Hz<br \/>\n\u00b1 10%<\/strong><\/td>\n<td colspan=\"2\">Dreiphasiger Netzanschluss<br \/>\nThree phase input<\/td>\n<\/tr>\n<tr>\n<td><img decoding=\"async\" class=\"image-inline\" src=\"https:\/\/welding.cebora.it\/resolveuid\/aa9fb4c7ab754c0c8ab119a4109b21ae\/@@images\/image\/mini\" alt=\"\" width=\"53\" height=\"28\" data-linktype=\"image\" data-scale=\"mini\" data-val=\"aa9fb4c7ab754c0c8ab119a4109b21ae\" \/><\/td>\n<td><strong>40 A<\/strong><\/td>\n<td><strong>25 A<\/strong><\/td>\n<td colspan=\"2\">Tr\u00e4ge Sicherung<br \/>\nFuse rating (slow blow)<\/td>\n<\/tr>\n<tr>\n<td><img decoding=\"async\" class=\"image-inline\" src=\"https:\/\/welding.cebora.it\/resolveuid\/ec373687815540f282f7d24c1f1e8cf7\/@@images\/image\/mini\" alt=\"\" width=\"53\" height=\"27\" data-linktype=\"image\" data-scale=\"mini\" data-val=\"ec373687815540f282f7d24c1f1e8cf7\" \/><\/td>\n<td><strong>15,9 kVA 40%<\/strong><br \/>\n<strong>10,7 kVA 60%<\/strong><br \/>\n<strong>7,6 kVA 100%<\/strong><\/td>\n<td><\/td>\n<td colspan=\"2\">Leistungsaufnahme<br \/>\nInput power<\/td>\n<\/tr>\n<tr>\n<td><img loading=\"lazy\" decoding=\"async\" class=\"image-inline\" src=\"https:\/\/welding.cebora.it\/resolveuid\/d87cb0b7ed214ccd8a347e0b0d7103ae\/@@images\/image\/mini\" alt=\"\" width=\"52\" height=\"26\" data-linktype=\"image\" data-scale=\"mini\" data-val=\"d87cb0b7ed214ccd8a347e0b0d7103ae\" \/><\/td>\n<td><strong>35 \u00f7 400 A<\/strong><\/td>\n<td><\/td>\n<td colspan=\"2\">Min. &#8211; Max. Schwei\u00dfstrom<br \/>\nMin.-max. current that can be obtained in welding<\/td>\n<\/tr>\n<tr>\n<td><img loading=\"lazy\" decoding=\"async\" class=\"image-inline\" src=\"https:\/\/welding.cebora.it\/resolveuid\/5f287f378c6e4e08b6096f49ebf6e6ec\/@@images\/image\/mini\" alt=\"\" width=\"53\" height=\"27\" data-linktype=\"image\" data-scale=\"mini\" data-val=\"5f287f378c6e4e08b6096f49ebf6e6ec\" \/><\/td>\n<td><strong>350 A 40%<\/strong><br \/>\n<strong>290 A 60%<\/strong><br \/>\n<strong>220 A 100%<\/strong><\/td>\n<td><\/td>\n<td colspan=\"2\">Einschaltdauer (10 min, 40\u00b0C)<br \/>\nGem\u00e4\u00df Norm IEC 60974-1<br \/>\nDuty Cycle (10 min.40\u00b0C)<br \/>\nAccording to IEC 60974-1<\/td>\n<\/tr>\n<tr>\n<td><img loading=\"lazy\" decoding=\"async\" class=\"image-inline\" src=\"https:\/\/welding.cebora.it\/resolveuid\/b48a9a36bc154317a1eb7ba5b6b4e2d4\/@@images\/image\/mini\" alt=\"\" width=\"54\" height=\"27\" data-linktype=\"image\" data-scale=\"mini\" data-val=\"b48a9a36bc154317a1eb7ba5b6b4e2d4\" \/><\/td>\n<td><strong>2&#215;8<\/strong><\/td>\n<td><\/td>\n<td colspan=\"2\">Anz. Schaltstufen<br \/>\nNumber of regulation steps<\/td>\n<\/tr>\n<tr>\n<td><img loading=\"lazy\" decoding=\"async\" class=\"image-inline\" src=\"https:\/\/welding.cebora.it\/resolveuid\/26bbeb57178d4c59bfa6c62d4238220e\/@@images\/image\/mini\" alt=\"\" width=\"52\" height=\"26\" data-linktype=\"image\" data-scale=\"mini\" data-val=\"26bbeb57178d4c59bfa6c62d4238220e\" \/><\/td>\n<td><strong>0,6\/0,8\/0,9\/1,0\/1,2 Fe<\/strong><br \/>\n<strong>0,6\/0,8\/0,9\/1,0\/1,2 Al<\/strong><br \/>\n<strong>0,6\/0,8\/0,9\/1,0\/1,2 rostfreier Stahl<\/strong><br \/>\n<strong>0,9 Cu-Si 3%<\/strong><\/td>\n<td><\/td>\n<td colspan=\"2\">Verwendbarer Draht<br \/>\nWire sizes that can be used<\/td>\n<\/tr>\n<tr>\n<td><img loading=\"lazy\" decoding=\"async\" class=\"image-inline\" src=\"https:\/\/welding.cebora.it\/resolveuid\/6e4c3b9cbe5941139ba0cd1e1f72e11a\/@@images\/image\/mini\" alt=\"\" width=\"55\" height=\"28\" data-linktype=\"image\" data-scale=\"mini\" data-val=\"6e4c3b9cbe5941139ba0cd1e1f72e11a\" \/><\/td>\n<td><strong>\u00d8 300 mm\/15 kg<\/strong><\/td>\n<td><\/td>\n<td colspan=\"2\">Max. Gr\u00f6\u00dfe der Drahtspule<br \/>\nMax. wire spool size<\/td>\n<\/tr>\n<tr>\n<td><img loading=\"lazy\" decoding=\"async\" class=\"image-inline\" src=\"https:\/\/welding.cebora.it\/resolveuid\/7fc4b99b597f4081b56be2726cf9af00\/@@images\/image\/mini\" alt=\"\" width=\"55\" height=\"28\" data-linktype=\"image\" data-scale=\"mini\" data-val=\"7fc4b99b597f4081b56be2726cf9af00\" \/><\/td>\n<td><strong>IP21S<\/strong><\/td>\n<td><\/td>\n<td colspan=\"2\">Schutzart<br \/>\nProtection class<\/td>\n<\/tr>\n<tr>\n<td><img loading=\"lazy\" decoding=\"async\" class=\"image-inline\" src=\"https:\/\/welding.cebora.it\/resolveuid\/6f604a610aef402bb436ba12e9209e67\/@@images\/image\/mini\" alt=\"\" width=\"57\" height=\"29\" data-linktype=\"image\" data-scale=\"mini\" data-val=\"6f604a610aef402bb436ba12e9209e67\" \/><\/td>\n<td><strong>95 kg<\/strong><\/td>\n<td><\/td>\n<td colspan=\"2\">Gewicht<br \/>\nWeight<\/td>\n<\/tr>\n<tr>\n<td><img loading=\"lazy\" decoding=\"async\" class=\"image-inline\" src=\"https:\/\/welding.cebora.it\/resolveuid\/5706e8523276461899501d2ce2f96685\/@@images\/image\/mini\" width=\"57\" height=\"29\" data-linktype=\"image\" data-scale=\"mini\" data-val=\"5706e8523276461899501d2ce2f96685\" \/><\/td>\n<td><strong>542x915x795 mm<\/strong><\/td>\n<td><\/td>\n<td colspan=\"2\">Abmessungen (BxLxH)<br \/>\nDimensions (WxLxH)<\/td>\n<\/tr>\n<\/tbody>\n<\/table>\n<p>&nbsp;<\/p>\n<\/div>\n<\/div>\n<p><strong>Produktinformation<\/strong> hier <a href=\"https:\/\/kopie.cebotech.de\/wp-content\/uploads\/2021\/10\/EVO_Synergici_-Art_622-627-641-C321_DEUTSCH_mail.pdf\">downloaden<\/a>.<\/p>\n<p><strong>Bedienungsanleitung<\/strong> hier <a href=\"https:\/\/kopie.cebotech.de\/wp-content\/uploads\/2021\/10\/Bedienungsanleitung_EVO_200M_200T_350TC_Synergic_deutsch.pdf\">downloaden<\/a>.<\/p>\n<p><strong>Explosionszeichnung<\/strong> hier <a href=\"https:\/\/kopie.cebotech.de\/wp-content\/uploads\/2021\/10\/exp_641.pdf\">downloaden<\/a>.<\/p>\n","protected":false},"excerpt":{"rendered":"<p>Die EVO SYNERGIC Angebotspalette ist das Ergebnis von Produktentwicklungen, die nicht nur ein gemeinsames \u201cProduktfamilienbild\u201d, sondern haupts\u00e4chlich eine Standardisierung von strategischen Komponenten beabsichtigen. Zum Beispiel gibt es nur einen Steuerkreis f\u00fcr alle EVO Modelle. Die EVO Produktfamilie setzt sich zusammen aus einer einphasigen Stromquelle EVO 200M SYNERGIC COMBI (Art. 622) und zwei dreiphasigen Stromquellen EVO [&hellip;]<\/p>\n","protected":false},"featured_media":7962,"template":"","meta":{"ocean_post_layout":"","ocean_both_sidebars_style":"","ocean_both_sidebars_content_width":0,"ocean_both_sidebars_sidebars_width":0,"ocean_sidebar":"0","ocean_second_sidebar":"0","ocean_disable_margins":"enable","ocean_add_body_class":"","ocean_shortcode_before_top_bar":"","ocean_shortcode_after_top_bar":"","ocean_shortcode_before_header":"","ocean_shortcode_after_header":"","ocean_has_shortcode":"","ocean_shortcode_after_title":"","ocean_shortcode_before_footer_widgets":"","ocean_shortcode_after_footer_widgets":"","ocean_shortcode_before_footer_bottom":"","ocean_shortcode_after_footer_bottom":"","ocean_display_top_bar":"off","ocean_display_header":"default","ocean_header_style":"","ocean_center_header_left_menu":"0","ocean_custom_header_template":"0","ocean_custom_logo":0,"ocean_custom_retina_logo":0,"ocean_custom_logo_max_width":0,"ocean_custom_logo_tablet_max_width":0,"ocean_custom_logo_mobile_max_width":0,"ocean_custom_logo_max_height":0,"ocean_custom_logo_tablet_max_height":0,"ocean_custom_logo_mobile_max_height":0,"ocean_header_custom_menu":"0","ocean_menu_typo_font_family":"0","ocean_menu_typo_font_subset":"","ocean_menu_typo_font_size":0,"ocean_menu_typo_font_size_tablet":0,"ocean_menu_typo_font_size_mobile":0,"ocean_menu_typo_font_size_unit":"px","ocean_menu_typo_font_weight":"","ocean_menu_typo_font_weight_tablet":"","ocean_menu_typo_font_weight_mobile":"","ocean_menu_typo_transform":"","ocean_menu_typo_transform_tablet":"","ocean_menu_typo_transform_mobile":"","ocean_menu_typo_line_height":0,"ocean_menu_typo_line_height_tablet":0,"ocean_menu_typo_line_height_mobile":0,"ocean_menu_typo_line_height_unit":"","ocean_menu_typo_spacing":0,"ocean_menu_typo_spacing_tablet":0,"ocean_menu_typo_spacing_mobile":0,"ocean_menu_typo_spacing_unit":"","ocean_menu_link_color":"","ocean_menu_link_color_hover":"","ocean_menu_link_color_active":"","ocean_menu_link_background":"","ocean_menu_link_hover_background":"","ocean_menu_link_active_background":"","ocean_menu_social_links_bg":"","ocean_menu_social_hover_links_bg":"","ocean_menu_social_links_color":"","ocean_menu_social_hover_links_color":"","ocean_disable_title":"on","ocean_disable_heading":"default","ocean_post_title":"","ocean_post_subheading":"","ocean_post_title_style":"","ocean_post_title_background_color":"","ocean_post_title_background":0,"ocean_post_title_bg_image_position":"","ocean_post_title_bg_image_attachment":"","ocean_post_title_bg_image_repeat":"","ocean_post_title_bg_image_size":"","ocean_post_title_height":0,"ocean_post_title_bg_overlay":0.5,"ocean_post_title_bg_overlay_color":"","ocean_disable_breadcrumbs":"default","ocean_breadcrumbs_color":"","ocean_breadcrumbs_separator_color":"","ocean_breadcrumbs_links_color":"","ocean_breadcrumbs_links_hover_color":"","ocean_display_footer_widgets":"off","ocean_display_footer_bottom":"default","ocean_custom_footer_template":"0"},"product_brand":[],"product_cat":[267,213,153],"product_tag":[],"class_list":{"0":"post-1762","1":"product","2":"type-product","3":"status-publish","4":"has-post-thumbnail","6":"product_cat-mig-mag-cebora-produkte","7":"product_cat-produkte-mig-mag-handwerk","8":"product_cat-produkte-mig-mag-industrie","10":"entry","11":"has-media","13":"first","14":"instock","15":"virtual","16":"purchasable","17":"product-type-simple","18":"has-product-nav","19":"col","20":"span_1_of_3","21":"owp-content-center","22":"owp-thumbs-layout-horizontal","23":"owp-btn-normal","24":"owp-tabs-layout-horizontal","25":"has-no-thumbnails"},"jetpack_sharing_enabled":true,"_links":{"self":[{"href":"https:\/\/kopie.cebotech.de\/index.php?rest_route=\/wp\/v2\/product\/1762","targetHints":{"allow":["GET"]}}],"collection":[{"href":"https:\/\/kopie.cebotech.de\/index.php?rest_route=\/wp\/v2\/product"}],"about":[{"href":"https:\/\/kopie.cebotech.de\/index.php?rest_route=\/wp\/v2\/types\/product"}],"wp:featuredmedia":[{"embeddable":true,"href":"https:\/\/kopie.cebotech.de\/index.php?rest_route=\/wp\/v2\/media\/7962"}],"wp:attachment":[{"href":"https:\/\/kopie.cebotech.de\/index.php?rest_route=%2Fwp%2Fv2%2Fmedia&parent=1762"}],"wp:term":[{"taxonomy":"product_brand","embeddable":true,"href":"https:\/\/kopie.cebotech.de\/index.php?rest_route=%2Fwp%2Fv2%2Fproduct_brand&post=1762"},{"taxonomy":"product_cat","embeddable":true,"href":"https:\/\/kopie.cebotech.de\/index.php?rest_route=%2Fwp%2Fv2%2Fproduct_cat&post=1762"},{"taxonomy":"product_tag","embeddable":true,"href":"https:\/\/kopie.cebotech.de\/index.php?rest_route=%2Fwp%2Fv2%2Fproduct_tag&post=1762"}],"curies":[{"name":"wp","href":"https:\/\/api.w.org\/{rel}","templated":true}]}}