{"id":1772,"date":"2021-10-26T14:29:21","date_gmt":"2021-10-26T14:29:21","guid":{"rendered":"https:\/\/kopie.cebotech.de\/?post_type=product&#038;p=1772"},"modified":"2022-10-26T16:40:17","modified_gmt":"2022-10-26T16:40:17","slug":"evo-450ts-synergic","status":"publish","type":"product","link":"https:\/\/kopie.cebotech.de\/?product=evo-450ts-synergic","title":{"rendered":"CEBORA EVO 450TS Synergic"},"content":{"rendered":"<p>Die EVO Synergic Angebotspalette, in der Version mit separatem Drahtvorschubkoffer, ist das Ergebnis von Produktentwicklungen, die eine Standardisierung von strategischen Komponenten beabsichtigen. Zum Beispiel gibt es nur einen Steuerkreis f\u00fcr alle EVO Modelle.<\/p>\n<p>Das EVO TS Synergic Sortiment setzt sich zusammen aus zwei dreiphasigen Stromquellen mit 350 bzw. 450 A bei 40%.<\/p>\n<p>Die zwei Stromquellen k\u00f6nnen je nach Wunsch des Kunden mit einer 2-Rollen (Art. 1652, mit 30 mm Rollendurchmesser) oder 4-Rollen (Art. 1662, mit 40 mm Rollendurchmesser) Drahtvorschubeinheit ausger\u00fcstet werden, die geeignet sind eine Drahtvorschubgeschwindigkeit von 20 bzw. 24 m\/min zu erreichen. Beide sind ausgestattet mit einem digitalen Volt-\/Amperemeter und beinhalten eine \u201cburn-back\u201d Einstelleinrichtung, die dank einem Geschwindigkeitsregler w\u00e4hrend der Lichtbogen-Abschaltung einen leichtg\u00e4ngigen Neustart f\u00f6rdert.<\/p>\n<p>Mit Hilfe des optionalen Kits Art. 136 haben die Stromquellen ein ausreichendes Angebot an Synergiekurven f\u00fcr Eisen, Edelstahl, Aluminium, MIG-L\u00f6ten und F\u00fclldrahtelektrode (der Mikroprozessor im Steuerkreis erm\u00f6glicht es, die in der Maschine gespeicherten Synergic-Programme, sogar \u00fcber einen l\u00e4ngeren Zeitraum hinweg, zu erweitern).<\/p>\n<p>Die Stromquellen sind vorgesehen f\u00fcr die optionale Wasserk\u00fchleinheit zum K\u00fchlen des Brenners.<\/p>\n<p>Beim Verwenden der Stromquelle mit dem wassergek\u00fchlten Push-Pull Brenner Cebora 2010 ist die EVO Synergic Stromquelle auch zum Schwei\u00dfen von Aluminium geeignet.<\/p>\n<p>Konform mit der Norm EN 6100-3-12.<\/p>\n<div id=\"heading-caratteristiche-tecniche\" class=\"panel-heading\" role=\"tab\">\n<h3 class=\"text-content\">Technische Eigenschaften:<\/h3>\n<\/div>\n<div id=\"collapse-caratteristiche-tecniche\" class=\"panel-collapse collapse in\" role=\"tabpanel\" aria-labelledby=\"heading-caratteristiche-tecniche\" aria-expanded=\"true\">\n<div class=\"panel-body\">\n<ul>\n<li>4-Rollen-Drahtvorschubger\u00e4t\u00a0\u00a0mit Rollendurchmesser 40 mm<\/li>\n<li>Massekabel mit Masseklemme (3,5 m &#8211; 95 mm<sup>2<\/sup>)<\/li>\n<li>Digitale Steuertafel mit Amperemeter und Verweis auf die gespeicherten Synergiekurven (Aluminium, Eisen, rostfreier Stahl, Cu-Si3)<\/li>\n<li>Sie verf\u00fcgt \u00fcber eine ausreichende Auswahl an gespeicherten Synergiekurven f\u00fcr Dr\u00e4hte aus Eisen, rostfreiem Stahl und Aluminium, Schwei\u00dfl\u00f6tdr\u00e4hte (Kupfer-Silizium) und F\u00fclldr\u00e4hte.<\/li>\n<li>Einstellung der Funktionen Gasnachstr\u00f6men, Drahteinschleichen, Punktzeit\/Intervallzeit und R\u00fcckbrandzeit<\/li>\n<li>Verwendung der luftgek\u00fchlten MIG-Brenner. F\u00fcr den schwereren Betrieb kann auf das Ger\u00e4t das optionale modulare K\u00fchlaggregat (Art. 1680) installiert werden, das die Verwendung von MIG-Brennern mit Wasserk\u00fchlung gestattet.<\/li>\n<li>In Verbindung mit dem Brenner Cebora Push-Pull 2003 eignet sich die Stromquelle auch zum Schwei\u00dfen von Aluminium mit automatischer Aktivierung der spezifischen synergetischen Programme.<\/li>\n<\/ul>\n<\/div>\n<\/div>\n<div id=\"heading-interfaccia-analogica\" class=\"panel-heading\" role=\"tab\">\n<h3 class=\"text-content\">Technisches Datenblatt:<\/h3>\n<div><\/div>\n<\/div>\n<div id=\"collapse-interfaccia-analogica\" class=\"panel-collapse collapse in\" role=\"tabpanel\" aria-labelledby=\"heading-interfaccia-analogica\" aria-expanded=\"true\">\n<div class=\"panel-body\">\n<table class=\"table table-bordered\">\n<thead>\n<tr>\n<th>Art.-Nr.<\/th>\n<th>647<\/th>\n<th><\/th>\n<th>Technische Daten<\/th>\n<th><\/th>\n<\/tr>\n<\/thead>\n<tbody>\n<tr>\n<td><img decoding=\"async\" class=\"image-inline\" src=\"https:\/\/welding.cebora.it\/resolveuid\/9f6f9a8eeffe4d059412e22b48d4c3a8\/@@images\/image\/mini\" alt=\"\" width=\"56\" height=\"28\" data-linktype=\"image\" data-scale=\"mini\" data-val=\"9f6f9a8eeffe4d059412e22b48d4c3a8\" \/><\/td>\n<td><strong>230 V 50\/60 Hz<\/strong><br \/>\n<strong>\u00b1 10%<\/strong><\/td>\n<td><strong>400 V<br \/>\n50\/60 Hz<br \/>\n\u00b1 10%<\/strong><\/td>\n<td colspan=\"2\">Dreiphasiger Netzanschluss<br \/>\nThree phase input<\/td>\n<\/tr>\n<tr>\n<td><img decoding=\"async\" class=\"image-inline\" src=\"https:\/\/welding.cebora.it\/resolveuid\/aa9fb4c7ab754c0c8ab119a4109b21ae\/@@images\/image\/mini\" alt=\"\" width=\"58\" height=\"30\" data-linktype=\"image\" data-scale=\"mini\" data-val=\"aa9fb4c7ab754c0c8ab119a4109b21ae\" \/><\/td>\n<td><strong>50 A<\/strong><\/td>\n<td><strong>32 A<\/strong><\/td>\n<td colspan=\"2\">Tr\u00e4ge Sicherung<br \/>\nFuse rating (slow blow)<\/td>\n<\/tr>\n<tr>\n<td><img decoding=\"async\" class=\"image-inline\" src=\"https:\/\/welding.cebora.it\/resolveuid\/ec373687815540f282f7d24c1f1e8cf7\/@@images\/image\/mini\" alt=\"\" width=\"57\" height=\"29\" data-linktype=\"image\" data-scale=\"mini\" data-val=\"ec373687815540f282f7d24c1f1e8cf7\" \/><\/td>\n<td><strong>23,5 kVA 40%<\/strong><br \/>\n<strong>16,6 kVA 60%<\/strong><br \/>\n<strong>11,8 kVA 100%<\/strong><\/td>\n<td>&nbsp;<\/td>\n<td colspan=\"2\">Leistungsaufnahme<br \/>\nInput power<\/td>\n<\/tr>\n<tr>\n<td><img decoding=\"async\" class=\"image-inline\" src=\"https:\/\/welding.cebora.it\/resolveuid\/d87cb0b7ed214ccd8a347e0b0d7103ae\/@@images\/image\/mini\" alt=\"\" data-linktype=\"image\" data-scale=\"mini\" data-val=\"d87cb0b7ed214ccd8a347e0b0d7103ae\" \/><\/td>\n<td><strong>40 \u00f7 500 A<\/strong><\/td>\n<td>&nbsp;<\/td>\n<td colspan=\"2\">Min. &#8211; Max. Schwei\u00dfstrom<br \/>\nMin.-max. current that can be obtained in welding<\/td>\n<\/tr>\n<tr>\n<td><img loading=\"lazy\" decoding=\"async\" class=\"image-inline\" src=\"https:\/\/welding.cebora.it\/resolveuid\/5f287f378c6e4e08b6096f49ebf6e6ec\/@@images\/image\/mini\" alt=\"\" width=\"57\" height=\"29\" data-linktype=\"image\" data-scale=\"mini\" data-val=\"5f287f378c6e4e08b6096f49ebf6e6ec\" \/><\/td>\n<td><strong>450 A 40%<\/strong><br \/>\n<strong>370 A 60%<\/strong><br \/>\n<strong>290 A 100%<\/strong><\/td>\n<td>&nbsp;<\/td>\n<td colspan=\"2\">Einschaltdauer (10 min, 40\u00b0C)<br \/>\nGem\u00e4\u00df Norm IEC 60974-1<br \/>\nDuty Cycle (10 min.40\u00b0C)<br \/>\nAccording to IEC 60974-1<\/td>\n<\/tr>\n<tr>\n<td><img loading=\"lazy\" decoding=\"async\" class=\"image-inline\" src=\"https:\/\/welding.cebora.it\/resolveuid\/b48a9a36bc154317a1eb7ba5b6b4e2d4\/@@images\/image\/mini\" alt=\"\" width=\"54\" height=\"27\" data-linktype=\"image\" data-scale=\"mini\" data-val=\"b48a9a36bc154317a1eb7ba5b6b4e2d4\" \/><\/td>\n<td><strong>4&#215;8<\/strong><\/td>\n<td>&nbsp;<\/td>\n<td colspan=\"2\">Anz. Schaltstufen<br \/>\nNumber of regulation steps<\/td>\n<\/tr>\n<tr>\n<td><img loading=\"lazy\" decoding=\"async\" class=\"image-inline\" src=\"https:\/\/welding.cebora.it\/resolveuid\/26bbeb57178d4c59bfa6c62d4238220e\/@@images\/image\/mini\" alt=\"\" width=\"54\" height=\"27\" data-linktype=\"image\" data-scale=\"mini\" data-val=\"26bbeb57178d4c59bfa6c62d4238220e\" \/><\/td>\n<td><strong>0,8\/0,9\/1,0\/1,2\/1,6 Fe<\/strong><br \/>\n<strong>0,9\/1,0\/1,2\/1,6 Al<\/strong><br \/>\n<strong>0,8\/0,9\/1,0\/1,2 rostfreier Stahl<\/strong><br \/>\n<strong>0,9 Cu-Si 3%<\/strong><br \/>\n<strong>1,2 F\u00fclldraht<\/strong><\/td>\n<td>&nbsp;<\/td>\n<td colspan=\"2\">Verwendbarer Draht<br \/>\nWire sizes that can be used<\/td>\n<\/tr>\n<tr>\n<td><img loading=\"lazy\" decoding=\"async\" class=\"image-inline\" src=\"https:\/\/welding.cebora.it\/resolveuid\/6e4c3b9cbe5941139ba0cd1e1f72e11a\/@@images\/image\/mini\" alt=\"\" width=\"61\" height=\"31\" data-linktype=\"image\" data-scale=\"mini\" data-val=\"6e4c3b9cbe5941139ba0cd1e1f72e11a\" \/><\/td>\n<td><strong>\u00d8 300 mm\/15 kg<\/strong><\/td>\n<td>&nbsp;<\/td>\n<td colspan=\"2\">Max. Gr\u00f6\u00dfe der Drahtspule<br \/>\nMax. wire spool size<\/td>\n<\/tr>\n<tr>\n<td><img loading=\"lazy\" decoding=\"async\" class=\"image-inline\" src=\"https:\/\/welding.cebora.it\/resolveuid\/7fc4b99b597f4081b56be2726cf9af00\/@@images\/image\/mini\" alt=\"\" width=\"59\" height=\"30\" data-linktype=\"image\" data-scale=\"mini\" data-val=\"7fc4b99b597f4081b56be2726cf9af00\" \/><\/td>\n<td><strong>IP21S<\/strong><\/td>\n<td>&nbsp;<\/td>\n<td colspan=\"2\">Schutzart<br \/>\nProtection class<\/td>\n<\/tr>\n<tr>\n<td><img loading=\"lazy\" decoding=\"async\" class=\"image-inline\" src=\"https:\/\/welding.cebora.it\/resolveuid\/6f604a610aef402bb436ba12e9209e67\/@@images\/image\/mini\" alt=\"\" width=\"57\" height=\"29\" data-linktype=\"image\" data-scale=\"mini\" data-val=\"6f604a610aef402bb436ba12e9209e67\" \/><\/td>\n<td><strong>125 kg<\/strong><\/td>\n<td>&nbsp;<\/td>\n<td colspan=\"2\">Gewicht<br \/>\nWeight<\/td>\n<\/tr>\n<tr>\n<td><img loading=\"lazy\" decoding=\"async\" class=\"image-inline\" src=\"https:\/\/welding.cebora.it\/resolveuid\/5706e8523276461899501d2ce2f96685\/@@images\/image\/mini\" alt=\"\" width=\"57\" height=\"29\" data-linktype=\"image\" data-scale=\"mini\" data-val=\"5706e8523276461899501d2ce2f96685\" \/><\/td>\n<td><strong>615x975x900 mm<\/strong><\/td>\n<td>&nbsp;<\/td>\n<td colspan=\"2\">Abmessungen (BxLxH)<br \/>\nDimensions (WxLxH)<\/td>\n<\/tr>\n<\/tbody>\n<\/table>\n<p>#<\/p><\/div>\n<\/div>\n<p><strong>Produktinformation<\/strong> hier <a href=\"https:\/\/kopie.cebotech.de\/wp-content\/uploads\/2021\/10\/Pros-EVO_Synergiche_carrellate_Art643-647-C331_DEUTSCH_mail.pdf\">downloaden<\/a>.<\/p>\n<p><strong>Bedienungsanleitung<\/strong> hier <a href=\"https:\/\/kopie.cebotech.de\/wp-content\/uploads\/2021\/10\/Bedienungsanleitung_11_sprachig_EVO_450_TS_Synergic.pdf\">downloaden<\/a>.<\/p>\n<p><strong>Explosionszeichnung<\/strong> hier <a href=\"https:\/\/kopie.cebotech.de\/wp-content\/uploads\/2021\/10\/exp_647.pdf\">downloaden<\/a>.<\/p>\n","protected":false},"excerpt":{"rendered":"<p>Die EVO Synergic Angebotspalette, in der Version mit separatem Drahtvorschubkoffer, ist das Ergebnis von Produktentwicklungen, die eine Standardisierung von strategischen Komponenten beabsichtigen. Zum Beispiel gibt es nur einen Steuerkreis f\u00fcr alle EVO Modelle. Das EVO TS Synergic Sortiment setzt sich zusammen aus zwei dreiphasigen Stromquellen mit 350 bzw. 450 A bei 40%. Die zwei Stromquellen [&hellip;]<\/p>\n","protected":false},"featured_media":1768,"template":"","meta":{"ocean_post_layout":"","ocean_both_sidebars_style":"","ocean_both_sidebars_content_width":0,"ocean_both_sidebars_sidebars_width":0,"ocean_sidebar":"0","ocean_second_sidebar":"0","ocean_disable_margins":"enable","ocean_add_body_class":"","ocean_shortcode_before_top_bar":"","ocean_shortcode_after_top_bar":"","ocean_shortcode_before_header":"","ocean_shortcode_after_header":"","ocean_has_shortcode":"","ocean_shortcode_after_title":"","ocean_shortcode_before_footer_widgets":"","ocean_shortcode_after_footer_widgets":"","ocean_shortcode_before_footer_bottom":"","ocean_shortcode_after_footer_bottom":"","ocean_display_top_bar":"off","ocean_display_header":"default","ocean_header_style":"","ocean_center_header_left_menu":"0","ocean_custom_header_template":"0","ocean_custom_logo":0,"ocean_custom_retina_logo":0,"ocean_custom_logo_max_width":0,"ocean_custom_logo_tablet_max_width":0,"ocean_custom_logo_mobile_max_width":0,"ocean_custom_logo_max_height":0,"ocean_custom_logo_tablet_max_height":0,"ocean_custom_logo_mobile_max_height":0,"ocean_header_custom_menu":"0","ocean_menu_typo_font_family":"0","ocean_menu_typo_font_subset":"","ocean_menu_typo_font_size":0,"ocean_menu_typo_font_size_tablet":0,"ocean_menu_typo_font_size_mobile":0,"ocean_menu_typo_font_size_unit":"px","ocean_menu_typo_font_weight":"","ocean_menu_typo_font_weight_tablet":"","ocean_menu_typo_font_weight_mobile":"","ocean_menu_typo_transform":"","ocean_menu_typo_transform_tablet":"","ocean_menu_typo_transform_mobile":"","ocean_menu_typo_line_height":0,"ocean_menu_typo_line_height_tablet":0,"ocean_menu_typo_line_height_mobile":0,"ocean_menu_typo_line_height_unit":"","ocean_menu_typo_spacing":0,"ocean_menu_typo_spacing_tablet":0,"ocean_menu_typo_spacing_mobile":0,"ocean_menu_typo_spacing_unit":"","ocean_menu_link_color":"","ocean_menu_link_color_hover":"","ocean_menu_link_color_active":"","ocean_menu_link_background":"","ocean_menu_link_hover_background":"","ocean_menu_link_active_background":"","ocean_menu_social_links_bg":"","ocean_menu_social_hover_links_bg":"","ocean_menu_social_links_color":"","ocean_menu_social_hover_links_color":"","ocean_disable_title":"on","ocean_disable_heading":"default","ocean_post_title":"","ocean_post_subheading":"","ocean_post_title_style":"","ocean_post_title_background_color":"","ocean_post_title_background":0,"ocean_post_title_bg_image_position":"","ocean_post_title_bg_image_attachment":"","ocean_post_title_bg_image_repeat":"","ocean_post_title_bg_image_size":"","ocean_post_title_height":0,"ocean_post_title_bg_overlay":0.5,"ocean_post_title_bg_overlay_color":"","ocean_disable_breadcrumbs":"default","ocean_breadcrumbs_color":"","ocean_breadcrumbs_separator_color":"","ocean_breadcrumbs_links_color":"","ocean_breadcrumbs_links_hover_color":"","ocean_display_footer_widgets":"off","ocean_display_footer_bottom":"default","ocean_custom_footer_template":"0"},"product_brand":[],"product_cat":[267,213,153],"product_tag":[],"class_list":{"0":"post-1772","1":"product","2":"type-product","3":"status-publish","4":"has-post-thumbnail","6":"product_cat-mig-mag-cebora-produkte","7":"product_cat-produkte-mig-mag-handwerk","8":"product_cat-produkte-mig-mag-industrie","10":"entry","11":"has-media","13":"first","14":"instock","15":"virtual","16":"purchasable","17":"product-type-simple","18":"has-product-nav","19":"col","20":"span_1_of_3","21":"owp-content-center","22":"owp-thumbs-layout-horizontal","23":"owp-btn-normal","24":"owp-tabs-layout-horizontal","25":"has-no-thumbnails"},"jetpack_sharing_enabled":true,"_links":{"self":[{"href":"https:\/\/kopie.cebotech.de\/index.php?rest_route=\/wp\/v2\/product\/1772","targetHints":{"allow":["GET"]}}],"collection":[{"href":"https:\/\/kopie.cebotech.de\/index.php?rest_route=\/wp\/v2\/product"}],"about":[{"href":"https:\/\/kopie.cebotech.de\/index.php?rest_route=\/wp\/v2\/types\/product"}],"wp:featuredmedia":[{"embeddable":true,"href":"https:\/\/kopie.cebotech.de\/index.php?rest_route=\/wp\/v2\/media\/1768"}],"wp:attachment":[{"href":"https:\/\/kopie.cebotech.de\/index.php?rest_route=%2Fwp%2Fv2%2Fmedia&parent=1772"}],"wp:term":[{"taxonomy":"product_brand","embeddable":true,"href":"https:\/\/kopie.cebotech.de\/index.php?rest_route=%2Fwp%2Fv2%2Fproduct_brand&post=1772"},{"taxonomy":"product_cat","embeddable":true,"href":"https:\/\/kopie.cebotech.de\/index.php?rest_route=%2Fwp%2Fv2%2Fproduct_cat&post=1772"},{"taxonomy":"product_tag","embeddable":true,"href":"https:\/\/kopie.cebotech.de\/index.php?rest_route=%2Fwp%2Fv2%2Fproduct_tag&post=1772"}],"curies":[{"name":"wp","href":"https:\/\/api.w.org\/{rel}","templated":true}]}}