{"id":1817,"date":"2021-10-26T15:06:08","date_gmt":"2021-10-26T15:06:08","guid":{"rendered":"https:\/\/kopie.cebotech.de\/?post_type=product&#038;p=1817"},"modified":"2022-10-26T16:40:17","modified_gmt":"2022-10-26T16:40:17","slug":"nitrogen-plastic-welder","status":"publish","type":"product","link":"https:\/\/kopie.cebotech.de\/?product=nitrogen-plastic-welder","title":{"rendered":"NITROGEN PLASTIC WELDER"},"content":{"rendered":"<p><strong>Kunststoffreparatursystem<\/strong><\/p>\n<p>Diese vollkommen neue und moderne Technologie gibt dem Karosseriebauer zur Instandsetzung von Kunststoffteilen eine \u00e4u\u00dferst kleine und leichte Schwei\u00dfpistole an die Hand, die eine gute Zug\u00e4nglichkeit am Bauteil und ein komfortables Arbeiten erm\u00f6glicht. Durch das Schwei\u00dfen mit Stickstoff werden unangenehme D\u00e4mpfe vermieden und bei einigen Kunststoffarten ein besseres Alterungsverhalten der Schwei\u00dfverbindung erreicht. Dadurch lassen sich auch abgerissene Teile oder gar fehlende Teile nachmodellieren und wieder anschwei\u00dfen.<\/p>\n<p>Besondere Wirtschaftlichkeit bietet f\u00fcr den h\u00e4ufigen Werkstatteinsatz unsere Topausf\u00fchrung mit angebautem Stickstoffgenerator, der nur an normale Druckluft angeschlossen wird. Bei dieser Version spart sich der Anwender die Anschaffung einer Stickstoffflasche und die h\u00e4ufigen kostenintensiven Nachf\u00fcllungen.<\/p>\n<p>Bei allen drei Varianten des Cebotech Kunststoffschwei\u00dfsystems ist unser Tack Welder Kunststoffreparatursystem mit Einschmelzklammern integriert.<\/p>\n<p>Zur sofortigen Einsatzbereitschaft sind alle Cebotech Nitrogen Plastic Welder mit einer Grundausstattung an n\u00fctzlichen Werkzeugen und einem Starterset an Zusatzwerkstoffen ausgestattet.<\/p>\n<p>&nbsp;<\/p>\n<div class=\"csc-header csc-header-n3\">\n<h3>Ausstattungsvarianten<\/h3>\n<\/div>\n<p><b>Cebotech Nitrogen Plastic Welder Junior<\/b>\u00a0tragbar<br \/>\nArt.Nr. 3187000<br \/>\n<b>Cebotech Nitrogen Plastic Welder<\/b>\u00a0fahrbar, Betrieb mit Flasche (nicht im Lieferumfang)<br \/>\nArt.Nr. 3187200<br \/>\n<b>Cebotech Nitrogen Plastic Welder Master<\/b>\u00a0fahrbar mit Stickstoffgenerator<br \/>\nArt. Nr. 31871<\/p>\n<p>&nbsp;<\/p>\n<p><strong>Produktinformation<\/strong> hier <a href=\"https:\/\/kopie.cebotech.de\/wp-content\/uploads\/2021\/10\/Cebotech_Nitrogen-Plastic-Welder.pdf\">downloaden<\/a>.<\/p>\n","protected":false},"excerpt":{"rendered":"<p>Kunststoffreparatursystem Diese vollkommen neue und moderne Technologie gibt dem Karosseriebauer zur Instandsetzung von Kunststoffteilen eine \u00e4u\u00dferst kleine und leichte Schwei\u00dfpistole an die Hand, die eine gute Zug\u00e4nglichkeit am Bauteil und ein komfortables Arbeiten erm\u00f6glicht. Durch das Schwei\u00dfen mit Stickstoff werden unangenehme D\u00e4mpfe vermieden und bei einigen Kunststoffarten ein besseres Alterungsverhalten der Schwei\u00dfverbindung erreicht. Dadurch lassen [&hellip;]<\/p>\n","protected":false},"featured_media":1821,"template":"","meta":{"ocean_post_layout":"","ocean_both_sidebars_style":"","ocean_both_sidebars_content_width":0,"ocean_both_sidebars_sidebars_width":0,"ocean_sidebar":"0","ocean_second_sidebar":"0","ocean_disable_margins":"enable","ocean_add_body_class":"","ocean_shortcode_before_top_bar":"","ocean_shortcode_after_top_bar":"","ocean_shortcode_before_header":"","ocean_shortcode_after_header":"","ocean_has_shortcode":"","ocean_shortcode_after_title":"","ocean_shortcode_before_footer_widgets":"","ocean_shortcode_after_footer_widgets":"","ocean_shortcode_before_footer_bottom":"","ocean_shortcode_after_footer_bottom":"","ocean_display_top_bar":"off","ocean_display_header":"default","ocean_header_style":"","ocean_center_header_left_menu":"0","ocean_custom_header_template":"0","ocean_custom_logo":0,"ocean_custom_retina_logo":0,"ocean_custom_logo_max_width":0,"ocean_custom_logo_tablet_max_width":0,"ocean_custom_logo_mobile_max_width":0,"ocean_custom_logo_max_height":0,"ocean_custom_logo_tablet_max_height":0,"ocean_custom_logo_mobile_max_height":0,"ocean_header_custom_menu":"0","ocean_menu_typo_font_family":"0","ocean_menu_typo_font_subset":"","ocean_menu_typo_font_size":0,"ocean_menu_typo_font_size_tablet":0,"ocean_menu_typo_font_size_mobile":0,"ocean_menu_typo_font_size_unit":"px","ocean_menu_typo_font_weight":"","ocean_menu_typo_font_weight_tablet":"","ocean_menu_typo_font_weight_mobile":"","ocean_menu_typo_transform":"","ocean_menu_typo_transform_tablet":"","ocean_menu_typo_transform_mobile":"","ocean_menu_typo_line_height":0,"ocean_menu_typo_line_height_tablet":0,"ocean_menu_typo_line_height_mobile":0,"ocean_menu_typo_line_height_unit":"","ocean_menu_typo_spacing":0,"ocean_menu_typo_spacing_tablet":0,"ocean_menu_typo_spacing_mobile":0,"ocean_menu_typo_spacing_unit":"","ocean_menu_link_color":"","ocean_menu_link_color_hover":"","ocean_menu_link_color_active":"","ocean_menu_link_background":"","ocean_menu_link_hover_background":"","ocean_menu_link_active_background":"","ocean_menu_social_links_bg":"","ocean_menu_social_hover_links_bg":"","ocean_menu_social_links_color":"","ocean_menu_social_hover_links_color":"","ocean_disable_title":"on","ocean_disable_heading":"default","ocean_post_title":"","ocean_post_subheading":"","ocean_post_title_style":"","ocean_post_title_background_color":"","ocean_post_title_background":0,"ocean_post_title_bg_image_position":"","ocean_post_title_bg_image_attachment":"","ocean_post_title_bg_image_repeat":"","ocean_post_title_bg_image_size":"","ocean_post_title_height":0,"ocean_post_title_bg_overlay":0.5,"ocean_post_title_bg_overlay_color":"","ocean_disable_breadcrumbs":"default","ocean_breadcrumbs_color":"","ocean_breadcrumbs_separator_color":"","ocean_breadcrumbs_links_color":"","ocean_breadcrumbs_links_hover_color":"","ocean_display_footer_widgets":"off","ocean_display_footer_bottom":"default","ocean_custom_footer_template":"0"},"product_brand":[],"product_cat":[138],"product_tag":[],"class_list":{"0":"post-1817","1":"product","2":"type-product","3":"status-publish","4":"has-post-thumbnail","6":"product_cat-produkte-kunststoff-reparieren","8":"entry","9":"has-media","11":"first","12":"instock","13":"virtual","14":"purchasable","15":"product-type-simple","16":"has-product-nav","17":"col","18":"span_1_of_3","19":"owp-content-center","20":"owp-thumbs-layout-horizontal","21":"owp-btn-normal","22":"owp-tabs-layout-horizontal"},"jetpack_sharing_enabled":true,"_links":{"self":[{"href":"https:\/\/kopie.cebotech.de\/index.php?rest_route=\/wp\/v2\/product\/1817","targetHints":{"allow":["GET"]}}],"collection":[{"href":"https:\/\/kopie.cebotech.de\/index.php?rest_route=\/wp\/v2\/product"}],"about":[{"href":"https:\/\/kopie.cebotech.de\/index.php?rest_route=\/wp\/v2\/types\/product"}],"wp:featuredmedia":[{"embeddable":true,"href":"https:\/\/kopie.cebotech.de\/index.php?rest_route=\/wp\/v2\/media\/1821"}],"wp:attachment":[{"href":"https:\/\/kopie.cebotech.de\/index.php?rest_route=%2Fwp%2Fv2%2Fmedia&parent=1817"}],"wp:term":[{"taxonomy":"product_brand","embeddable":true,"href":"https:\/\/kopie.cebotech.de\/index.php?rest_route=%2Fwp%2Fv2%2Fproduct_brand&post=1817"},{"taxonomy":"product_cat","embeddable":true,"href":"https:\/\/kopie.cebotech.de\/index.php?rest_route=%2Fwp%2Fv2%2Fproduct_cat&post=1817"},{"taxonomy":"product_tag","embeddable":true,"href":"https:\/\/kopie.cebotech.de\/index.php?rest_route=%2Fwp%2Fv2%2Fproduct_tag&post=1817"}],"curies":[{"name":"wp","href":"https:\/\/api.w.org\/{rel}","templated":true}]}}