{"id":2105,"date":"2021-10-27T09:23:33","date_gmt":"2021-10-27T09:23:33","guid":{"rendered":"https:\/\/kopie.cebotech.de\/?post_type=product&#038;p=2105"},"modified":"2022-10-26T16:40:02","modified_gmt":"2022-10-26T16:40:02","slug":"power-spot-5600","status":"publish","type":"product","link":"https:\/\/kopie.cebotech.de\/?product=power-spot-5600","title":{"rendered":"POWER SPOT 5600"},"content":{"rendered":"<p>Das Schwei\u00dfen mit dem Spotter auf Aluminium erfordert eine spezielle Stromquelle, die den Ableitstrom \u00e4u\u00dferst kurzzeitig (nur einige Millisekunden andauernd) aber extrem intensiv (mehrere tausend Ampere) liefern kann, was die \u201cPerforierung\u201d der Oxid- und Isolationsoberschicht erm\u00f6glicht, ohne die darunterliegenden Metallbleche zu besch\u00e4digen: dies wird durch Kondensatoren erreicht.<\/p>\n<p>Diese Technologie erm\u00f6glicht es Anschwei\u00dfbolzen auf saubere, nicht oxidierte Oberfl\u00e4chen aus Stahl, verzinktem Stahl, Edelstahl, Aluminium und Messing anzuschwei\u00dfen.<\/p>\n<p>Power Spot 5600 ALUMINIUM ist in der Lage Anschwei\u00dfbolzen aus Stahl und Aluminium mit einem Durchmesser bis zu 6 mm anzuschwei\u00dfen.<\/p>\n<p>Die Stromquelle wird komplett mit Pistole und Massekabel mit 2 Grippzangen geliefert.<\/p>\n<p>Zum Standardzubeh\u00f6r geh\u00f6ren auch ein Satz Anschwei\u00dfbolzen, die speziell f\u00fcr die Aluminium-Anwendung bestimmt sind, und Aufschraub\u00f6sen.<\/p>\n<p>Schwei\u00dfen auf geh\u00e4rtetem Stahl, oxidiertem oder lackiertem Metall ist nicht m\u00f6glich.<\/p>\n<p>Konform mit IEC 61000-3-12.<\/p>\n<p>&nbsp;<\/p>\n<p><strong>Produktinformation<\/strong> hier <a href=\"https:\/\/kopie.cebotech.de\/wp-content\/uploads\/2021\/10\/Pros-POWER_SPOT_5600_Art2154-C332_deutsch_englisch_Mailer.pdf\">downloaden<\/a>.<\/p>\n","protected":false},"excerpt":{"rendered":"<p>Das Schwei\u00dfen mit dem Spotter auf Aluminium erfordert eine spezielle Stromquelle, die den Ableitstrom \u00e4u\u00dferst kurzzeitig (nur einige Millisekunden andauernd) aber extrem intensiv (mehrere tausend Ampere) liefern kann, was die \u201cPerforierung\u201d der Oxid- und Isolationsoberschicht erm\u00f6glicht, ohne die darunterliegenden Metallbleche zu besch\u00e4digen: dies wird durch Kondensatoren erreicht. Diese Technologie erm\u00f6glicht es Anschwei\u00dfbolzen auf saubere, nicht [&hellip;]<\/p>\n","protected":false},"featured_media":2107,"template":"","meta":{"ocean_post_layout":"","ocean_both_sidebars_style":"","ocean_both_sidebars_content_width":0,"ocean_both_sidebars_sidebars_width":0,"ocean_sidebar":"0","ocean_second_sidebar":"0","ocean_disable_margins":"enable","ocean_add_body_class":"","ocean_shortcode_before_top_bar":"","ocean_shortcode_after_top_bar":"","ocean_shortcode_before_header":"","ocean_shortcode_after_header":"","ocean_has_shortcode":"","ocean_shortcode_after_title":"","ocean_shortcode_before_footer_widgets":"","ocean_shortcode_after_footer_widgets":"","ocean_shortcode_before_footer_bottom":"","ocean_shortcode_after_footer_bottom":"","ocean_display_top_bar":"off","ocean_display_header":"default","ocean_header_style":"","ocean_center_header_left_menu":"0","ocean_custom_header_template":"0","ocean_custom_logo":0,"ocean_custom_retina_logo":0,"ocean_custom_logo_max_width":0,"ocean_custom_logo_tablet_max_width":0,"ocean_custom_logo_mobile_max_width":0,"ocean_custom_logo_max_height":0,"ocean_custom_logo_tablet_max_height":0,"ocean_custom_logo_mobile_max_height":0,"ocean_header_custom_menu":"0","ocean_menu_typo_font_family":"0","ocean_menu_typo_font_subset":"","ocean_menu_typo_font_size":0,"ocean_menu_typo_font_size_tablet":0,"ocean_menu_typo_font_size_mobile":0,"ocean_menu_typo_font_size_unit":"px","ocean_menu_typo_font_weight":"","ocean_menu_typo_font_weight_tablet":"","ocean_menu_typo_font_weight_mobile":"","ocean_menu_typo_transform":"","ocean_menu_typo_transform_tablet":"","ocean_menu_typo_transform_mobile":"","ocean_menu_typo_line_height":0,"ocean_menu_typo_line_height_tablet":0,"ocean_menu_typo_line_height_mobile":0,"ocean_menu_typo_line_height_unit":"","ocean_menu_typo_spacing":0,"ocean_menu_typo_spacing_tablet":0,"ocean_menu_typo_spacing_mobile":0,"ocean_menu_typo_spacing_unit":"","ocean_menu_link_color":"","ocean_menu_link_color_hover":"","ocean_menu_link_color_active":"","ocean_menu_link_background":"","ocean_menu_link_hover_background":"","ocean_menu_link_active_background":"","ocean_menu_social_links_bg":"","ocean_menu_social_hover_links_bg":"","ocean_menu_social_links_color":"","ocean_menu_social_hover_links_color":"","ocean_disable_title":"on","ocean_disable_heading":"default","ocean_post_title":"","ocean_post_subheading":"","ocean_post_title_style":"","ocean_post_title_background_color":"","ocean_post_title_background":0,"ocean_post_title_bg_image_position":"","ocean_post_title_bg_image_attachment":"","ocean_post_title_bg_image_repeat":"","ocean_post_title_bg_image_size":"","ocean_post_title_height":0,"ocean_post_title_bg_overlay":0.5,"ocean_post_title_bg_overlay_color":"","ocean_disable_breadcrumbs":"default","ocean_breadcrumbs_color":"","ocean_breadcrumbs_separator_color":"","ocean_breadcrumbs_links_color":"","ocean_breadcrumbs_links_hover_color":"","ocean_display_footer_widgets":"off","ocean_display_footer_bottom":"default","ocean_custom_footer_template":"0"},"product_brand":[],"product_cat":[113,110],"product_tag":[],"class_list":{"0":"post-2105","1":"product","2":"type-product","3":"status-publish","4":"has-post-thumbnail","6":"product_cat-produkte-ausbeulen-aluminium","7":"product_cat-produkte-ausbeulen-stahl","9":"entry","10":"has-media","12":"first","13":"instock","14":"virtual","15":"purchasable","16":"product-type-simple","17":"has-product-nav","18":"col","19":"span_1_of_3","20":"owp-content-center","21":"owp-thumbs-layout-horizontal","22":"owp-btn-normal","23":"owp-tabs-layout-horizontal","24":"has-no-thumbnails"},"jetpack_sharing_enabled":true,"_links":{"self":[{"href":"https:\/\/kopie.cebotech.de\/index.php?rest_route=\/wp\/v2\/product\/2105","targetHints":{"allow":["GET"]}}],"collection":[{"href":"https:\/\/kopie.cebotech.de\/index.php?rest_route=\/wp\/v2\/product"}],"about":[{"href":"https:\/\/kopie.cebotech.de\/index.php?rest_route=\/wp\/v2\/types\/product"}],"wp:featuredmedia":[{"embeddable":true,"href":"https:\/\/kopie.cebotech.de\/index.php?rest_route=\/wp\/v2\/media\/2107"}],"wp:attachment":[{"href":"https:\/\/kopie.cebotech.de\/index.php?rest_route=%2Fwp%2Fv2%2Fmedia&parent=2105"}],"wp:term":[{"taxonomy":"product_brand","embeddable":true,"href":"https:\/\/kopie.cebotech.de\/index.php?rest_route=%2Fwp%2Fv2%2Fproduct_brand&post=2105"},{"taxonomy":"product_cat","embeddable":true,"href":"https:\/\/kopie.cebotech.de\/index.php?rest_route=%2Fwp%2Fv2%2Fproduct_cat&post=2105"},{"taxonomy":"product_tag","embeddable":true,"href":"https:\/\/kopie.cebotech.de\/index.php?rest_route=%2Fwp%2Fv2%2Fproduct_tag&post=2105"}],"curies":[{"name":"wp","href":"https:\/\/api.w.org\/{rel}","templated":true}]}}