{"id":2116,"date":"2021-10-27T09:31:42","date_gmt":"2021-10-27T09:31:42","guid":{"rendered":"https:\/\/kopie.cebotech.de\/?post_type=product&#038;p=2116"},"modified":"2022-10-26T16:40:02","modified_gmt":"2022-10-26T16:40:02","slug":"wind-160-elektrodeninverter","status":"publish","type":"product","link":"https:\/\/kopie.cebotech.de\/?product=wind-160-elektrodeninverter","title":{"rendered":"WIND 160 Elektrodeninverter"},"content":{"rendered":"<p>Tragbarer Schwei\u00dfgleichrichter, gefertigt nach der neuesten, modernen Invertertechnologie. Kompakte, kleine Baugr\u00f6\u00dfe; Gewicht ca. 6,0 kg.<br \/>\nEinfache Handhabung, beweglich an jedem Arbeitsplatz, durch sein geringes Leistungsgewicht besonders f\u00fcr den mobilen Einsatz (z.B. auf Montage) geeignet.<br \/>\nStabiler und weicher Lichtbogen durch dynamische Schwei\u00dfstromkontrolle. Automatischer HOT-Start mit perfekter Z\u00fcndung, Anti-Stick gegen das Festkleben der Elektroden, Arc Force f\u00fcr stabilen Lichtbogen, mit \u00dcberlastungsschutz ausgestattet.<br \/>\nGeeignet f\u00fcr das Schwei\u00dfen von verschiedenen Arten von Elektroden (rutil, basisch, hochlegiert) sowie das WIG-DC Schwei\u00dfen mit Liftz\u00fcndung.<br \/>\nDie Maschine zeichnet sich durch ein robustes Geh\u00e4use aus. Das Bedienpaneel wird durch eine Frontscheibe gesch\u00fctzt.<br \/>\nDas Ger\u00e4t kann am Stromerzeuger (Generator) betrieben werden.<br \/>\n<b>3 Jahre Herstellergarantie.<\/b><\/p>\n<p>&nbsp;<\/p>\n<p><strong>Produktinformation<\/strong> hier <a href=\"https:\/\/kopie.cebotech.de\/wp-content\/uploads\/2021\/10\/Wind_MMA_160.pdf\">downloaden<\/a>.<\/p>\n","protected":false},"excerpt":{"rendered":"<p>Tragbarer Schwei\u00dfgleichrichter, gefertigt nach der neuesten, modernen Invertertechnologie. Kompakte, kleine Baugr\u00f6\u00dfe; Gewicht ca. 6,0 kg. Einfache Handhabung, beweglich an jedem Arbeitsplatz, durch sein geringes Leistungsgewicht besonders f\u00fcr den mobilen Einsatz (z.B. auf Montage) geeignet. Stabiler und weicher Lichtbogen durch dynamische Schwei\u00dfstromkontrolle. Automatischer HOT-Start mit perfekter Z\u00fcndung, Anti-Stick gegen das Festkleben der Elektroden, Arc Force f\u00fcr [&hellip;]<\/p>\n","protected":false},"featured_media":2119,"template":"","meta":{"ocean_post_layout":"","ocean_both_sidebars_style":"","ocean_both_sidebars_content_width":0,"ocean_both_sidebars_sidebars_width":0,"ocean_sidebar":"0","ocean_second_sidebar":"0","ocean_disable_margins":"enable","ocean_add_body_class":"","ocean_shortcode_before_top_bar":"","ocean_shortcode_after_top_bar":"","ocean_shortcode_before_header":"","ocean_shortcode_after_header":"","ocean_has_shortcode":"","ocean_shortcode_after_title":"","ocean_shortcode_before_footer_widgets":"","ocean_shortcode_after_footer_widgets":"","ocean_shortcode_before_footer_bottom":"","ocean_shortcode_after_footer_bottom":"","ocean_display_top_bar":"off","ocean_display_header":"default","ocean_header_style":"","ocean_center_header_left_menu":"0","ocean_custom_header_template":"0","ocean_custom_logo":0,"ocean_custom_retina_logo":0,"ocean_custom_logo_max_width":0,"ocean_custom_logo_tablet_max_width":0,"ocean_custom_logo_mobile_max_width":0,"ocean_custom_logo_max_height":0,"ocean_custom_logo_tablet_max_height":0,"ocean_custom_logo_mobile_max_height":0,"ocean_header_custom_menu":"0","ocean_menu_typo_font_family":"0","ocean_menu_typo_font_subset":"","ocean_menu_typo_font_size":0,"ocean_menu_typo_font_size_tablet":0,"ocean_menu_typo_font_size_mobile":0,"ocean_menu_typo_font_size_unit":"px","ocean_menu_typo_font_weight":"","ocean_menu_typo_font_weight_tablet":"","ocean_menu_typo_font_weight_mobile":"","ocean_menu_typo_transform":"","ocean_menu_typo_transform_tablet":"","ocean_menu_typo_transform_mobile":"","ocean_menu_typo_line_height":0,"ocean_menu_typo_line_height_tablet":0,"ocean_menu_typo_line_height_mobile":0,"ocean_menu_typo_line_height_unit":"","ocean_menu_typo_spacing":0,"ocean_menu_typo_spacing_tablet":0,"ocean_menu_typo_spacing_mobile":0,"ocean_menu_typo_spacing_unit":"","ocean_menu_link_color":"","ocean_menu_link_color_hover":"","ocean_menu_link_color_active":"","ocean_menu_link_background":"","ocean_menu_link_hover_background":"","ocean_menu_link_active_background":"","ocean_menu_social_links_bg":"","ocean_menu_social_hover_links_bg":"","ocean_menu_social_links_color":"","ocean_menu_social_hover_links_color":"","ocean_disable_title":"on","ocean_disable_heading":"default","ocean_post_title":"","ocean_post_subheading":"","ocean_post_title_style":"","ocean_post_title_background_color":"","ocean_post_title_background":0,"ocean_post_title_bg_image_position":"","ocean_post_title_bg_image_attachment":"","ocean_post_title_bg_image_repeat":"","ocean_post_title_bg_image_size":"","ocean_post_title_height":0,"ocean_post_title_bg_overlay":0.5,"ocean_post_title_bg_overlay_color":"","ocean_disable_breadcrumbs":"default","ocean_breadcrumbs_color":"","ocean_breadcrumbs_separator_color":"","ocean_breadcrumbs_links_color":"","ocean_breadcrumbs_links_hover_color":"","ocean_display_footer_widgets":"off","ocean_display_footer_bottom":"default","ocean_custom_footer_template":"0"},"product_brand":[],"product_cat":[221,158],"product_tag":[],"class_list":{"0":"post-2116","1":"product","2":"type-product","3":"status-publish","4":"has-post-thumbnail","6":"product_cat-produkte-mma-handwerk","7":"product_cat-produkte-mma-industrie","9":"entry","10":"has-media","12":"first","13":"instock","14":"virtual","15":"purchasable","16":"product-type-simple","17":"has-product-nav","18":"col","19":"span_1_of_3","20":"owp-content-center","21":"owp-thumbs-layout-horizontal","22":"owp-btn-normal","23":"owp-tabs-layout-horizontal"},"jetpack_sharing_enabled":true,"_links":{"self":[{"href":"https:\/\/kopie.cebotech.de\/index.php?rest_route=\/wp\/v2\/product\/2116","targetHints":{"allow":["GET"]}}],"collection":[{"href":"https:\/\/kopie.cebotech.de\/index.php?rest_route=\/wp\/v2\/product"}],"about":[{"href":"https:\/\/kopie.cebotech.de\/index.php?rest_route=\/wp\/v2\/types\/product"}],"wp:featuredmedia":[{"embeddable":true,"href":"https:\/\/kopie.cebotech.de\/index.php?rest_route=\/wp\/v2\/media\/2119"}],"wp:attachment":[{"href":"https:\/\/kopie.cebotech.de\/index.php?rest_route=%2Fwp%2Fv2%2Fmedia&parent=2116"}],"wp:term":[{"taxonomy":"product_brand","embeddable":true,"href":"https:\/\/kopie.cebotech.de\/index.php?rest_route=%2Fwp%2Fv2%2Fproduct_brand&post=2116"},{"taxonomy":"product_cat","embeddable":true,"href":"https:\/\/kopie.cebotech.de\/index.php?rest_route=%2Fwp%2Fv2%2Fproduct_cat&post=2116"},{"taxonomy":"product_tag","embeddable":true,"href":"https:\/\/kopie.cebotech.de\/index.php?rest_route=%2Fwp%2Fv2%2Fproduct_tag&post=2116"}],"curies":[{"name":"wp","href":"https:\/\/api.w.org\/{rel}","templated":true}]}}