{"id":2150,"date":"2021-11-27T09:08:32","date_gmt":"2021-11-27T09:08:32","guid":{"rendered":"https:\/\/kopie.cebotech.de\/?post_type=product&#038;p=2150"},"modified":"2022-10-26T16:40:02","modified_gmt":"2022-10-26T16:40:02","slug":"elettro-plasma-30-16","status":"publish","type":"product","link":"https:\/\/kopie.cebotech.de\/?product=elettro-plasma-30-16","title":{"rendered":"ELETTRO Plasma 30-16"},"content":{"rendered":"<p><strong>Inverter Plasma &#8211; Schneidanlage mit &#8221; On Air&#8221; &#8211; Z\u00fcndung<\/strong><\/p>\n<p><span id=\"ProdottiDettaglio1_lbl_descr\"><span>Beschreibung:<\/span><\/span><br \/>\n<span id=\"ProdottiDettaglio1_lbl_descrprodotto\"><span>Die einphasige Stromquelle mit Invertertechnologie zum Plasmaschneiden von Metall, PLASMA 30-16 PFC INVERTER, zeichnet sich durch: geringe Gr\u00f6\u00dfe und Gewicht, geringer Stromverbrauch, einfache Bedienung, Zuverl\u00e4ssigkeit, hohe Kapazit\u00e4t und Schnittgeschwindigkeit, besonders geeignet f\u00fcr die Wartung und im Automobilbereich.<\/span><br \/>\n<span>Ein minimaler Schneidstrom von 5 A erm\u00f6glicht Schneidvorg\u00e4nge an \u00fcbereinanderliegenden d\u00fcnnen Blechen, was besonders n\u00fctzlich bei Karosseriearbeiten ist.<\/span><br \/>\n<span>Das Fehlen eines Hochfrequenzstarts erm\u00f6glicht das Arbeiten neben Computern und anderen elektronischen Ger\u00e4ten, die empfindlich auf Hochfrequenzemissionen reagieren.<\/span><br \/>\n<span>Es ist mit einem PFC-Ger\u00e4t (Power Factor Correction) ausgestattet, um die Leistungsaufnahme zu reduzieren und zu stabilisieren.<\/span><br \/>\n<span>Es kann durch motorbetriebene Generatoren geeigneter Leistung angetrieben werden.<\/span><br \/>\n<span>Der P25-Brenner bietet eine Low Pilot Arc-Technologie, die den guten Betrieb der Verschlei\u00dfteile bewahrt und ihre Lebensdauer verl\u00e4ngert.<\/span><br \/>\n<span>Verbunden mit automatisierten Schneidb\u00e4nken, bietet optimale Schnittqualit\u00e4t bei Rohren mit geringer Dicke und bei Materialien, die insbesondere im Lebensmittelbereich verwendet werden.<\/span><\/p>\n<p><span>HAUPTMERKMALE<\/span><br \/>\n<span>\u2022 Qualit\u00e4tsschnittdicke auf Stahl 12 mm.<\/span><br \/>\n<span>\u2022 max.\u00a0Trennschnittdicke auf Stahl 16 mm.<\/span><br \/>\n<span>\u2022 Pilotlichtbogen zum Schneiden von lackierten oder beschichteten Metallen.<\/span><br \/>\n<span>\u2022 Nachgasfunktion.<\/span><br \/>\n<span>\u2022 Elektronische Regelung des Schneidstroms.<\/span><br \/>\n<span>\u2022 Sicherheitssysteme am Brenner.<\/span><br \/>\n<span>\u2022 Kontrolle des Vorhandenseins von Druckluft.<\/span><br \/>\n<span>\u2022 Mikroprozessorgesteuerte Schnittparameter und -funktionen.<\/span><br \/>\n<span>\u2022 Thermostatischer Schutz.<\/span><br \/>\n<span>\u2022 Zur Standardausr\u00fcstung geh\u00f6ren eine 4 Meter lange P25-Taschenlampe und ein Erdungskabel.<\/span><\/span><\/p>\n<h4><span id=\"ProdottiDettaglio1_lbl_datitecnici\">TECHNISCHE DATEN:<\/span><\/h4>\n<table id=\"ProdottiDettaglio1_DataGrid1\" class=\"tb-scheda-prodotto tb-dati\" border=\"1\" rules=\"all\" cellspacing=\"0\">\n<tbody>\n<tr>\n<td class=\"zero\" align=\"left\"><span>Code<\/span><\/td>\n<td class=\"uno\"><span>P00479<\/span><\/td>\n<td class=\"due\" colspan=\"3\"><\/td>\n<\/tr>\n<tr>\n<td class=\"zero\" align=\"left\"><span>Artikel<\/span><\/td>\n<td class=\"uno\"><span>PLASMA 30-16 PFC-WECHSELRICHTER<\/span><\/td>\n<td class=\"due\" colspan=\"3\"><\/td>\n<\/tr>\n<tr>\n<td class=\"zero\" align=\"left\"><span>Eingangsspannung<\/span><\/td>\n<td class=\"uno\"><span>1x230V 50-60HZ<\/span><\/td>\n<td class=\"due\" colspan=\"3\"><\/td>\n<\/tr>\n<tr>\n<td class=\"zero\" align=\"left\"><span>Absorbierte Leistung<\/span><\/td>\n<td class=\"uno\"><span>20 % 3,3 kVA &#8211; 60 % 1,8 kVA &#8211; 100 % 1,6 kVA<\/span><\/td>\n<td class=\"due\" colspan=\"3\"><\/td>\n<\/tr>\n<tr>\n<td class=\"zero\" align=\"left\"><span>Strom schneiden<\/span><\/td>\n<td class=\"uno\"><span>5 \u00f7 30 A<\/span><\/td>\n<td class=\"due\" colspan=\"3\"><\/td>\n<\/tr>\n<tr>\n<td class=\"zero\" align=\"left\"><span>Einschaltdauer \u2013 10-MIN-ZYKLUS NACH EN 60974-1<\/span><\/td>\n<td class=\"uno\"><span>20 % 30 A &#8211; 60 % 18 A &#8211; 100 % 15 A<\/span><\/td>\n<td class=\"due\" colspan=\"3\"><\/td>\n<\/tr>\n<tr>\n<td class=\"zero\" align=\"left\"><span>Luftdruck<\/span><\/td>\n<td class=\"uno\"><span>5bar<\/span><\/td>\n<td class=\"due\" colspan=\"3\"><\/td>\n<\/tr>\n<tr>\n<td class=\"zero\" align=\"left\"><span>Luftzug<\/span><\/td>\n<td class=\"uno\"><span>40 l\/Min<\/span><\/td>\n<td class=\"due\" colspan=\"3\"><\/td>\n<\/tr>\n<tr>\n<td class=\"zero\" align=\"left\"><span>Schnittst\u00e4rke auf Stahl<\/span><\/td>\n<td class=\"uno\"><span>12mm<\/span><\/td>\n<td class=\"due\" colspan=\"3\"><\/td>\n<\/tr>\n<tr>\n<td class=\"zero\" align=\"left\"><span>Maximaler Trennschnitt<\/span><\/td>\n<td class=\"uno\"><span>16mm<\/span><\/td>\n<td class=\"due\" colspan=\"3\"><\/td>\n<\/tr>\n<tr>\n<td class=\"zero\" align=\"left\"><span>Schutzklasse<\/span><\/td>\n<td class=\"uno\"><span>IP23<\/span><\/td>\n<td class=\"due\" colspan=\"3\"><\/td>\n<\/tr>\n<tr>\n<td class=\"zero\" align=\"left\"><span>Baunormen<\/span><\/td>\n<td class=\"uno\"><span>EN60974 \u2013 1 \/ EN60974 \u2013 7 \/ EN60974 \u2013 10<\/span><\/td>\n<td class=\"due\" colspan=\"3\"><\/td>\n<\/tr>\n<tr>\n<td class=\"zero\" align=\"left\"><span>Ma\u00dfe<\/span><\/td>\n<td class=\"uno\"><span>135 x 430 x 260 h mm<\/span><\/td>\n<td class=\"due\" colspan=\"3\"><\/td>\n<\/tr>\n<tr>\n<td class=\"zero\" align=\"left\"><span>Gewicht<\/span><\/td>\n<td class=\"uno\"><span>9,5 kg<\/span><\/td>\n<\/tr>\n<\/tbody>\n<\/table>\n","protected":false},"excerpt":{"rendered":"<p>Inverter Plasma &#8211; Schneidanlage mit &#8221; On Air&#8221; &#8211; Z\u00fcndung Beschreibung: Die einphasige Stromquelle mit Invertertechnologie zum Plasmaschneiden von Metall, PLASMA 30-16 PFC INVERTER, zeichnet sich durch: geringe Gr\u00f6\u00dfe und Gewicht, geringer Stromverbrauch, einfache Bedienung, Zuverl\u00e4ssigkeit, hohe Kapazit\u00e4t und Schnittgeschwindigkeit, besonders geeignet f\u00fcr die Wartung und im Automobilbereich. Ein minimaler Schneidstrom von 5 A erm\u00f6glicht [&hellip;]<\/p>\n","protected":false},"featured_media":2151,"template":"","meta":{"ocean_post_layout":"","ocean_both_sidebars_style":"","ocean_both_sidebars_content_width":0,"ocean_both_sidebars_sidebars_width":0,"ocean_sidebar":"0","ocean_second_sidebar":"0","ocean_disable_margins":"enable","ocean_add_body_class":"","ocean_shortcode_before_top_bar":"","ocean_shortcode_after_top_bar":"","ocean_shortcode_before_header":"","ocean_shortcode_after_header":"","ocean_has_shortcode":"","ocean_shortcode_after_title":"","ocean_shortcode_before_footer_widgets":"","ocean_shortcode_after_footer_widgets":"","ocean_shortcode_before_footer_bottom":"","ocean_shortcode_after_footer_bottom":"","ocean_display_top_bar":"off","ocean_display_header":"default","ocean_header_style":"","ocean_center_header_left_menu":"0","ocean_custom_header_template":"0","ocean_custom_logo":0,"ocean_custom_retina_logo":0,"ocean_custom_logo_max_width":0,"ocean_custom_logo_tablet_max_width":0,"ocean_custom_logo_mobile_max_width":0,"ocean_custom_logo_max_height":0,"ocean_custom_logo_tablet_max_height":0,"ocean_custom_logo_mobile_max_height":0,"ocean_header_custom_menu":"0","ocean_menu_typo_font_family":"0","ocean_menu_typo_font_subset":"","ocean_menu_typo_font_size":0,"ocean_menu_typo_font_size_tablet":0,"ocean_menu_typo_font_size_mobile":0,"ocean_menu_typo_font_size_unit":"px","ocean_menu_typo_font_weight":"","ocean_menu_typo_font_weight_tablet":"","ocean_menu_typo_font_weight_mobile":"","ocean_menu_typo_transform":"","ocean_menu_typo_transform_tablet":"","ocean_menu_typo_transform_mobile":"","ocean_menu_typo_line_height":0,"ocean_menu_typo_line_height_tablet":0,"ocean_menu_typo_line_height_mobile":0,"ocean_menu_typo_line_height_unit":"","ocean_menu_typo_spacing":0,"ocean_menu_typo_spacing_tablet":0,"ocean_menu_typo_spacing_mobile":0,"ocean_menu_typo_spacing_unit":"","ocean_menu_link_color":"","ocean_menu_link_color_hover":"","ocean_menu_link_color_active":"","ocean_menu_link_background":"","ocean_menu_link_hover_background":"","ocean_menu_link_active_background":"","ocean_menu_social_links_bg":"","ocean_menu_social_hover_links_bg":"","ocean_menu_social_links_color":"","ocean_menu_social_hover_links_color":"","ocean_disable_title":"on","ocean_disable_heading":"default","ocean_post_title":"","ocean_post_subheading":"","ocean_post_title_style":"","ocean_post_title_background_color":"","ocean_post_title_background":0,"ocean_post_title_bg_image_position":"","ocean_post_title_bg_image_attachment":"","ocean_post_title_bg_image_repeat":"","ocean_post_title_bg_image_size":"","ocean_post_title_height":0,"ocean_post_title_bg_overlay":0.5,"ocean_post_title_bg_overlay_color":"","ocean_disable_breadcrumbs":"default","ocean_breadcrumbs_color":"","ocean_breadcrumbs_separator_color":"","ocean_breadcrumbs_links_color":"","ocean_breadcrumbs_links_hover_color":"","ocean_display_footer_widgets":"off","ocean_display_footer_bottom":"default","ocean_custom_footer_template":"0"},"product_brand":[],"product_cat":[275,226,161,126],"product_tag":[],"class_list":{"0":"post-2150","1":"product","2":"type-product","3":"status-publish","4":"has-post-thumbnail","6":"product_cat-plasmaschneiden-cebora-produkte","7":"product_cat-produkte-plasmaschneider-handwerk","8":"product_cat-produkte-plasma","9":"product_cat-produkte-plasmaschneiden","11":"entry","12":"has-media","14":"first","15":"instock","16":"virtual","17":"purchasable","18":"product-type-simple","19":"has-product-nav","20":"col","21":"span_1_of_3","22":"owp-content-center","23":"owp-thumbs-layout-horizontal","24":"owp-btn-normal","25":"owp-tabs-layout-horizontal","26":"has-no-thumbnails"},"jetpack_sharing_enabled":true,"_links":{"self":[{"href":"https:\/\/kopie.cebotech.de\/index.php?rest_route=\/wp\/v2\/product\/2150","targetHints":{"allow":["GET"]}}],"collection":[{"href":"https:\/\/kopie.cebotech.de\/index.php?rest_route=\/wp\/v2\/product"}],"about":[{"href":"https:\/\/kopie.cebotech.de\/index.php?rest_route=\/wp\/v2\/types\/product"}],"wp:featuredmedia":[{"embeddable":true,"href":"https:\/\/kopie.cebotech.de\/index.php?rest_route=\/wp\/v2\/media\/2151"}],"wp:attachment":[{"href":"https:\/\/kopie.cebotech.de\/index.php?rest_route=%2Fwp%2Fv2%2Fmedia&parent=2150"}],"wp:term":[{"taxonomy":"product_brand","embeddable":true,"href":"https:\/\/kopie.cebotech.de\/index.php?rest_route=%2Fwp%2Fv2%2Fproduct_brand&post=2150"},{"taxonomy":"product_cat","embeddable":true,"href":"https:\/\/kopie.cebotech.de\/index.php?rest_route=%2Fwp%2Fv2%2Fproduct_cat&post=2150"},{"taxonomy":"product_tag","embeddable":true,"href":"https:\/\/kopie.cebotech.de\/index.php?rest_route=%2Fwp%2Fv2%2Fproduct_tag&post=2150"}],"curies":[{"name":"wp","href":"https:\/\/api.w.org\/{rel}","templated":true}]}}