{"id":2213,"date":"2021-11-27T11:50:28","date_gmt":"2021-11-27T11:50:28","guid":{"rendered":"https:\/\/kopie.cebotech.de\/?post_type=product&#038;p=2213"},"modified":"2022-10-26T16:39:18","modified_gmt":"2022-10-26T16:39:18","slug":"elettro-plasma-77-hf","status":"publish","type":"product","link":"https:\/\/kopie.cebotech.de\/?product=elettro-plasma-77-hf","title":{"rendered":"ELETTRO Plasma 77 HF"},"content":{"rendered":"<p>Dreiphasige Inverter-Stromquelle (Multi-Spannung) f\u00fcr das Plasmaschneiden von Metallen mit Druckluft.<br \/>\nSie eignet sich f\u00fcr Einsatz vor Ort, f\u00fcr manuelle Produktionen mittleren Umfangs und f\u00fcr die automatische Fertigung geringen Ausma\u00dfes. Die Pilotlichtbogenfunktion erm\u00f6glicht den Einsatz auch auf lackierten oder beschichteten Metallen. Die Self-Restart-Pilot-Funktion erleichtert das Schneiden von Gitter- und Rostwerk.<br \/>\nZur Erzielung einer optimalen Schnittqualit\u00e4t wird bei Stahl eine St\u00e4rke von 16 mm empfohlen. Es k\u00f6nnen aber St\u00e4rken bis 22 mm geschnitten werden. Die St\u00e4rke bei Trennschnitt betr\u00e4gt 30 mm.<\/p>\n<p>HAUPTEIGENSCHAFTEN<br \/>\n\u2022 Automatische Netzspannungserkennung zwischen den Spannungsh\u00f6hen: 3&#215;208\/220\/230V oder 3&#215;400\/440V,<br \/>\n\u2022 Automatische Phasen\u00fcberwachung beim Einschalten und w\u00e4hrend des Betriebs,<br \/>\n\u2022 Pilotlichtbogen,<br \/>\n\u2022 Hochfrequenz-Hochspannungsz\u00fcndung,<br \/>\n\u2022 \u201cPost-gas\u201d Funktion,<br \/>\n\u2022 Self Restart Pilot Funktion f\u00fcr Schneiden von Gitter- und Rostwerk,<br \/>\n\u2022 Sicherungsvorrichtungen am Brenner,<br \/>\n\u2022 \u00dcberwachung und Anzeige des Druckluftflusses und thermostatische Sicherung,<br \/>\n\u2022 \u00dcberwachung der Schneidparameter und der Funktionen durch Mikroprozessor,<br \/>\n\u2022 Der Schneidstrom ist unabh\u00e4ngig von Netzstromschwankungen, vom Abstand des Brenners zu dem zu schneidenden Werkst\u00fcck und von der Vorschubgeschwindigkeit.<br \/>\n\u2022 Kann an Motogeneratoren angeschlossen werden.<\/p>\n<p>SERIENM\u00c4SSIGES ZUBEH\u00d6R: P70 Handbrenner 6m, und Massekabel.<\/p>\n<h4><span id=\"ProdottiDettaglio1_lbl_datitecnici\">TECHNISCHE DATEN:<\/span><\/h4>\n<table id=\"ProdottiDettaglio1_DataGrid1\" class=\"tb-scheda-prodotto tb-dati\" border=\"1\" rules=\"all\" cellspacing=\"0\">\n<tbody>\n<tr>\n<td class=\"zero\" align=\"left\">Code<\/td>\n<td class=\"uno\" colspan=\"2\">P00473<\/td>\n<td class=\"due\" colspan=\"2\"><\/td>\n<\/tr>\n<tr>\n<td class=\"zero\" align=\"left\">Item<\/td>\n<td class=\"uno\" colspan=\"2\">PLASMA 77 HF INVERTER<\/td>\n<td class=\"due\" colspan=\"2\"><\/td>\n<\/tr>\n<tr>\n<td class=\"zero\" align=\"left\">Input Voltage<\/td>\n<td class=\"uno\">3&#215;208-220-230V 50-60HZ<\/td>\n<td class=\"due\">3&#215;400-440V 50-60HZ<\/td>\n<td class=\"tre\" colspan=\"2\"><\/td>\n<\/tr>\n<tr>\n<td class=\"zero\" align=\"left\">Absorbed power<\/td>\n<td class=\"uno\">30% 8 kVA<\/td>\n<td class=\"due\">35% 9 KVA<\/td>\n<td class=\"tre\" colspan=\"2\"><\/td>\n<\/tr>\n<tr>\n<td class=\"zero\" align=\"left\">Cutting current<\/td>\n<td class=\"uno\">20 \u00f7 60 A<\/td>\n<td class=\"due\">20 \u00f7 70 A<\/td>\n<td class=\"tre\" colspan=\"2\"><\/td>\n<\/tr>\n<tr>\n<td class=\"zero\" align=\"left\">Duty cycle \u2013 10 MIN CYCLE ACCORDING TO EN 60974-1<\/td>\n<td class=\"uno\">30% 60A &#8211; 60% 50A &#8211; 100% 40A<\/td>\n<td class=\"due\">35% 70A &#8211; 60% 60A &#8211; 100% 50A<\/td>\n<td class=\"tre\" colspan=\"2\"><\/td>\n<\/tr>\n<tr>\n<td class=\"zero\" align=\"left\">Air pressure<\/td>\n<td class=\"uno\" colspan=\"2\">4,7 bar<\/td>\n<td class=\"due\" colspan=\"2\"><\/td>\n<\/tr>\n<tr>\n<td class=\"zero\" align=\"left\">Air flow<\/td>\n<td class=\"uno\" colspan=\"2\">180 l\/min<\/td>\n<td class=\"due\" colspan=\"2\"><\/td>\n<\/tr>\n<tr>\n<td class=\"zero\" align=\"left\">Cut thickness on steel<\/td>\n<td class=\"uno\" colspan=\"2\">16 &#8211; 22 mm<\/td>\n<td class=\"due\" colspan=\"2\"><\/td>\n<\/tr>\n<tr>\n<td class=\"zero\" align=\"left\">Max separation cut<\/td>\n<td class=\"uno\" colspan=\"2\">30 mm<\/td>\n<td class=\"due\" colspan=\"2\"><\/td>\n<\/tr>\n<tr>\n<td class=\"zero\" align=\"left\">Protection class<\/td>\n<td class=\"uno\" colspan=\"2\">IP 23<\/td>\n<td class=\"due\" colspan=\"2\"><\/td>\n<\/tr>\n<tr>\n<td class=\"zero\" align=\"left\">Construction standards<\/td>\n<td class=\"uno\" colspan=\"2\">EN60974 \u2013 1 \/ EN60974 \u2013 7 \/ EN60974 \u2013 10<\/td>\n<td class=\"due\" colspan=\"2\"><\/td>\n<\/tr>\n<tr>\n<td class=\"zero\" align=\"left\">Dimensions<\/td>\n<td class=\"uno\" colspan=\"2\">220x440x460h mm<\/td>\n<td class=\"due\" colspan=\"2\"><\/td>\n<\/tr>\n<tr>\n<td class=\"zero\" align=\"left\">Weight<\/td>\n<td class=\"uno\" colspan=\"2\">24 kg<\/td>\n<\/tr>\n<\/tbody>\n<\/table>\n","protected":false},"excerpt":{"rendered":"<p>Dreiphasige Inverter-Stromquelle (Multi-Spannung) f\u00fcr das Plasmaschneiden von Metallen mit Druckluft. Sie eignet sich f\u00fcr Einsatz vor Ort, f\u00fcr manuelle Produktionen mittleren Umfangs und f\u00fcr die automatische Fertigung geringen Ausma\u00dfes. Die Pilotlichtbogenfunktion erm\u00f6glicht den Einsatz auch auf lackierten oder beschichteten Metallen. Die Self-Restart-Pilot-Funktion erleichtert das Schneiden von Gitter- und Rostwerk. Zur Erzielung einer optimalen Schnittqualit\u00e4t wird [&hellip;]<\/p>\n","protected":false},"featured_media":5360,"template":"","meta":{"ocean_post_layout":"","ocean_both_sidebars_style":"","ocean_both_sidebars_content_width":0,"ocean_both_sidebars_sidebars_width":0,"ocean_sidebar":"0","ocean_second_sidebar":"0","ocean_disable_margins":"enable","ocean_add_body_class":"","ocean_shortcode_before_top_bar":"","ocean_shortcode_after_top_bar":"","ocean_shortcode_before_header":"","ocean_shortcode_after_header":"","ocean_has_shortcode":"","ocean_shortcode_after_title":"","ocean_shortcode_before_footer_widgets":"","ocean_shortcode_after_footer_widgets":"","ocean_shortcode_before_footer_bottom":"","ocean_shortcode_after_footer_bottom":"","ocean_display_top_bar":"off","ocean_display_header":"default","ocean_header_style":"","ocean_center_header_left_menu":"0","ocean_custom_header_template":"0","ocean_custom_logo":0,"ocean_custom_retina_logo":0,"ocean_custom_logo_max_width":0,"ocean_custom_logo_tablet_max_width":0,"ocean_custom_logo_mobile_max_width":0,"ocean_custom_logo_max_height":0,"ocean_custom_logo_tablet_max_height":0,"ocean_custom_logo_mobile_max_height":0,"ocean_header_custom_menu":"0","ocean_menu_typo_font_family":"0","ocean_menu_typo_font_subset":"","ocean_menu_typo_font_size":0,"ocean_menu_typo_font_size_tablet":0,"ocean_menu_typo_font_size_mobile":0,"ocean_menu_typo_font_size_unit":"px","ocean_menu_typo_font_weight":"","ocean_menu_typo_font_weight_tablet":"","ocean_menu_typo_font_weight_mobile":"","ocean_menu_typo_transform":"","ocean_menu_typo_transform_tablet":"","ocean_menu_typo_transform_mobile":"","ocean_menu_typo_line_height":0,"ocean_menu_typo_line_height_tablet":0,"ocean_menu_typo_line_height_mobile":0,"ocean_menu_typo_line_height_unit":"","ocean_menu_typo_spacing":0,"ocean_menu_typo_spacing_tablet":0,"ocean_menu_typo_spacing_mobile":0,"ocean_menu_typo_spacing_unit":"","ocean_menu_link_color":"","ocean_menu_link_color_hover":"","ocean_menu_link_color_active":"","ocean_menu_link_background":"","ocean_menu_link_hover_background":"","ocean_menu_link_active_background":"","ocean_menu_social_links_bg":"","ocean_menu_social_hover_links_bg":"","ocean_menu_social_links_color":"","ocean_menu_social_hover_links_color":"","ocean_disable_title":"on","ocean_disable_heading":"default","ocean_post_title":"","ocean_post_subheading":"","ocean_post_title_style":"","ocean_post_title_background_color":"","ocean_post_title_background":0,"ocean_post_title_bg_image_position":"","ocean_post_title_bg_image_attachment":"","ocean_post_title_bg_image_repeat":"","ocean_post_title_bg_image_size":"","ocean_post_title_height":0,"ocean_post_title_bg_overlay":0.5,"ocean_post_title_bg_overlay_color":"","ocean_disable_breadcrumbs":"default","ocean_breadcrumbs_color":"","ocean_breadcrumbs_separator_color":"","ocean_breadcrumbs_links_color":"","ocean_breadcrumbs_links_hover_color":"","ocean_display_footer_widgets":"off","ocean_display_footer_bottom":"default","ocean_custom_footer_template":"0"},"product_brand":[],"product_cat":[275,226,161],"product_tag":[],"class_list":{"0":"post-2213","1":"product","2":"type-product","3":"status-publish","4":"has-post-thumbnail","6":"product_cat-plasmaschneiden-cebora-produkte","7":"product_cat-produkte-plasmaschneider-handwerk","8":"product_cat-produkte-plasma","10":"entry","11":"has-media","13":"first","14":"instock","15":"virtual","16":"purchasable","17":"product-type-simple","18":"has-product-nav","19":"col","20":"span_1_of_3","21":"owp-content-center","22":"owp-thumbs-layout-horizontal","23":"owp-btn-normal","24":"owp-tabs-layout-horizontal","25":"has-no-thumbnails"},"jetpack_sharing_enabled":true,"_links":{"self":[{"href":"https:\/\/kopie.cebotech.de\/index.php?rest_route=\/wp\/v2\/product\/2213","targetHints":{"allow":["GET"]}}],"collection":[{"href":"https:\/\/kopie.cebotech.de\/index.php?rest_route=\/wp\/v2\/product"}],"about":[{"href":"https:\/\/kopie.cebotech.de\/index.php?rest_route=\/wp\/v2\/types\/product"}],"wp:featuredmedia":[{"embeddable":true,"href":"https:\/\/kopie.cebotech.de\/index.php?rest_route=\/wp\/v2\/media\/5360"}],"wp:attachment":[{"href":"https:\/\/kopie.cebotech.de\/index.php?rest_route=%2Fwp%2Fv2%2Fmedia&parent=2213"}],"wp:term":[{"taxonomy":"product_brand","embeddable":true,"href":"https:\/\/kopie.cebotech.de\/index.php?rest_route=%2Fwp%2Fv2%2Fproduct_brand&post=2213"},{"taxonomy":"product_cat","embeddable":true,"href":"https:\/\/kopie.cebotech.de\/index.php?rest_route=%2Fwp%2Fv2%2Fproduct_cat&post=2213"},{"taxonomy":"product_tag","embeddable":true,"href":"https:\/\/kopie.cebotech.de\/index.php?rest_route=%2Fwp%2Fv2%2Fproduct_tag&post=2213"}],"curies":[{"name":"wp","href":"https:\/\/api.w.org\/{rel}","templated":true}]}}