{"id":2261,"date":"2021-11-27T12:59:20","date_gmt":"2021-11-27T12:59:20","guid":{"rendered":"https:\/\/kopie.cebotech.de\/?post_type=product&#038;p=2261"},"modified":"2022-10-26T16:38:50","modified_gmt":"2022-10-26T16:38:50","slug":"plasma-sound-pc-130-t","status":"publish","type":"product","link":"https:\/\/kopie.cebotech.de\/?product=plasma-sound-pc-130-t","title":{"rendered":"CEBORA PLASMA Sound PC 130\/T"},"content":{"rendered":"<h2>PLASMA SOUND PC 130\/T<\/h2>\n<div class=\"description\">\n<p>Spannungsumschaltbare dreiphasige Inverterstromquelle mit Z\u00fcndsystem \u201eON AIR\u201c, elektronischem und mechanischem Schutzsystem und automatischer Erkennung der Versorgungsspannung. Dank der hohen Einschaltdauer und der erh\u00f6hten Schnittgeschwindigkeit ist die PLASMA SOUND PC 130\/T ideal f\u00fcr die automatische Produktion, aber auch f\u00fcr die manuelle Produktion.<\/p>\n<\/div>\n<div class=\"collapses-wrapper\">\n<div id=\"product-accordion\" class=\"panel-group\" role=\"tablist\" aria-multiselectable=\"true\">\n<div class=\"panel panel-default\">\n<div id=\"heading-caratteristiche-tecniche\" class=\"panel-heading\" role=\"tab\">\n<h3 class=\"text-content\">Technische Eigenschaften<\/h3>\n<\/div>\n<div id=\"collapse-caratteristiche-tecniche\" class=\"panel-collapse collapse in\" role=\"tabpanel\" aria-labelledby=\"heading-caratteristiche-tecniche\" aria-expanded=\"true\">\n<div class=\"panel-body\">\n<ul>\n<li>Intuitives 5&#8243;-LCD-Bedienfeld<\/li>\n<li>Synergetische Einstellung der Schneidparameter<\/li>\n<li>Automatische \u00dcberwachung des Verbrauchs der Verbrauchsteile<\/li>\n<li>Automatische Erkennung des Brennertyps und der L\u00e4nge des Schlauchpakets<\/li>\n<li>Die am Bedienfeld w\u00e4hlbare Funktion \u201ePilot Self Restart\u201c, die den Lichtbogen beim Schneiden von Gitter- und Rostwerk automatisch ab- und wieder einschaltet, erh\u00f6ht die Arbeitsleistung des Bedieners.<\/li>\n<li>Die f\u00fcr den Schneidstrom optimierte Gasnachstr\u00f6mfunktion \u201ePost-gas\u201c k\u00fchlt den Brenner nach dem Ausschalten des Lichtbogens, sodass die Beanspruchung der Bauteile reduziert und die Standzeit der Verbrauchsteile verl\u00e4ngert wird.<\/li>\n<li>Die Betriebsart mit Pilotlichtbogen erm\u00f6glicht auch die Verarbeitung von lackierten oder beschichteten Metallen.<\/li>\n<li>Die Hochspannungs-\/Hochfrequenz-Z\u00fcndung des Lichtbogens garantiert die zuverl\u00e4ssige Z\u00fcndung des Pilotlichtbogens.<\/li>\n<li>Der Brennerzentralanschluss mit Sicherheitsschutz verhindert den versehentlichen Kontakt mit dem Leistungsteil.<\/li>\n<li>Geeignet zum Brennputzen (Kapazit\u00e4t 12,2 kg\/h)<\/li>\n<li>Die Stromquelle ist f\u00fcr den Betrieb an Generatoraggregaten geeignet.<\/li>\n<\/ul>\n<p><strong>[Art. 337]<\/strong>\u00a0Stromquelle Inklusive Handbrenner\u00a0CP 162C &#8211;\u00a0 6 m,\u00a0\u00a0Massekabel (6m &#8211; 25\u00a0mm<sup>2<\/sup>) und Masseklemme<br \/>\n<strong>[Art. 337.03]<\/strong>\u00a0Stromquelle inklusive\u00a0Handbrenner\u00a0CP 162C &#8211;\u00a015 m,\u00a0\u00a0Massekabel (6m &#8211; 25\u00a0mm<sup>2<\/sup>) und Masseklemme<\/p>\n<p><strong>Die Brenner sind kompatibel mit der PLASMA SOUND 70\/T<\/strong><\/p>\n<\/div>\n<\/div>\n<\/div>\n<\/div>\n<\/div>\n<div id=\"heading-interfaccia-analogica\" class=\"panel-heading\" role=\"tab\">\n<h3 class=\"text-content\">Technisches Datenblatt<\/h3>\n<\/div>\n<div id=\"collapse-interfaccia-analogica\" class=\"panel-collapse collapse in\" role=\"tabpanel\" aria-labelledby=\"heading-interfaccia-analogica\" aria-expanded=\"true\">\n<div class=\"panel-body\">\n<p>&nbsp;<\/p>\n<table class=\"table table-bordered\">\n<thead>\n<tr>\n<th>Art.-Nr.<\/th>\n<th colspan=\"2\">337<\/th>\n<th>Technische Daten<\/th>\n<th><img decoding=\"async\" class=\"image-inline\" src=\"https:\/\/welding.cebora.it\/resolveuid\/798ff3338d6245f08bc18619c1d9a430\/@@images\/image\/large\" alt=\"\" data-linktype=\"image\" data-scale=\"large\" data-val=\"798ff3338d6245f08bc18619c1d9a430\" \/><\/th>\n<\/tr>\n<\/thead>\n<tbody>\n<tr>\n<td><img decoding=\"async\" class=\"image-inline\" src=\"https:\/\/welding.cebora.it\/resolveuid\/9f6f9a8eeffe4d059412e22b48d4c3a8\/@@images\/image\/large\" alt=\"\" width=\"56\" height=\"28\" data-linktype=\"image\" data-scale=\"large\" data-val=\"9f6f9a8eeffe4d059412e22b48d4c3a8\" \/><\/td>\n<td><strong>208\/220\/230V<br \/>\n50\/60 Hz<br \/>\n\u00b1 10%<\/strong><\/td>\n<td><strong>400\/440V<br \/>\n50\/60 Hz<br \/>\n\u00b1 10%<\/strong><\/td>\n<td colspan=\"2\">Dreiphasiger Netzanschluss<br \/>\nThree\u00a0phase input<\/td>\n<\/tr>\n<tr>\n<td><img decoding=\"async\" class=\"image-inline\" src=\"https:\/\/welding.cebora.it\/resolveuid\/aa9fb4c7ab754c0c8ab119a4109b21ae\/@@images\/image\/large\" alt=\"\" width=\"52\" height=\"27\" data-linktype=\"image\" data-scale=\"large\" data-val=\"aa9fb4c7ab754c0c8ab119a4109b21ae\" \/><\/td>\n<td><strong>50 A<\/strong><\/td>\n<td><strong>32 A<\/strong><\/td>\n<td colspan=\"2\">Tr\u00e4ge Sicherung<br \/>\nFuse rating (slow blow)<\/td>\n<\/tr>\n<tr>\n<td><img decoding=\"async\" class=\"image-inline\" src=\"https:\/\/welding.cebora.it\/resolveuid\/ec373687815540f282f7d24c1f1e8cf7\/@@images\/image\/large\" alt=\"\" width=\"53\" height=\"27\" data-linktype=\"image\" data-scale=\"large\" data-val=\"ec373687815540f282f7d24c1f1e8cf7\" \/><\/td>\n<td><strong>22 kVA\u00a0\u00a0\u00a0\u00a0 35%<br \/>\n21 kVA\u00a0 60%<br \/>\n16,6 kVA\u00a0 \u00a0100%<\/strong><\/td>\n<td><strong>22 kVA 80%<br \/>\n21 kVA 100%<\/strong><\/td>\n<td colspan=\"2\">Leistungsaufnahme<br \/>\nInput power<\/td>\n<\/tr>\n<tr>\n<td><img decoding=\"async\" class=\"image-inline\" src=\"https:\/\/welding.cebora.it\/resolveuid\/d87cb0b7ed214ccd8a347e0b0d7103ae\/@@images\/image\/large\" alt=\"\" data-linktype=\"image\" data-scale=\"large\" data-val=\"d87cb0b7ed214ccd8a347e0b0d7103ae\" \/><\/td>\n<td><strong>20 \u00f7 130 A<\/strong><\/td>\n<td><strong>\u00a0<\/strong><\/td>\n<td colspan=\"2\">Stromeinstellbereich<br \/>\nCurrent adjustment range<\/td>\n<\/tr>\n<tr>\n<td><img loading=\"lazy\" decoding=\"async\" class=\"image-inline\" src=\"https:\/\/welding.cebora.it\/resolveuid\/5f287f378c6e4e08b6096f49ebf6e6ec\/@@images\/image\/large\" alt=\"\" width=\"59\" height=\"30\" data-linktype=\"image\" data-scale=\"large\" data-val=\"5f287f378c6e4e08b6096f49ebf6e6ec\" \/><\/td>\n<td><strong>130 A 50%<\/strong><br \/>\n<strong>125 A 60%<\/strong><br \/>\n<strong>105 A 100%<\/strong><\/td>\n<td><strong>130 A 80%<\/strong><br \/>\n<strong>125 A 100%<\/strong><\/p>\n<p><strong>\u00a0<\/strong><\/td>\n<td colspan=\"2\">Einschaltdauer (10 min, 40\u00b0C)<br \/>\nGem\u00e4\u00df Norm IEC 60974-1<br \/>\nDuty Cycle (10 min.40\u00b0C)<br \/>\nAccording to IEC 60974-1<\/td>\n<\/tr>\n<tr>\n<td><img loading=\"lazy\" decoding=\"async\" class=\"image-inline\" src=\"https:\/\/welding.cebora.it\/resolveuid\/d0d120ececce4759881a5c766fdf275a\/@@images\/image\/large\" alt=\"\" width=\"58\" height=\"30\" data-linktype=\"image\" data-scale=\"large\" data-val=\"d0d120ececce4759881a5c766fdf275a\" \/><\/td>\n<td><strong>ELECTRONIC<\/strong><\/td>\n<td><\/td>\n<td colspan=\"2\">Stufenlose Einstellung<br \/>\nStepless regulation<\/td>\n<\/tr>\n<tr>\n<td><img decoding=\"async\" class=\"image-inline\" src=\"https:\/\/welding.cebora.it\/resolveuid\/56762042b80f462ab0f8b9be6d77d2c7\/@@images\/image\/large\" data-linktype=\"image\" data-scale=\"large\" data-val=\"56762042b80f462ab0f8b9be6d77d2c7\" \/><\/td>\n<td><strong>40 &#8211; 50 &#8211; (60) mm<\/strong><br \/>\n<strong>1\u201d37\/64\u201d &#8211; 1\u201d31\/32\u201d (2\u201d-3\/8\u201d)<\/strong><\/td>\n<td><\/td>\n<td colspan=\"2\">Materialst\u00e4rken bei Stahl: Empfohlen &#8211; Max. &#8211; (Trennschnitt)<br \/>\nThickness on steel: Recommended &#8211; Max &#8211; (Severance)<\/td>\n<\/tr>\n<tr>\n<td><img decoding=\"async\" class=\"image-inline\" src=\"https:\/\/welding.cebora.it\/resolveuid\/e01d4d57e9004fe585d9746406310629\/@@images\/image\/large\" alt=\"\" data-linktype=\"image\" data-scale=\"large\" data-val=\"e01d4d57e9004fe585d9746406310629\" \/><\/td>\n<td colspan=\"2\"><strong>250\u00a0l\/min @ 5,5 bar<\/strong><\/td>\n<td colspan=\"2\">Luftverbrauch<br \/>\nAir consumption<\/td>\n<\/tr>\n<tr>\n<td><img loading=\"lazy\" decoding=\"async\" class=\"image-inline\" src=\"https:\/\/welding.cebora.it\/resolveuid\/7fc4b99b597f4081b56be2726cf9af00\/@@images\/image\/large\" alt=\"\" width=\"55\" height=\"28\" data-linktype=\"image\" data-scale=\"large\" data-val=\"7fc4b99b597f4081b56be2726cf9af00\" \/><\/td>\n<td colspan=\"2\"><strong>IP23S<\/strong><\/td>\n<td colspan=\"2\">Schutzart<br \/>\nProtection class<\/td>\n<\/tr>\n<tr>\n<td><img loading=\"lazy\" decoding=\"async\" class=\"image-inline\" src=\"https:\/\/welding.cebora.it\/resolveuid\/6f604a610aef402bb436ba12e9209e67\/@@images\/image\/large\" alt=\"\" width=\"60\" height=\"31\" data-linktype=\"image\" data-scale=\"large\" data-val=\"6f604a610aef402bb436ba12e9209e67\" \/><\/td>\n<td colspan=\"2\"><strong>40 Kg<\/strong><\/td>\n<td colspan=\"2\">Gewicht<br \/>\nWeight<\/td>\n<\/tr>\n<tr>\n<td><img loading=\"lazy\" decoding=\"async\" class=\"image-inline\" src=\"https:\/\/welding.cebora.it\/resolveuid\/5706e8523276461899501d2ce2f96685\/@@images\/image\/large\" alt=\"\" width=\"53\" height=\"27\" data-linktype=\"image\" data-scale=\"large\" data-val=\"5706e8523276461899501d2ce2f96685\" \/><\/td>\n<td colspan=\"2\"><strong>297x613x558 mm<\/strong><\/td>\n<td colspan=\"2\">Abmessungen (BxLxH)<br \/>\nDimensions (WxLxH)<\/td>\n<\/tr>\n<\/tbody>\n<\/table>\n<\/div>\n<\/div>\n","protected":false},"excerpt":{"rendered":"<p>PLASMA SOUND PC 130\/T Spannungsumschaltbare dreiphasige Inverterstromquelle mit Z\u00fcndsystem \u201eON AIR\u201c, elektronischem und mechanischem Schutzsystem und automatischer Erkennung der Versorgungsspannung. Dank der hohen Einschaltdauer und der erh\u00f6hten Schnittgeschwindigkeit ist die PLASMA SOUND PC 130\/T ideal f\u00fcr die automatische Produktion, aber auch f\u00fcr die manuelle Produktion. Technische Eigenschaften Intuitives 5&#8243;-LCD-Bedienfeld Synergetische Einstellung der Schneidparameter Automatische \u00dcberwachung [&hellip;]<\/p>\n","protected":false},"featured_media":4126,"template":"","meta":{"ocean_post_layout":"","ocean_both_sidebars_style":"","ocean_both_sidebars_content_width":0,"ocean_both_sidebars_sidebars_width":0,"ocean_sidebar":"0","ocean_second_sidebar":"0","ocean_disable_margins":"enable","ocean_add_body_class":"","ocean_shortcode_before_top_bar":"","ocean_shortcode_after_top_bar":"","ocean_shortcode_before_header":"","ocean_shortcode_after_header":"","ocean_has_shortcode":"","ocean_shortcode_after_title":"","ocean_shortcode_before_footer_widgets":"","ocean_shortcode_after_footer_widgets":"","ocean_shortcode_before_footer_bottom":"","ocean_shortcode_after_footer_bottom":"","ocean_display_top_bar":"off","ocean_display_header":"default","ocean_header_style":"","ocean_center_header_left_menu":"0","ocean_custom_header_template":"0","ocean_custom_logo":0,"ocean_custom_retina_logo":0,"ocean_custom_logo_max_width":0,"ocean_custom_logo_tablet_max_width":0,"ocean_custom_logo_mobile_max_width":0,"ocean_custom_logo_max_height":0,"ocean_custom_logo_tablet_max_height":0,"ocean_custom_logo_mobile_max_height":0,"ocean_header_custom_menu":"0","ocean_menu_typo_font_family":"0","ocean_menu_typo_font_subset":"","ocean_menu_typo_font_size":0,"ocean_menu_typo_font_size_tablet":0,"ocean_menu_typo_font_size_mobile":0,"ocean_menu_typo_font_size_unit":"px","ocean_menu_typo_font_weight":"","ocean_menu_typo_font_weight_tablet":"","ocean_menu_typo_font_weight_mobile":"","ocean_menu_typo_transform":"","ocean_menu_typo_transform_tablet":"","ocean_menu_typo_transform_mobile":"","ocean_menu_typo_line_height":0,"ocean_menu_typo_line_height_tablet":0,"ocean_menu_typo_line_height_mobile":0,"ocean_menu_typo_line_height_unit":"","ocean_menu_typo_spacing":0,"ocean_menu_typo_spacing_tablet":0,"ocean_menu_typo_spacing_mobile":0,"ocean_menu_typo_spacing_unit":"","ocean_menu_link_color":"","ocean_menu_link_color_hover":"","ocean_menu_link_color_active":"","ocean_menu_link_background":"","ocean_menu_link_hover_background":"","ocean_menu_link_active_background":"","ocean_menu_social_links_bg":"","ocean_menu_social_hover_links_bg":"","ocean_menu_social_links_color":"","ocean_menu_social_hover_links_color":"","ocean_disable_title":"on","ocean_disable_heading":"default","ocean_post_title":"","ocean_post_subheading":"","ocean_post_title_style":"","ocean_post_title_background_color":"","ocean_post_title_background":0,"ocean_post_title_bg_image_position":"","ocean_post_title_bg_image_attachment":"","ocean_post_title_bg_image_repeat":"","ocean_post_title_bg_image_size":"","ocean_post_title_height":0,"ocean_post_title_bg_overlay":0.5,"ocean_post_title_bg_overlay_color":"","ocean_disable_breadcrumbs":"default","ocean_breadcrumbs_color":"","ocean_breadcrumbs_separator_color":"","ocean_breadcrumbs_links_color":"","ocean_breadcrumbs_links_hover_color":"","ocean_display_footer_widgets":"off","ocean_display_footer_bottom":"default","ocean_custom_footer_template":"0"},"product_brand":[],"product_cat":[275,226,170,161],"product_tag":[],"class_list":{"0":"post-2261","1":"product","2":"type-product","3":"status-publish","4":"has-post-thumbnail","6":"product_cat-plasmaschneiden-cebora-produkte","7":"product_cat-produkte-plasmaschneider-handwerk","8":"product_cat-produkte-plasma-automatisierung","9":"product_cat-produkte-plasma","11":"entry","12":"has-media","14":"first","15":"instock","16":"virtual","17":"purchasable","18":"product-type-simple","19":"has-product-nav","20":"col","21":"span_1_of_3","22":"owp-content-center","23":"owp-thumbs-layout-horizontal","24":"owp-btn-normal","25":"owp-tabs-layout-horizontal","26":"has-no-thumbnails"},"jetpack_sharing_enabled":true,"_links":{"self":[{"href":"https:\/\/kopie.cebotech.de\/index.php?rest_route=\/wp\/v2\/product\/2261","targetHints":{"allow":["GET"]}}],"collection":[{"href":"https:\/\/kopie.cebotech.de\/index.php?rest_route=\/wp\/v2\/product"}],"about":[{"href":"https:\/\/kopie.cebotech.de\/index.php?rest_route=\/wp\/v2\/types\/product"}],"wp:featuredmedia":[{"embeddable":true,"href":"https:\/\/kopie.cebotech.de\/index.php?rest_route=\/wp\/v2\/media\/4126"}],"wp:attachment":[{"href":"https:\/\/kopie.cebotech.de\/index.php?rest_route=%2Fwp%2Fv2%2Fmedia&parent=2261"}],"wp:term":[{"taxonomy":"product_brand","embeddable":true,"href":"https:\/\/kopie.cebotech.de\/index.php?rest_route=%2Fwp%2Fv2%2Fproduct_brand&post=2261"},{"taxonomy":"product_cat","embeddable":true,"href":"https:\/\/kopie.cebotech.de\/index.php?rest_route=%2Fwp%2Fv2%2Fproduct_cat&post=2261"},{"taxonomy":"product_tag","embeddable":true,"href":"https:\/\/kopie.cebotech.de\/index.php?rest_route=%2Fwp%2Fv2%2Fproduct_tag&post=2261"}],"curies":[{"name":"wp","href":"https:\/\/api.w.org\/{rel}","templated":true}]}}