{"id":2394,"date":"2021-11-27T14:55:57","date_gmt":"2021-11-27T14:55:57","guid":{"rendered":"https:\/\/kopie.cebotech.de\/?post_type=product&#038;p=2394"},"modified":"2022-10-26T16:37:28","modified_gmt":"2022-10-26T16:37:28","slug":"plasma-automation-prof-166-hqc","status":"publish","type":"product","link":"https:\/\/kopie.cebotech.de\/?product=plasma-automation-prof-166-hqc","title":{"rendered":"CEBORA PLASMA Automation PROF 166-HQC"},"content":{"rendered":"<p><strong>PLASMA Automation PROF 166-HQC<\/strong><\/p>\n<div id=\"heading-caratteristiche-tecniche\" class=\"panel-heading\" role=\"tab\">\n<h3 class=\"text-content\">Technische Eigenschaften<\/h3>\n<\/div>\n<div id=\"collapse-caratteristiche-tecniche\" class=\"panel-collapse collapse in\" role=\"tabpanel\" aria-labelledby=\"heading-caratteristiche-tecniche\" aria-expanded=\"true\">\n<div class=\"panel-body\">\n<ul>\n<li><strong>Mikroprozessor ARM<\/strong>\u00a0der letzten Generation<\/li>\n<li>V\u00f6llig neue und zuverl\u00e4ssige Hardware- und Software-Plattform<\/li>\n<li>Flexible Einstellung des Schneidstroms<\/li>\n<li><strong>USB-Anschluss<\/strong>\u00a0zum Aktualisieren der Plasmaschneidanlage<\/li>\n<li>Brenner CP 450G, kompatibel mit allen Stromquellen HQC CEBORA zum 2D- und 3D-Schneiden mit bis zu 45\u00b0 Neigung<\/li>\n<li>Manuelle synergetische Gaskonsole\u00a0<strong>PGC<\/strong>: f\u00fcr die benutzerfreundliche und fehlerfreie Einstellung der Schneidparameter<\/li>\n<li>Automatische Gaskonsole\u00a0<strong>APGC<\/strong>\u00a0f\u00fcr die Echtzeit-Regulierung aller Gasstr\u00f6me und den automatischen \u00dcbergang vom Schneiden zum Markieren<\/li>\n<li><strong>HQC CONTROL PANEL,<\/strong>\u00a0f\u00fcr nicht vollst\u00e4ndig integrierte automatische Anlagen;\u00a0externes digitales Touchscreen-Bedienpanel f\u00fcr die Programmierung des Schneidprozesses<\/li>\n<li><strong>Water Secondary Console,<\/strong>\u00a0zum Plasmaschneiden von Edelstahl und Aluminium mit Wasser als Sekund\u00e4rmedium in Verbindung einer manuellen oder automatischen Gaskonsole<\/li>\n<li>Die Einheit integriert\u00a0<strong>HF und Gasventile<\/strong>, sodass weniger Komponenten auf das Portal montiert werden m\u00fcssen. Au\u00dferdem ist die Verwendung eines einzigen kurzen Plasmabrenners CP 450G ungeachtet der Abmessungen des Pantographen m\u00f6glich.<\/li>\n<\/ul>\n<p>&#8212;<\/p>\n<ul>\n<li><strong>Art. 948.00\u00a0<\/strong>Stromquelle\u00a0mit analoger Schnittstelle<\/li>\n<li><strong>Art. 948.40\u00a0<\/strong>Stromquelle mit digitaler Schnittstelle CANopen<\/li>\n<li><strong>Art. 948.41\u00a0\u00a0<\/strong>Stromquelle\u00a0mit\u00a0digitaler Schnittstelle PROFIBUS<\/li>\n<li><strong>Art. 948.42\u00a0<\/strong>Stromquelle\u00a0mit digitaler Schnittstelle DeviceNet<\/li>\n<li><strong>Art. 948.43\u00a0<\/strong>Stromquelle\u00a0mit\u00a0digitaler Schnittstelle\u00a0EtherCAT<\/li>\n<\/ul>\n<p>Spezielle Verbrauchsteile f\u00fcr Baustahl:<\/p>\n<ul>\n<li><strong>50 A Speed<\/strong>\u00a0zum Erh\u00f6hen der Schneidgeschwindigkeit bei gleichbleibend hohen Leistungen<\/li>\n<li><strong>120 A EXP (<em>EX<\/em><\/strong><em>treme\u00a0<strong>P<\/strong>iercing<\/em><em>)\u00a0<\/em>zum Durchstechen gro\u00dfer Materialst\u00e4rken, ohne die Plasmaanlage HQC im Vergleich zu den allt\u00e4glichen Produktionsanforderungen \u00fcberdimensionieren zu m\u00fcssen<\/li>\n<li><strong><em>250 A QPC<\/em><\/strong><em>\u00a0(<strong>Q<\/strong>uality\u00a0<strong>P<\/strong>roduction\u00a0<strong>C<\/strong>utting<\/em><em>)<\/em>\u00a0\u00a0f\u00fcr den besten Kompromiss zwischen Qualit\u00e4t und Produktivit\u00e4t<\/li>\n<\/ul>\n<\/div>\n<\/div>\n<h3><\/h3>\n<div id=\"heading-scheda-tecnica\" class=\"panel-heading\" role=\"tab\">\n<h3 class=\"text-content\">Technisches Datenblatt:<\/h3>\n<\/div>\n<div id=\"collapse-scheda-tecnica\" class=\"panel-collapse collapse in\" role=\"tabpanel\" aria-labelledby=\"heading-scheda-tecnica\" aria-expanded=\"true\">\n<div class=\"panel-body\">\n<p>\u200b<\/p>\n<table class=\"table table-bordered\">\n<thead>\n<tr>\n<th>Art.-Nr.<\/th>\n<th><span class=\"highlightedSearchTerm\">948<\/span><\/th>\n<th>Technische Daten<\/th>\n<th><img decoding=\"async\" class=\"image-inline\" src=\"https:\/\/welding.cebora.it\/resolveuid\/798ff3338d6245f08bc18619c1d9a430\/@@images\/image\/large\" alt=\"\" data-linktype=\"image\" data-scale=\"large\" data-val=\"798ff3338d6245f08bc18619c1d9a430\" \/><\/th>\n<\/tr>\n<\/thead>\n<tbody>\n<tr>\n<td><img decoding=\"async\" class=\"image-inline\" src=\"https:\/\/welding.cebora.it\/resolveuid\/9f6f9a8eeffe4d059412e22b48d4c3a8\/@@images\/image\/large\" alt=\"\" data-linktype=\"image\" data-scale=\"large\" data-val=\"9f6f9a8eeffe4d059412e22b48d4c3a8\" \/><\/td>\n<td><strong>220\/230 V<br \/>\n380\/400 V<br \/>\n415\/440 V<br \/>\n50\/60 Hz<\/strong><br \/>\n<strong>\u00b1 10%<\/strong><\/td>\n<td colspan=\"2\">Dreiphasiger Netzanschluss<br \/>\nThree phase input<\/td>\n<\/tr>\n<tr>\n<td><img decoding=\"async\" class=\"image-inline\" src=\"https:\/\/welding.cebora.it\/resolveuid\/aa9fb4c7ab754c0c8ab119a4109b21ae\/@@images\/image\/large\" alt=\"\" width=\"56\" height=\"29\" data-linktype=\"image\" data-scale=\"large\" data-val=\"aa9fb4c7ab754c0c8ab119a4109b21ae\" \/><\/td>\n<td><strong>85 A<br \/>\n<\/strong><strong>40 A<br \/>\n40\/35 A<\/strong><\/td>\n<td colspan=\"2\">Tr\u00e4ge Sicherung<br \/>\nFuse rating (slow blow)<\/td>\n<\/tr>\n<tr>\n<td><img decoding=\"async\" class=\"image-inline\" src=\"https:\/\/welding.cebora.it\/resolveuid\/d9a3057c01f34399b95e48cc37099ef0\/@@images\/image\/large\" alt=\"\" data-linktype=\"image\" data-scale=\"large\" data-val=\"d9a3057c01f34399b95e48cc37099ef0\" \/><\/td>\n<td><strong>16 kW<\/strong><\/td>\n<td colspan=\"2\">Max. installierte Leistung<br \/>\nMax. installed power<\/td>\n<\/tr>\n<tr>\n<td><img decoding=\"async\" class=\"image-inline\" src=\"https:\/\/welding.cebora.it\/resolveuid\/ec373687815540f282f7d24c1f1e8cf7\/@@images\/image\/large\" alt=\"\" width=\"55\" height=\"28\" data-linktype=\"image\" data-scale=\"large\" data-val=\"ec373687815540f282f7d24c1f1e8cf7\" \/><\/td>\n<td><strong>20,7\u00a0kVA 100%<\/strong><\/td>\n<td colspan=\"2\">Leistungsaufnahme<br \/>\nInput power<\/td>\n<\/tr>\n<tr>\n<td><img decoding=\"async\" class=\"image-inline\" src=\"https:\/\/welding.cebora.it\/resolveuid\/d87cb0b7ed214ccd8a347e0b0d7103ae\/@@images\/image\/large\" alt=\"\" data-linktype=\"image\" data-scale=\"large\" data-val=\"d87cb0b7ed214ccd8a347e0b0d7103ae\" \/><\/td>\n<td><strong>5 A \u00f7 120 A<\/strong><\/td>\n<td colspan=\"2\">Stromeinstellbereich<br \/>\nCurrent adjustment range<\/td>\n<\/tr>\n<tr>\n<td><img decoding=\"async\" class=\"image-inline\" src=\"https:\/\/welding.cebora.it\/resolveuid\/5f287f378c6e4e08b6096f49ebf6e6ec\/@@images\/image\/large\" alt=\"\" width=\"57\" height=\"29\" data-linktype=\"image\" data-scale=\"large\" data-val=\"5f287f378c6e4e08b6096f49ebf6e6ec\" \/><\/td>\n<td><strong>120 A 100%<\/strong><\/td>\n<td colspan=\"2\">Einschaltdauer (10 min, 40\u00b0C)<br \/>\nGem\u00e4\u00df Norm IEC 60974-1<br \/>\nDuty Cycle (10 min.40\u00b0C)<br \/>\nAccording to IEC 60974-1<\/td>\n<\/tr>\n<tr>\n<td><img loading=\"lazy\" decoding=\"async\" class=\"image-inline\" src=\"https:\/\/welding.cebora.it\/resolveuid\/d0d120ececce4759881a5c766fdf275a\/@@images\/image\/large\" width=\"54\" height=\"28\" data-linktype=\"image\" data-scale=\"large\" data-val=\"d0d120ececce4759881a5c766fdf275a\" \/><\/td>\n<td><strong>ELECTRONIC<\/strong><\/td>\n<td colspan=\"2\">Stufenlose Einstellung<\/p>\n<p>Stepless regulation<\/td>\n<\/tr>\n<tr>\n<td><img loading=\"lazy\" decoding=\"async\" class=\"image-inline\" src=\"https:\/\/welding.cebora.it\/resolveuid\/7fc4b99b597f4081b56be2726cf9af00\/@@images\/image\/large\" alt=\"\" width=\"53\" height=\"27\" data-linktype=\"image\" data-scale=\"large\" data-val=\"7fc4b99b597f4081b56be2726cf9af00\" \/><\/td>\n<td><strong>IP21S<\/strong><\/td>\n<td colspan=\"2\">Schutzart<br \/>\nProtection class<\/td>\n<\/tr>\n<tr>\n<td><img loading=\"lazy\" decoding=\"async\" class=\"image-inline\" src=\"https:\/\/welding.cebora.it\/resolveuid\/6f604a610aef402bb436ba12e9209e67\/@@images\/image\/large\" alt=\"\" width=\"55\" height=\"28\" data-linktype=\"image\" data-scale=\"large\" data-val=\"6f604a610aef402bb436ba12e9209e67\" \/><\/td>\n<td><strong>200 kg<\/strong><\/td>\n<td colspan=\"2\">Gewicht<br \/>\nWeight<\/td>\n<\/tr>\n<tr>\n<td><img loading=\"lazy\" decoding=\"async\" class=\"image-inline\" src=\"https:\/\/welding.cebora.it\/resolveuid\/5706e8523276461899501d2ce2f96685\/@@images\/image\/large\" alt=\"\" width=\"51\" height=\"26\" data-linktype=\"image\" data-scale=\"large\" data-val=\"5706e8523276461899501d2ce2f96685\" \/><\/td>\n<td><strong>463x950x931\u00a0mm<\/strong><\/td>\n<td colspan=\"2\">Abmessungen (BxLxH)<br \/>\nDimensions (WxLxH)<\/td>\n<\/tr>\n<\/tbody>\n<\/table>\n<\/div>\n<\/div>\n","protected":false},"excerpt":{"rendered":"<p>PLASMA Automation PROF 166-HQC Technische Eigenschaften Mikroprozessor ARM\u00a0der letzten Generation V\u00f6llig neue und zuverl\u00e4ssige Hardware- und Software-Plattform Flexible Einstellung des Schneidstroms USB-Anschluss\u00a0zum Aktualisieren der Plasmaschneidanlage Brenner CP 450G, kompatibel mit allen Stromquellen HQC CEBORA zum 2D- und 3D-Schneiden mit bis zu 45\u00b0 Neigung Manuelle synergetische Gaskonsole\u00a0PGC: f\u00fcr die benutzerfreundliche und fehlerfreie Einstellung der Schneidparameter Automatische [&hellip;]<\/p>\n","protected":false},"featured_media":4130,"template":"","meta":{"ocean_post_layout":"","ocean_both_sidebars_style":"","ocean_both_sidebars_content_width":0,"ocean_both_sidebars_sidebars_width":0,"ocean_sidebar":"0","ocean_second_sidebar":"0","ocean_disable_margins":"enable","ocean_add_body_class":"","ocean_shortcode_before_top_bar":"","ocean_shortcode_after_top_bar":"","ocean_shortcode_before_header":"","ocean_shortcode_after_header":"","ocean_has_shortcode":"","ocean_shortcode_after_title":"","ocean_shortcode_before_footer_widgets":"","ocean_shortcode_after_footer_widgets":"","ocean_shortcode_before_footer_bottom":"","ocean_shortcode_after_footer_bottom":"","ocean_display_top_bar":"off","ocean_display_header":"default","ocean_header_style":"","ocean_center_header_left_menu":"0","ocean_custom_header_template":"0","ocean_custom_logo":0,"ocean_custom_retina_logo":0,"ocean_custom_logo_max_width":0,"ocean_custom_logo_tablet_max_width":0,"ocean_custom_logo_mobile_max_width":0,"ocean_custom_logo_max_height":0,"ocean_custom_logo_tablet_max_height":0,"ocean_custom_logo_mobile_max_height":0,"ocean_header_custom_menu":"0","ocean_menu_typo_font_family":"0","ocean_menu_typo_font_subset":"","ocean_menu_typo_font_size":0,"ocean_menu_typo_font_size_tablet":0,"ocean_menu_typo_font_size_mobile":0,"ocean_menu_typo_font_size_unit":"px","ocean_menu_typo_font_weight":"","ocean_menu_typo_font_weight_tablet":"","ocean_menu_typo_font_weight_mobile":"","ocean_menu_typo_transform":"","ocean_menu_typo_transform_tablet":"","ocean_menu_typo_transform_mobile":"","ocean_menu_typo_line_height":0,"ocean_menu_typo_line_height_tablet":0,"ocean_menu_typo_line_height_mobile":0,"ocean_menu_typo_line_height_unit":"","ocean_menu_typo_spacing":0,"ocean_menu_typo_spacing_tablet":0,"ocean_menu_typo_spacing_mobile":0,"ocean_menu_typo_spacing_unit":"","ocean_menu_link_color":"","ocean_menu_link_color_hover":"","ocean_menu_link_color_active":"","ocean_menu_link_background":"","ocean_menu_link_hover_background":"","ocean_menu_link_active_background":"","ocean_menu_social_links_bg":"","ocean_menu_social_hover_links_bg":"","ocean_menu_social_links_color":"","ocean_menu_social_hover_links_color":"","ocean_disable_title":"on","ocean_disable_heading":"default","ocean_post_title":"","ocean_post_subheading":"","ocean_post_title_style":"","ocean_post_title_background_color":"","ocean_post_title_background":0,"ocean_post_title_bg_image_position":"","ocean_post_title_bg_image_attachment":"","ocean_post_title_bg_image_repeat":"","ocean_post_title_bg_image_size":"","ocean_post_title_height":0,"ocean_post_title_bg_overlay":0.5,"ocean_post_title_bg_overlay_color":"","ocean_disable_breadcrumbs":"default","ocean_breadcrumbs_color":"","ocean_breadcrumbs_separator_color":"","ocean_breadcrumbs_links_color":"","ocean_breadcrumbs_links_hover_color":"","ocean_display_footer_widgets":"off","ocean_display_footer_bottom":"default","ocean_custom_footer_template":"0"},"product_brand":[],"product_cat":[275,226,170,161],"product_tag":[],"class_list":{"0":"post-2394","1":"product","2":"type-product","3":"status-publish","4":"has-post-thumbnail","6":"product_cat-plasmaschneiden-cebora-produkte","7":"product_cat-produkte-plasmaschneider-handwerk","8":"product_cat-produkte-plasma-automatisierung","9":"product_cat-produkte-plasma","11":"entry","12":"has-media","14":"first","15":"instock","16":"virtual","17":"purchasable","18":"product-type-simple","19":"has-product-nav","20":"col","21":"span_1_of_3","22":"owp-content-center","23":"owp-thumbs-layout-horizontal","24":"owp-btn-normal","25":"owp-tabs-layout-horizontal","26":"has-no-thumbnails"},"jetpack_sharing_enabled":true,"_links":{"self":[{"href":"https:\/\/kopie.cebotech.de\/index.php?rest_route=\/wp\/v2\/product\/2394","targetHints":{"allow":["GET"]}}],"collection":[{"href":"https:\/\/kopie.cebotech.de\/index.php?rest_route=\/wp\/v2\/product"}],"about":[{"href":"https:\/\/kopie.cebotech.de\/index.php?rest_route=\/wp\/v2\/types\/product"}],"wp:featuredmedia":[{"embeddable":true,"href":"https:\/\/kopie.cebotech.de\/index.php?rest_route=\/wp\/v2\/media\/4130"}],"wp:attachment":[{"href":"https:\/\/kopie.cebotech.de\/index.php?rest_route=%2Fwp%2Fv2%2Fmedia&parent=2394"}],"wp:term":[{"taxonomy":"product_brand","embeddable":true,"href":"https:\/\/kopie.cebotech.de\/index.php?rest_route=%2Fwp%2Fv2%2Fproduct_brand&post=2394"},{"taxonomy":"product_cat","embeddable":true,"href":"https:\/\/kopie.cebotech.de\/index.php?rest_route=%2Fwp%2Fv2%2Fproduct_cat&post=2394"},{"taxonomy":"product_tag","embeddable":true,"href":"https:\/\/kopie.cebotech.de\/index.php?rest_route=%2Fwp%2Fv2%2Fproduct_tag&post=2394"}],"curies":[{"name":"wp","href":"https:\/\/api.w.org\/{rel}","templated":true}]}}