{"id":2459,"date":"2021-11-28T13:03:42","date_gmt":"2021-11-28T13:03:42","guid":{"rendered":"https:\/\/kopie.cebotech.de\/?post_type=product&#038;p=2459"},"modified":"2022-10-26T16:37:01","modified_gmt":"2022-10-26T16:37:01","slug":"tig-2005-ac-dc-hf","status":"publish","type":"product","link":"https:\/\/kopie.cebotech.de\/?product=tig-2005-ac-dc-hf","title":{"rendered":"ELETTRO TIG 2005 AC\/DC HF"},"content":{"rendered":"<p>Einphasige AC\/DC INVERTER tragbare Stromquelle zum WIG-Schwei\u00dfen mit Hochfrequenz und E-Hand-Schwei\u00dfen.\u00a0Mit Lichtbogen-Impulsbetrieb.<br \/>\nEs eignet sich zum Schwei\u00dfen von Eisen, Stahl, Edelstahl, Kupfer und Titan.\u00a0Es eignet sich besonders f\u00fcr die Montage externer Anlagen, Wartungsarbeiten vor Ort und schwer zug\u00e4ngliche Stellen, Anwendungen in kleinen Produktionsanlagen und Reparaturarbeiten.<\/p>\n<h3>HAUPTMERKMALE<\/h3>\n<p>\u2022 Stabiler Lichtbogen.<br \/>\n\u2022 Einfach zu verwenden.<br \/>\n\u2022 Mikroprozessorsteuerung der Schwei\u00dffunktionen.<br \/>\n\u2022 2-stufige, 4-stufige Funktionen.<br \/>\n\u2022 Ausgestattet mit Impulslichtbogenmodus mit der M\u00f6glichkeit, die Einschaltdauer einzustellen.<br \/>\n\u2022 Im WIG-Modus kann der Lichtbogen entweder mit Hochfrequenz (HF-Start) oder durch Kontakt gez\u00fcndet werden.<br \/>\n\u2022 Bei Wechselstrom kann die Frequenz eingestellt werden.<br \/>\n\u2022 Bei AC sind Einbrand und Reinigung der Schwei\u00dfraupe einstellbar.<br \/>\n\u2022 Einstellm\u00f6glichkeit des Startstroms und des Kraterf\u00fcllstroms.<br \/>\n\u2022 Im MMA-SMAW-Modus erm\u00f6glicht es das Schwei\u00dfen mit rutilen und basisch umh\u00fcllten Elektroden.<br \/>\n\u2022 Arc Force und Hot Start im MMA einstellbar.<br \/>\n\u2022 M\u00f6glichkeit, die Zeit von Pre Gas, Post Gas, Slope Up und Slope Down einzustellen.<br \/>\n\u2022 Vorbereitet f\u00fcr Fu\u00dfsteuerung.<br \/>\n\u2022 Anschlussm\u00f6glichkeit an motorbetriebene Generatoren mit ausreichender Leistung.<br \/>\n\u2022 Ausgestattet mit einer PFC-Vorrichtung (Power Factor Correction) zur Reduzierung und Stabilisierung der aufgenommenen Leistung.<br \/>\n\u2022 Schutzart IP23 f\u00fcr Arbeiten im Freien.<br \/>\n\u2022 Kleine Abmessungen und geringes Gewicht.<\/p>\n<h3>Technische Daten:<\/h3>\n<table id=\"ProdottiDettaglio1_DataGrid1\" class=\"tb-scheda-prodotto tb-dati\" border=\"1\" rules=\"all\" cellspacing=\"0\">\n<tbody>\n<tr>\n<td class=\"zero\" align=\"left\">Code<\/td>\n<td class=\"uno\" colspan=\"4\">S00161<\/td>\n<\/tr>\n<tr>\n<td class=\"zero\" align=\"left\">Artikel<\/td>\n<td class=\"uno\" colspan=\"4\">WIG 2005 AC\/DC HF<\/td>\n<\/tr>\n<tr>\n<td class=\"zero\" align=\"left\">Modus<\/td>\n<td class=\"uno\">WIG<\/td>\n<td class=\"due\">MMA<\/td>\n<td class=\"tre\">WIG<\/td>\n<td class=\"quattro\">MMA<\/td>\n<\/tr>\n<tr>\n<td class=\"zero\" align=\"left\">Eingangsspannung<\/td>\n<td class=\"uno\" colspan=\"2\">1&#215;110\/115\/127V 50-60Hz<\/td>\n<td class=\"due\" colspan=\"2\">1&#215;220\/230\/240V 50-60Hz<\/td>\n<\/tr>\n<tr>\n<td class=\"zero\" align=\"left\">Installationsleistung<\/td>\n<td class=\"uno\" colspan=\"4\">5,0kW<\/td>\n<\/tr>\n<tr>\n<td class=\"zero\" align=\"left\">MIN-MAX Schwei\u00dfstrom<\/td>\n<td class=\"uno\">5 \u00f7 140 A<\/td>\n<td class=\"due\">5 \u00f7 100 A<\/td>\n<td class=\"tre\">5 \u00f7 200 A<\/td>\n<td class=\"quattro\">5 \u00f7 170 A<\/td>\n<\/tr>\n<tr>\n<td class=\"zero\" align=\"left\">Einschaltdauer \u2013 10-MIN-ZYKLUS NACH EN 60974-1<\/td>\n<td class=\"uno\">40 % 140 A &#8211; 60 % 110 A &#8211; 100 % 85 A<\/td>\n<td class=\"due\">35 % 100 A &#8211; 60 % 75 A &#8211; 100 % 60 A<\/td>\n<td class=\"tre\">30 % 200 A &#8211; 60 % 140 A &#8211; 100 % 110 A<\/td>\n<td class=\"quattro\">30 % 170 A &#8211; 60 % 120 A &#8211; 100 % 90 A<\/td>\n<\/tr>\n<tr>\n<td class=\"zero\" align=\"left\">Elektroden<\/td>\n<td class=\"uno\">&#8211;<\/td>\n<td class=\"due\">\u00d8 mm 1,6 \u00f7 4<\/td>\n<td class=\"tre\"><\/td>\n<td class=\"quattro\">\u00d8 mm 1,6 \u00f7 4<\/td>\n<\/tr>\n<tr>\n<td class=\"zero\" align=\"left\">Stufenlose Regelung<\/td>\n<td class=\"uno\" colspan=\"4\">ELEKTRONISCH<\/td>\n<\/tr>\n<tr>\n<td class=\"zero\" align=\"left\">Schutzklasse<\/td>\n<td class=\"uno\" colspan=\"4\">IP23<\/td>\n<\/tr>\n<tr>\n<td class=\"zero\" align=\"left\">Isolationsklasse<\/td>\n<td class=\"uno\" colspan=\"4\">F<\/td>\n<\/tr>\n<tr>\n<td class=\"zero\" align=\"left\">Baunormen<\/td>\n<td class=\"uno\" colspan=\"4\">EN60974-1 \/ EN60974-10<\/td>\n<\/tr>\n<tr>\n<td class=\"zero\" align=\"left\">Ma\u00dfe<\/td>\n<td class=\"uno\" colspan=\"4\">170 x 450 x 270 h mm<\/td>\n<\/tr>\n<tr>\n<td class=\"zero\" align=\"left\">Gewicht<\/td>\n<td class=\"uno\" colspan=\"4\">11,2 kg<\/td>\n<\/tr>\n<\/tbody>\n<\/table>\n","protected":false},"excerpt":{"rendered":"<p>Einphasige AC\/DC INVERTER tragbare Stromquelle zum WIG-Schwei\u00dfen mit Hochfrequenz und E-Hand-Schwei\u00dfen.\u00a0Mit Lichtbogen-Impulsbetrieb. Es eignet sich zum Schwei\u00dfen von Eisen, Stahl, Edelstahl, Kupfer und Titan.\u00a0Es eignet sich besonders f\u00fcr die Montage externer Anlagen, Wartungsarbeiten vor Ort und schwer zug\u00e4ngliche Stellen, Anwendungen in kleinen Produktionsanlagen und Reparaturarbeiten. HAUPTMERKMALE \u2022 Stabiler Lichtbogen. \u2022 Einfach zu verwenden. \u2022 Mikroprozessorsteuerung [&hellip;]<\/p>\n","protected":false},"featured_media":5352,"template":"","meta":{"ocean_post_layout":"","ocean_both_sidebars_style":"","ocean_both_sidebars_content_width":0,"ocean_both_sidebars_sidebars_width":0,"ocean_sidebar":"0","ocean_second_sidebar":"0","ocean_disable_margins":"enable","ocean_add_body_class":"","ocean_shortcode_before_top_bar":"","ocean_shortcode_after_top_bar":"","ocean_shortcode_before_header":"","ocean_shortcode_after_header":"","ocean_has_shortcode":"","ocean_shortcode_after_title":"","ocean_shortcode_before_footer_widgets":"","ocean_shortcode_after_footer_widgets":"","ocean_shortcode_before_footer_bottom":"","ocean_shortcode_after_footer_bottom":"","ocean_display_top_bar":"off","ocean_display_header":"default","ocean_header_style":"","ocean_center_header_left_menu":"0","ocean_custom_header_template":"0","ocean_custom_logo":0,"ocean_custom_retina_logo":0,"ocean_custom_logo_max_width":0,"ocean_custom_logo_tablet_max_width":0,"ocean_custom_logo_mobile_max_width":0,"ocean_custom_logo_max_height":0,"ocean_custom_logo_tablet_max_height":0,"ocean_custom_logo_mobile_max_height":0,"ocean_header_custom_menu":"0","ocean_menu_typo_font_family":"0","ocean_menu_typo_font_subset":"","ocean_menu_typo_font_size":0,"ocean_menu_typo_font_size_tablet":0,"ocean_menu_typo_font_size_mobile":0,"ocean_menu_typo_font_size_unit":"px","ocean_menu_typo_font_weight":"","ocean_menu_typo_font_weight_tablet":"","ocean_menu_typo_font_weight_mobile":"","ocean_menu_typo_transform":"","ocean_menu_typo_transform_tablet":"","ocean_menu_typo_transform_mobile":"","ocean_menu_typo_line_height":0,"ocean_menu_typo_line_height_tablet":0,"ocean_menu_typo_line_height_mobile":0,"ocean_menu_typo_line_height_unit":"","ocean_menu_typo_spacing":0,"ocean_menu_typo_spacing_tablet":0,"ocean_menu_typo_spacing_mobile":0,"ocean_menu_typo_spacing_unit":"","ocean_menu_link_color":"","ocean_menu_link_color_hover":"","ocean_menu_link_color_active":"","ocean_menu_link_background":"","ocean_menu_link_hover_background":"","ocean_menu_link_active_background":"","ocean_menu_social_links_bg":"","ocean_menu_social_hover_links_bg":"","ocean_menu_social_links_color":"","ocean_menu_social_hover_links_color":"","ocean_disable_title":"on","ocean_disable_heading":"default","ocean_post_title":"","ocean_post_subheading":"","ocean_post_title_style":"","ocean_post_title_background_color":"","ocean_post_title_background":0,"ocean_post_title_bg_image_position":"","ocean_post_title_bg_image_attachment":"","ocean_post_title_bg_image_repeat":"","ocean_post_title_bg_image_size":"","ocean_post_title_height":0,"ocean_post_title_bg_overlay":0.5,"ocean_post_title_bg_overlay_color":"","ocean_disable_breadcrumbs":"default","ocean_breadcrumbs_color":"","ocean_breadcrumbs_separator_color":"","ocean_breadcrumbs_links_color":"","ocean_breadcrumbs_links_hover_color":"","ocean_display_footer_widgets":"off","ocean_display_footer_bottom":"default","ocean_custom_footer_template":"0"},"product_brand":[],"product_cat":[217,156,105,269],"product_tag":[],"class_list":{"0":"post-2459","1":"product","2":"type-product","3":"status-publish","4":"has-post-thumbnail","6":"product_cat-produkte-tig-handwerk","7":"product_cat-produkte-tig-industrie","8":"product_cat-produkte-wig-schweissen","9":"product_cat-wig-cebora-produkte","11":"entry","12":"has-media","14":"first","15":"instock","16":"virtual","17":"purchasable","18":"product-type-simple","19":"has-product-nav","20":"col","21":"span_1_of_3","22":"owp-content-center","23":"owp-thumbs-layout-horizontal","24":"owp-btn-normal","25":"owp-tabs-layout-horizontal","26":"has-no-thumbnails"},"jetpack_sharing_enabled":true,"_links":{"self":[{"href":"https:\/\/kopie.cebotech.de\/index.php?rest_route=\/wp\/v2\/product\/2459","targetHints":{"allow":["GET"]}}],"collection":[{"href":"https:\/\/kopie.cebotech.de\/index.php?rest_route=\/wp\/v2\/product"}],"about":[{"href":"https:\/\/kopie.cebotech.de\/index.php?rest_route=\/wp\/v2\/types\/product"}],"wp:featuredmedia":[{"embeddable":true,"href":"https:\/\/kopie.cebotech.de\/index.php?rest_route=\/wp\/v2\/media\/5352"}],"wp:attachment":[{"href":"https:\/\/kopie.cebotech.de\/index.php?rest_route=%2Fwp%2Fv2%2Fmedia&parent=2459"}],"wp:term":[{"taxonomy":"product_brand","embeddable":true,"href":"https:\/\/kopie.cebotech.de\/index.php?rest_route=%2Fwp%2Fv2%2Fproduct_brand&post=2459"},{"taxonomy":"product_cat","embeddable":true,"href":"https:\/\/kopie.cebotech.de\/index.php?rest_route=%2Fwp%2Fv2%2Fproduct_cat&post=2459"},{"taxonomy":"product_tag","embeddable":true,"href":"https:\/\/kopie.cebotech.de\/index.php?rest_route=%2Fwp%2Fv2%2Fproduct_tag&post=2459"}],"curies":[{"name":"wp","href":"https:\/\/api.w.org\/{rel}","templated":true}]}}