{"id":2538,"date":"2021-11-28T14:30:51","date_gmt":"2021-11-28T14:30:51","guid":{"rendered":"https:\/\/kopie.cebotech.de\/?post_type=product&#038;p=2538"},"modified":"2022-10-26T16:36:10","modified_gmt":"2022-10-26T16:36:10","slug":"synstar-200-m","status":"publish","type":"product","link":"https:\/\/kopie.cebotech.de\/?product=synstar-200-m","title":{"rendered":"CEBORA SYNSTAR 200 M"},"content":{"rendered":"<p><strong>SYNERGISCHE INVERTER-STROMQUELLE ZUM MIG\/MAG-SCHWEI\u00dfEN<\/strong><\/p>\n<p><strong>Einphasige synergische MIG\/MAG- Schwei\u00dfstromquelle mit 2 Rollen Drahtvorschub aus Alu mit Steuerpaneel LCD Anzeige und voreingestellten Synergieprogrammen und Fahrwagen zum Transport der Stromquelle<\/strong><\/p>\n<p><strong>Elektronische Regelung der Drossel, der Punktschwei\u00dfzeiten und der Pausenzeiten<\/strong><\/p>\n<p><strong>Lieferung mit Massekabel 2,3 m und Klemme (ohne Brenner und Druckminderer)<\/strong><\/p>\n<div id=\"heading-caratteristiche-tecniche\" class=\"panel-heading\" role=\"tab\">\n<h3 class=\"text-content\">Technische Eigenschaften:<\/h3>\n<\/div>\n<div id=\"collapse-caratteristiche-tecniche\" class=\"panel-collapse collapse in\" role=\"tabpanel\" aria-labelledby=\"heading-caratteristiche-tecniche\" aria-expanded=\"true\">\n<div class=\"panel-body\">\n<ul>\n<li>Drahtvorschubger\u00e4t mit 2 Rollen \u00d8 30 mm aus Aluminium<\/li>\n<li>Komplett mit Fahrwagen f\u00fcr die Stromquelle, Massekabel (3 m &#8211; 25 mm<sup>2<\/sup>) mit Masseklemme<\/li>\n<li>Grundausstattung mit 28 Synergiekurven f\u00fcr Volldraht \u00d8 0,6\/0,8\/0,9\/1,0\/1,2 mm und f\u00fcr F\u00fclldraht \u00d8 0,9 mm. Der F\u00fclldraht kann durch Umpolung entweder mit oder ohne Schutzgas geschwei\u00dft werden.<\/li>\n<li><strong><em>Mit dem optionalen Upgrade f\u00fcr die Impulsfunktion\u00a0<\/em>[Art. 238]<\/strong>\u00a0k\u00f6nnen spezielle gepulste Synergiekurven f\u00fcr Eisen, rostfreien Stahl, Aluminium und CuSi3 aktiviert werden. Mehr als 30 Schwei\u00dfprogramme<\/li>\n<li><strong><em>Upgrade f\u00fcr Zweiwertschaltung\u00a0<\/em>[Art. 813]<\/strong>. F\u00fcr den Doppelimpuls muss auch das Upgrade f\u00fcr die Impulsfunktion aktiviert werden.<\/li>\n<li>Das LCD-Panel\u00a0ist eine sehr n\u00fctzliche Benutzeroberfl\u00e4che, auf der in Echtzeit die Einstellung des Ger\u00e4ts sowie \u2013 synergetisch \u2013 Drahttyp, Gasart, Strom, Dicke, Spannung und Drahtvorschubgeschwindigkeit angezeigt werden.<\/li>\n<li>Die Stromquelle bietet zahlreiche Funktionen, die an der Steuertafel eingestellt werden k\u00f6nnen, wie z.B.:<br \/>\n&#8211; Arc Length, 2-Takt\/4-Takt-Betrieb, Punktschwei\u00dfzeit, Pausenzeit, Drosselwirkung, R\u00fcckbrandzeit, Einschleichen, Lichtbogenl\u00e4nge usw.<br \/>\n&#8211;\u00a0Wahl des Schwei\u00dfprozesses SHORT oder IMPULS<br \/>\n&#8211; Drei wichtige spezielle Funktionen zum optimalen Schwei\u00dfen von Aluminium (Dreiwertschaltung, automatischer Hot Start, automatisches Kraterf\u00fcllen)<\/li>\n<li>Der Euro-Zentralanschluss erm\u00f6glicht die Verwendung sowohl eines MIG-Standardbrenners als auch eines Brenners Push-Pull 2003 Cebora.<\/li>\n<li>Es k\u00f6nnen zwei verschiedene Spulentypen verwendet werden: \u00d8 200 mm oder \u00d8 300 mm<\/li>\n<\/ul>\n<\/div>\n<\/div>\n<div id=\"heading-interfaccia-analogica\" class=\"panel-heading\" role=\"tab\">\n<h3 class=\"text-content\">Technisches Datenblatt:<\/h3>\n<\/div>\n<div id=\"collapse-interfaccia-analogica\" class=\"panel-collapse collapse in\" role=\"tabpanel\" aria-labelledby=\"heading-interfaccia-analogica\" aria-expanded=\"true\">\n<div class=\"panel-body\">\n<p>&nbsp;<\/p>\n<table class=\"table table-bordered\">\n<thead>\n<tr>\n<th>Art.-Nr.<\/th>\n<th>322<\/th>\n<th>Technische Daten<\/th>\n<th><\/th>\n<\/tr>\n<\/thead>\n<tbody>\n<tr>\n<td><img decoding=\"async\" class=\"image-inline\" src=\"https:\/\/welding.cebora.it\/resolveuid\/4e76a9bcc15b4ad09c93fb6000a6bc68\/@@images\/image\/mini\" alt=\"\" width=\"54\" height=\"27\" data-linktype=\"image\" data-scale=\"mini\" data-val=\"4e76a9bcc15b4ad09c93fb6000a6bc68\" \/><\/td>\n<td><strong>230 V 50\/60 Hz<br \/>\n+15% \/ -20%<\/strong><\/td>\n<td colspan=\"2\">Einphasiger Netzanschluss<br \/>\nSingle phase input<\/td>\n<\/tr>\n<tr>\n<td><img decoding=\"async\" class=\"image-inline\" src=\"https:\/\/welding.cebora.it\/resolveuid\/aa9fb4c7ab754c0c8ab119a4109b21ae\/@@images\/image\/mini\" alt=\"\" width=\"57\" height=\"30\" data-linktype=\"image\" data-scale=\"mini\" data-val=\"aa9fb4c7ab754c0c8ab119a4109b21ae\" \/><\/td>\n<td><strong>16 A<\/strong><\/td>\n<td colspan=\"2\">Tr\u00e4ge Sicherung<br \/>\nFuse rating (slow blow)<\/td>\n<\/tr>\n<tr>\n<td><img decoding=\"async\" class=\"image-inline\" src=\"https:\/\/welding.cebora.it\/resolveuid\/ec373687815540f282f7d24c1f1e8cf7\/@@images\/image\/mini\" alt=\"\" width=\"57\" height=\"29\" data-linktype=\"image\" data-scale=\"mini\" data-val=\"ec373687815540f282f7d24c1f1e8cf7\" \/><\/td>\n<td><strong>6,3 kVA 20%<\/strong><br \/>\n<strong>3,8 kVA 60%<\/strong><br \/>\n<strong>3,1 kVA 100%<\/strong><\/td>\n<td colspan=\"2\">Leistungsaufnahme<br \/>\nInput power<\/td>\n<\/tr>\n<tr>\n<td><img loading=\"lazy\" decoding=\"async\" class=\"image-inline\" src=\"https:\/\/welding.cebora.it\/resolveuid\/d87cb0b7ed214ccd8a347e0b0d7103ae\/@@images\/image\/mini\" alt=\"\" width=\"58\" height=\"29\" data-linktype=\"image\" data-scale=\"mini\" data-val=\"d87cb0b7ed214ccd8a347e0b0d7103ae\" \/><\/td>\n<td><strong>20 \u00f7 200 A<\/strong><\/td>\n<td colspan=\"2\">Min. &#8211; Max. Schwei\u00dfstrom<br \/>\nMin.-max. current that can be obtained in welding<\/td>\n<\/tr>\n<tr>\n<td><img loading=\"lazy\" decoding=\"async\" class=\"image-inline\" src=\"https:\/\/welding.cebora.it\/resolveuid\/5f287f378c6e4e08b6096f49ebf6e6ec\/@@images\/image\/mini\" alt=\"\" width=\"57\" height=\"29\" data-linktype=\"image\" data-scale=\"mini\" data-val=\"5f287f378c6e4e08b6096f49ebf6e6ec\" \/><\/td>\n<td><strong>200 A 20%<\/strong><br \/>\n<strong>140 A 60%<\/strong><br \/>\n<strong>120 A 100%<\/strong><\/td>\n<td colspan=\"2\">Einschaltdauer (10 min, 40\u00b0C)<br \/>\nGem\u00e4\u00df Norm IEC 60974-1<br \/>\nDuty Cycle (10 min.40\u00b0C)<br \/>\nAccording to IEC 60974-1<\/td>\n<\/tr>\n<tr>\n<td><img loading=\"lazy\" decoding=\"async\" class=\"image-inline\" src=\"https:\/\/welding.cebora.it\/resolveuid\/d0d120ececce4759881a5c766fdf275a\/@@images\/image\/mini\" alt=\"\" width=\"56\" height=\"29\" data-linktype=\"image\" data-scale=\"mini\" data-val=\"d0d120ececce4759881a5c766fdf275a\" \/><\/td>\n<td><strong>Electronic<\/strong><\/td>\n<td colspan=\"2\">Stufenlose Einstellung<br \/>\nStepless regulation<\/td>\n<\/tr>\n<tr>\n<td><img loading=\"lazy\" decoding=\"async\" class=\"image-inline\" src=\"https:\/\/welding.cebora.it\/resolveuid\/26bbeb57178d4c59bfa6c62d4238220e\/@@images\/image\/mini\" alt=\"\" width=\"56\" height=\"28\" data-linktype=\"image\" data-scale=\"mini\" data-val=\"26bbeb57178d4c59bfa6c62d4238220e\" \/><\/td>\n<td><strong>0,6\/0,8\/0,9\/1,0 Fe<\/strong><br \/>\n<strong>0,6\/0,8\/0,9\/1,0\/1,2 Al<\/strong><br \/>\n<strong>0,8\/0,9\/1,0 rostfreier Stahl &#8211; CuSi3%<\/strong><br \/>\n<strong>0,9 F\u00fclldraht<\/strong><\/p>\n<p><strong>Fe\/Al\/CuSi3\/rostfreier Stahl<\/strong><\/td>\n<td colspan=\"2\">Synergiekurven inklusive<br \/>\nStandard supplied synergic programs<\/p>\n<p>&nbsp;<\/p>\n<p>Optionale gepulste Synergiekurven\u00a0(Art. 238)<br \/>\nOptional pulsed synergic programs (art. 238)<\/td>\n<\/tr>\n<tr>\n<td><img loading=\"lazy\" decoding=\"async\" class=\"image-inline\" src=\"https:\/\/welding.cebora.it\/resolveuid\/6e4c3b9cbe5941139ba0cd1e1f72e11a\/@@images\/image\/mini\" alt=\"\" width=\"59\" height=\"30\" data-linktype=\"image\" data-scale=\"mini\" data-val=\"6e4c3b9cbe5941139ba0cd1e1f72e11a\" \/><\/td>\n<td><strong>\u00d8 300 mm\/15 kg<\/strong><\/td>\n<td colspan=\"2\">Max. Gr\u00f6\u00dfe der Drahtspule<br \/>\nMax. wire spool size<\/td>\n<\/tr>\n<tr>\n<td><img loading=\"lazy\" decoding=\"async\" class=\"image-inline\" src=\"https:\/\/welding.cebora.it\/resolveuid\/7fc4b99b597f4081b56be2726cf9af00\/@@images\/image\/mini\" alt=\"\" width=\"57\" height=\"29\" data-linktype=\"image\" data-scale=\"mini\" data-val=\"7fc4b99b597f4081b56be2726cf9af00\" \/><\/td>\n<td><strong>IP23S<\/strong><\/td>\n<td colspan=\"2\">Schutzart<br \/>\nProtection class<\/td>\n<\/tr>\n<tr>\n<td><img loading=\"lazy\" decoding=\"async\" class=\"image-inline\" src=\"https:\/\/welding.cebora.it\/resolveuid\/6f604a610aef402bb436ba12e9209e67\/@@images\/image\/mini\" alt=\"\" width=\"57\" height=\"29\" data-linktype=\"image\" data-scale=\"mini\" data-val=\"6f604a610aef402bb436ba12e9209e67\" \/><\/td>\n<td><strong>45 kg<\/strong><\/td>\n<td colspan=\"2\">Gewicht<br \/>\nWeight<\/td>\n<\/tr>\n<tr>\n<td><img loading=\"lazy\" decoding=\"async\" class=\"image-inline\" src=\"https:\/\/welding.cebora.it\/resolveuid\/5706e8523276461899501d2ce2f96685\/@@images\/image\/mini\" alt=\"\" width=\"57\" height=\"29\" data-linktype=\"image\" data-scale=\"mini\" data-val=\"5706e8523276461899501d2ce2f96685\" \/><\/td>\n<td><strong>480x830x825 mm<\/strong><\/td>\n<td colspan=\"2\">Abmessungen (BxLxH)<br \/>\nDimensions (WxLxH)<\/td>\n<\/tr>\n<\/tbody>\n<\/table>\n<\/div>\n<\/div>\n","protected":false},"excerpt":{"rendered":"<p>SYNERGISCHE INVERTER-STROMQUELLE ZUM MIG\/MAG-SCHWEI\u00dfEN Einphasige synergische MIG\/MAG- Schwei\u00dfstromquelle mit 2 Rollen Drahtvorschub aus Alu mit Steuerpaneel LCD Anzeige und voreingestellten Synergieprogrammen und Fahrwagen zum Transport der Stromquelle Elektronische Regelung der Drossel, der Punktschwei\u00dfzeiten und der Pausenzeiten Lieferung mit Massekabel 2,3 m und Klemme (ohne Brenner und Druckminderer) Technische Eigenschaften: Drahtvorschubger\u00e4t mit 2 Rollen \u00d8 30 [&hellip;]<\/p>\n","protected":false},"featured_media":2658,"template":"","meta":{"ocean_post_layout":"","ocean_both_sidebars_style":"","ocean_both_sidebars_content_width":0,"ocean_both_sidebars_sidebars_width":0,"ocean_sidebar":"0","ocean_second_sidebar":"0","ocean_disable_margins":"enable","ocean_add_body_class":"","ocean_shortcode_before_top_bar":"","ocean_shortcode_after_top_bar":"","ocean_shortcode_before_header":"","ocean_shortcode_after_header":"","ocean_has_shortcode":"","ocean_shortcode_after_title":"","ocean_shortcode_before_footer_widgets":"","ocean_shortcode_after_footer_widgets":"","ocean_shortcode_before_footer_bottom":"","ocean_shortcode_after_footer_bottom":"","ocean_display_top_bar":"off","ocean_display_header":"default","ocean_header_style":"","ocean_center_header_left_menu":"0","ocean_custom_header_template":"0","ocean_custom_logo":0,"ocean_custom_retina_logo":0,"ocean_custom_logo_max_width":0,"ocean_custom_logo_tablet_max_width":0,"ocean_custom_logo_mobile_max_width":0,"ocean_custom_logo_max_height":0,"ocean_custom_logo_tablet_max_height":0,"ocean_custom_logo_mobile_max_height":0,"ocean_header_custom_menu":"0","ocean_menu_typo_font_family":"0","ocean_menu_typo_font_subset":"","ocean_menu_typo_font_size":0,"ocean_menu_typo_font_size_tablet":0,"ocean_menu_typo_font_size_mobile":0,"ocean_menu_typo_font_size_unit":"px","ocean_menu_typo_font_weight":"","ocean_menu_typo_font_weight_tablet":"","ocean_menu_typo_font_weight_mobile":"","ocean_menu_typo_transform":"","ocean_menu_typo_transform_tablet":"","ocean_menu_typo_transform_mobile":"","ocean_menu_typo_line_height":0,"ocean_menu_typo_line_height_tablet":0,"ocean_menu_typo_line_height_mobile":0,"ocean_menu_typo_line_height_unit":"","ocean_menu_typo_spacing":0,"ocean_menu_typo_spacing_tablet":0,"ocean_menu_typo_spacing_mobile":0,"ocean_menu_typo_spacing_unit":"","ocean_menu_link_color":"","ocean_menu_link_color_hover":"","ocean_menu_link_color_active":"","ocean_menu_link_background":"","ocean_menu_link_hover_background":"","ocean_menu_link_active_background":"","ocean_menu_social_links_bg":"","ocean_menu_social_hover_links_bg":"","ocean_menu_social_links_color":"","ocean_menu_social_hover_links_color":"","ocean_disable_title":"on","ocean_disable_heading":"default","ocean_post_title":"","ocean_post_subheading":"","ocean_post_title_style":"","ocean_post_title_background_color":"","ocean_post_title_background":0,"ocean_post_title_bg_image_position":"","ocean_post_title_bg_image_attachment":"","ocean_post_title_bg_image_repeat":"","ocean_post_title_bg_image_size":"","ocean_post_title_height":0,"ocean_post_title_bg_overlay":0.5,"ocean_post_title_bg_overlay_color":"","ocean_disable_breadcrumbs":"default","ocean_breadcrumbs_color":"","ocean_breadcrumbs_separator_color":"","ocean_breadcrumbs_links_color":"","ocean_breadcrumbs_links_hover_color":"","ocean_display_footer_widgets":"off","ocean_display_footer_bottom":"default","ocean_custom_footer_template":"0"},"product_brand":[],"product_cat":[267,97,213,153],"product_tag":[],"class_list":{"0":"post-2538","1":"product","2":"type-product","3":"status-publish","4":"has-post-thumbnail","6":"product_cat-mig-mag-cebora-produkte","7":"product_cat-produkte","8":"product_cat-produkte-mig-mag-handwerk","9":"product_cat-produkte-mig-mag-industrie","11":"entry","12":"has-media","14":"first","15":"instock","16":"virtual","17":"purchasable","18":"product-type-simple","19":"has-product-nav","20":"col","21":"span_1_of_3","22":"owp-content-center","23":"owp-thumbs-layout-horizontal","24":"owp-btn-normal","25":"owp-tabs-layout-horizontal","26":"has-no-thumbnails"},"jetpack_sharing_enabled":true,"_links":{"self":[{"href":"https:\/\/kopie.cebotech.de\/index.php?rest_route=\/wp\/v2\/product\/2538","targetHints":{"allow":["GET"]}}],"collection":[{"href":"https:\/\/kopie.cebotech.de\/index.php?rest_route=\/wp\/v2\/product"}],"about":[{"href":"https:\/\/kopie.cebotech.de\/index.php?rest_route=\/wp\/v2\/types\/product"}],"wp:featuredmedia":[{"embeddable":true,"href":"https:\/\/kopie.cebotech.de\/index.php?rest_route=\/wp\/v2\/media\/2658"}],"wp:attachment":[{"href":"https:\/\/kopie.cebotech.de\/index.php?rest_route=%2Fwp%2Fv2%2Fmedia&parent=2538"}],"wp:term":[{"taxonomy":"product_brand","embeddable":true,"href":"https:\/\/kopie.cebotech.de\/index.php?rest_route=%2Fwp%2Fv2%2Fproduct_brand&post=2538"},{"taxonomy":"product_cat","embeddable":true,"href":"https:\/\/kopie.cebotech.de\/index.php?rest_route=%2Fwp%2Fv2%2Fproduct_cat&post=2538"},{"taxonomy":"product_tag","embeddable":true,"href":"https:\/\/kopie.cebotech.de\/index.php?rest_route=%2Fwp%2Fv2%2Fproduct_tag&post=2538"}],"curies":[{"name":"wp","href":"https:\/\/api.w.org\/{rel}","templated":true}]}}