{"id":2576,"date":"2021-11-29T13:28:48","date_gmt":"2021-11-29T13:28:48","guid":{"rendered":"https:\/\/kopie.cebotech.de\/?post_type=product&#038;p=2576"},"modified":"2022-10-26T16:35:43","modified_gmt":"2022-10-26T16:35:43","slug":"kingstar-520-ts","status":"publish","type":"product","link":"https:\/\/kopie.cebotech.de\/?product=kingstar-520-ts","title":{"rendered":"CEBORA KINGSTAR 520 TS"},"content":{"rendered":"<h2>KINGSTAR 520 TS<\/h2>\n<div class=\"description\">\n<p>Die KINGSTAR 520 TS ist eine dreiphasige Multiprozess-Stromquelle (400 V 50\/60 Hz +15%\/-20%) mit Invertertechnik zum MIG\/MAG-Schwei\u00dfen, zum WIG-Gleichstromschwei\u00dfen mit dem Ber\u00fchrungsz\u00fcndungssystem \u201eCebora Lift\u201c (Anschluss f\u00fcr Standard-WIG-Brenner und zugeh\u00f6riges Gasventil eingeschlossen) sowie zum Elektroden-Hand-Schwei\u00dfen.<\/p>\n<\/div>\n<div class=\"collapses-wrapper\">\n<div id=\"product-accordion\" class=\"panel-group\" role=\"tablist\" aria-multiselectable=\"true\">\n<div class=\"panel panel-default\">\n<div id=\"heading-caratteristiche-tecniche\" class=\"panel-heading\" role=\"tab\">\n<h3 class=\"text-content\">Technische Eigenschaften:<\/h3>\n<\/div>\n<div id=\"collapse-caratteristiche-tecniche\" class=\"panel-collapse collapse in\" role=\"tabpanel\" aria-labelledby=\"heading-caratteristiche-tecniche\" aria-expanded=\"true\">\n<div class=\"panel-body\">\n<ul>\n<li>Drahtvorschubger\u00e4t mit 4 Rollen \u00d8 37 mm aus Aluminium<\/li>\n<li>Komplett mit Fahrwagen f\u00fcr die Stromquelle, Massekabel (3,5 m &#8211; 70 mm<sup>2<\/sup>) mit Masseklemme und K\u00fchlaggregat<\/li>\n<li>7&#8243;-Touch-Farbdisplay<\/li>\n<li>Funktion\u00a0<strong>SHORT\u00a0HD\u00a0<\/strong>\u00a0(hohe Abschmelzleistung) und<strong>\u00a0<\/strong>Funktion<strong>\u00a0MIG ROOT<\/strong>\u00a0(Kapplage)<\/li>\n<li><strong><em>Upgrade MIG\u00a0<\/em>[Art. 231]<\/strong><\/li>\n<li><strong><em>Upgrade MIG Zweiwertschaltung\u00a0<\/em>[Art. 233]\u00a0<\/strong><\/li>\n<li><strong><em>Upgrade Full TIG<\/em>\u00a0[Art. 804]<\/strong><\/li>\n<li><strong>Schwei\u00dfprozess SRS\u00a0<\/strong>(Spatter Reduction System)\u00a0zum spritzerfreien Schwei\u00dfen mit geringem W\u00e4rmeeintrag;\u00a0<strong>[Art. 443]<\/strong><\/li>\n<li><strong>PAKET VON SCHWEISSANWEISUNGEN SWPS<\/strong>\u00a0(Standard Welding Procedure Specifications) gem\u00e4\u00df ISO 151612, das den Anforderungen an die Qualifizierung von Schwei\u00dfverfahren gem\u00e4\u00df EN 1090-1 gen\u00fcgt;\u00a0<strong>[Art. 808]<\/strong><\/li>\n<li><strong>Systemkalibrierverfahren\u00a0<\/strong>zum Einstellen aller Schwei\u00dfparameter und Prozessvariablen (<em>in Abh\u00e4ngigkeit von den Merkmalen des Schwei\u00dfbrenners und der Zwischenverbindung zwischen Drahtvorschubger\u00e4t und Stromquelle);<\/em><\/li>\n<li>Leicht abnehmbares\u00a0<strong>\u00a0<\/strong>Gitter der Stromquellenk\u00fchlung, um die Wartung zu erleichtern und Stillstandszeiten zu reduzieren;<\/li>\n<li><strong>Bajonettverschluss<\/strong>\u00a0nach der Norm MIL-C-SS 116\u00a0<strong>f\u00fcr die Verbindung zwischen Stromquelle und Drahtzuf\u00fchrung,<\/strong>\u00a0der Probleme beim Anschlie\u00dfen und Fixieren der Steuerleitung vermeidet;<\/li>\n<li><strong>System T-Link<\/strong>\u00a0in die Stromquelle integriert; es verhindert Verz\u00f6gerungen beim Abblenden der Schwei\u00dfhelm-Blendschutzkassette.<\/li>\n<li>Aktualisierung der Firmware \u00fcber den USB -Anschluss<\/li>\n<li><strong>Konform mit Industrie 4.0<\/strong>\u00a0(integrierter Webserver mit LAN-Verbindung und 2 USB-Anschl\u00fcsse, die n\u00fctzliche Funktionen f\u00fcr Fernwartung, Diagnose, Infosystem, Backup und Wiederherstellung von Daten bieten)<\/li>\n<li>Fernsteuerung \u00fcber Personal Computer, Tablet oder Smartphone<\/li>\n<li>Mit digitalem Volt-\/Amperemeter (Genauigkeit 1%) und thermischen Schutzeinrichtungen<\/li>\n<li>\u201eEuro\u201c-Zentralanschluss f\u00fcr MIG\/MAG-Brenner und spezieller Anschluss f\u00fcr WIG-Brenner<\/li>\n<li>Zweiter Gasanschluss und zus\u00e4tzliches Magnetventil f\u00fcr die Verwendung der Stromquelle zum WIG-Schwei\u00dfen<\/li>\n<\/ul>\n<\/div>\n<\/div>\n<\/div>\n<\/div>\n<\/div>\n<div id=\"heading-interfaccia-analogica\" class=\"panel-heading\" role=\"tab\">\n<h3 class=\"text-content\">Technisches Datenblatt<\/h3>\n<\/div>\n<div id=\"collapse-interfaccia-analogica\" class=\"panel-collapse collapse in\" role=\"tabpanel\" aria-labelledby=\"heading-interfaccia-analogica\" aria-expanded=\"true\">\n<div class=\"panel-body\">\n<table class=\"table table-bordered\">\n<thead>\n<tr>\n<th>Art.-Nr.<\/th>\n<th>374<\/th>\n<th><\/th>\n<th>Technische Daten<\/th>\n<th><\/th>\n<\/tr>\n<\/thead>\n<tbody>\n<tr>\n<td><\/td>\n<td><strong>MIG &#8211; TIG<\/strong><\/td>\n<td><strong>MMA<\/strong><\/td>\n<td colspan=\"2\">&nbsp;<\/td>\n<\/tr>\n<tr>\n<td><img decoding=\"async\" class=\"image-inline\" src=\"https:\/\/welding.cebora.it\/resolveuid\/9f6f9a8eeffe4d059412e22b48d4c3a8\/@@images\/image\/mini\" alt=\"\" data-linktype=\"image\" data-scale=\"mini\" data-val=\"9f6f9a8eeffe4d059412e22b48d4c3a8\" \/><\/td>\n<td><strong>400 V 50\/60 Hz<\/strong><br \/>\n<strong>+15% \/ -20%<\/strong><\/td>\n<td>&nbsp;<\/td>\n<td colspan=\"2\">Dreiphasiger Netzanschluss<br \/>\nThree phase input<\/td>\n<\/tr>\n<tr>\n<td><img decoding=\"async\" class=\"image-inline\" src=\"https:\/\/welding.cebora.it\/resolveuid\/aa9fb4c7ab754c0c8ab119a4109b21ae\/@@images\/image\/mini\" alt=\"\" width=\"59\" height=\"31\" data-linktype=\"image\" data-scale=\"mini\" data-val=\"aa9fb4c7ab754c0c8ab119a4109b21ae\" \/><\/td>\n<td><strong>40 A<\/strong><\/td>\n<td>&nbsp;<\/td>\n<td colspan=\"2\">Tr\u00e4ge Sicherung<br \/>\nFuse rating (slow blow)<\/td>\n<\/tr>\n<tr>\n<td><img decoding=\"async\" class=\"image-inline\" src=\"https:\/\/welding.cebora.it\/resolveuid\/ec373687815540f282f7d24c1f1e8cf7\/@@images\/image\/mini\" alt=\"\" width=\"59\" height=\"30\" data-linktype=\"image\" data-scale=\"mini\" data-val=\"ec373687815540f282f7d24c1f1e8cf7\" \/><\/td>\n<td><strong>25,8 kVA 40%<\/strong><br \/>\n<strong>23,7 kVA 60%<\/strong><br \/>\n<strong>20,7 kVA 100%<\/strong><\/td>\n<td><strong>26,1 kVA 40%<\/strong><br \/>\n<strong>23,2 kVA 60%<\/strong><br \/>\n<strong>22,1 kVA 100%<\/strong><\/td>\n<td colspan=\"2\">Leistungsaufnahme<br \/>\nInput power<\/td>\n<\/tr>\n<tr>\n<td><img decoding=\"async\" class=\"image-inline\" src=\"https:\/\/welding.cebora.it\/resolveuid\/d87cb0b7ed214ccd8a347e0b0d7103ae\/@@images\/image\/mini\" alt=\"\" data-linktype=\"image\" data-scale=\"mini\" data-val=\"d87cb0b7ed214ccd8a347e0b0d7103ae\" \/><\/td>\n<td><strong>10 \u00f7 520 A<\/strong><\/td>\n<td>&nbsp;<\/td>\n<td colspan=\"2\">Min. &#8211; Max. Schwei\u00dfstrom<br \/>\nMin.-max. current that can be obtained in welding<\/td>\n<\/tr>\n<tr>\n<td><img decoding=\"async\" class=\"image-inline\" src=\"https:\/\/welding.cebora.it\/resolveuid\/5f287f378c6e4e08b6096f49ebf6e6ec\/@@images\/image\/mini\" alt=\"\" width=\"59\" height=\"30\" data-linktype=\"image\" data-scale=\"mini\" data-val=\"5f287f378c6e4e08b6096f49ebf6e6ec\" \/><\/td>\n<td><strong>500 A 40%<\/strong><br \/>\n<strong>470 A 60%<\/strong><br \/>\n<strong>440 A 100%<\/strong><\/td>\n<td><strong>500 A 40%<\/strong><br \/>\n<strong>460 A 60%<\/strong><br \/>\n<strong>440 A 100%<\/strong><\/td>\n<td colspan=\"2\">Einschaltdauer (10 min, 40\u00b0C)<br \/>\nGem\u00e4\u00df Norm IEC 60974-1<br \/>\nDuty Cycle (10 min.40\u00b0C)<br \/>\nAccording to IEC 60974-1<\/td>\n<\/tr>\n<tr>\n<td><img loading=\"lazy\" decoding=\"async\" class=\"image-inline\" src=\"https:\/\/welding.cebora.it\/resolveuid\/d0d120ececce4759881a5c766fdf275a\/@@images\/image\/mini\" alt=\"\" width=\"58\" height=\"30\" data-linktype=\"image\" data-scale=\"mini\" data-val=\"d0d120ececce4759881a5c766fdf275a\" \/><\/td>\n<td><strong>Electronic<\/strong><\/td>\n<td>&nbsp;<\/td>\n<td colspan=\"2\">Stufenlose Einstellung<br \/>\nStepless regulation<\/td>\n<\/tr>\n<tr>\n<td><img decoding=\"async\" class=\"image-inline\" src=\"https:\/\/welding.cebora.it\/resolveuid\/26bbeb57178d4c59bfa6c62d4238220e\/@@images\/image\/mini\" alt=\"\" data-linktype=\"image\" data-scale=\"mini\" data-val=\"26bbeb57178d4c59bfa6c62d4238220e\" \/><\/td>\n<td><strong>0,8\/0,9\/1,0\/1,2\/1,6 Fe<\/strong><br \/>\n<strong>0,9\/1,0\/1,2\/1,6 Al<\/strong><br \/>\n<strong>0,8\/0,9\/1,0\/1,2\/1,6 rostfreier Stahl<\/strong><br \/>\n<strong>0,8\/0,9\/1,0\/1,2 Cu-Si 3%<\/strong><br \/>\n<strong>0,8\/1,0\/1,2\/1,6 Cu-Al8 (AlBz8)<\/strong><br \/>\n<strong>1,2\/1,6 F\u00fclldraht<\/strong><\/td>\n<td>&nbsp;<\/td>\n<td colspan=\"2\">&nbsp;<\/p>\n<p>Verwendbarer Draht<br \/>\nWire sizes that can be used<\/td>\n<\/tr>\n<tr>\n<td><img loading=\"lazy\" decoding=\"async\" class=\"image-inline\" src=\"https:\/\/welding.cebora.it\/resolveuid\/6e4c3b9cbe5941139ba0cd1e1f72e11a\/@@images\/image\/mini\" alt=\"\" width=\"57\" height=\"29\" data-linktype=\"image\" data-scale=\"mini\" data-val=\"6e4c3b9cbe5941139ba0cd1e1f72e11a\" \/><\/td>\n<td><strong>\u00d8 300 mm\/15 kg<\/strong><\/td>\n<td>&nbsp;<\/td>\n<td colspan=\"2\">Max. Gr\u00f6\u00dfe der Drahtspule<br \/>\nMax. wire spool size<\/td>\n<\/tr>\n<tr>\n<td><img loading=\"lazy\" decoding=\"async\" class=\"image-inline\" src=\"https:\/\/welding.cebora.it\/resolveuid\/5001b3baa8f44cf18d24d6be2d27a787\/@@images\/image\/mini\" alt=\"\" width=\"56\" height=\"28\" data-linktype=\"image\" data-scale=\"mini\" data-val=\"5001b3baa8f44cf18d24d6be2d27a787\" \/><\/td>\n<td><strong>\u00d8 1,5 \u00f7 6,0<\/strong><\/td>\n<td><\/td>\n<td colspan=\"2\">Verwendbare Elektroden<br \/>\nElectrodes that can be used<\/td>\n<\/tr>\n<tr>\n<td><img loading=\"lazy\" decoding=\"async\" class=\"image-inline\" src=\"https:\/\/welding.cebora.it\/resolveuid\/7fc4b99b597f4081b56be2726cf9af00\/@@images\/image\/mini\" alt=\"\" width=\"57\" height=\"29\" data-linktype=\"image\" data-scale=\"mini\" data-val=\"7fc4b99b597f4081b56be2726cf9af00\" \/><\/td>\n<td><strong>IP23S<\/strong><\/td>\n<td>&nbsp;<\/td>\n<td colspan=\"2\">Schutzart<br \/>\nProtection class<\/td>\n<\/tr>\n<tr>\n<td><img loading=\"lazy\" decoding=\"async\" class=\"image-inline\" src=\"https:\/\/welding.cebora.it\/resolveuid\/6f604a610aef402bb436ba12e9209e67\/@@images\/image\/mini\" alt=\"\" width=\"57\" height=\"29\" data-linktype=\"image\" data-scale=\"mini\" data-val=\"6f604a610aef402bb436ba12e9209e67\" \/><\/td>\n<td><strong>130 kg<\/strong><\/td>\n<td>&nbsp;<\/td>\n<td colspan=\"2\">Gewicht<br \/>\nWeight<\/td>\n<\/tr>\n<tr>\n<td><img loading=\"lazy\" decoding=\"async\" class=\"image-inline\" src=\"https:\/\/welding.cebora.it\/resolveuid\/5706e8523276461899501d2ce2f96685\/@@images\/image\/mini\" alt=\"\" width=\"57\" height=\"29\" data-linktype=\"image\" data-scale=\"mini\" data-val=\"5706e8523276461899501d2ce2f96685\" \/><\/td>\n<td><strong>588x1120x1380 mm<\/strong><\/td>\n<td>&nbsp;<\/td>\n<td colspan=\"2\">Abmessungen (BxLxH)<br \/>\nDimensions (WxLxH)<\/td>\n<\/tr>\n<\/tbody>\n<\/table>\n<\/div>\n<\/div>\n","protected":false},"excerpt":{"rendered":"<p>KINGSTAR 520 TS Die KINGSTAR 520 TS ist eine dreiphasige Multiprozess-Stromquelle (400 V 50\/60 Hz +15%\/-20%) mit Invertertechnik zum MIG\/MAG-Schwei\u00dfen, zum WIG-Gleichstromschwei\u00dfen mit dem Ber\u00fchrungsz\u00fcndungssystem \u201eCebora Lift\u201c (Anschluss f\u00fcr Standard-WIG-Brenner und zugeh\u00f6riges Gasventil eingeschlossen) sowie zum Elektroden-Hand-Schwei\u00dfen. Technische Eigenschaften: Drahtvorschubger\u00e4t mit 4 Rollen \u00d8 37 mm aus Aluminium Komplett mit Fahrwagen f\u00fcr die Stromquelle, Massekabel [&hellip;]<\/p>\n","protected":false},"featured_media":5226,"template":"","meta":{"ocean_post_layout":"","ocean_both_sidebars_style":"","ocean_both_sidebars_content_width":0,"ocean_both_sidebars_sidebars_width":0,"ocean_sidebar":"0","ocean_second_sidebar":"0","ocean_disable_margins":"enable","ocean_add_body_class":"","ocean_shortcode_before_top_bar":"","ocean_shortcode_after_top_bar":"","ocean_shortcode_before_header":"","ocean_shortcode_after_header":"","ocean_has_shortcode":"","ocean_shortcode_after_title":"","ocean_shortcode_before_footer_widgets":"","ocean_shortcode_after_footer_widgets":"","ocean_shortcode_before_footer_bottom":"","ocean_shortcode_after_footer_bottom":"","ocean_display_top_bar":"off","ocean_display_header":"default","ocean_header_style":"","ocean_center_header_left_menu":"0","ocean_custom_header_template":"0","ocean_custom_logo":0,"ocean_custom_retina_logo":0,"ocean_custom_logo_max_width":0,"ocean_custom_logo_tablet_max_width":0,"ocean_custom_logo_mobile_max_width":0,"ocean_custom_logo_max_height":0,"ocean_custom_logo_tablet_max_height":0,"ocean_custom_logo_mobile_max_height":0,"ocean_header_custom_menu":"0","ocean_menu_typo_font_family":"0","ocean_menu_typo_font_subset":"","ocean_menu_typo_font_size":0,"ocean_menu_typo_font_size_tablet":0,"ocean_menu_typo_font_size_mobile":0,"ocean_menu_typo_font_size_unit":"px","ocean_menu_typo_font_weight":"","ocean_menu_typo_font_weight_tablet":"","ocean_menu_typo_font_weight_mobile":"","ocean_menu_typo_transform":"","ocean_menu_typo_transform_tablet":"","ocean_menu_typo_transform_mobile":"","ocean_menu_typo_line_height":0,"ocean_menu_typo_line_height_tablet":0,"ocean_menu_typo_line_height_mobile":0,"ocean_menu_typo_line_height_unit":"","ocean_menu_typo_spacing":0,"ocean_menu_typo_spacing_tablet":0,"ocean_menu_typo_spacing_mobile":0,"ocean_menu_typo_spacing_unit":"","ocean_menu_link_color":"","ocean_menu_link_color_hover":"","ocean_menu_link_color_active":"","ocean_menu_link_background":"","ocean_menu_link_hover_background":"","ocean_menu_link_active_background":"","ocean_menu_social_links_bg":"","ocean_menu_social_hover_links_bg":"","ocean_menu_social_links_color":"","ocean_menu_social_hover_links_color":"","ocean_disable_title":"on","ocean_disable_heading":"default","ocean_post_title":"","ocean_post_subheading":"","ocean_post_title_style":"","ocean_post_title_background_color":"","ocean_post_title_background":0,"ocean_post_title_bg_image_position":"","ocean_post_title_bg_image_attachment":"","ocean_post_title_bg_image_repeat":"","ocean_post_title_bg_image_size":"","ocean_post_title_height":0,"ocean_post_title_bg_overlay":0.5,"ocean_post_title_bg_overlay_color":"","ocean_disable_breadcrumbs":"default","ocean_breadcrumbs_color":"","ocean_breadcrumbs_separator_color":"","ocean_breadcrumbs_links_color":"","ocean_breadcrumbs_links_hover_color":"","ocean_display_footer_widgets":"off","ocean_display_footer_bottom":"default","ocean_custom_footer_template":"0"},"product_brand":[],"product_cat":[267,213,153],"product_tag":[],"class_list":{"0":"post-2576","1":"product","2":"type-product","3":"status-publish","4":"has-post-thumbnail","6":"product_cat-mig-mag-cebora-produkte","7":"product_cat-produkte-mig-mag-handwerk","8":"product_cat-produkte-mig-mag-industrie","10":"entry","11":"has-media","13":"first","14":"instock","15":"virtual","16":"purchasable","17":"product-type-simple","18":"has-product-nav","19":"col","20":"span_1_of_3","21":"owp-content-center","22":"owp-thumbs-layout-horizontal","23":"owp-btn-normal","24":"owp-tabs-layout-horizontal","25":"has-no-thumbnails"},"jetpack_sharing_enabled":true,"_links":{"self":[{"href":"https:\/\/kopie.cebotech.de\/index.php?rest_route=\/wp\/v2\/product\/2576","targetHints":{"allow":["GET"]}}],"collection":[{"href":"https:\/\/kopie.cebotech.de\/index.php?rest_route=\/wp\/v2\/product"}],"about":[{"href":"https:\/\/kopie.cebotech.de\/index.php?rest_route=\/wp\/v2\/types\/product"}],"wp:featuredmedia":[{"embeddable":true,"href":"https:\/\/kopie.cebotech.de\/index.php?rest_route=\/wp\/v2\/media\/5226"}],"wp:attachment":[{"href":"https:\/\/kopie.cebotech.de\/index.php?rest_route=%2Fwp%2Fv2%2Fmedia&parent=2576"}],"wp:term":[{"taxonomy":"product_brand","embeddable":true,"href":"https:\/\/kopie.cebotech.de\/index.php?rest_route=%2Fwp%2Fv2%2Fproduct_brand&post=2576"},{"taxonomy":"product_cat","embeddable":true,"href":"https:\/\/kopie.cebotech.de\/index.php?rest_route=%2Fwp%2Fv2%2Fproduct_cat&post=2576"},{"taxonomy":"product_tag","embeddable":true,"href":"https:\/\/kopie.cebotech.de\/index.php?rest_route=%2Fwp%2Fv2%2Fproduct_tag&post=2576"}],"curies":[{"name":"wp","href":"https:\/\/api.w.org\/{rel}","templated":true}]}}