{"id":2593,"date":"2021-11-29T13:46:43","date_gmt":"2021-11-29T13:46:43","guid":{"rendered":"https:\/\/kopie.cebotech.de\/?post_type=product&#038;p=2593"},"modified":"2022-10-26T16:35:42","modified_gmt":"2022-10-26T16:35:42","slug":"powerspot-5700","status":"publish","type":"product","link":"https:\/\/kopie.cebotech.de\/?product=powerspot-5700","title":{"rendered":"CEBORA POWERSPOT 5700"},"content":{"rendered":"<h2>POWER SPOT 5700<\/h2>\n<div class=\"description\">\n<p>Kompakte und leichtgewichtige tragbare Stromquelle, mit der Bolzen bis 8 mm Durchmesser in wenigen Millisekunden durch Kondensatorentladung mit optimalen \u00e4sthetischen Ergebnissen an Eisen- und Nichteisenmetalle geschwei\u00dft werden k\u00f6nnen, ohne das Blech zu besch\u00e4digen. Mit diesem Ger\u00e4t ist das Bolzenschwei\u00dfen einfach und praktisch. Weder sind besondere Bearbeitungen oder Vorbereitungen des Werkst\u00fccks noch die Arbeit unter Schutzgas erforderlich.<\/p>\n<\/div>\n<div class=\"collapses-wrapper\">\n<div id=\"product-accordion\" class=\"panel-group\" role=\"tablist\" aria-multiselectable=\"true\">\n<div class=\"panel panel-default\">\n<div id=\"heading-caratteristiche-tecniche\" class=\"panel-heading\" role=\"tab\">\n<h3 class=\"text-content\">Beschreibung des Produkts<\/h3>\n<\/div>\n<div id=\"collapse-caratteristiche-tecniche\" class=\"panel-collapse collapse in\" role=\"tabpanel\" aria-labelledby=\"heading-caratteristiche-tecniche\" aria-expanded=\"true\">\n<div class=\"panel-body\">\n<ul>\n<li>Inklusive Pistole und Massekabel mit zwei Klemmen<\/li>\n<li>Dank ihrer technischen Merkmale ist sie das ideale Ger\u00e4t zum Anschwei\u00dfen von Bolzen aus Aluminium und Stahl nicht nur f\u00fcr Karosseriearbeiten, sondern auch f\u00fcr Fahrzeugumbauten und zum Anbringen von Verkleidungen, Innenteilen usw.<\/li>\n<li>Die \u00e4u\u00dferst handliche Schwei\u00dfpistole und das f\u00fcr zwei Masseklemmen vorgesehene Doppelmassekabel gestatten das Bolzenschwei\u00dfen auch an schwer zug\u00e4nglichen Stellen.<\/li>\n<li>Auf dem LCD-Display werden alle Arbeitsfunktionen einfach und intuitiv angezeigt:<br \/>\n&#8211; Wahl des Werkstoffs und des Bolzendurchmessers<br \/>\n&#8211; Wahl des Grundwerkstoffs, auf den der Bolzen geschwei\u00dft wird<br \/>\n&#8211; Angabe der Arbeitsspannung<br \/>\n&#8211; Angabe der aufgewandten Kraft<br \/>\n&#8211; Angabe der Schwei\u00dfbarkeit zwischen Bolzen und Grundwerkstoff<\/li>\n<\/ul>\n<p><strong>Ihre typische Anwendungsumgebung ist die Autokarosseriewerkstatt.<\/strong><\/p>\n<\/div>\n<\/div>\n<\/div>\n<\/div>\n<\/div>\n<div id=\"heading-interfaccia-analogica\" class=\"panel-heading\" role=\"tab\">\n<h3 class=\"text-content\">Technisches Datenblatt<\/h3>\n<\/div>\n<div id=\"collapse-interfaccia-analogica\" class=\"panel-collapse collapse in\" role=\"tabpanel\" aria-labelledby=\"heading-interfaccia-analogica\" aria-expanded=\"true\">\n<div class=\"panel-body\">\n<table class=\"table table-bordered\">\n<thead>\n<tr>\n<th>Art.-Nr.<\/th>\n<th>2156<\/th>\n<th><\/th>\n<th>Technische Daten<\/th>\n<th><\/th>\n<\/tr>\n<\/thead>\n<tbody>\n<tr>\n<td><img decoding=\"async\" class=\"image-inline\" src=\"https:\/\/welding.cebora.it\/resolveuid\/4e76a9bcc15b4ad09c93fb6000a6bc68\/@@images\/image\/mini\" alt=\"\" data-linktype=\"image\" data-scale=\"mini\" data-val=\"4e76a9bcc15b4ad09c93fb6000a6bc68\" \/><\/td>\n<td><strong>115 V<br \/>\n50\/60 Hz<br \/>\n\u00b110%<br \/>\n<\/strong><\/td>\n<td><strong>230 V<br \/>\n50\/60 Hz<br \/>\n\u00b110%\u00a0<\/strong><\/td>\n<td colspan=\"2\">Einphasiger Netzanschluss<br \/>\nSingle phase input<\/td>\n<\/tr>\n<tr>\n<td><img decoding=\"async\" class=\"image-inline\" src=\"https:\/\/welding.cebora.it\/resolveuid\/aa9fb4c7ab754c0c8ab119a4109b21ae\/@@images\/image\/mini\" alt=\"\" width=\"59\" height=\"31\" data-linktype=\"image\" data-scale=\"mini\" data-val=\"aa9fb4c7ab754c0c8ab119a4109b21ae\" \/><\/td>\n<td><strong>16 A<\/strong><\/td>\n<td><strong>10 A<\/strong><\/td>\n<td colspan=\"2\">Tr\u00e4ge Sicherung<br \/>\nFuse rating (slow blow)<\/td>\n<\/tr>\n<tr>\n<td><img decoding=\"async\" class=\"image-inline\" src=\"https:\/\/welding.cebora.it\/resolveuid\/d3d282bdb93440189d2445ca2f0eff53\/@@images\/image\/mini\" alt=\"\" data-linktype=\"image\" data-scale=\"mini\" data-val=\"d3d282bdb93440189d2445ca2f0eff53\" \/><\/td>\n<td><strong>50J \u00f7 1500J<\/strong><\/td>\n<td>&nbsp;<\/td>\n<td colspan=\"2\">Energieeinstellbereich<br \/>\nEnergy adjustment range<\/td>\n<\/tr>\n<tr>\n<td><img decoding=\"async\" class=\"image-inline\" src=\"https:\/\/welding.cebora.it\/resolveuid\/5e2660403fdc4b5cb7fd0d97d8742e6b\/@@images\/image\/mini\" alt=\"\" data-linktype=\"image\" data-scale=\"mini\" data-val=\"5e2660403fdc4b5cb7fd0d97d8742e6b\" \/><\/td>\n<td><strong>66 mF<\/strong><\/td>\n<td>&nbsp;<\/td>\n<td colspan=\"2\">Kapazit\u00e4t<br \/>\nCapacity<\/td>\n<\/tr>\n<tr>\n<td><img decoding=\"async\" class=\"image-inline\" src=\"https:\/\/welding.cebora.it\/resolveuid\/7276ca6a3f824e88bae1e745795486c8\/@@images\/image\/mini\" alt=\"\" data-linktype=\"image\" data-scale=\"mini\" data-val=\"7276ca6a3f824e88bae1e745795486c8\" \/><\/td>\n<td><strong>M8<\/strong><\/td>\n<td><\/td>\n<td colspan=\"2\">Max. Bolzendurchmesser<br \/>\nMax. weldable stud diameter<\/td>\n<\/tr>\n<tr>\n<td><img decoding=\"async\" class=\"image-inline\" src=\"https:\/\/welding.cebora.it\/resolveuid\/7fc4b99b597f4081b56be2726cf9af00\/@@images\/image\/mini\" alt=\"\" width=\"59\" height=\"30\" data-linktype=\"image\" data-scale=\"mini\" data-val=\"7fc4b99b597f4081b56be2726cf9af00\" \/><\/td>\n<td><strong>IP23S<\/strong><\/td>\n<td>&nbsp;<\/td>\n<td colspan=\"2\">Schutzart<br \/>\nProtection class<\/td>\n<\/tr>\n<tr>\n<td><img decoding=\"async\" class=\"image-inline\" src=\"https:\/\/welding.cebora.it\/resolveuid\/6f604a610aef402bb436ba12e9209e67\/@@images\/image\/mini\" alt=\"\" width=\"62\" height=\"32\" data-linktype=\"image\" data-scale=\"mini\" data-val=\"6f604a610aef402bb436ba12e9209e67\" \/><\/td>\n<td><strong>15 kg<\/strong><\/td>\n<td>&nbsp;<\/td>\n<td colspan=\"2\">Gewicht<br \/>\nWeight<\/td>\n<\/tr>\n<tr>\n<td><img loading=\"lazy\" decoding=\"async\" class=\"image-inline\" src=\"https:\/\/welding.cebora.it\/resolveuid\/5706e8523276461899501d2ce2f96685\/@@images\/image\/mini\" alt=\"\" width=\"62\" height=\"32\" data-linktype=\"image\" data-scale=\"mini\" data-val=\"5706e8523276461899501d2ce2f96685\" \/><\/td>\n<td><strong>176x370x401 mm<\/strong><\/td>\n<td>&nbsp;<\/td>\n<td colspan=\"2\">Abmessungen (BxLxH)<br \/>\nDimensions (WxLxH)<\/td>\n<\/tr>\n<\/tbody>\n<\/table>\n<\/div>\n<\/div>\n","protected":false},"excerpt":{"rendered":"<p>POWER SPOT 5700 Kompakte und leichtgewichtige tragbare Stromquelle, mit der Bolzen bis 8 mm Durchmesser in wenigen Millisekunden durch Kondensatorentladung mit optimalen \u00e4sthetischen Ergebnissen an Eisen- und Nichteisenmetalle geschwei\u00dft werden k\u00f6nnen, ohne das Blech zu besch\u00e4digen. Mit diesem Ger\u00e4t ist das Bolzenschwei\u00dfen einfach und praktisch. Weder sind besondere Bearbeitungen oder Vorbereitungen des Werkst\u00fccks noch die [&hellip;]<\/p>\n","protected":false},"featured_media":3522,"template":"","meta":{"ocean_post_layout":"","ocean_both_sidebars_style":"","ocean_both_sidebars_content_width":0,"ocean_both_sidebars_sidebars_width":0,"ocean_sidebar":"0","ocean_second_sidebar":"0","ocean_disable_margins":"enable","ocean_add_body_class":"","ocean_shortcode_before_top_bar":"","ocean_shortcode_after_top_bar":"","ocean_shortcode_before_header":"","ocean_shortcode_after_header":"","ocean_has_shortcode":"","ocean_shortcode_after_title":"","ocean_shortcode_before_footer_widgets":"","ocean_shortcode_after_footer_widgets":"","ocean_shortcode_before_footer_bottom":"","ocean_shortcode_after_footer_bottom":"","ocean_display_top_bar":"off","ocean_display_header":"default","ocean_header_style":"","ocean_center_header_left_menu":"0","ocean_custom_header_template":"0","ocean_custom_logo":0,"ocean_custom_retina_logo":0,"ocean_custom_logo_max_width":0,"ocean_custom_logo_tablet_max_width":0,"ocean_custom_logo_mobile_max_width":0,"ocean_custom_logo_max_height":0,"ocean_custom_logo_tablet_max_height":0,"ocean_custom_logo_mobile_max_height":0,"ocean_header_custom_menu":"0","ocean_menu_typo_font_family":"0","ocean_menu_typo_font_subset":"","ocean_menu_typo_font_size":0,"ocean_menu_typo_font_size_tablet":0,"ocean_menu_typo_font_size_mobile":0,"ocean_menu_typo_font_size_unit":"px","ocean_menu_typo_font_weight":"","ocean_menu_typo_font_weight_tablet":"","ocean_menu_typo_font_weight_mobile":"","ocean_menu_typo_transform":"","ocean_menu_typo_transform_tablet":"","ocean_menu_typo_transform_mobile":"","ocean_menu_typo_line_height":0,"ocean_menu_typo_line_height_tablet":0,"ocean_menu_typo_line_height_mobile":0,"ocean_menu_typo_line_height_unit":"","ocean_menu_typo_spacing":0,"ocean_menu_typo_spacing_tablet":0,"ocean_menu_typo_spacing_mobile":0,"ocean_menu_typo_spacing_unit":"","ocean_menu_link_color":"","ocean_menu_link_color_hover":"","ocean_menu_link_color_active":"","ocean_menu_link_background":"","ocean_menu_link_hover_background":"","ocean_menu_link_active_background":"","ocean_menu_social_links_bg":"","ocean_menu_social_hover_links_bg":"","ocean_menu_social_links_color":"","ocean_menu_social_hover_links_color":"","ocean_disable_title":"on","ocean_disable_heading":"default","ocean_post_title":"","ocean_post_subheading":"","ocean_post_title_style":"","ocean_post_title_background_color":"","ocean_post_title_background":0,"ocean_post_title_bg_image_position":"","ocean_post_title_bg_image_attachment":"","ocean_post_title_bg_image_repeat":"","ocean_post_title_bg_image_size":"","ocean_post_title_height":0,"ocean_post_title_bg_overlay":0.5,"ocean_post_title_bg_overlay_color":"","ocean_disable_breadcrumbs":"default","ocean_breadcrumbs_color":"","ocean_breadcrumbs_separator_color":"","ocean_breadcrumbs_links_color":"","ocean_breadcrumbs_links_hover_color":"","ocean_display_footer_widgets":"off","ocean_display_footer_bottom":"default","ocean_custom_footer_template":"0"},"product_brand":[],"product_cat":[224,113,159,273],"product_tag":[],"class_list":{"0":"post-2593","1":"product","2":"type-product","3":"status-publish","4":"has-post-thumbnail","6":"product_cat-produkte-spotter-handwerk","7":"product_cat-produkte-ausbeulen-aluminium","8":"product_cat-produkte-spotter-industrie","9":"product_cat-spotter-cebora-produkte","11":"entry","12":"has-media","14":"first","15":"instock","16":"virtual","17":"purchasable","18":"product-type-simple","19":"has-product-nav","20":"col","21":"span_1_of_3","22":"owp-content-center","23":"owp-thumbs-layout-horizontal","24":"owp-btn-normal","25":"owp-tabs-layout-horizontal","26":"has-no-thumbnails"},"jetpack_sharing_enabled":true,"_links":{"self":[{"href":"https:\/\/kopie.cebotech.de\/index.php?rest_route=\/wp\/v2\/product\/2593","targetHints":{"allow":["GET"]}}],"collection":[{"href":"https:\/\/kopie.cebotech.de\/index.php?rest_route=\/wp\/v2\/product"}],"about":[{"href":"https:\/\/kopie.cebotech.de\/index.php?rest_route=\/wp\/v2\/types\/product"}],"wp:featuredmedia":[{"embeddable":true,"href":"https:\/\/kopie.cebotech.de\/index.php?rest_route=\/wp\/v2\/media\/3522"}],"wp:attachment":[{"href":"https:\/\/kopie.cebotech.de\/index.php?rest_route=%2Fwp%2Fv2%2Fmedia&parent=2593"}],"wp:term":[{"taxonomy":"product_brand","embeddable":true,"href":"https:\/\/kopie.cebotech.de\/index.php?rest_route=%2Fwp%2Fv2%2Fproduct_brand&post=2593"},{"taxonomy":"product_cat","embeddable":true,"href":"https:\/\/kopie.cebotech.de\/index.php?rest_route=%2Fwp%2Fv2%2Fproduct_cat&post=2593"},{"taxonomy":"product_tag","embeddable":true,"href":"https:\/\/kopie.cebotech.de\/index.php?rest_route=%2Fwp%2Fv2%2Fproduct_tag&post=2593"}],"curies":[{"name":"wp","href":"https:\/\/api.w.org\/{rel}","templated":true}]}}