{"id":2647,"date":"2021-12-04T09:08:21","date_gmt":"2021-12-04T09:08:21","guid":{"rendered":"https:\/\/kopie.cebotech.de\/?post_type=product&#038;p=2647"},"modified":"2022-10-26T16:35:42","modified_gmt":"2022-10-26T16:35:42","slug":"star-weld-mig-175","status":"publish","type":"product","link":"https:\/\/kopie.cebotech.de\/?product=star-weld-mig-175","title":{"rendered":"Star Weld MIG 175"},"content":{"rendered":"<p>Die Starweld MIG &#8211; Reihe wurde in erster Linie f\u00fcr die Fertigung im leichten und mittleren Metallbau, f\u00fcr allgemeine Reparaturarbeiten und f\u00fcr den Karosseriebau konzipiert. Bei der Entwicklung dieser Maschinen war man sehr darauf bedacht, dass sie selbst hohen Anforderungen gen\u00fcgen.<\/p>\n<p>Besonderen Wert legte man auch auf die Stabilit\u00e4t des Lichtbogens, selbst bei sehr geringer Stromst\u00e4rke. So ist es m\u00f6glich sehr d\u00fcnne Bleche zu schwei\u00dfen. Die Stromquelle gibt es in einer einphasigen und dreiphasigen Ausf\u00fchrung, die sich in Hinblick auf die Einschaltdauer deutlich unterscheiden. Hieraus ergibt sich ein sehr gro\u00dfer Einsatzbereich.<\/p>\n<p>Mit speziellem Draht, Gas und speziell ausger\u00fcstetem Schlauchpaket sind diese Maschinen auch bestens zum MIG-L\u00f6ten geeignet.<\/p>\n<h3>Technische Daten:<\/h3>\n<p>Abmessung in mm 380x800x540<\/p>\n<table style=\"height: 777px;\" width=\"718\">\n<tbody>\n<tr>\n<td>Art.-Nr.<\/td>\n<td>Starweld 175<\/td>\n<\/tr>\n<tr>\n<td>Netzanschlu\u00df<\/td>\n<td>230 V 50\/60 Hz<\/td>\n<\/tr>\n<tr>\n<td>Max. Anschlusswert<\/td>\n<td>4,4 kW<\/td>\n<\/tr>\n<tr>\n<td>Leistungsaufnahme<\/td>\n<td>5,5kVA &#8211; 20%<\/td>\n<\/tr>\n<tr>\n<td>Min.-Max. Einstellbereich<\/td>\n<td>25-190 A<\/td>\n<\/tr>\n<tr>\n<td>Einschaltdauer<\/td>\n<td>165A &#8211; 20%<\/td>\n<\/tr>\n<tr>\n<td><\/td>\n<td>95A &#8211; 60%<\/td>\n<\/tr>\n<tr>\n<td><\/td>\n<td>75A &#8211; 75%<\/td>\n<\/tr>\n<tr>\n<td>Schaltstufen<\/td>\n<td>1&#215;6<\/td>\n<\/tr>\n<tr>\n<td>Absicherung(tr\u00e4ge)<\/td>\n<td>20A<\/td>\n<\/tr>\n<tr>\n<td>Drahtst\u00e4rke<\/td>\n<td>SOLID 0,6\/0,8<\/td>\n<\/tr>\n<tr>\n<td>Max. Rollendurchmesser<\/td>\n<td>D 300mm\/15kg<\/td>\n<\/tr>\n<tr>\n<td>Schutzklasse<\/td>\n<td>IP 21S<\/td>\n<\/tr>\n<tr>\n<td>Nettogewicht<\/td>\n<td>65k<\/td>\n<\/tr>\n<\/tbody>\n<\/table>\n<p>&nbsp;<\/p>\n<div class=\"csc-header csc-header-n2\">\n<h3>Merkmale:<\/h3>\n<\/div>\n<ul>\n<li>optimierter Z\u00fcndzeitpunkt<\/li>\n<li>stabiler Lichtbogen<\/li>\n<li>spritzerarmes Schwei\u00dfen<\/li>\n<li>langlebige und solide Konstruktion<\/li>\n<li>hervoragendes Preis-\/Leistungsverh\u00e4ltnis<\/li>\n<li>haltbare Technik durch klassisch kupfergewickelte Schwei\u00dftrafos<\/li>\n<li>klassiches Design der Ger\u00e4te mit gro\u00dfz\u00fcgiger Ablagefl\u00e4che<\/li>\n<li>einfache Bedienung mittels Stufenschaltern und stufenloser Regulierung der Drahtvorschubgeschwindigkeit<\/li>\n<li>Punkt- bzw. Stichschwei\u00dfen mit separatem Timer an der Maschine einstellbar<\/li>\n<li>Solide 2-Rollendrahtvorschubeinheiten aus Stahl<\/li>\n<li>Ger\u00e4te mit Standard-Euro-Zentralanschluss f\u00fcr MIG-\/MAG-Schlauchpakete<\/li>\n<li>Ger\u00e4te sind ab Werk mit Vorschubrollen 0,8\/1,0 f\u00fcr Stahl, Edelstahl und CuSi-Dr\u00e4hte best\u00fcckt.<\/li>\n<li>F\u00fcr beide Ger\u00e4te sind auch Vorschubrollen 1,0\/1,2 in U-Form zum Verschwei\u00dfen von Aluminium-Dr\u00e4hten optional lieferbar<\/li>\n<\/ul>\n<h3><strong>Produktinformationen<\/strong> hier <a href=\"https:\/\/kopie.cebotech.de\/wp-content\/uploads\/2021\/12\/Starweld_175_02_2018.pdf\">downloaden<\/a>.<\/h3>\n","protected":false},"excerpt":{"rendered":"<p>Die Starweld MIG &#8211; Reihe wurde in erster Linie f\u00fcr die Fertigung im leichten und mittleren Metallbau, f\u00fcr allgemeine Reparaturarbeiten und f\u00fcr den Karosseriebau konzipiert. Bei der Entwicklung dieser Maschinen war man sehr darauf bedacht, dass sie selbst hohen Anforderungen gen\u00fcgen. Besonderen Wert legte man auch auf die Stabilit\u00e4t des Lichtbogens, selbst bei sehr geringer [&hellip;]<\/p>\n","protected":false},"featured_media":8478,"template":"","meta":{"ocean_post_layout":"","ocean_both_sidebars_style":"","ocean_both_sidebars_content_width":0,"ocean_both_sidebars_sidebars_width":0,"ocean_sidebar":"0","ocean_second_sidebar":"0","ocean_disable_margins":"enable","ocean_add_body_class":"","ocean_shortcode_before_top_bar":"","ocean_shortcode_after_top_bar":"","ocean_shortcode_before_header":"","ocean_shortcode_after_header":"","ocean_has_shortcode":"","ocean_shortcode_after_title":"","ocean_shortcode_before_footer_widgets":"","ocean_shortcode_after_footer_widgets":"","ocean_shortcode_before_footer_bottom":"","ocean_shortcode_after_footer_bottom":"","ocean_display_top_bar":"off","ocean_display_header":"default","ocean_header_style":"","ocean_center_header_left_menu":"0","ocean_custom_header_template":"0","ocean_custom_logo":0,"ocean_custom_retina_logo":0,"ocean_custom_logo_max_width":0,"ocean_custom_logo_tablet_max_width":0,"ocean_custom_logo_mobile_max_width":0,"ocean_custom_logo_max_height":0,"ocean_custom_logo_tablet_max_height":0,"ocean_custom_logo_mobile_max_height":0,"ocean_header_custom_menu":"0","ocean_menu_typo_font_family":"0","ocean_menu_typo_font_subset":"","ocean_menu_typo_font_size":0,"ocean_menu_typo_font_size_tablet":0,"ocean_menu_typo_font_size_mobile":0,"ocean_menu_typo_font_size_unit":"px","ocean_menu_typo_font_weight":"","ocean_menu_typo_font_weight_tablet":"","ocean_menu_typo_font_weight_mobile":"","ocean_menu_typo_transform":"","ocean_menu_typo_transform_tablet":"","ocean_menu_typo_transform_mobile":"","ocean_menu_typo_line_height":0,"ocean_menu_typo_line_height_tablet":0,"ocean_menu_typo_line_height_mobile":0,"ocean_menu_typo_line_height_unit":"","ocean_menu_typo_spacing":0,"ocean_menu_typo_spacing_tablet":0,"ocean_menu_typo_spacing_mobile":0,"ocean_menu_typo_spacing_unit":"","ocean_menu_link_color":"","ocean_menu_link_color_hover":"","ocean_menu_link_color_active":"","ocean_menu_link_background":"","ocean_menu_link_hover_background":"","ocean_menu_link_active_background":"","ocean_menu_social_links_bg":"","ocean_menu_social_hover_links_bg":"","ocean_menu_social_links_color":"","ocean_menu_social_hover_links_color":"","ocean_disable_title":"on","ocean_disable_heading":"default","ocean_post_title":"","ocean_post_subheading":"","ocean_post_title_style":"","ocean_post_title_background_color":"","ocean_post_title_background":0,"ocean_post_title_bg_image_position":"","ocean_post_title_bg_image_attachment":"","ocean_post_title_bg_image_repeat":"","ocean_post_title_bg_image_size":"","ocean_post_title_height":0,"ocean_post_title_bg_overlay":0.5,"ocean_post_title_bg_overlay_color":"","ocean_disable_breadcrumbs":"default","ocean_breadcrumbs_color":"","ocean_breadcrumbs_separator_color":"","ocean_breadcrumbs_links_color":"","ocean_breadcrumbs_links_hover_color":"","ocean_display_footer_widgets":"off","ocean_display_footer_bottom":"default","ocean_custom_footer_template":"0"},"product_brand":[],"product_cat":[97],"product_tag":[],"class_list":{"0":"post-2647","1":"product","2":"type-product","3":"status-publish","4":"has-post-thumbnail","6":"product_cat-produkte","8":"entry","9":"has-media","11":"first","12":"instock","13":"virtual","14":"purchasable","15":"product-type-simple","16":"has-product-nav","17":"col","18":"span_1_of_3","19":"owp-content-center","20":"owp-thumbs-layout-horizontal","21":"owp-btn-normal","22":"owp-tabs-layout-horizontal","23":"has-no-thumbnails"},"jetpack_sharing_enabled":true,"_links":{"self":[{"href":"https:\/\/kopie.cebotech.de\/index.php?rest_route=\/wp\/v2\/product\/2647","targetHints":{"allow":["GET"]}}],"collection":[{"href":"https:\/\/kopie.cebotech.de\/index.php?rest_route=\/wp\/v2\/product"}],"about":[{"href":"https:\/\/kopie.cebotech.de\/index.php?rest_route=\/wp\/v2\/types\/product"}],"wp:featuredmedia":[{"embeddable":true,"href":"https:\/\/kopie.cebotech.de\/index.php?rest_route=\/wp\/v2\/media\/8478"}],"wp:attachment":[{"href":"https:\/\/kopie.cebotech.de\/index.php?rest_route=%2Fwp%2Fv2%2Fmedia&parent=2647"}],"wp:term":[{"taxonomy":"product_brand","embeddable":true,"href":"https:\/\/kopie.cebotech.de\/index.php?rest_route=%2Fwp%2Fv2%2Fproduct_brand&post=2647"},{"taxonomy":"product_cat","embeddable":true,"href":"https:\/\/kopie.cebotech.de\/index.php?rest_route=%2Fwp%2Fv2%2Fproduct_cat&post=2647"},{"taxonomy":"product_tag","embeddable":true,"href":"https:\/\/kopie.cebotech.de\/index.php?rest_route=%2Fwp%2Fv2%2Fproduct_tag&post=2647"}],"curies":[{"name":"wp","href":"https:\/\/api.w.org\/{rel}","templated":true}]}}