{"id":4111,"date":"2022-03-17T14:10:19","date_gmt":"2022-03-17T14:10:19","guid":{"rendered":"https:\/\/kopie.cebotech.de\/?post_type=product&#038;p=4111"},"modified":"2022-10-26T16:30:19","modified_gmt":"2022-10-26T16:30:19","slug":"win-tig-ac-dc-450-t-robot","status":"publish","type":"product","link":"https:\/\/kopie.cebotech.de\/?product=win-tig-ac-dc-450-t-robot","title":{"rendered":"WIN TIG AC-DC 450 T ROBOT"},"content":{"rendered":"<h5>KOMPAKTE DREIPHASIGE INVERTERSTROMQUELLE ZUM WIG-AC\/DC-SCHWEISSEN. HOCHFREQUENZ\u00dcNDUNG<\/h5>\n<p><strong><img decoding=\"async\" class=\"image-inline\" title=\"icons8-electrical-35.png\" src=\"https:\/\/welding.cebora.it\/documenti-immagini\/icons8-electrical-35.png\/@@images\/53f5edbf-c169-47c0-86e8-81328217a0ef.png\" alt=\"icons8-electrical-35.png\" width=\"29\" height=\"29\" \/>\u00a0\u00a0<\/strong>400 V 50\/60 Hz\u00a0 \u00a0\u00b115%<\/p>\n<div id=\"heading-caratteristiche-tecniche\" class=\"panel-heading\" role=\"tab\">\n<h3 class=\"text-content\">Technische Eigenschaften<\/h3>\n<\/div>\n<div id=\"collapse-caratteristiche-tecniche\" class=\"panel-collapse collapse in\" role=\"tabpanel\" aria-labelledby=\"heading-caratteristiche-tecniche\" aria-expanded=\"true\">\n<div class=\"panel-body\">\n<ul>\n<li>7&#8243;-Touch-Display<\/li>\n<li>Inklusive K\u00fchlaggregat<\/li>\n<li>Stromquelle mit\u00a0<strong>Roboter-Digital-CANopen<\/strong>-Schnittstelle ausgestattet; Weitere digitale oder analoge<\/li>\n<li>Pulsfunktion bis 2,5 kHz<\/li>\n<li><strong>WF5 COLD WIRE<\/strong>\u00a0Einheit f\u00fcr den Kaltdrahtprozess, auch synchron gepulst mit Schwei\u00dfstrom<\/li>\n<li>Funktion\u00a0<strong>Impuls<\/strong>\u00a0auf bis zu 2,5 kHz einstellbar<\/li>\n<li>Schwei\u00dfprozess\u00a0<strong>eXtra Pulse (XP):\u00a0<\/strong>Gepulster Lichtbogen\u00a0mit sehr hoher Frequenz f\u00fcr Arbeiten an d\u00fcnnen Blechen, bei denen der W\u00e4rmeeintrag m\u00f6glichst gering sein muss.<\/li>\n<li>Der Prozess\u00a0<strong>XP<\/strong>\u00a0kann mit dem Impulsbetrieb mit niedriger Frequenz gekoppelt werden, um bei mittleren bis geringen Materialst\u00e4rken den Einbrand und die Schwei\u00dfgeschwindigkeit zu erh\u00f6hen.<\/li>\n<li>Funktion\u00a0<strong>JOB<\/strong>\u00a0\u00a0zum Speichern von bis zu 9 Schwei\u00dfprogrammen<\/li>\n<li>Mindeststrom DC 3 A<\/li>\n<li><strong>2 USB<\/strong>-Anschl\u00fcsse zum Herunterladen und Software-Update<\/li>\n<li><strong>Konform mit Industrie 4.0:<\/strong>\u00a0Die neue Hardware-Struktur implementiert einen Web-Server (\u00fcber den Ethernet-LAN-Port oder, mit externem Kit, \u00fcber Wi-Fi), die es dem Betreiber erm\u00f6glicht, alle jene Aktivit\u00e4ten durchzuf\u00fchren, die die Erhebung und Verarbeitung von Daten erfordern, Schwei\u00dfparameter-Konfiguration, Ferndiagnose und -hilfe<\/li>\n<li>Fernsteuerung \u00fcber Personal Computer, Tablet oder Smartphone<\/li>\n<li>Mit digitalem Volt-\/Amperemeter (Genauigkeit 1%) und thermischen Schutzeinrichtungen<\/li>\n<\/ul>\n<div id=\"heading-interfaccia-digitale\" class=\"panel-heading\" role=\"tab\">\n<h3 class=\"text-content\">Anwendungsbereich<\/h3>\n<\/div>\n<div id=\"collapse-interfaccia-digitale\" class=\"panel-collapse collapse in\" role=\"tabpanel\" aria-labelledby=\"heading-interfaccia-digitale\" aria-expanded=\"true\">\n<div class=\"panel-body\">\n<ul>\n<li>Chemische Industrie<\/li>\n<li>Schwerstahlbau<\/li>\n<li>Schiffsbau<\/li>\n<li>Hoch- und Tiefbau<\/li>\n<li>Handwerk<\/li>\n<li>Lebensmittelindustrie<\/li>\n<li>Industrial &amp; Energy plant<\/li>\n<li>Bau von Lastkraftwagen, landwirtschaftlichen Maschinen und Schienenfahrzeugen<\/li>\n<li>Planm\u00e4\u00dfige Wartung<\/li>\n<li>Landwirtschaft<\/li>\n<li>\u00d6lplattformen<\/li>\n<\/ul>\n<\/div>\n<\/div>\n<div id=\"heading-scheda-tecnica\" class=\"panel-heading\" role=\"tab\">\n<h3 class=\"text-content\">Technischen Datenblatts<\/h3>\n<\/div>\n<div id=\"collapse-scheda-tecnica\" class=\"panel-collapse collapse in\" role=\"tabpanel\" aria-labelledby=\"heading-scheda-tecnica\" aria-expanded=\"true\">\n<div class=\"panel-body\">\n<table class=\"table table-bordered\">\n<thead>\n<tr>\n<th>Art.<\/th>\n<th colspan=\"2\">396.80<\/th>\n<th>Technische Daten<\/th>\n<th><img decoding=\"async\" class=\"image-inline\" src=\"https:\/\/welding.cebora.it\/resolveuid\/798ff3338d6245f08bc18619c1d9a430\/@@images\/image\/mini\" alt=\"\" width=\"56\" height=\"17\" data-linktype=\"image\" data-scale=\"mini\" data-val=\"798ff3338d6245f08bc18619c1d9a430\" \/><\/th>\n<\/tr>\n<\/thead>\n<tbody>\n<tr>\n<td><\/td>\n<td><strong>TIG<\/strong><\/td>\n<td><b>PLASMA WELDING<\/b><\/td>\n<td colspan=\"2\">&nbsp;<\/td>\n<\/tr>\n<tr>\n<td><img decoding=\"async\" class=\"image-inline\" src=\"https:\/\/welding.cebora.it\/resolveuid\/9f6f9a8eeffe4d059412e22b48d4c3a8\/@@images\/image\/mini\" alt=\"\" width=\"56\" height=\"28\" data-linktype=\"image\" data-scale=\"mini\" data-val=\"9f6f9a8eeffe4d059412e22b48d4c3a8\" \/><\/td>\n<td><strong>400 V 50\/60 Hz<\/strong><br \/>\n<strong>\u00b1 15%<\/strong><\/td>\n<td><\/td>\n<td colspan=\"2\">Dreiphasiger Netzanschluss<br \/>\nThree phase input<\/td>\n<\/tr>\n<tr>\n<td><img loading=\"lazy\" decoding=\"async\" class=\"image-inline\" src=\"https:\/\/welding.cebora.it\/resolveuid\/aa9fb4c7ab754c0c8ab119a4109b21ae\/@@images\/image\/mini\" alt=\"\" width=\"54\" height=\"28\" data-linktype=\"image\" data-scale=\"mini\" data-val=\"aa9fb4c7ab754c0c8ab119a4109b21ae\" \/><\/td>\n<td><strong>20 A<\/strong><\/td>\n<td><\/td>\n<td colspan=\"2\">Tr\u00e4ge Sicherung<br \/>\nFuse rating (slow blow)<\/td>\n<\/tr>\n<tr>\n<td><img loading=\"lazy\" decoding=\"async\" class=\"image-inline\" src=\"https:\/\/welding.cebora.it\/resolveuid\/ec373687815540f282f7d24c1f1e8cf7\/@@images\/image\/mini\" alt=\"\" width=\"55\" height=\"28\" data-linktype=\"image\" data-scale=\"mini\" data-val=\"ec373687815540f282f7d24c1f1e8cf7\" \/><\/td>\n<td><strong>18,2 kVA 50%<\/strong><br \/>\n<strong>15,9 kVA 60%<\/strong><br \/>\n<strong>13,8 kVA 100%<\/strong><\/td>\n<td><strong>17,8 kVA 45%<\/strong><br \/>\n<strong>15,2 kVA 60%<\/strong><br \/>\n<strong>13,9 kVA 100%<\/strong><\/td>\n<td colspan=\"2\">Leistungsaufnahme<br \/>\nInput power<\/td>\n<\/tr>\n<tr>\n<td><img loading=\"lazy\" decoding=\"async\" class=\"image-inline\" src=\"https:\/\/welding.cebora.it\/resolveuid\/d87cb0b7ed214ccd8a347e0b0d7103ae\/@@images\/image\/mini\" alt=\"\" width=\"54\" height=\"27\" data-linktype=\"image\" data-scale=\"mini\" data-val=\"d87cb0b7ed214ccd8a347e0b0d7103ae\" \/><\/td>\n<td><strong>3 \u00f7 450 A<\/strong><\/td>\n<td><strong>3\u00a0\u00f7 360 A<\/strong><\/td>\n<td colspan=\"2\">Stromeinstellbereich<br \/>\nCurrent adjustment range<\/td>\n<\/tr>\n<tr>\n<td><img loading=\"lazy\" decoding=\"async\" class=\"image-inline\" src=\"https:\/\/welding.cebora.it\/resolveuid\/5f287f378c6e4e08b6096f49ebf6e6ec\/@@images\/image\/mini\" alt=\"\" width=\"55\" height=\"28\" data-linktype=\"image\" data-scale=\"mini\" data-val=\"5f287f378c6e4e08b6096f49ebf6e6ec\" \/><\/td>\n<td><strong>450 A 50%<\/strong><br \/>\n<strong>400 A 60%<\/strong><br \/>\n<strong>380 A 100%<\/strong><\/td>\n<td><strong>360 A 50%<\/strong><br \/>\n<strong>330 A 60%<\/strong><br \/>\n<strong>300 A 100%<\/strong><\/td>\n<td colspan=\"2\">Einschaltdauer (10 min, 40\u00b0C)<br \/>\nGem\u00e4\u00df Norm IEC 60974-1<br \/>\nDuty Cycle (10 min.40\u00b0C)<br \/>\nAccording to IEC 60974-1<\/td>\n<\/tr>\n<tr>\n<td><img loading=\"lazy\" decoding=\"async\" class=\"image-inline\" src=\"https:\/\/welding.cebora.it\/resolveuid\/7fc4b99b597f4081b56be2726cf9af00\/@@images\/image\/mini\" alt=\"\" width=\"55\" height=\"28\" data-linktype=\"image\" data-scale=\"mini\" data-val=\"7fc4b99b597f4081b56be2726cf9af00\" \/><\/td>\n<td colspan=\"2\"><strong>IP23S<\/strong><\/td>\n<td colspan=\"2\">Schutzart<br \/>\nProtection class<\/td>\n<\/tr>\n<tr>\n<td><img loading=\"lazy\" decoding=\"async\" class=\"image-inline\" src=\"https:\/\/welding.cebora.it\/resolveuid\/6f604a610aef402bb436ba12e9209e67\/@@images\/image\/mini\" alt=\"\" width=\"55\" height=\"28\" data-linktype=\"image\" data-scale=\"mini\" data-val=\"6f604a610aef402bb436ba12e9209e67\" \/><\/td>\n<td colspan=\"2\"><strong>97\u00a0kg<\/strong><\/td>\n<td colspan=\"2\">Gewicht<br \/>\nWeight<\/td>\n<\/tr>\n<tr>\n<td><img loading=\"lazy\" decoding=\"async\" class=\"image-inline\" src=\"https:\/\/welding.cebora.it\/resolveuid\/5706e8523276461899501d2ce2f96685\/@@images\/image\/mini\" alt=\"\" width=\"55\" height=\"28\" data-linktype=\"image\" data-scale=\"mini\" data-val=\"5706e8523276461899501d2ce2f96685\" \/><\/td>\n<td colspan=\"2\"><strong>410x790x810\u00a0mm<\/strong><\/td>\n<td colspan=\"2\">Abmessungen (BxLxH)<br \/>\nDimensions (WxLxH)<\/td>\n<\/tr>\n<\/tbody>\n<\/table>\n<\/div>\n<\/div>\n<\/div>\n<\/div>\n","protected":false},"excerpt":{"rendered":"<p>KOMPAKTE DREIPHASIGE INVERTERSTROMQUELLE ZUM WIG-AC\/DC-SCHWEISSEN. HOCHFREQUENZ\u00dcNDUNG \u00a0\u00a0400 V 50\/60 Hz\u00a0 \u00a0\u00b115% Technische Eigenschaften 7&#8243;-Touch-Display Inklusive K\u00fchlaggregat Stromquelle mit\u00a0Roboter-Digital-CANopen-Schnittstelle ausgestattet; Weitere digitale oder analoge Pulsfunktion bis 2,5 kHz WF5 COLD WIRE\u00a0Einheit f\u00fcr den Kaltdrahtprozess, auch synchron gepulst mit Schwei\u00dfstrom Funktion\u00a0Impuls\u00a0auf bis zu 2,5 kHz einstellbar Schwei\u00dfprozess\u00a0eXtra Pulse (XP):\u00a0Gepulster Lichtbogen\u00a0mit sehr hoher Frequenz f\u00fcr Arbeiten an d\u00fcnnen [&hellip;]<\/p>\n","protected":false},"featured_media":4113,"template":"","meta":{"ocean_post_layout":"","ocean_both_sidebars_style":"","ocean_both_sidebars_content_width":0,"ocean_both_sidebars_sidebars_width":0,"ocean_sidebar":"0","ocean_second_sidebar":"0","ocean_disable_margins":"enable","ocean_add_body_class":"","ocean_shortcode_before_top_bar":"","ocean_shortcode_after_top_bar":"","ocean_shortcode_before_header":"","ocean_shortcode_after_header":"","ocean_has_shortcode":"","ocean_shortcode_after_title":"","ocean_shortcode_before_footer_widgets":"","ocean_shortcode_after_footer_widgets":"","ocean_shortcode_before_footer_bottom":"","ocean_shortcode_after_footer_bottom":"","ocean_display_top_bar":"off","ocean_display_header":"default","ocean_header_style":"","ocean_center_header_left_menu":"0","ocean_custom_header_template":"0","ocean_custom_logo":0,"ocean_custom_retina_logo":0,"ocean_custom_logo_max_width":0,"ocean_custom_logo_tablet_max_width":0,"ocean_custom_logo_mobile_max_width":0,"ocean_custom_logo_max_height":0,"ocean_custom_logo_tablet_max_height":0,"ocean_custom_logo_mobile_max_height":0,"ocean_header_custom_menu":"0","ocean_menu_typo_font_family":"0","ocean_menu_typo_font_subset":"","ocean_menu_typo_font_size":0,"ocean_menu_typo_font_size_tablet":0,"ocean_menu_typo_font_size_mobile":0,"ocean_menu_typo_font_size_unit":"px","ocean_menu_typo_font_weight":"","ocean_menu_typo_font_weight_tablet":"","ocean_menu_typo_font_weight_mobile":"","ocean_menu_typo_transform":"","ocean_menu_typo_transform_tablet":"","ocean_menu_typo_transform_mobile":"","ocean_menu_typo_line_height":0,"ocean_menu_typo_line_height_tablet":0,"ocean_menu_typo_line_height_mobile":0,"ocean_menu_typo_line_height_unit":"","ocean_menu_typo_spacing":0,"ocean_menu_typo_spacing_tablet":0,"ocean_menu_typo_spacing_mobile":0,"ocean_menu_typo_spacing_unit":"","ocean_menu_link_color":"","ocean_menu_link_color_hover":"","ocean_menu_link_color_active":"","ocean_menu_link_background":"","ocean_menu_link_hover_background":"","ocean_menu_link_active_background":"","ocean_menu_social_links_bg":"","ocean_menu_social_hover_links_bg":"","ocean_menu_social_links_color":"","ocean_menu_social_hover_links_color":"","ocean_disable_title":"on","ocean_disable_heading":"default","ocean_post_title":"","ocean_post_subheading":"","ocean_post_title_style":"","ocean_post_title_background_color":"","ocean_post_title_background":0,"ocean_post_title_bg_image_position":"","ocean_post_title_bg_image_attachment":"","ocean_post_title_bg_image_repeat":"","ocean_post_title_bg_image_size":"","ocean_post_title_height":0,"ocean_post_title_bg_overlay":0.5,"ocean_post_title_bg_overlay_color":"","ocean_disable_breadcrumbs":"default","ocean_breadcrumbs_color":"","ocean_breadcrumbs_separator_color":"","ocean_breadcrumbs_links_color":"","ocean_breadcrumbs_links_hover_color":"","ocean_display_footer_widgets":"off","ocean_display_footer_bottom":"default","ocean_custom_footer_template":"0"},"product_brand":[],"product_cat":[217,172,156],"product_tag":[],"class_list":{"0":"post-4111","1":"product","2":"type-product","3":"status-publish","4":"has-post-thumbnail","6":"product_cat-produkte-tig-handwerk","7":"product_cat-produkte-tig-automatisierung","8":"product_cat-produkte-tig-industrie","10":"entry","11":"has-media","13":"first","14":"instock","15":"virtual","16":"purchasable","17":"product-type-simple","18":"has-product-nav","19":"col","20":"span_1_of_3","21":"owp-content-center","22":"owp-thumbs-layout-horizontal","23":"owp-btn-normal","24":"owp-tabs-layout-horizontal","25":"has-no-thumbnails"},"jetpack_sharing_enabled":true,"_links":{"self":[{"href":"https:\/\/kopie.cebotech.de\/index.php?rest_route=\/wp\/v2\/product\/4111","targetHints":{"allow":["GET"]}}],"collection":[{"href":"https:\/\/kopie.cebotech.de\/index.php?rest_route=\/wp\/v2\/product"}],"about":[{"href":"https:\/\/kopie.cebotech.de\/index.php?rest_route=\/wp\/v2\/types\/product"}],"wp:featuredmedia":[{"embeddable":true,"href":"https:\/\/kopie.cebotech.de\/index.php?rest_route=\/wp\/v2\/media\/4113"}],"wp:attachment":[{"href":"https:\/\/kopie.cebotech.de\/index.php?rest_route=%2Fwp%2Fv2%2Fmedia&parent=4111"}],"wp:term":[{"taxonomy":"product_brand","embeddable":true,"href":"https:\/\/kopie.cebotech.de\/index.php?rest_route=%2Fwp%2Fv2%2Fproduct_brand&post=4111"},{"taxonomy":"product_cat","embeddable":true,"href":"https:\/\/kopie.cebotech.de\/index.php?rest_route=%2Fwp%2Fv2%2Fproduct_cat&post=4111"},{"taxonomy":"product_tag","embeddable":true,"href":"https:\/\/kopie.cebotech.de\/index.php?rest_route=%2Fwp%2Fv2%2Fproduct_tag&post=4111"}],"curies":[{"name":"wp","href":"https:\/\/api.w.org\/{rel}","templated":true}]}}