{"id":475,"date":"2021-10-21T07:41:27","date_gmt":"2021-10-21T07:41:27","guid":{"rendered":"https:\/\/kopie.cebotech.de\/?post_type=product&#038;p=475"},"modified":"2022-10-26T16:44:19","modified_gmt":"2022-10-26T16:44:19","slug":"cebora-power-spot-5500","status":"publish","type":"product","link":"https:\/\/kopie.cebotech.de\/?product=cebora-power-spot-5500","title":{"rendered":"CEBORA POWER SPOT 5500"},"content":{"rendered":"<p>Die Stromquelle POWER SPOT 5500 ALUMINIUM (art. 2153) erlaubt das<br \/>\nSchwei\u00dfen von Bolzen und Zubeh\u00f6r verschiedenen Typs auf Bleche jeder Art,<br \/>\nAluminiumbleche eingeschlossen. Zum Schwei\u00dfen mit dem Spotter auf<br \/>\nAluminium ist n\u00e4mlich eine spezielle Stromquelle erforderlich, die eine schnelle (in der Gr\u00f6\u00dfenordnung von einigen Millisekunden), jedoch sehr starke (in der<br \/>\nGr\u00f6\u00dfenordnung von tausend Ampere) Stromentladung abgeben kann, um die oberfl\u00e4chliche isolierende Oxidschicht zu &#8220;durchsto\u00dfen&#8221;, ohne das Blech darunter zu besch\u00e4digen: Diesen Effekt erzielt man mit Hilfe von Kondensatoren. Die POWER SPOT 5500 ALUMINIUM kann Bolzen aus unlegiertem Stahl und Aluminium mit Durchmessern bis 6 mm schwei\u00dfen. Die Stromquelle wird komplett mit Pistole und Massekabel mit 2 Klemmen geliefert.\u00a0Die Ausstattung umfasst au\u00dferdem eine Reihe von speziellen Gewindenieten f\u00fcr die Anbringung auf Aluminium und Schraub\u00f6sen. Das Funktionsprinzip des Bolzenschwei\u00dfens mit Spitzenz\u00fcndung basiert auf der extrem schnellen Entladung (2 &#8211; 3 ms) einer Kondensatorbatterie, die das Schwei\u00dfen von Bolzen mit Durchmessern von 4 bis 6 mm erlaubt.\u00a0Mit diesem Verfahren k\u00f6nnen Bolzen auf saubere, jedoch nicht oxidierte Oberfl\u00e4chen aus unlegiertem Stahl, verzinktem Stahl, Edelstahl, Aluminium und Messing geschwei\u00dft werden. Dank der Schnelligkeit des Prozesses werden die Oberfl\u00e4chen von lackierten, vorlackierten, plastifizierten oder verzinkten<br \/>\nBlechen auf der, der Schwei\u00dfung entgegengesetzten Seite nicht beeintr\u00e4chtigt.<br \/>\nNicht geschwei\u00dft werden k\u00f6nnen geh\u00e4rteter Stahl und oxidierte oder lackierte Metalle.<\/p>\n<p>&nbsp;<\/p>\n","protected":false},"excerpt":{"rendered":"<p>Die Stromquelle POWER SPOT 5500 ALUMINIUM (art. 2153) erlaubt das Schwei\u00dfen von Bolzen und Zubeh\u00f6r verschiedenen Typs auf Bleche jeder Art, Aluminiumbleche eingeschlossen. Zum Schwei\u00dfen mit dem Spotter auf Aluminium ist n\u00e4mlich eine spezielle Stromquelle erforderlich, die eine schnelle (in der Gr\u00f6\u00dfenordnung von einigen Millisekunden), jedoch sehr starke (in der Gr\u00f6\u00dfenordnung von tausend Ampere) Stromentladung [&hellip;]<\/p>\n","protected":false},"featured_media":481,"template":"","meta":{"ocean_post_layout":"","ocean_both_sidebars_style":"","ocean_both_sidebars_content_width":0,"ocean_both_sidebars_sidebars_width":0,"ocean_sidebar":"0","ocean_second_sidebar":"0","ocean_disable_margins":"enable","ocean_add_body_class":"","ocean_shortcode_before_top_bar":"","ocean_shortcode_after_top_bar":"","ocean_shortcode_before_header":"","ocean_shortcode_after_header":"","ocean_has_shortcode":"","ocean_shortcode_after_title":"","ocean_shortcode_before_footer_widgets":"","ocean_shortcode_after_footer_widgets":"","ocean_shortcode_before_footer_bottom":"","ocean_shortcode_after_footer_bottom":"","ocean_display_top_bar":"off","ocean_display_header":"default","ocean_header_style":"","ocean_center_header_left_menu":"0","ocean_custom_header_template":"0","ocean_custom_logo":0,"ocean_custom_retina_logo":0,"ocean_custom_logo_max_width":0,"ocean_custom_logo_tablet_max_width":0,"ocean_custom_logo_mobile_max_width":0,"ocean_custom_logo_max_height":0,"ocean_custom_logo_tablet_max_height":0,"ocean_custom_logo_mobile_max_height":0,"ocean_header_custom_menu":"0","ocean_menu_typo_font_family":"0","ocean_menu_typo_font_subset":"","ocean_menu_typo_font_size":0,"ocean_menu_typo_font_size_tablet":0,"ocean_menu_typo_font_size_mobile":0,"ocean_menu_typo_font_size_unit":"px","ocean_menu_typo_font_weight":"","ocean_menu_typo_font_weight_tablet":"","ocean_menu_typo_font_weight_mobile":"","ocean_menu_typo_transform":"","ocean_menu_typo_transform_tablet":"","ocean_menu_typo_transform_mobile":"","ocean_menu_typo_line_height":0,"ocean_menu_typo_line_height_tablet":0,"ocean_menu_typo_line_height_mobile":0,"ocean_menu_typo_line_height_unit":"","ocean_menu_typo_spacing":0,"ocean_menu_typo_spacing_tablet":0,"ocean_menu_typo_spacing_mobile":0,"ocean_menu_typo_spacing_unit":"","ocean_menu_link_color":"","ocean_menu_link_color_hover":"","ocean_menu_link_color_active":"","ocean_menu_link_background":"","ocean_menu_link_hover_background":"","ocean_menu_link_active_background":"","ocean_menu_social_links_bg":"","ocean_menu_social_hover_links_bg":"","ocean_menu_social_links_color":"","ocean_menu_social_hover_links_color":"","ocean_disable_title":"on","ocean_disable_heading":"default","ocean_post_title":"","ocean_post_subheading":"","ocean_post_title_style":"","ocean_post_title_background_color":"","ocean_post_title_background":0,"ocean_post_title_bg_image_position":"","ocean_post_title_bg_image_attachment":"","ocean_post_title_bg_image_repeat":"","ocean_post_title_bg_image_size":"","ocean_post_title_height":0,"ocean_post_title_bg_overlay":0.5,"ocean_post_title_bg_overlay_color":"","ocean_disable_breadcrumbs":"default","ocean_breadcrumbs_color":"","ocean_breadcrumbs_separator_color":"","ocean_breadcrumbs_links_color":"","ocean_breadcrumbs_links_hover_color":"","ocean_display_footer_widgets":"off","ocean_display_footer_bottom":"default","ocean_custom_footer_template":"0"},"product_brand":[],"product_cat":[113,110],"product_tag":[],"class_list":{"0":"post-475","1":"product","2":"type-product","3":"status-publish","4":"has-post-thumbnail","6":"product_cat-produkte-ausbeulen-aluminium","7":"product_cat-produkte-ausbeulen-stahl","9":"entry","10":"has-media","12":"first","13":"instock","14":"downloadable","15":"shipping-taxable","16":"purchasable","17":"product-type-simple","18":"has-product-nav","19":"col","20":"span_1_of_3","21":"owp-content-center","22":"owp-thumbs-layout-horizontal","23":"owp-btn-normal","24":"owp-tabs-layout-horizontal","25":"has-no-thumbnails"},"jetpack_sharing_enabled":true,"_links":{"self":[{"href":"https:\/\/kopie.cebotech.de\/index.php?rest_route=\/wp\/v2\/product\/475","targetHints":{"allow":["GET"]}}],"collection":[{"href":"https:\/\/kopie.cebotech.de\/index.php?rest_route=\/wp\/v2\/product"}],"about":[{"href":"https:\/\/kopie.cebotech.de\/index.php?rest_route=\/wp\/v2\/types\/product"}],"wp:featuredmedia":[{"embeddable":true,"href":"https:\/\/kopie.cebotech.de\/index.php?rest_route=\/wp\/v2\/media\/481"}],"wp:attachment":[{"href":"https:\/\/kopie.cebotech.de\/index.php?rest_route=%2Fwp%2Fv2%2Fmedia&parent=475"}],"wp:term":[{"taxonomy":"product_brand","embeddable":true,"href":"https:\/\/kopie.cebotech.de\/index.php?rest_route=%2Fwp%2Fv2%2Fproduct_brand&post=475"},{"taxonomy":"product_cat","embeddable":true,"href":"https:\/\/kopie.cebotech.de\/index.php?rest_route=%2Fwp%2Fv2%2Fproduct_cat&post=475"},{"taxonomy":"product_tag","embeddable":true,"href":"https:\/\/kopie.cebotech.de\/index.php?rest_route=%2Fwp%2Fv2%2Fproduct_tag&post=475"}],"curies":[{"name":"wp","href":"https:\/\/api.w.org\/{rel}","templated":true}]}}