{"id":486,"date":"2021-10-21T08:02:49","date_gmt":"2021-10-21T08:02:49","guid":{"rendered":"https:\/\/kopie.cebotech.de\/?post_type=product&#038;p=486"},"modified":"2022-10-26T16:44:19","modified_gmt":"2022-10-26T16:44:19","slug":"cebora-spot-2500","status":"publish","type":"product","link":"https:\/\/kopie.cebotech.de\/?product=cebora-spot-2500","title":{"rendered":"CEBORA SPOT 2500"},"content":{"rendered":"<p>Die neue Mehrzweck &#8211; Stromquelle Spot 2500 (Art. 2148) ist mit Synchronsteuerung und digitalem Bedienfeld ideal f\u00fcr den Autokarosseriesektor. Sie eignet sich besonders f\u00fcr die \u00fcblichen Karosseriereparaturarbeiten an herk\u00f6mmlichen Blechen (ausgenommen Aluminium).<\/p>\n<p>Die Spot 2500 gestattet das Arbeiten im Handbetrieb und im Automatikbetrieb, das Punktschwei\u00dfen von Spezialscheiben und Gewindeeins\u00e4tzen sowie das Stauchen und Erw\u00e4rmen (auch mit Impulsen) von Blechen.<\/p>\n<p>Die Funktion &#8220;USER&#8221; erlaubt die Personalisierung der Einstellungen. Die Punktschwei\u00dfpistole verf\u00fcgt \u00fcber eine Taste f\u00fcr die schnelle Fernwahl der Funktionen der Steuertafel der Stromquelle.<\/p>\n<div id=\"heading-interfaccia-analogica\" class=\"panel-heading\" role=\"tab\">\n<h3 class=\"text-content\">Technisches Datenblatt<\/h3>\n<\/div>\n<div id=\"collapse-interfaccia-analogica\" class=\"panel-collapse collapse in\" role=\"tabpanel\" aria-labelledby=\"heading-interfaccia-analogica\" aria-expanded=\"true\">\n<div class=\"panel-body\">\n<table class=\"table table-bordered\">\n<thead>\n<tr>\n<th>Art.-Nr.<\/th>\n<th>2148<\/th>\n<th><\/th>\n<th>Technische Daten<\/th>\n<th><\/th>\n<\/tr>\n<\/thead>\n<tbody>\n<tr>\n<td><img decoding=\"async\" class=\"image-inline\" src=\"https:\/\/welding.cebora.it\/resolveuid\/4e76a9bcc15b4ad09c93fb6000a6bc68\/@@images\/image\/mini\" alt=\"\" width=\"56\" height=\"28\" data-linktype=\"image\" data-scale=\"mini\" data-val=\"4e76a9bcc15b4ad09c93fb6000a6bc68\" \/><\/td>\n<td><strong>400 V<br \/>\n50 Hz<br \/>\n\u00b1 10%<\/strong><strong><br \/>\n<\/strong><\/td>\n<td><em><strong>Auf Anfrage:<br \/>\n230 V<\/strong><\/em><br \/>\n<em><strong>50\/60 Hz<\/strong><\/em><br \/>\n<em><strong>\u00b110%<\/strong><\/em><\/td>\n<td colspan=\"2\">Einphasiger Netzanschluss<br \/>\nSingle phase input<\/td>\n<\/tr>\n<tr>\n<td><img decoding=\"async\" class=\"image-inline\" src=\"https:\/\/welding.cebora.it\/resolveuid\/aa9fb4c7ab754c0c8ab119a4109b21ae\/@@images\/image\/mini\" alt=\"\" width=\"59\" height=\"31\" data-linktype=\"image\" data-scale=\"mini\" data-val=\"aa9fb4c7ab754c0c8ab119a4109b21ae\" \/><\/td>\n<td><strong>10 A<\/strong><\/td>\n<td><strong>\u00a0<\/strong><\/td>\n<td colspan=\"2\">Tr\u00e4ge Sicherung<br \/>\nFuse rating (slow blow)<\/td>\n<\/tr>\n<tr>\n<td><img decoding=\"async\" class=\"image-inline\" src=\"https:\/\/welding.cebora.it\/resolveuid\/d9a3057c01f34399b95e48cc37099ef0\/@@images\/image\/mini\" alt=\"\" data-linktype=\"image\" data-scale=\"mini\" data-val=\"d9a3057c01f34399b95e48cc37099ef0\" \/><\/td>\n<td><strong>6,0 kW<\/strong><\/td>\n<td>&nbsp;<\/td>\n<td colspan=\"2\">Max. installierte Leistung<br \/>\nMax. installed power<\/td>\n<\/tr>\n<tr>\n<td><img decoding=\"async\" class=\"image-inline\" src=\"https:\/\/welding.cebora.it\/resolveuid\/d87cb0b7ed214ccd8a347e0b0d7103ae\/@@images\/image\/mini\" alt=\"\" data-linktype=\"image\" data-scale=\"mini\" data-val=\"d87cb0b7ed214ccd8a347e0b0d7103ae\" \/><\/td>\n<td><strong>3000 A max.<\/strong><\/td>\n<td><\/td>\n<td colspan=\"2\">Stromeinstellbereich<br \/>\nCurrent range<\/td>\n<\/tr>\n<tr>\n<td><img decoding=\"async\" class=\"image-inline\" src=\"https:\/\/welding.cebora.it\/resolveuid\/7fc4b99b597f4081b56be2726cf9af00\/@@images\/image\/mini\" alt=\"\" width=\"59\" height=\"30\" data-linktype=\"image\" data-scale=\"mini\" data-val=\"7fc4b99b597f4081b56be2726cf9af00\" \/><\/td>\n<td><strong>IP23S<\/strong><\/td>\n<td>&nbsp;<\/td>\n<td colspan=\"2\">Schutzart<br \/>\nProtection class<\/td>\n<\/tr>\n<tr>\n<td><img loading=\"lazy\" decoding=\"async\" class=\"image-inline\" src=\"https:\/\/welding.cebora.it\/resolveuid\/6f604a610aef402bb436ba12e9209e67\/@@images\/image\/mini\" alt=\"\" width=\"58\" height=\"30\" data-linktype=\"image\" data-scale=\"mini\" data-val=\"6f604a610aef402bb436ba12e9209e67\" \/><\/td>\n<td><strong>30 kg<\/strong><\/td>\n<td>&nbsp;<\/td>\n<td colspan=\"2\">Gewicht<br \/>\nWeight<\/td>\n<\/tr>\n<tr>\n<td><img loading=\"lazy\" decoding=\"async\" class=\"image-inline\" src=\"https:\/\/welding.cebora.it\/resolveuid\/5706e8523276461899501d2ce2f96685\/@@images\/image\/mini\" alt=\"\" width=\"59\" height=\"30\" data-linktype=\"image\" data-scale=\"mini\" data-val=\"5706e8523276461899501d2ce2f96685\" \/><\/td>\n<td><strong>207x437x411 mm<\/strong><\/td>\n<td>&nbsp;<\/td>\n<td colspan=\"2\">Abmessungen (BxLxH)<br \/>\nDimensions (WxLxH)<\/td>\n<\/tr>\n<\/tbody>\n<\/table>\n<\/div>\n<\/div>\n<p><strong>Produktinformation<\/strong> hier <a href=\"https:\/\/kopie.cebotech.de\/wp-content\/uploads\/2021\/10\/Spot2500_final.pdf\">downloaden<\/a>.<\/p>\n<p><strong>Bedienungsanleitung<\/strong> hier <a href=\"https:\/\/kopie.cebotech.de\/wp-content\/uploads\/2021\/10\/Bedienungsanleitung-komplett-spot2500.pdf\">downloaden.<\/a><\/p>\n<p><strong>Explosionszeichnung<\/strong> hier <a href=\"https:\/\/kopie.cebotech.de\/wp-content\/uploads\/2021\/10\/explosionszeichnung-spot-2500.pdf\">downloaden.<\/a><\/p>\n","protected":false},"excerpt":{"rendered":"<p>Die neue Mehrzweck &#8211; Stromquelle Spot 2500 (Art. 2148) ist mit Synchronsteuerung und digitalem Bedienfeld ideal f\u00fcr den Autokarosseriesektor. Sie eignet sich besonders f\u00fcr die \u00fcblichen Karosseriereparaturarbeiten an herk\u00f6mmlichen Blechen (ausgenommen Aluminium). Die Spot 2500 gestattet das Arbeiten im Handbetrieb und im Automatikbetrieb, das Punktschwei\u00dfen von Spezialscheiben und Gewindeeins\u00e4tzen sowie das Stauchen und Erw\u00e4rmen (auch [&hellip;]<\/p>\n","protected":false},"featured_media":487,"template":"","meta":{"ocean_post_layout":"","ocean_both_sidebars_style":"","ocean_both_sidebars_content_width":0,"ocean_both_sidebars_sidebars_width":0,"ocean_sidebar":"0","ocean_second_sidebar":"0","ocean_disable_margins":"enable","ocean_add_body_class":"","ocean_shortcode_before_top_bar":"","ocean_shortcode_after_top_bar":"","ocean_shortcode_before_header":"","ocean_shortcode_after_header":"","ocean_has_shortcode":"","ocean_shortcode_after_title":"","ocean_shortcode_before_footer_widgets":"","ocean_shortcode_after_footer_widgets":"","ocean_shortcode_before_footer_bottom":"","ocean_shortcode_after_footer_bottom":"","ocean_display_top_bar":"off","ocean_display_header":"default","ocean_header_style":"","ocean_center_header_left_menu":"0","ocean_custom_header_template":"0","ocean_custom_logo":0,"ocean_custom_retina_logo":0,"ocean_custom_logo_max_width":0,"ocean_custom_logo_tablet_max_width":0,"ocean_custom_logo_mobile_max_width":0,"ocean_custom_logo_max_height":0,"ocean_custom_logo_tablet_max_height":0,"ocean_custom_logo_mobile_max_height":0,"ocean_header_custom_menu":"0","ocean_menu_typo_font_family":"0","ocean_menu_typo_font_subset":"","ocean_menu_typo_font_size":0,"ocean_menu_typo_font_size_tablet":0,"ocean_menu_typo_font_size_mobile":0,"ocean_menu_typo_font_size_unit":"px","ocean_menu_typo_font_weight":"","ocean_menu_typo_font_weight_tablet":"","ocean_menu_typo_font_weight_mobile":"","ocean_menu_typo_transform":"","ocean_menu_typo_transform_tablet":"","ocean_menu_typo_transform_mobile":"","ocean_menu_typo_line_height":0,"ocean_menu_typo_line_height_tablet":0,"ocean_menu_typo_line_height_mobile":0,"ocean_menu_typo_line_height_unit":"","ocean_menu_typo_spacing":0,"ocean_menu_typo_spacing_tablet":0,"ocean_menu_typo_spacing_mobile":0,"ocean_menu_typo_spacing_unit":"","ocean_menu_link_color":"","ocean_menu_link_color_hover":"","ocean_menu_link_color_active":"","ocean_menu_link_background":"","ocean_menu_link_hover_background":"","ocean_menu_link_active_background":"","ocean_menu_social_links_bg":"","ocean_menu_social_hover_links_bg":"","ocean_menu_social_links_color":"","ocean_menu_social_hover_links_color":"","ocean_disable_title":"on","ocean_disable_heading":"default","ocean_post_title":"","ocean_post_subheading":"","ocean_post_title_style":"","ocean_post_title_background_color":"","ocean_post_title_background":0,"ocean_post_title_bg_image_position":"","ocean_post_title_bg_image_attachment":"","ocean_post_title_bg_image_repeat":"","ocean_post_title_bg_image_size":"","ocean_post_title_height":0,"ocean_post_title_bg_overlay":0.5,"ocean_post_title_bg_overlay_color":"","ocean_disable_breadcrumbs":"default","ocean_breadcrumbs_color":"","ocean_breadcrumbs_separator_color":"","ocean_breadcrumbs_links_color":"","ocean_breadcrumbs_links_hover_color":"","ocean_display_footer_widgets":"off","ocean_display_footer_bottom":"default","ocean_custom_footer_template":"0"},"product_brand":[],"product_cat":[224,159,273],"product_tag":[],"class_list":{"0":"post-486","1":"product","2":"type-product","3":"status-publish","4":"has-post-thumbnail","6":"product_cat-produkte-spotter-handwerk","7":"product_cat-produkte-spotter-industrie","8":"product_cat-spotter-cebora-produkte","10":"entry","11":"has-media","13":"first","14":"instock","15":"virtual","16":"purchasable","17":"product-type-simple","18":"has-product-nav","19":"col","20":"span_1_of_3","21":"owp-content-center","22":"owp-thumbs-layout-horizontal","23":"owp-btn-normal","24":"owp-tabs-layout-horizontal","25":"has-no-thumbnails"},"jetpack_sharing_enabled":true,"_links":{"self":[{"href":"https:\/\/kopie.cebotech.de\/index.php?rest_route=\/wp\/v2\/product\/486","targetHints":{"allow":["GET"]}}],"collection":[{"href":"https:\/\/kopie.cebotech.de\/index.php?rest_route=\/wp\/v2\/product"}],"about":[{"href":"https:\/\/kopie.cebotech.de\/index.php?rest_route=\/wp\/v2\/types\/product"}],"wp:featuredmedia":[{"embeddable":true,"href":"https:\/\/kopie.cebotech.de\/index.php?rest_route=\/wp\/v2\/media\/487"}],"wp:attachment":[{"href":"https:\/\/kopie.cebotech.de\/index.php?rest_route=%2Fwp%2Fv2%2Fmedia&parent=486"}],"wp:term":[{"taxonomy":"product_brand","embeddable":true,"href":"https:\/\/kopie.cebotech.de\/index.php?rest_route=%2Fwp%2Fv2%2Fproduct_brand&post=486"},{"taxonomy":"product_cat","embeddable":true,"href":"https:\/\/kopie.cebotech.de\/index.php?rest_route=%2Fwp%2Fv2%2Fproduct_cat&post=486"},{"taxonomy":"product_tag","embeddable":true,"href":"https:\/\/kopie.cebotech.de\/index.php?rest_route=%2Fwp%2Fv2%2Fproduct_tag&post=486"}],"curies":[{"name":"wp","href":"https:\/\/api.w.org\/{rel}","templated":true}]}}