{"id":5138,"date":"2022-03-20T17:54:43","date_gmt":"2022-03-20T17:54:43","guid":{"rendered":"https:\/\/kopie.cebotech.de\/?post_type=product&#038;p=5138"},"modified":"2022-10-26T16:29:15","modified_gmt":"2022-10-26T16:29:15","slug":"punkt-und-buckelschweissgeraete-artikel-67xx-90-315-kva","status":"publish","type":"product","link":"https:\/\/kopie.cebotech.de\/?product=punkt-und-buckelschweissgeraete-artikel-67xx-90-315-kva","title":{"rendered":"Punkt- und Buckelschwei\u00dfger\u00e4te \u2013 Artikel 67xx \u2013 90-315 kVA"},"content":{"rendered":"<p>Diese Reihe Schwei\u00dfger\u00e4te kann mithilfe breitgef\u00e4cherter mechanischer und pneumatischer Konfigurationen ausgestattet werden, die folglich allen Kundenanforderungen gerecht werden und dabei die hohe mechanische Steifigkeit bewahren, die diese Ger\u00e4te zur Topwahl machen, wenn h\u00f6chste Qualit\u00e4t der Schwei\u00dfergebnisse gefragt ist.<\/p>\n<p>Diese Ger\u00e4te k\u00f6nnen nach 4 verschiedenen mechanischen Rahmen, die sich durch ihre strukturelle Festigkeit voneinander unterscheiden, und f\u00fcr Punkt-, Punkt-Buckel- und Buckel-Schwei\u00dfverfahren konfiguriert werden. Der Armabstand variiert von mindestens 300 mm f\u00fcrs Buckelschwei\u00dfen bis maximal 1500 mm, f\u00fcrs Punktschwei\u00dfen.<\/p>\n<p>F\u00fcr die Zylinder gibt es eine sehr gro\u00dfe Auswahl, angefangen beim kleinsten mit 736daN bei 6bar bis hin zum gr\u00f6\u00dften mit 5509daN bei 6bar.<\/p>\n<p>Je nach Anwendung stehen Trafos in den Gr\u00f6\u00dfen 90-160-200-240-315 kVA zur Verf\u00fcgung.<\/p>\n<p>Die Steuerung\u00a0<strong>TE700<\/strong>\u00a0bietet 6 Betriebsmodi und erm\u00f6glicht somit die Auswahl des optimalen Schwei\u00dfverfahrens f\u00fcr jedes Schwei\u00dfmaterial. Der pr\u00e4zise und konstante Betriebsdruck wird durch die Implementierung eines Proportionalventils in den Druckluftkreis sichergestellt. Dieses Proportionalventil l\u00e4sst sich \u00fcber die Steuerung direkt programmieren und macht es m\u00f6glich, dass jedem Programm ein eigener Druckwert zugeordnet wird.<\/p>\n","protected":false},"excerpt":{"rendered":"<p>Diese Reihe Schwei\u00dfger\u00e4te kann mithilfe breitgef\u00e4cherter mechanischer und pneumatischer Konfigurationen ausgestattet werden, die folglich allen Kundenanforderungen gerecht werden und dabei die hohe mechanische Steifigkeit bewahren, die diese Ger\u00e4te zur Topwahl machen, wenn h\u00f6chste Qualit\u00e4t der Schwei\u00dfergebnisse gefragt ist. Diese Ger\u00e4te k\u00f6nnen nach 4 verschiedenen mechanischen Rahmen, die sich durch ihre strukturelle Festigkeit voneinander unterscheiden, und [&hellip;]<\/p>\n","protected":false},"featured_media":5139,"template":"","meta":{"ocean_post_layout":"","ocean_both_sidebars_style":"","ocean_both_sidebars_content_width":0,"ocean_both_sidebars_sidebars_width":0,"ocean_sidebar":"0","ocean_second_sidebar":"0","ocean_disable_margins":"enable","ocean_add_body_class":"","ocean_shortcode_before_top_bar":"","ocean_shortcode_after_top_bar":"","ocean_shortcode_before_header":"","ocean_shortcode_after_header":"","ocean_has_shortcode":"","ocean_shortcode_after_title":"","ocean_shortcode_before_footer_widgets":"","ocean_shortcode_after_footer_widgets":"","ocean_shortcode_before_footer_bottom":"","ocean_shortcode_after_footer_bottom":"","ocean_display_top_bar":"off","ocean_display_header":"default","ocean_header_style":"","ocean_center_header_left_menu":"0","ocean_custom_header_template":"0","ocean_custom_logo":0,"ocean_custom_retina_logo":0,"ocean_custom_logo_max_width":0,"ocean_custom_logo_tablet_max_width":0,"ocean_custom_logo_mobile_max_width":0,"ocean_custom_logo_max_height":0,"ocean_custom_logo_tablet_max_height":0,"ocean_custom_logo_mobile_max_height":0,"ocean_header_custom_menu":"0","ocean_menu_typo_font_family":"0","ocean_menu_typo_font_subset":"","ocean_menu_typo_font_size":0,"ocean_menu_typo_font_size_tablet":0,"ocean_menu_typo_font_size_mobile":0,"ocean_menu_typo_font_size_unit":"px","ocean_menu_typo_font_weight":"","ocean_menu_typo_font_weight_tablet":"","ocean_menu_typo_font_weight_mobile":"","ocean_menu_typo_transform":"","ocean_menu_typo_transform_tablet":"","ocean_menu_typo_transform_mobile":"","ocean_menu_typo_line_height":0,"ocean_menu_typo_line_height_tablet":0,"ocean_menu_typo_line_height_mobile":0,"ocean_menu_typo_line_height_unit":"","ocean_menu_typo_spacing":0,"ocean_menu_typo_spacing_tablet":0,"ocean_menu_typo_spacing_mobile":0,"ocean_menu_typo_spacing_unit":"","ocean_menu_link_color":"","ocean_menu_link_color_hover":"","ocean_menu_link_color_active":"","ocean_menu_link_background":"","ocean_menu_link_hover_background":"","ocean_menu_link_active_background":"","ocean_menu_social_links_bg":"","ocean_menu_social_hover_links_bg":"","ocean_menu_social_links_color":"","ocean_menu_social_hover_links_color":"","ocean_disable_title":"on","ocean_disable_heading":"default","ocean_post_title":"","ocean_post_subheading":"","ocean_post_title_style":"","ocean_post_title_background_color":"","ocean_post_title_background":0,"ocean_post_title_bg_image_position":"","ocean_post_title_bg_image_attachment":"","ocean_post_title_bg_image_repeat":"","ocean_post_title_bg_image_size":"","ocean_post_title_height":0,"ocean_post_title_bg_overlay":0.5,"ocean_post_title_bg_overlay_color":"","ocean_disable_breadcrumbs":"default","ocean_breadcrumbs_color":"","ocean_breadcrumbs_separator_color":"","ocean_breadcrumbs_links_color":"","ocean_breadcrumbs_links_hover_color":"","ocean_display_footer_widgets":"off","ocean_display_footer_bottom":"default","ocean_custom_footer_template":"0"},"product_brand":[],"product_cat":[203,243],"product_tag":[],"class_list":{"0":"post-5138","1":"product","2":"type-product","3":"status-publish","4":"has-post-thumbnail","6":"product_cat-buckelschweissgeraete","7":"product_cat-punkt-und-buckelschweissgeraete","9":"entry","10":"has-media","12":"first","13":"instock","14":"virtual","15":"purchasable","16":"product-type-simple","17":"has-product-nav","18":"col","19":"span_1_of_3","20":"owp-content-center","21":"owp-thumbs-layout-horizontal","22":"owp-btn-normal","23":"owp-tabs-layout-horizontal","24":"has-no-thumbnails"},"jetpack_sharing_enabled":true,"_links":{"self":[{"href":"https:\/\/kopie.cebotech.de\/index.php?rest_route=\/wp\/v2\/product\/5138","targetHints":{"allow":["GET"]}}],"collection":[{"href":"https:\/\/kopie.cebotech.de\/index.php?rest_route=\/wp\/v2\/product"}],"about":[{"href":"https:\/\/kopie.cebotech.de\/index.php?rest_route=\/wp\/v2\/types\/product"}],"wp:featuredmedia":[{"embeddable":true,"href":"https:\/\/kopie.cebotech.de\/index.php?rest_route=\/wp\/v2\/media\/5139"}],"wp:attachment":[{"href":"https:\/\/kopie.cebotech.de\/index.php?rest_route=%2Fwp%2Fv2%2Fmedia&parent=5138"}],"wp:term":[{"taxonomy":"product_brand","embeddable":true,"href":"https:\/\/kopie.cebotech.de\/index.php?rest_route=%2Fwp%2Fv2%2Fproduct_brand&post=5138"},{"taxonomy":"product_cat","embeddable":true,"href":"https:\/\/kopie.cebotech.de\/index.php?rest_route=%2Fwp%2Fv2%2Fproduct_cat&post=5138"},{"taxonomy":"product_tag","embeddable":true,"href":"https:\/\/kopie.cebotech.de\/index.php?rest_route=%2Fwp%2Fv2%2Fproduct_tag&post=5138"}],"curies":[{"name":"wp","href":"https:\/\/api.w.org\/{rel}","templated":true}]}}