{"id":5152,"date":"2022-03-21T07:05:13","date_gmt":"2022-03-21T07:05:13","guid":{"rendered":"https:\/\/kopie.cebotech.de\/?post_type=product&#038;p=5152"},"modified":"2022-10-26T16:28:52","modified_gmt":"2022-10-26T16:28:52","slug":"punkt-und-buckel-invertertischschweissgeraete-artikel-2112f-2118f-32-90-kva","status":"publish","type":"product","link":"https:\/\/kopie.cebotech.de\/?product=punkt-und-buckel-invertertischschweissgeraete-artikel-2112f-2118f-32-90-kva","title":{"rendered":"Punkt- und Buckel-Invertertischschwei\u00dfger\u00e4te \u2013 Artikel 2112F-2118F \u2013 32-90 kVA"},"content":{"rendered":"<p>Punkt- und Buckel-Invertertischschwei\u00dfger\u00e4te mit wassergek\u00fchltem Trafo, Platten, Elektrodenhalterungen und Elektrode; Trafo mit epoxidharzbeschichteten Wicklungen.<\/p>\n<h3>Merkmale:<\/h3>\n<ul>\n<li>MF Schwei\u00dfger\u00e4te f\u00fcr hochwertiges Schwei\u00dfen.<\/li>\n<li>Zylinder mit verchromtem Schaft f\u00fcr lebenslangen Schwerlastbetrieb; Verstellbare Drehsperre.<\/li>\n<li>Schmierfreie Druckluftkomponenten, um die Freisetzung von \u00d6lnebel zu vermeiden.<\/li>\n<li>Verstellbare Doppelhubzylinder mit Tastensteuerung (au\u00dfer Artikel 2112F-2113F).<\/li>\n<li>Eingebaute Druckluftfiltereinheit mit Druckluftregler. Druckluft-Trennvorrichtung.<\/li>\n<li>Ventile f\u00fcr die Geschwindigkeitssteuerung der Elektrode, Sto\u00dfd\u00e4mpfer am Hubende des Zylinders und Entl\u00fcftungs-Schalld\u00e4mpfer f\u00fcr einen leisen Betrieb.<\/li>\n<li>Zweistufiger elektrischer Fu\u00dfanlasser, mit dem Werkst\u00fccke nur bei korrekter Positionierung eingespannt und geschwei\u00dft werden k\u00f6nnen.<\/li>\n<li>Anschlussvorbereitung f\u00fcr ein zus\u00e4tzliches Fu\u00dfpedal f\u00fcr das direkte Abrufen eines anderen Schwei\u00dfprogramms.<\/li>\n<li>Wassergek\u00fchlter Trafo, Platten, Elektrodenhalterungen und Elektroden; Trafo mit epoxidharzbeschichteten Wicklungen.<\/li>\n<li>Standardausstattung bei allen Modellen: Zweihand-Sicherheitssteuerung mit Timer f\u00fcr optimale Sicherheit und abnehmbarem Wahlschalter. Das Zweihand-Bedienelement ist nur bei den Buckelschwei\u00dfger\u00e4ten Standard (auf Anfrage f\u00fcr Punktschwei\u00dfger\u00e4te erh\u00e4ltlich.<\/li>\n<li>Str\u00f6mungsw\u00e4chter, der das Schwei\u00dfger\u00e4t stoppt, wenn das K\u00fchlwasser nicht zirkuliert.<\/li>\n<\/ul>\n<p>&nbsp;<\/p>\n<h3>Schaltschrank f\u00fcr MF-Schwei\u00dfger\u00e4te<\/h3>\n<p>In dem Schaltschrank, der das MF-Schwei\u00dfger\u00e4t steuert, befinden sich der Inverter, die Schwei\u00dfsteuerung\u00a0<strong>TE700<\/strong>\u00a0sowie die Schutz- und Sicherheitsvorrichtungen.<br \/>\nJe nach Leistung des Schwei\u00dfger\u00e4ts in verschiedenen Gr\u00f6\u00dfen erh\u00e4ltlich. Der Schrank kann auf der Werkbank neben dem Schwei\u00dfger\u00e4t positioniert werden.<\/p>\n","protected":false},"excerpt":{"rendered":"<p>Punkt- und Buckel-Invertertischschwei\u00dfger\u00e4te mit wassergek\u00fchltem Trafo, Platten, Elektrodenhalterungen und Elektrode; Trafo mit epoxidharzbeschichteten Wicklungen. Merkmale: MF Schwei\u00dfger\u00e4te f\u00fcr hochwertiges Schwei\u00dfen. Zylinder mit verchromtem Schaft f\u00fcr lebenslangen Schwerlastbetrieb; Verstellbare Drehsperre. Schmierfreie Druckluftkomponenten, um die Freisetzung von \u00d6lnebel zu vermeiden. Verstellbare Doppelhubzylinder mit Tastensteuerung (au\u00dfer Artikel 2112F-2113F). Eingebaute Druckluftfiltereinheit mit Druckluftregler. Druckluft-Trennvorrichtung. Ventile f\u00fcr die Geschwindigkeitssteuerung der [&hellip;]<\/p>\n","protected":false},"featured_media":7368,"template":"","meta":{"ocean_post_layout":"","ocean_both_sidebars_style":"","ocean_both_sidebars_content_width":0,"ocean_both_sidebars_sidebars_width":0,"ocean_sidebar":"0","ocean_second_sidebar":"0","ocean_disable_margins":"enable","ocean_add_body_class":"","ocean_shortcode_before_top_bar":"","ocean_shortcode_after_top_bar":"","ocean_shortcode_before_header":"","ocean_shortcode_after_header":"","ocean_has_shortcode":"","ocean_shortcode_after_title":"","ocean_shortcode_before_footer_widgets":"","ocean_shortcode_after_footer_widgets":"","ocean_shortcode_before_footer_bottom":"","ocean_shortcode_after_footer_bottom":"","ocean_display_top_bar":"off","ocean_display_header":"default","ocean_header_style":"","ocean_center_header_left_menu":"0","ocean_custom_header_template":"0","ocean_custom_logo":0,"ocean_custom_retina_logo":0,"ocean_custom_logo_max_width":0,"ocean_custom_logo_tablet_max_width":0,"ocean_custom_logo_mobile_max_width":0,"ocean_custom_logo_max_height":0,"ocean_custom_logo_tablet_max_height":0,"ocean_custom_logo_mobile_max_height":0,"ocean_header_custom_menu":"0","ocean_menu_typo_font_family":"0","ocean_menu_typo_font_subset":"","ocean_menu_typo_font_size":0,"ocean_menu_typo_font_size_tablet":0,"ocean_menu_typo_font_size_mobile":0,"ocean_menu_typo_font_size_unit":"px","ocean_menu_typo_font_weight":"","ocean_menu_typo_font_weight_tablet":"","ocean_menu_typo_font_weight_mobile":"","ocean_menu_typo_transform":"","ocean_menu_typo_transform_tablet":"","ocean_menu_typo_transform_mobile":"","ocean_menu_typo_line_height":0,"ocean_menu_typo_line_height_tablet":0,"ocean_menu_typo_line_height_mobile":0,"ocean_menu_typo_line_height_unit":"","ocean_menu_typo_spacing":0,"ocean_menu_typo_spacing_tablet":0,"ocean_menu_typo_spacing_mobile":0,"ocean_menu_typo_spacing_unit":"","ocean_menu_link_color":"","ocean_menu_link_color_hover":"","ocean_menu_link_color_active":"","ocean_menu_link_background":"","ocean_menu_link_hover_background":"","ocean_menu_link_active_background":"","ocean_menu_social_links_bg":"","ocean_menu_social_hover_links_bg":"","ocean_menu_social_links_color":"","ocean_menu_social_hover_links_color":"","ocean_disable_title":"on","ocean_disable_heading":"default","ocean_post_title":"","ocean_post_subheading":"","ocean_post_title_style":"","ocean_post_title_background_color":"","ocean_post_title_background":0,"ocean_post_title_bg_image_position":"","ocean_post_title_bg_image_attachment":"","ocean_post_title_bg_image_repeat":"","ocean_post_title_bg_image_size":"","ocean_post_title_height":0,"ocean_post_title_bg_overlay":0.5,"ocean_post_title_bg_overlay_color":"","ocean_disable_breadcrumbs":"default","ocean_breadcrumbs_color":"","ocean_breadcrumbs_separator_color":"","ocean_breadcrumbs_links_color":"","ocean_breadcrumbs_links_hover_color":"","ocean_display_footer_widgets":"off","ocean_display_footer_bottom":"default","ocean_custom_footer_template":"0"},"product_brand":[],"product_cat":[188,240],"product_tag":[],"class_list":{"0":"post-5152","1":"product","2":"type-product","3":"status-publish","4":"has-post-thumbnail","6":"product_cat-produkte-tischmaschinen","7":"product_cat-tischmaschinen-handwerk","9":"entry","10":"has-media","12":"first","13":"instock","14":"virtual","15":"purchasable","16":"product-type-simple","17":"has-product-nav","18":"col","19":"span_1_of_3","20":"owp-content-center","21":"owp-thumbs-layout-horizontal","22":"owp-btn-normal","23":"owp-tabs-layout-horizontal","24":"has-no-thumbnails"},"jetpack_sharing_enabled":true,"_links":{"self":[{"href":"https:\/\/kopie.cebotech.de\/index.php?rest_route=\/wp\/v2\/product\/5152","targetHints":{"allow":["GET"]}}],"collection":[{"href":"https:\/\/kopie.cebotech.de\/index.php?rest_route=\/wp\/v2\/product"}],"about":[{"href":"https:\/\/kopie.cebotech.de\/index.php?rest_route=\/wp\/v2\/types\/product"}],"wp:featuredmedia":[{"embeddable":true,"href":"https:\/\/kopie.cebotech.de\/index.php?rest_route=\/wp\/v2\/media\/7368"}],"wp:attachment":[{"href":"https:\/\/kopie.cebotech.de\/index.php?rest_route=%2Fwp%2Fv2%2Fmedia&parent=5152"}],"wp:term":[{"taxonomy":"product_brand","embeddable":true,"href":"https:\/\/kopie.cebotech.de\/index.php?rest_route=%2Fwp%2Fv2%2Fproduct_brand&post=5152"},{"taxonomy":"product_cat","embeddable":true,"href":"https:\/\/kopie.cebotech.de\/index.php?rest_route=%2Fwp%2Fv2%2Fproduct_cat&post=5152"},{"taxonomy":"product_tag","embeddable":true,"href":"https:\/\/kopie.cebotech.de\/index.php?rest_route=%2Fwp%2Fv2%2Fproduct_tag&post=5152"}],"curies":[{"name":"wp","href":"https:\/\/api.w.org\/{rel}","templated":true}]}}