{"id":5154,"date":"2022-03-21T07:06:48","date_gmt":"2022-03-21T07:06:48","guid":{"rendered":"https:\/\/kopie.cebotech.de\/?post_type=product&#038;p=5154"},"modified":"2022-10-26T16:28:52","modified_gmt":"2022-10-26T16:28:52","slug":"einphasige-punkt-und-buckelschweissgeraete-80-315-kva","status":"publish","type":"product","link":"https:\/\/kopie.cebotech.de\/?product=einphasige-punkt-und-buckelschweissgeraete-80-315-kva","title":{"rendered":"Einphasige Punkt- und Buckelschwei\u00dfger\u00e4te \u2013 80-315 kVA"},"content":{"rendered":"<p>Einphasiges Punkt- und Buckelschwei\u00dfger\u00e4t mit wassergek\u00fchltem Trafo, Platten, Elektrodenhalterungen und Elektroden; Trafo mit epoxidharzbeschichteten Wicklungen.<\/p>\n<h3>Merkmale:<\/h3>\n<ul>\n<li>Modulares Design der mechanischen Struktur, Arme, Spannbacken, Zylinder.<\/li>\n<li>Zylinder mit verchromtem Schaft f\u00fcr lebenslangen Schwerlastbetrieb; verstellbare Drehsperre.<\/li>\n<li>Schmierfreie, umweltfreundliche Druckluft-Komponenten, um die Freisetzung von \u00d6lnebel zu vermeiden.<\/li>\n<li>Druckfreies Senken des Schwei\u00dfkopfs f\u00fcr Einstellung und Wartung.<\/li>\n<li>Doppelhub-Zylinder mit Tastensteuerung.<\/li>\n<li>Eingebaute Druckluft-Filtereinheit und Tank. Druckluft-Trennvorrichtung.<\/li>\n<li>Ventile f\u00fcr die Drehzahlsteuerung der Elektroden, Sto\u00dfd\u00e4mpfer am Hubende und Entl\u00fcfter mit Schalld\u00e4mpfern, f\u00fcr leisen Betrieb.<\/li>\n<li>Zweistufiger elektrischer Fu\u00dfanlasser, mit dem Werkst\u00fccke nur bei korrekter Positionierung eingespannt und geschwei\u00dft werden k\u00f6nnen. Standardausstattung f\u00fcr Punktschwei\u00dfger\u00e4te, auf Anfrage bei Buckelschwei\u00dfger\u00e4ten.<\/li>\n<li>Anschlussvorbereitung f\u00fcr ein zus\u00e4tzliches Fu\u00dfpedal f\u00fcr das direkte Abrufen von Schwei\u00dfprogramm Nr.2 (nicht bei Ger\u00e4ten mit Programmabruf \u00fcber den Dreh-Wahlschalter).<\/li>\n<li>Wassergek\u00fchlter Trafo, Platten, Elektrodenhalterungen und Elektroden; Trafo mit epoxidharzbeschichteten Wicklungen.<\/li>\n<li>Synchroner SCR Kontaktgeber, vom K\u00fchlwasserkreis isoliert mit Schutzthermostast.<\/li>\n<li>Standardausstattung bei allen Modellen: Zweihand-Sicherheitssteuerung mit Timer f\u00fcr optimale Sicherheit und abnehmbarem Wahlschalter. Tasten mit Zweihand-Steuerung sind nur bei den Buckelschwei\u00dfger\u00e4ten Standard (auf Anfrage f\u00fcr Punktschwei\u00dfger\u00e4te erh\u00e4ltlich).<\/li>\n<li>Not-Aus-Schalter f\u00fcr einen sofortigen Ger\u00e4testopp.<\/li>\n<li>Gleichstrom-Mikroprozessorsteuerung TE550.<\/li>\n<\/ul>\n","protected":false},"excerpt":{"rendered":"<p>Einphasiges Punkt- und Buckelschwei\u00dfger\u00e4t mit wassergek\u00fchltem Trafo, Platten, Elektrodenhalterungen und Elektroden; Trafo mit epoxidharzbeschichteten Wicklungen. Merkmale: Modulares Design der mechanischen Struktur, Arme, Spannbacken, Zylinder. Zylinder mit verchromtem Schaft f\u00fcr lebenslangen Schwerlastbetrieb; verstellbare Drehsperre. Schmierfreie, umweltfreundliche Druckluft-Komponenten, um die Freisetzung von \u00d6lnebel zu vermeiden. Druckfreies Senken des Schwei\u00dfkopfs f\u00fcr Einstellung und Wartung. Doppelhub-Zylinder mit Tastensteuerung. Eingebaute [&hellip;]<\/p>\n","protected":false},"featured_media":5155,"template":"","meta":{"ocean_post_layout":"","ocean_both_sidebars_style":"","ocean_both_sidebars_content_width":0,"ocean_both_sidebars_sidebars_width":0,"ocean_sidebar":"0","ocean_second_sidebar":"0","ocean_disable_margins":"enable","ocean_add_body_class":"","ocean_shortcode_before_top_bar":"","ocean_shortcode_after_top_bar":"","ocean_shortcode_before_header":"","ocean_shortcode_after_header":"","ocean_has_shortcode":"","ocean_shortcode_after_title":"","ocean_shortcode_before_footer_widgets":"","ocean_shortcode_after_footer_widgets":"","ocean_shortcode_before_footer_bottom":"","ocean_shortcode_after_footer_bottom":"","ocean_display_top_bar":"off","ocean_display_header":"default","ocean_header_style":"","ocean_center_header_left_menu":"0","ocean_custom_header_template":"0","ocean_custom_logo":0,"ocean_custom_retina_logo":0,"ocean_custom_logo_max_width":0,"ocean_custom_logo_tablet_max_width":0,"ocean_custom_logo_mobile_max_width":0,"ocean_custom_logo_max_height":0,"ocean_custom_logo_tablet_max_height":0,"ocean_custom_logo_mobile_max_height":0,"ocean_header_custom_menu":"0","ocean_menu_typo_font_family":"0","ocean_menu_typo_font_subset":"","ocean_menu_typo_font_size":0,"ocean_menu_typo_font_size_tablet":0,"ocean_menu_typo_font_size_mobile":0,"ocean_menu_typo_font_size_unit":"px","ocean_menu_typo_font_weight":"","ocean_menu_typo_font_weight_tablet":"","ocean_menu_typo_font_weight_mobile":"","ocean_menu_typo_transform":"","ocean_menu_typo_transform_tablet":"","ocean_menu_typo_transform_mobile":"","ocean_menu_typo_line_height":0,"ocean_menu_typo_line_height_tablet":0,"ocean_menu_typo_line_height_mobile":0,"ocean_menu_typo_line_height_unit":"","ocean_menu_typo_spacing":0,"ocean_menu_typo_spacing_tablet":0,"ocean_menu_typo_spacing_mobile":0,"ocean_menu_typo_spacing_unit":"","ocean_menu_link_color":"","ocean_menu_link_color_hover":"","ocean_menu_link_color_active":"","ocean_menu_link_background":"","ocean_menu_link_hover_background":"","ocean_menu_link_active_background":"","ocean_menu_social_links_bg":"","ocean_menu_social_hover_links_bg":"","ocean_menu_social_links_color":"","ocean_menu_social_hover_links_color":"","ocean_disable_title":"on","ocean_disable_heading":"default","ocean_post_title":"","ocean_post_subheading":"","ocean_post_title_style":"","ocean_post_title_background_color":"","ocean_post_title_background":0,"ocean_post_title_bg_image_position":"","ocean_post_title_bg_image_attachment":"","ocean_post_title_bg_image_repeat":"","ocean_post_title_bg_image_size":"","ocean_post_title_height":0,"ocean_post_title_bg_overlay":0.5,"ocean_post_title_bg_overlay_color":"","ocean_disable_breadcrumbs":"default","ocean_breadcrumbs_color":"","ocean_breadcrumbs_separator_color":"","ocean_breadcrumbs_links_color":"","ocean_breadcrumbs_links_hover_color":"","ocean_display_footer_widgets":"off","ocean_display_footer_bottom":"default","ocean_custom_footer_template":"0"},"product_brand":[],"product_cat":[203,243],"product_tag":[],"class_list":{"0":"post-5154","1":"product","2":"type-product","3":"status-publish","4":"has-post-thumbnail","6":"product_cat-buckelschweissgeraete","7":"product_cat-punkt-und-buckelschweissgeraete","9":"entry","10":"has-media","12":"first","13":"instock","14":"virtual","15":"purchasable","16":"product-type-simple","17":"has-product-nav","18":"col","19":"span_1_of_3","20":"owp-content-center","21":"owp-thumbs-layout-horizontal","22":"owp-btn-normal","23":"owp-tabs-layout-horizontal","24":"has-no-thumbnails"},"jetpack_sharing_enabled":true,"_links":{"self":[{"href":"https:\/\/kopie.cebotech.de\/index.php?rest_route=\/wp\/v2\/product\/5154","targetHints":{"allow":["GET"]}}],"collection":[{"href":"https:\/\/kopie.cebotech.de\/index.php?rest_route=\/wp\/v2\/product"}],"about":[{"href":"https:\/\/kopie.cebotech.de\/index.php?rest_route=\/wp\/v2\/types\/product"}],"wp:featuredmedia":[{"embeddable":true,"href":"https:\/\/kopie.cebotech.de\/index.php?rest_route=\/wp\/v2\/media\/5155"}],"wp:attachment":[{"href":"https:\/\/kopie.cebotech.de\/index.php?rest_route=%2Fwp%2Fv2%2Fmedia&parent=5154"}],"wp:term":[{"taxonomy":"product_brand","embeddable":true,"href":"https:\/\/kopie.cebotech.de\/index.php?rest_route=%2Fwp%2Fv2%2Fproduct_brand&post=5154"},{"taxonomy":"product_cat","embeddable":true,"href":"https:\/\/kopie.cebotech.de\/index.php?rest_route=%2Fwp%2Fv2%2Fproduct_cat&post=5154"},{"taxonomy":"product_tag","embeddable":true,"href":"https:\/\/kopie.cebotech.de\/index.php?rest_route=%2Fwp%2Fv2%2Fproduct_tag&post=5154"}],"curies":[{"name":"wp","href":"https:\/\/api.w.org\/{rel}","templated":true}]}}