{"id":5158,"date":"2022-03-21T07:09:31","date_gmt":"2022-03-21T07:09:31","guid":{"rendered":"https:\/\/kopie.cebotech.de\/?post_type=product&#038;p=5158"},"modified":"2022-10-26T16:28:52","modified_gmt":"2022-10-26T16:28:52","slug":"punktschweissgeraete-artikel-4665n-4668n-35-50-kva","status":"publish","type":"product","link":"https:\/\/kopie.cebotech.de\/?product=punktschweissgeraete-artikel-4665n-4668n-35-50-kva","title":{"rendered":"Punktschwei\u00dfger\u00e4te \u2013 Artikel 4665N-4668N \u2013 35-50 kVA"},"content":{"rendered":"<p>Punktschwei\u00dfger\u00e4te mit wassergek\u00fchltem Trafo mit Epoxidharzbeschichtung, wassergek\u00fchlten Armen, Elektroden und Elektrodenhalterungen.<\/p>\n<h3>Merkmale:<\/h3>\n<ul>\n<li>Chrom-Kupfer-Elektrodenhalterungen f\u00fcr lebenslangen Schwerlastbetrieb, f\u00fcr geraden Schnitt und Winkelschnitt.<\/li>\n<li>Mikroprozessorsteuerung TECNA\u00a0<strong>TE101<\/strong>.<\/li>\n<li>USB-Port f\u00fcr die Datenspeicherung (nur bei\u00a0<strong>TE550<\/strong>).<\/li>\n<li>Druckluftbetriebener, schmierfreier Zylinder, um die Freisetzung von \u00d6lnebel zu vermeiden.<\/li>\n<li>Gesch\u00fctzte Filtereinheit mit Messger\u00e4t.<\/li>\n<li>Zweistufiger elektrischer Fu\u00dfanlasser, mit dem Werkst\u00fccke nur bei korrekter Positionierung eingespannt und geschwei\u00dft werden k\u00f6nnen.<\/li>\n<li>Anschlussvorbereitung f\u00fcr ein zus\u00e4tzliches Fu\u00dfpedal f\u00fcr das direkte Abrufen von Schwei\u00dfprogramm Nr.2. Diese Funktion ist n\u00fctzlich, wenn an einem Werkst\u00fcck verschiedene Schwei\u00dfarbeiten vorgenommen werden.<\/li>\n<li>Verstellbarer Elektrodenhub f\u00fcr max. Betriebsleistung.<\/li>\n<\/ul>\n","protected":false},"excerpt":{"rendered":"<p>Punktschwei\u00dfger\u00e4te mit wassergek\u00fchltem Trafo mit Epoxidharzbeschichtung, wassergek\u00fchlten Armen, Elektroden und Elektrodenhalterungen. Merkmale: Chrom-Kupfer-Elektrodenhalterungen f\u00fcr lebenslangen Schwerlastbetrieb, f\u00fcr geraden Schnitt und Winkelschnitt. Mikroprozessorsteuerung TECNA\u00a0TE101. USB-Port f\u00fcr die Datenspeicherung (nur bei\u00a0TE550). Druckluftbetriebener, schmierfreier Zylinder, um die Freisetzung von \u00d6lnebel zu vermeiden. Gesch\u00fctzte Filtereinheit mit Messger\u00e4t. Zweistufiger elektrischer Fu\u00dfanlasser, mit dem Werkst\u00fccke nur bei korrekter Positionierung eingespannt und [&hellip;]<\/p>\n","protected":false},"featured_media":5159,"template":"","meta":{"ocean_post_layout":"","ocean_both_sidebars_style":"","ocean_both_sidebars_content_width":0,"ocean_both_sidebars_sidebars_width":0,"ocean_sidebar":"0","ocean_second_sidebar":"0","ocean_disable_margins":"enable","ocean_add_body_class":"","ocean_shortcode_before_top_bar":"","ocean_shortcode_after_top_bar":"","ocean_shortcode_before_header":"","ocean_shortcode_after_header":"","ocean_has_shortcode":"","ocean_shortcode_after_title":"","ocean_shortcode_before_footer_widgets":"","ocean_shortcode_after_footer_widgets":"","ocean_shortcode_before_footer_bottom":"","ocean_shortcode_after_footer_bottom":"","ocean_display_top_bar":"off","ocean_display_header":"default","ocean_header_style":"","ocean_center_header_left_menu":"0","ocean_custom_header_template":"0","ocean_custom_logo":0,"ocean_custom_retina_logo":0,"ocean_custom_logo_max_width":0,"ocean_custom_logo_tablet_max_width":0,"ocean_custom_logo_mobile_max_width":0,"ocean_custom_logo_max_height":0,"ocean_custom_logo_tablet_max_height":0,"ocean_custom_logo_mobile_max_height":0,"ocean_header_custom_menu":"0","ocean_menu_typo_font_family":"0","ocean_menu_typo_font_subset":"","ocean_menu_typo_font_size":0,"ocean_menu_typo_font_size_tablet":0,"ocean_menu_typo_font_size_mobile":0,"ocean_menu_typo_font_size_unit":"px","ocean_menu_typo_font_weight":"","ocean_menu_typo_font_weight_tablet":"","ocean_menu_typo_font_weight_mobile":"","ocean_menu_typo_transform":"","ocean_menu_typo_transform_tablet":"","ocean_menu_typo_transform_mobile":"","ocean_menu_typo_line_height":0,"ocean_menu_typo_line_height_tablet":0,"ocean_menu_typo_line_height_mobile":0,"ocean_menu_typo_line_height_unit":"","ocean_menu_typo_spacing":0,"ocean_menu_typo_spacing_tablet":0,"ocean_menu_typo_spacing_mobile":0,"ocean_menu_typo_spacing_unit":"","ocean_menu_link_color":"","ocean_menu_link_color_hover":"","ocean_menu_link_color_active":"","ocean_menu_link_background":"","ocean_menu_link_hover_background":"","ocean_menu_link_active_background":"","ocean_menu_social_links_bg":"","ocean_menu_social_hover_links_bg":"","ocean_menu_social_links_color":"","ocean_menu_social_hover_links_color":"","ocean_disable_title":"on","ocean_disable_heading":"default","ocean_post_title":"","ocean_post_subheading":"","ocean_post_title_style":"","ocean_post_title_background_color":"","ocean_post_title_background":0,"ocean_post_title_bg_image_position":"","ocean_post_title_bg_image_attachment":"","ocean_post_title_bg_image_repeat":"","ocean_post_title_bg_image_size":"","ocean_post_title_height":0,"ocean_post_title_bg_overlay":0.5,"ocean_post_title_bg_overlay_color":"","ocean_disable_breadcrumbs":"default","ocean_breadcrumbs_color":"","ocean_breadcrumbs_separator_color":"","ocean_breadcrumbs_links_color":"","ocean_breadcrumbs_links_hover_color":"","ocean_display_footer_widgets":"off","ocean_display_footer_bottom":"default","ocean_custom_footer_template":"0"},"product_brand":[],"product_cat":[243,203],"product_tag":[],"class_list":{"0":"post-5158","1":"product","2":"type-product","3":"status-publish","4":"has-post-thumbnail","6":"product_cat-punkt-und-buckelschweissgeraete","7":"product_cat-buckelschweissgeraete","9":"entry","10":"has-media","12":"first","13":"instock","14":"virtual","15":"purchasable","16":"product-type-simple","17":"has-product-nav","18":"col","19":"span_1_of_3","20":"owp-content-center","21":"owp-thumbs-layout-horizontal","22":"owp-btn-normal","23":"owp-tabs-layout-horizontal","24":"has-no-thumbnails"},"jetpack_sharing_enabled":true,"_links":{"self":[{"href":"https:\/\/kopie.cebotech.de\/index.php?rest_route=\/wp\/v2\/product\/5158","targetHints":{"allow":["GET"]}}],"collection":[{"href":"https:\/\/kopie.cebotech.de\/index.php?rest_route=\/wp\/v2\/product"}],"about":[{"href":"https:\/\/kopie.cebotech.de\/index.php?rest_route=\/wp\/v2\/types\/product"}],"wp:featuredmedia":[{"embeddable":true,"href":"https:\/\/kopie.cebotech.de\/index.php?rest_route=\/wp\/v2\/media\/5159"}],"wp:attachment":[{"href":"https:\/\/kopie.cebotech.de\/index.php?rest_route=%2Fwp%2Fv2%2Fmedia&parent=5158"}],"wp:term":[{"taxonomy":"product_brand","embeddable":true,"href":"https:\/\/kopie.cebotech.de\/index.php?rest_route=%2Fwp%2Fv2%2Fproduct_brand&post=5158"},{"taxonomy":"product_cat","embeddable":true,"href":"https:\/\/kopie.cebotech.de\/index.php?rest_route=%2Fwp%2Fv2%2Fproduct_cat&post=5158"},{"taxonomy":"product_tag","embeddable":true,"href":"https:\/\/kopie.cebotech.de\/index.php?rest_route=%2Fwp%2Fv2%2Fproduct_tag&post=5158"}],"curies":[{"name":"wp","href":"https:\/\/api.w.org\/{rel}","templated":true}]}}