{"id":5180,"date":"2022-03-21T07:42:09","date_gmt":"2022-03-21T07:42:09","guid":{"rendered":"https:\/\/kopie.cebotech.de\/?post_type=product&#038;p=5180"},"modified":"2022-10-26T16:28:51","modified_gmt":"2022-10-26T16:28:51","slug":"schweisszangen-mit-aufhaengung-artikel-3020-3168-32-bis-75-kva","status":"publish","type":"product","link":"https:\/\/kopie.cebotech.de\/?product=schweisszangen-mit-aufhaengung-artikel-3020-3168-32-bis-75-kva","title":{"rendered":"Schwei\u00dfzangen mit Aufh\u00e4ngung \u2013 Artikel 3020-3168 \u2013 32 bis 75 kVA"},"content":{"rendered":"<p>DRUCKLUFTBETRIEBENE PUNKTSCHWEISSZANGEN MIT AUFH\u00c4NGUNG F\u00dcR DEN SCHWERLASTBETRIEB (HD)<\/p>\n<ul>\n<li>Designt f\u00fcr hochwertige Schwei\u00dfarbeiten mit hoher Produktivit\u00e4t und geringen Installationskosten.<\/li>\n<li>Hohe Elektrodenst\u00e4rke. Kompakte Abmessungen und sichere Komponenten.<\/li>\n<li>Standard ISO 5826 Trafos.<\/li>\n<li>Kardanische Aufh\u00e4ngung auf versiegelten Lagern, die gemeinsam mit einem Balancer in jeder Position eine pr\u00e4zise Handhabung erm\u00f6glicht.<\/li>\n<li>Rotationssperre.<\/li>\n<li>Langer Arbeitshub zum Schwei\u00dfen von Verst\u00e4rkungen, Rippen und f\u00fcr Arbeiten in schwer zug\u00e4nglichen Bereichen.<\/li>\n<li>Verstellbarer Arbeitshub f\u00fcr den Schwerlastbetrieb.<\/li>\n<li>Tempor\u00e4rer \u00dcberhub zum Erreichen des Schwei\u00dfbereichs.<\/li>\n<li>Verchromter Zylinder und Schaft f\u00fcr lebenslangen Schwerlastbetrieb.<\/li>\n<li>Schmierfreier Druckluftkreis, um die Freisetzung von \u00d6lnebel zu vermeiden.<\/li>\n<li>Sekund\u00e4rer, vollkommen wassergek\u00fchlter Kupferkreis.<\/li>\n<li>Ventile am K\u00fchlkreis erm\u00f6glichen ein wartungsfreundliches Auswechseln der Elektroden.<\/li>\n<li>Ausgestattet mit einem 30 mA Erdungsschalter mit Sicherheitssteuerung. Auf Anfrage Erdungseinheit.<\/li>\n<li>M\u00f6glichkeit zur Auswahl verschiedener Steuerungen, um allen Produktionsanforderungen gerecht zu werden.<\/li>\n<li>Steuergriff f\u00fcr die Auswahl aus zwei Schwei\u00dfprogrammen, die Bet\u00e4tigung des Doppel-Hubs und der Funktion \u201cnur Druck\u201c.<\/li>\n<li>Sicherheitsvorrichtung gegen versehentliches Ausl\u00f6sen.<\/li>\n<li>Not-Aus-Schalter f\u00fcr einen sofortigen Ger\u00e4testopp.<\/li>\n<li>Filteraggregat mit Druckluftregler. EC Standard.<\/li>\n<\/ul>\n<h3>Merkmale:<\/h3>\n<p>MIT EINGEBAUTEM\u00a0TE470\u00a0oder\u00a0TE480\u00a0ELEKTRONISCHE STEUERUNG<\/p>\n<p>MIT SEPARATER ELEKTRONISCHER STEUERUNG<\/p>\n<p><strong>OPTIONS:<\/strong><\/p>\n<ul>\n<li>Str\u00f6mungsw\u00e4chter, der das Schwei\u00dfger\u00e4t stoppt, wenn das K\u00fchlwasser nicht zirkuliert.<\/li>\n<li>Zus\u00e4tzlicher Steuergriff.<\/li>\n<\/ul>\n<p><strong>Zusatzausstattung auf Anfrage:<\/strong><\/p>\n<ul>\n<li>Arme und Elektroden: Siehe Tabellen.<\/li>\n<li>Unterschiedliche L\u00e4ngen f\u00fcr Versorgungskabel und Schl\u00e4uche.<\/li>\n<li>Ausstattung der Balancer mit isoliertem Drehhaken (Zusatzausstattung RI).<\/li>\n<\/ul>\n","protected":false},"excerpt":{"rendered":"<p>DRUCKLUFTBETRIEBENE PUNKTSCHWEISSZANGEN MIT AUFH\u00c4NGUNG F\u00dcR DEN SCHWERLASTBETRIEB (HD) Designt f\u00fcr hochwertige Schwei\u00dfarbeiten mit hoher Produktivit\u00e4t und geringen Installationskosten. Hohe Elektrodenst\u00e4rke. Kompakte Abmessungen und sichere Komponenten. Standard ISO 5826 Trafos. Kardanische Aufh\u00e4ngung auf versiegelten Lagern, die gemeinsam mit einem Balancer in jeder Position eine pr\u00e4zise Handhabung erm\u00f6glicht. Rotationssperre. Langer Arbeitshub zum Schwei\u00dfen von Verst\u00e4rkungen, Rippen und [&hellip;]<\/p>\n","protected":false},"featured_media":5181,"template":"","meta":{"ocean_post_layout":"","ocean_both_sidebars_style":"","ocean_both_sidebars_content_width":0,"ocean_both_sidebars_sidebars_width":0,"ocean_sidebar":"0","ocean_second_sidebar":"0","ocean_disable_margins":"enable","ocean_add_body_class":"","ocean_shortcode_before_top_bar":"","ocean_shortcode_after_top_bar":"","ocean_shortcode_before_header":"","ocean_shortcode_after_header":"","ocean_has_shortcode":"","ocean_shortcode_after_title":"","ocean_shortcode_before_footer_widgets":"","ocean_shortcode_after_footer_widgets":"","ocean_shortcode_before_footer_bottom":"","ocean_shortcode_after_footer_bottom":"","ocean_display_top_bar":"off","ocean_display_header":"default","ocean_header_style":"","ocean_center_header_left_menu":"0","ocean_custom_header_template":"0","ocean_custom_logo":0,"ocean_custom_retina_logo":0,"ocean_custom_logo_max_width":0,"ocean_custom_logo_tablet_max_width":0,"ocean_custom_logo_mobile_max_width":0,"ocean_custom_logo_max_height":0,"ocean_custom_logo_tablet_max_height":0,"ocean_custom_logo_mobile_max_height":0,"ocean_header_custom_menu":"0","ocean_menu_typo_font_family":"0","ocean_menu_typo_font_subset":"","ocean_menu_typo_font_size":0,"ocean_menu_typo_font_size_tablet":0,"ocean_menu_typo_font_size_mobile":0,"ocean_menu_typo_font_size_unit":"px","ocean_menu_typo_font_weight":"","ocean_menu_typo_font_weight_tablet":"","ocean_menu_typo_font_weight_mobile":"","ocean_menu_typo_transform":"","ocean_menu_typo_transform_tablet":"","ocean_menu_typo_transform_mobile":"","ocean_menu_typo_line_height":0,"ocean_menu_typo_line_height_tablet":0,"ocean_menu_typo_line_height_mobile":0,"ocean_menu_typo_line_height_unit":"","ocean_menu_typo_spacing":0,"ocean_menu_typo_spacing_tablet":0,"ocean_menu_typo_spacing_mobile":0,"ocean_menu_typo_spacing_unit":"","ocean_menu_link_color":"","ocean_menu_link_color_hover":"","ocean_menu_link_color_active":"","ocean_menu_link_background":"","ocean_menu_link_hover_background":"","ocean_menu_link_active_background":"","ocean_menu_social_links_bg":"","ocean_menu_social_hover_links_bg":"","ocean_menu_social_links_color":"","ocean_menu_social_hover_links_color":"","ocean_disable_title":"on","ocean_disable_heading":"default","ocean_post_title":"","ocean_post_subheading":"","ocean_post_title_style":"","ocean_post_title_background_color":"","ocean_post_title_background":0,"ocean_post_title_bg_image_position":"","ocean_post_title_bg_image_attachment":"","ocean_post_title_bg_image_repeat":"","ocean_post_title_bg_image_size":"","ocean_post_title_height":0,"ocean_post_title_bg_overlay":0.5,"ocean_post_title_bg_overlay_color":"","ocean_disable_breadcrumbs":"default","ocean_breadcrumbs_color":"","ocean_breadcrumbs_separator_color":"","ocean_breadcrumbs_links_color":"","ocean_breadcrumbs_links_hover_color":"","ocean_display_footer_widgets":"off","ocean_display_footer_bottom":"default","ocean_custom_footer_template":"0"},"product_brand":[],"product_cat":[78,314],"product_tag":[],"class_list":{"0":"post-5180","1":"product","2":"type-product","3":"status-publish","4":"has-post-thumbnail","6":"product_cat-pneumatische-handzangen","7":"product_cat-tecna-haengepistolen","9":"entry","10":"has-media","12":"first","13":"instock","14":"virtual","15":"purchasable","16":"product-type-simple","17":"has-product-nav","18":"col","19":"span_1_of_3","20":"owp-content-center","21":"owp-thumbs-layout-horizontal","22":"owp-btn-normal","23":"owp-tabs-layout-horizontal","24":"has-no-thumbnails"},"jetpack_sharing_enabled":true,"_links":{"self":[{"href":"https:\/\/kopie.cebotech.de\/index.php?rest_route=\/wp\/v2\/product\/5180","targetHints":{"allow":["GET"]}}],"collection":[{"href":"https:\/\/kopie.cebotech.de\/index.php?rest_route=\/wp\/v2\/product"}],"about":[{"href":"https:\/\/kopie.cebotech.de\/index.php?rest_route=\/wp\/v2\/types\/product"}],"wp:featuredmedia":[{"embeddable":true,"href":"https:\/\/kopie.cebotech.de\/index.php?rest_route=\/wp\/v2\/media\/5181"}],"wp:attachment":[{"href":"https:\/\/kopie.cebotech.de\/index.php?rest_route=%2Fwp%2Fv2%2Fmedia&parent=5180"}],"wp:term":[{"taxonomy":"product_brand","embeddable":true,"href":"https:\/\/kopie.cebotech.de\/index.php?rest_route=%2Fwp%2Fv2%2Fproduct_brand&post=5180"},{"taxonomy":"product_cat","embeddable":true,"href":"https:\/\/kopie.cebotech.de\/index.php?rest_route=%2Fwp%2Fv2%2Fproduct_cat&post=5180"},{"taxonomy":"product_tag","embeddable":true,"href":"https:\/\/kopie.cebotech.de\/index.php?rest_route=%2Fwp%2Fv2%2Fproduct_tag&post=5180"}],"curies":[{"name":"wp","href":"https:\/\/api.w.org\/{rel}","templated":true}]}}