{"id":5182,"date":"2022-03-21T07:43:57","date_gmt":"2022-03-21T07:43:57","guid":{"rendered":"https:\/\/kopie.cebotech.de\/?post_type=product&#038;p=5182"},"modified":"2022-10-26T16:28:51","modified_gmt":"2022-10-26T16:28:51","slug":"schweisszangen-mit-aufhaengung-artikel-3321-3328-16-bis-38-kva","status":"publish","type":"product","link":"https:\/\/kopie.cebotech.de\/?product=schweisszangen-mit-aufhaengung-artikel-3321-3328-16-bis-38-kva","title":{"rendered":"Schwei\u00dfzangen mit Aufh\u00e4ngung \u2013 Artikel 3321-3328 \u2013 16 bis 38 kVA"},"content":{"rendered":"<p>Druckluftbetriebene Schwei\u00dfzange mit Aufh\u00e4ngung und integrierter TE300, TE470 oder TE480 Mikroprozessor-Schwei\u00dfsteuerung.<\/p>\n<h3>Merkmale:<\/h3>\n<ul>\n<li>Hohe Produktivit\u00e4t durch rationales Design, kompakte Abmessungen, hohe Schwei\u00dfleistung.<\/li>\n<li>Hohe elektrische Effizienz.<\/li>\n<li>Gesenkte Installationskosten.<\/li>\n<li>Vollst\u00e4ndig geschlossen, Gummischutz f\u00fcr einen einfachen und sicheren Betrieb.<\/li>\n<li>Kardanische Aufh\u00e4ngung auf versiegelten Lagern, die gemeinsam mit einem Balancer in jeder Position eine pr\u00e4zise Handhabung erm\u00f6glicht.<\/li>\n<li>Rotationssperre.<\/li>\n<li>Gro\u00dfe Auswahl an Armen, um das Schwei\u00dfger\u00e4t nach den Arbeitsanforderungen ausr\u00fcsten zu k\u00f6nnen.<\/li>\n<li>Chrom-Kupfer-Elektrodenhalterungen f\u00fcr lebenslangen Schwerlastbetrieb, f\u00fcr geraden Schnitt und Winkelschnitt.<\/li>\n<li>Verstellbarer Elektrodenabstand, verstellbarer kurzer Arbeitshub f\u00fcr den Schwerlastbetrieb.<\/li>\n<li>Tempor\u00e4rer \u00dcberhub zum Erreichen des Schwei\u00dfbereichs.<\/li>\n<li>Langer Arbeitshub zum Schwei\u00dfen von Verst\u00e4rkungen, Rippen und f\u00fcr Arbeiten in schwer zug\u00e4nglichen Bereichen.<\/li>\n<li>Wassergek\u00fchlter Trafo mit Wicklungen mit Epoxidharzbeschichtung.<\/li>\n<li>Wassergek\u00fchlte Arme, Elektrodenhalterungen und Elektroden.<\/li>\n<li>Synchroner SCR Kontaktgeber, isoliert vom K\u00fchlwasserkreis mit einem Schutz-Thermostat.<\/li>\n<li>Schmierfreier verchromter Zylinder und Schaft f\u00fcr lebenslangen Schwerlastbetrieb.<\/li>\n<li>Sicherheitsvorrichtung am Griff gegen versehentliches Ausl\u00f6sen.<\/li>\n<li>Ausgestattet mit einem Erdungsschalter mit Sicherheitssteuerung.<\/li>\n<li>Wartungsfreundliches Auswechseln des Versorgungskabels; Das Schwei\u00dfger\u00e4t muss dazu nicht ge\u00f6ffnet werden.<\/li>\n<\/ul>\n","protected":false},"excerpt":{"rendered":"<p>Druckluftbetriebene Schwei\u00dfzange mit Aufh\u00e4ngung und integrierter TE300, TE470 oder TE480 Mikroprozessor-Schwei\u00dfsteuerung. Merkmale: Hohe Produktivit\u00e4t durch rationales Design, kompakte Abmessungen, hohe Schwei\u00dfleistung. Hohe elektrische Effizienz. Gesenkte Installationskosten. Vollst\u00e4ndig geschlossen, Gummischutz f\u00fcr einen einfachen und sicheren Betrieb. Kardanische Aufh\u00e4ngung auf versiegelten Lagern, die gemeinsam mit einem Balancer in jeder Position eine pr\u00e4zise Handhabung erm\u00f6glicht. Rotationssperre. Gro\u00dfe Auswahl [&hellip;]<\/p>\n","protected":false},"featured_media":5183,"template":"","meta":{"ocean_post_layout":"","ocean_both_sidebars_style":"","ocean_both_sidebars_content_width":0,"ocean_both_sidebars_sidebars_width":0,"ocean_sidebar":"0","ocean_second_sidebar":"0","ocean_disable_margins":"enable","ocean_add_body_class":"","ocean_shortcode_before_top_bar":"","ocean_shortcode_after_top_bar":"","ocean_shortcode_before_header":"","ocean_shortcode_after_header":"","ocean_has_shortcode":"","ocean_shortcode_after_title":"","ocean_shortcode_before_footer_widgets":"","ocean_shortcode_after_footer_widgets":"","ocean_shortcode_before_footer_bottom":"","ocean_shortcode_after_footer_bottom":"","ocean_display_top_bar":"off","ocean_display_header":"default","ocean_header_style":"","ocean_center_header_left_menu":"0","ocean_custom_header_template":"0","ocean_custom_logo":0,"ocean_custom_retina_logo":0,"ocean_custom_logo_max_width":0,"ocean_custom_logo_tablet_max_width":0,"ocean_custom_logo_mobile_max_width":0,"ocean_custom_logo_max_height":0,"ocean_custom_logo_tablet_max_height":0,"ocean_custom_logo_mobile_max_height":0,"ocean_header_custom_menu":"0","ocean_menu_typo_font_family":"0","ocean_menu_typo_font_subset":"","ocean_menu_typo_font_size":0,"ocean_menu_typo_font_size_tablet":0,"ocean_menu_typo_font_size_mobile":0,"ocean_menu_typo_font_size_unit":"px","ocean_menu_typo_font_weight":"","ocean_menu_typo_font_weight_tablet":"","ocean_menu_typo_font_weight_mobile":"","ocean_menu_typo_transform":"","ocean_menu_typo_transform_tablet":"","ocean_menu_typo_transform_mobile":"","ocean_menu_typo_line_height":0,"ocean_menu_typo_line_height_tablet":0,"ocean_menu_typo_line_height_mobile":0,"ocean_menu_typo_line_height_unit":"","ocean_menu_typo_spacing":0,"ocean_menu_typo_spacing_tablet":0,"ocean_menu_typo_spacing_mobile":0,"ocean_menu_typo_spacing_unit":"","ocean_menu_link_color":"","ocean_menu_link_color_hover":"","ocean_menu_link_color_active":"","ocean_menu_link_background":"","ocean_menu_link_hover_background":"","ocean_menu_link_active_background":"","ocean_menu_social_links_bg":"","ocean_menu_social_hover_links_bg":"","ocean_menu_social_links_color":"","ocean_menu_social_hover_links_color":"","ocean_disable_title":"on","ocean_disable_heading":"default","ocean_post_title":"","ocean_post_subheading":"","ocean_post_title_style":"","ocean_post_title_background_color":"","ocean_post_title_background":0,"ocean_post_title_bg_image_position":"","ocean_post_title_bg_image_attachment":"","ocean_post_title_bg_image_repeat":"","ocean_post_title_bg_image_size":"","ocean_post_title_height":0,"ocean_post_title_bg_overlay":0.5,"ocean_post_title_bg_overlay_color":"","ocean_disable_breadcrumbs":"default","ocean_breadcrumbs_color":"","ocean_breadcrumbs_separator_color":"","ocean_breadcrumbs_links_color":"","ocean_breadcrumbs_links_hover_color":"","ocean_display_footer_widgets":"off","ocean_display_footer_bottom":"default","ocean_custom_footer_template":"0"},"product_brand":[],"product_cat":[78,314],"product_tag":[],"class_list":{"0":"post-5182","1":"product","2":"type-product","3":"status-publish","4":"has-post-thumbnail","6":"product_cat-pneumatische-handzangen","7":"product_cat-tecna-haengepistolen","9":"entry","10":"has-media","12":"first","13":"instock","14":"virtual","15":"purchasable","16":"product-type-simple","17":"has-product-nav","18":"col","19":"span_1_of_3","20":"owp-content-center","21":"owp-thumbs-layout-horizontal","22":"owp-btn-normal","23":"owp-tabs-layout-horizontal","24":"has-no-thumbnails"},"jetpack_sharing_enabled":true,"_links":{"self":[{"href":"https:\/\/kopie.cebotech.de\/index.php?rest_route=\/wp\/v2\/product\/5182","targetHints":{"allow":["GET"]}}],"collection":[{"href":"https:\/\/kopie.cebotech.de\/index.php?rest_route=\/wp\/v2\/product"}],"about":[{"href":"https:\/\/kopie.cebotech.de\/index.php?rest_route=\/wp\/v2\/types\/product"}],"wp:featuredmedia":[{"embeddable":true,"href":"https:\/\/kopie.cebotech.de\/index.php?rest_route=\/wp\/v2\/media\/5183"}],"wp:attachment":[{"href":"https:\/\/kopie.cebotech.de\/index.php?rest_route=%2Fwp%2Fv2%2Fmedia&parent=5182"}],"wp:term":[{"taxonomy":"product_brand","embeddable":true,"href":"https:\/\/kopie.cebotech.de\/index.php?rest_route=%2Fwp%2Fv2%2Fproduct_brand&post=5182"},{"taxonomy":"product_cat","embeddable":true,"href":"https:\/\/kopie.cebotech.de\/index.php?rest_route=%2Fwp%2Fv2%2Fproduct_cat&post=5182"},{"taxonomy":"product_tag","embeddable":true,"href":"https:\/\/kopie.cebotech.de\/index.php?rest_route=%2Fwp%2Fv2%2Fproduct_tag&post=5182"}],"curies":[{"name":"wp","href":"https:\/\/api.w.org\/{rel}","templated":true}]}}