{"id":5184,"date":"2022-03-21T07:45:29","date_gmt":"2022-03-21T07:45:29","guid":{"rendered":"https:\/\/kopie.cebotech.de\/?post_type=product&#038;p=5184"},"modified":"2022-10-26T16:28:51","modified_gmt":"2022-10-26T16:28:51","slug":"druckluft-punktschweisspistole-artikel-7911-7913-7915-2-5-kva","status":"publish","type":"product","link":"https:\/\/kopie.cebotech.de\/?product=druckluft-punktschweisspistole-artikel-7911-7913-7915-2-5-kva","title":{"rendered":"DRUCKLUFT-PUNKTSCHWEISSPISTOLE ARTIKEL 7911-7913-7915 \u2013 2.5 kVA"},"content":{"rendered":"<p>DRUCKLUFT-PUNKTSCHWEISSPISTOLE ARTIKEL 7911 \u2013 2.5 Kva<\/p>\n<p>WASSERGEK\u00dcHLTE DRUCKLUFT-PUNKTSCHWEISSPISTOLE ARTIKEL 7915 \u2013 6 KVA<\/p>\n<p>WASSERGEK\u00dcHLTE KARDANISCHE DRUCKLUFT-PUNKTSCHWEISSPISTOLE ARTIKEL 7913 \u2013 6 KVA<\/p>\n<p>DRUCKLUFT-PUNKTSCHWEISSPISTOLE ARTIKEL 7911 \u2013 2.5 kVA<\/p>\n<h3>Merkmale:<\/h3>\n<ul>\n<li>Leichte und bew\u00e4hrte Punktschwei\u00dfpistole f\u00fcr Karosseriereparaturen und Instandhaltung\/Industrielle Vormontagearbeiten.<\/li>\n<li>Synchroner eingebauter elektronischer Timer mit SCR von 2 bis 65 Zyklen.<\/li>\n<li>Der Kompensationskreis startet den Timer erst, wenn ein regul\u00e4rer Stromfluss hergestellt ist, der das Arbeiten auf oxidiertem Blech, Oberfl\u00e4chen mit Lackresten oder schwarzem Blech erm\u00f6glicht.<\/li>\n<li>Stromsteuerung mit Phasenwechsel f\u00fcr schwierige Schwei\u00dfarbeiten, sehr d\u00fcnne St\u00e4rken, Stangen mit kleinem Durchmesser, Edelstahlblech usw.<\/li>\n<li>Zus\u00e4tzliche Armpaare f\u00fcr gr\u00f6\u00dfere Arm\u00f6ffnungen.<\/li>\n<li>Ein eingebauter Differential-Druckschalter betreibt den Timer bei korrekter Elektrodenst\u00e4rke.<\/li>\n<li>Alle Trafos sind mit Isoliermaterial der Klasse F beschichtet, das nicht austrocknet und nicht spr\u00f6de wird. Isolationstest bei 4000 Volt.<\/li>\n<li>Verwendung mit Armen Artikel 7401 \/ 7402 \/ 7403 \/ 7404 \/ 7405 \/ 7406 \/ 7407 (auf Anfrage).<\/li>\n<\/ul>\n<p>Erh\u00e4ltliche Steuerung der Impulsdauer (P Ausf\u00fchrung).<\/p>\n<p>&nbsp;<\/p>\n<p>WASSERGEK\u00dcHLTE\u00a0DRUCKLUFT-\u00a0PUNKTSCHWEISSPISTOLE ARTIKEL 7915 \u2013\u00a06 KVA<\/p>\n<p>Wassergek\u00fchlt. Merkmale siehe Artikel 7913.<\/p>\n<p>&nbsp;<\/p>\n<p>WASSERGEK\u00dcHLTE\u00a0KARDANISCHE DRUCKLUFT-\u00a0PUNKTSCHWEISSPISTOLE ARTIKEL 7913 \u2013 6 KVA<\/p>\n<ul>\n<li>Vollst\u00e4ndig wassergek\u00fchlte mobile Punktschwei\u00dfpistole<\/li>\n<li>F\u00fcr hohe Arbeitsleistung f\u00fcr Karosseriereparaturen und leichte Industrieproduktion.<\/li>\n<li>Synchroner eingebauter elektronischer Timer mit SCR von 2 bis 65 Zyklen.<\/li>\n<li>Der Kompensationskreis startet den Timer erst, wenn ein regul\u00e4rer Stromfluss hergestellt ist, der das Arbeiten auf oxidiertem Blech, Oberfl\u00e4chen mit Lackresten oder schwarzem Blech erm\u00f6glicht.<\/li>\n<li>Stromsteuerung mit Phasenwechsel f\u00fcr schwierige Schwei\u00dfarbeiten, sehr d\u00fcnne St\u00e4rken, Stangen mit kleinem Durchmesser, Edelstahlblech usw.<\/li>\n<li>Ausgewogene Bauweise f\u00fcr einen einfachen Betrieb.<\/li>\n<li>Gewindesockel f\u00fcr die Montage auf einer Werkbank.<\/li>\n<li>Ein eingebauter Differential-Druckschalter betreibt den Timer bei korrekter Elektrodenst\u00e4rke.<\/li>\n<li>Zus\u00e4tzliche Armpaare f\u00fcr gr\u00f6\u00dfere Arm\u00f6ffnungen.<\/li>\n<li>Alle Trafos sind mit Isoliermaterial der Klasse F beschichtet, das nicht austrocknet und nicht spr\u00f6de wird. Isolationstest bei 4000 Volt.<\/li>\n<li>Verwendung mit Armen Artikel 7512 \u2013 7513 \u2013 7514 \u2013 7515 (auf Anfrage).<\/li>\n<\/ul>\n<p>Erh\u00e4ltliche Steuerung der Impulsdauer (P Ausf\u00fchrung).<\/p>\n","protected":false},"excerpt":{"rendered":"<p>DRUCKLUFT-PUNKTSCHWEISSPISTOLE ARTIKEL 7911 \u2013 2.5 Kva WASSERGEK\u00dcHLTE DRUCKLUFT-PUNKTSCHWEISSPISTOLE ARTIKEL 7915 \u2013 6 KVA WASSERGEK\u00dcHLTE KARDANISCHE DRUCKLUFT-PUNKTSCHWEISSPISTOLE ARTIKEL 7913 \u2013 6 KVA DRUCKLUFT-PUNKTSCHWEISSPISTOLE ARTIKEL 7911 \u2013 2.5 kVA Merkmale: Leichte und bew\u00e4hrte Punktschwei\u00dfpistole f\u00fcr Karosseriereparaturen und Instandhaltung\/Industrielle Vormontagearbeiten. Synchroner eingebauter elektronischer Timer mit SCR von 2 bis 65 Zyklen. Der Kompensationskreis startet den Timer erst, wenn [&hellip;]<\/p>\n","protected":false},"featured_media":5185,"template":"","meta":{"ocean_post_layout":"","ocean_both_sidebars_style":"","ocean_both_sidebars_content_width":0,"ocean_both_sidebars_sidebars_width":0,"ocean_sidebar":"0","ocean_second_sidebar":"0","ocean_disable_margins":"enable","ocean_add_body_class":"","ocean_shortcode_before_top_bar":"","ocean_shortcode_after_top_bar":"","ocean_shortcode_before_header":"","ocean_shortcode_after_header":"","ocean_has_shortcode":"","ocean_shortcode_after_title":"","ocean_shortcode_before_footer_widgets":"","ocean_shortcode_after_footer_widgets":"","ocean_shortcode_before_footer_bottom":"","ocean_shortcode_after_footer_bottom":"","ocean_display_top_bar":"off","ocean_display_header":"default","ocean_header_style":"","ocean_center_header_left_menu":"0","ocean_custom_header_template":"0","ocean_custom_logo":0,"ocean_custom_retina_logo":0,"ocean_custom_logo_max_width":0,"ocean_custom_logo_tablet_max_width":0,"ocean_custom_logo_mobile_max_width":0,"ocean_custom_logo_max_height":0,"ocean_custom_logo_tablet_max_height":0,"ocean_custom_logo_mobile_max_height":0,"ocean_header_custom_menu":"0","ocean_menu_typo_font_family":"0","ocean_menu_typo_font_subset":"","ocean_menu_typo_font_size":0,"ocean_menu_typo_font_size_tablet":0,"ocean_menu_typo_font_size_mobile":0,"ocean_menu_typo_font_size_unit":"px","ocean_menu_typo_font_weight":"","ocean_menu_typo_font_weight_tablet":"","ocean_menu_typo_font_weight_mobile":"","ocean_menu_typo_transform":"","ocean_menu_typo_transform_tablet":"","ocean_menu_typo_transform_mobile":"","ocean_menu_typo_line_height":0,"ocean_menu_typo_line_height_tablet":0,"ocean_menu_typo_line_height_mobile":0,"ocean_menu_typo_line_height_unit":"","ocean_menu_typo_spacing":0,"ocean_menu_typo_spacing_tablet":0,"ocean_menu_typo_spacing_mobile":0,"ocean_menu_typo_spacing_unit":"","ocean_menu_link_color":"","ocean_menu_link_color_hover":"","ocean_menu_link_color_active":"","ocean_menu_link_background":"","ocean_menu_link_hover_background":"","ocean_menu_link_active_background":"","ocean_menu_social_links_bg":"","ocean_menu_social_hover_links_bg":"","ocean_menu_social_links_color":"","ocean_menu_social_hover_links_color":"","ocean_disable_title":"on","ocean_disable_heading":"default","ocean_post_title":"","ocean_post_subheading":"","ocean_post_title_style":"","ocean_post_title_background_color":"","ocean_post_title_background":0,"ocean_post_title_bg_image_position":"","ocean_post_title_bg_image_attachment":"","ocean_post_title_bg_image_repeat":"","ocean_post_title_bg_image_size":"","ocean_post_title_height":0,"ocean_post_title_bg_overlay":0.5,"ocean_post_title_bg_overlay_color":"","ocean_disable_breadcrumbs":"default","ocean_breadcrumbs_color":"","ocean_breadcrumbs_separator_color":"","ocean_breadcrumbs_links_color":"","ocean_breadcrumbs_links_hover_color":"","ocean_display_footer_widgets":"off","ocean_display_footer_bottom":"default","ocean_custom_footer_template":"0"},"product_brand":[],"product_cat":[78],"product_tag":[],"class_list":{"0":"post-5184","1":"product","2":"type-product","3":"status-publish","4":"has-post-thumbnail","6":"product_cat-pneumatische-handzangen","8":"entry","9":"has-media","11":"first","12":"instock","13":"virtual","14":"purchasable","15":"product-type-simple","16":"has-product-nav","17":"col","18":"span_1_of_3","19":"owp-content-center","20":"owp-thumbs-layout-horizontal","21":"owp-btn-normal","22":"owp-tabs-layout-horizontal","23":"has-no-thumbnails"},"jetpack_sharing_enabled":true,"_links":{"self":[{"href":"https:\/\/kopie.cebotech.de\/index.php?rest_route=\/wp\/v2\/product\/5184","targetHints":{"allow":["GET"]}}],"collection":[{"href":"https:\/\/kopie.cebotech.de\/index.php?rest_route=\/wp\/v2\/product"}],"about":[{"href":"https:\/\/kopie.cebotech.de\/index.php?rest_route=\/wp\/v2\/types\/product"}],"wp:featuredmedia":[{"embeddable":true,"href":"https:\/\/kopie.cebotech.de\/index.php?rest_route=\/wp\/v2\/media\/5185"}],"wp:attachment":[{"href":"https:\/\/kopie.cebotech.de\/index.php?rest_route=%2Fwp%2Fv2%2Fmedia&parent=5184"}],"wp:term":[{"taxonomy":"product_brand","embeddable":true,"href":"https:\/\/kopie.cebotech.de\/index.php?rest_route=%2Fwp%2Fv2%2Fproduct_brand&post=5184"},{"taxonomy":"product_cat","embeddable":true,"href":"https:\/\/kopie.cebotech.de\/index.php?rest_route=%2Fwp%2Fv2%2Fproduct_cat&post=5184"},{"taxonomy":"product_tag","embeddable":true,"href":"https:\/\/kopie.cebotech.de\/index.php?rest_route=%2Fwp%2Fv2%2Fproduct_tag&post=5184"}],"curies":[{"name":"wp","href":"https:\/\/api.w.org\/{rel}","templated":true}]}}